{"id":154613,"date":"2021-06-16T09:55:17","date_gmt":"2021-06-16T07:55:17","guid":{"rendered":"https:\/\/acninternational.org\/?page_id=154613"},"modified":"2023-07-14T14:31:17","modified_gmt":"2023-07-14T12:31:17","slug":"acn-lamenta-el-fallecimiento-de-benedicto-xvi","status":"publish","type":"page","link":"https:\/\/acninternational.org\/es\/acn-lamenta-el-fallecimiento-de-benedicto-xvi\/","title":{"rendered":"ACN lamenta el fallecimiento de Benedicto XVI"},"content":{"rendered":"<h1>ACN lamenta el fallecimiento de Benedicto XVI<br \/>\n<\/h1>\n<p><strong>Con<\/strong> <strong>emoci\u00f3<\/strong><strong>n<\/strong> <strong>y<\/strong> <strong>un<\/strong> <strong>gran<\/strong> <strong>sentimiento<\/strong> <strong>de <\/strong><strong>gratitud<\/strong> <strong>ACN<\/strong> <strong>se <\/strong><strong>despidi\u00f3<\/strong> <strong>del<\/strong> <strong>Papa<\/strong> <strong>em<\/strong><strong>\u00e9<\/strong><strong>rito<\/strong> <strong>Benedicto<\/strong> <strong>XVI<\/strong> <strong>(1927-2022),<\/strong> <strong>quien hab\u00ed<\/strong><strong>a<\/strong> <strong>estado<\/strong> <strong>estrechamiento<\/strong> <strong>unido<\/strong> <strong>a <\/strong><strong>la<\/strong> <strong>organizaci<\/strong><strong>\u00f3<\/strong><strong>n<\/strong> <strong>durante<\/strong> <strong>muchos<\/strong> <strong>a<\/strong><strong>\u00f1<\/strong><strong>os.<\/strong><\/p>\n<p><strong>Durante<\/strong> <strong>su<\/strong> <strong>pontificado,<\/strong> <strong>\u00e9<\/strong><strong>l<\/strong> <strong>convirti\u00f3 <\/strong><strong>a <\/strong><strong>ACN<\/strong> <strong>en <\/strong><strong>una<\/strong> <strong>Fundaci\u00f3<\/strong><strong>n Pontificia e <\/strong><strong>impuls<\/strong><strong>\u00f3<\/strong> <strong>valiosamente<\/strong> <strong>nuestro<\/strong> <strong>trabajo. <\/strong><strong>Con su <\/strong><strong>muerte<\/strong> <strong>perdemos<\/strong> <strong>a un <\/strong><strong>defensor apasionado<\/strong> <strong>del<\/strong> <strong>amor<\/strong> <strong>al<\/strong> <strong>pr<\/strong><strong>\u00f3<\/strong><strong>jimo<\/strong> <strong>y<\/strong> <strong>a<\/strong> <strong>un gran<\/strong> <strong>amigo<\/strong> <strong>y<\/strong> <strong>patrocinador<\/strong> <strong>de<\/strong> <strong>nuestra <\/strong><strong>fundaci\u00f3<\/strong><strong>n.<\/strong><\/p>\n<figure id=\"attachment_183318\" aria-describedby=\"caption-attachment-183318\" style=\"width: 1080px\" class=\"wp-caption aligncenter\"><img loading=\"lazy\" decoding=\"async\" src=\"https:\/\/media.acninternational.org\/wp-content\/uploads\/2023\/07\/20090325_003.jpg\" alt=\"Recibimiento al Papa en uno de sus muchos viajes; aqu\u00ed en Luanda, Angola, en 2009.\" width=\"1080\" height=\"721\" \/><figcaption id=\"caption-attachment-183318\" class=\"wp-caption-text\">Recibimiento al Papa en uno de sus muchos viajes; aqu\u00ed en Luanda, Angola, en 2009.<\/figcaption><\/figure>\n<p>Joseph Ratzinger estim\u00f3 y apoy\u00f3 a ACN no solo durante su pontificado (2005-2013), sino tambi\u00e9n anteriormente en su \u00e9poca como cardenal y prefecto de la Congregaci\u00f3n para la Doctrina de la Fe. Ya en el a\u00f1o 2002, declar\u00f3: \u201cApoyo a \u2018Ayuda a la Iglesia Necesitada\u2019 porque s\u00e9 que hace un verdadero servicio a la fe\u201d. El cardenal Mauro Piacenza, presidente de ACN, elogi\u00f3 al fallecido como \u201cun gran amigo y patrocinador de ACN\u201d, y subray\u00f3: \u201cEl hecho deque el Papa Benedicto XVI haya dedicado su primera enc\u00edclica \u2018Deus caritas est\u2019 al amor al pr\u00f3jimo es muy valioso para ACN\u201d. Con ello ha reforzado la misi\u00f3n de la organizaci\u00f3n, que, \u201cdebido a su carisma fundacional, se dedica por completo al amor al pr\u00f3jimo para ayudar a la Iglesia sufriente\u201d.<\/p>\n<p>El cardenal Piacenza tambi\u00e9n record\u00f3 que fue este Papa el que elev\u00f3 a ACN al rango de Fundaci\u00f3n Pontificia en el a\u00f1o 2011 y puso en marcha un amplio proceso de modernizaci\u00f3n en ACN. Esa transformaci\u00f3n ha sido la que ha dado a nuestra organizaci\u00f3n su forma actual. En su carta de confirmaci\u00f3n, el Papa elogi\u00f3 a ACN como \u201cuna organizaci\u00f3n que acompa\u00f1a a la Iglesia desde hace 65 a\u00f1os all\u00ed donde faltan recur- sos econ\u00f3micos o se producen violaciones contra la libertad religiosa\u201d.<\/p>\n<figure id=\"attachment_183312\" aria-describedby=\"caption-attachment-183312\" style=\"width: 1080px\" class=\"wp-caption aligncenter\"><img loading=\"lazy\" decoding=\"async\" src=\"https:\/\/media.acninternational.org\/wp-content\/uploads\/2023\/07\/20070726_002.jpg\" alt=\"El Papa distribuye en Brasil en 2007 el ejemplar n\u00famero diez millones de la Biblia para ni\u00f1os de ACN en portugu\u00e9s.\" width=\"1080\" height=\"721\" \/><figcaption id=\"caption-attachment-183312\" class=\"wp-caption-text\">El Papa distribuye en Brasil en 2007 el ejemplar n\u00famero diez millones de la Biblia para ni\u00f1os de ACN en portugu\u00e9s.<\/figcaption><\/figure>\n<p>Muchos encuentros con Benedicto XVI siguen siendo inolvidables para nosotros. En algunos de sus viajes al extranjero, el Papa tuvo la oportunidad de comprobar de primera mano nuestra dedicaci\u00f3n a los cristianos oprimidos y necesitados. As\u00ed, durante un viaje apost\u00f3lico a Brasil en 2007 tuvo ocasi\u00f3n de visitar el centro de rehabilitaci\u00f3n de drogodependientes \u201cFazenda da Esperan\u00e7a\u201d (Fazenda de la Esperanza), financiado por ACN.<\/p>\n<p>Otra experiencia inolvidable fue la conferencia en Castel Gandolfo que se celebr\u00f3 del 13 al 16 de septiembre de 2007 con motivo del 60 aniversario de la fundaci\u00f3n de ACN. El Papa Benedicto XVI recibi\u00f3 a una delegaci\u00f3n de ACN en su residencia de verano y nos regal\u00f3 una estatua de la Virgen Mar\u00eda que encontr\u00f3 un digno lugar de acogida en la sede central de ACN.<\/p>\n<figure id=\"attachment_183324\" aria-describedby=\"caption-attachment-183324\" style=\"width: 1080px\" class=\"wp-caption aligncenter\"><img loading=\"lazy\" decoding=\"async\" src=\"https:\/\/media.acninternational.org\/wp-content\/uploads\/2023\/07\/20100427_023_85297.jpg\" alt=\"Benedicto XVI entrega una estatua de la Virgen Mar\u00eda al padre Joaqu\u00edn Alliende con motivo del 60 aniversario de la fundaci\u00f3n de ACN en 2007.\" width=\"1080\" height=\"726\" \/><figcaption id=\"caption-attachment-183324\" class=\"wp-caption-text\">Benedicto XVI entrega una estatua de la Virgen Mar\u00eda al padre Joaqu\u00edn Alliende con motivo del 60 aniversario de la fundaci\u00f3n de ACN en 2007.<\/figcaption><\/figure>\n<p>El presidente ejecutivo de ACN Thomas Heine-Geldern tambi\u00e9n record\u00f3 lo mucho que al Papa Benedicto XVI le importaban los j\u00f3venes: \u201cTambi\u00e9n nos encomend\u00f3 que nos dedic\u00e1ramos a este asunto tan importante mediante la supervisi\u00f3n, la divulgaci\u00f3n y el perfeccionamiento del catecismo para j\u00f3venes YOUCAT\u201d. En el pr\u00f3logo del YOUCAT, el Papa Benedicto se dirige a los j\u00f3venes directamente: \u201cDeb\u00e9is estar enraizados en la fe mucho m\u00e1s profundamente que vuestros padres para poder hacer frente con vigor y decisi\u00f3n a los desaf\u00edos y tentaciones de esta \u00e9poca\u201d.<\/p>\n<figure id=\"attachment_183330\" aria-describedby=\"caption-attachment-183330\" style=\"width: 1080px\" class=\"wp-caption aligncenter\"><img loading=\"lazy\" decoding=\"async\" src=\"https:\/\/media.acninternational.org\/wp-content\/uploads\/2023\/07\/ACN-20230105-138536.jpg\" alt=\"Benedicto XVI, el arzobispo G. G\u00e4nswein y el director de la oficina suiza de ACN J. Probst en 2019.\" width=\"1080\" height=\"815\" \/><figcaption id=\"caption-attachment-183330\" class=\"wp-caption-text\">Benedicto XVI, el arzobispo G. G\u00e4nswein y el director de la oficina suiza de ACN J. Probst en 2019.<\/figcaption><\/figure>\n<p>En enero de 2019 Jan Probst, director de la oficina nacional suiza de ACN, fue el \u00faltimo representante de ACN en visitar al Papa em\u00e9rito en su retiro en el Vaticano. Probst hace memoria: \u201cEl encuentro con \u00e9l fue impresionante. Aunque f\u00edsicamente d\u00e9bil, estaba en su pleno juicio y segu\u00eda conservando su carisma. Benedicto me dijo: \u2018Le aseguro que usted y ACN est\u00e1n incluidos en mis oraciones\u2019\u201d.<\/p>\n<p>Nuestra organizaci\u00f3n recuerda al Papa fallecido con agradecimiento y se siente obligada a mantener vivo su legado.<\/p>\n","protected":false},"excerpt":{"rendered":"<p>ACN lamenta el fallecimiento de Benedicto XVI Con emoci\u00f3n y un gran sentimiento de gratitud ACN se despidi\u00f3 del Papa em\u00e9rito Benedicto XVI (1927-2022), quien hab\u00eda estado estrechamiento unido a la organizaci\u00f3n durante muchos a\u00f1os. Durante su pontificado, \u00e9l convirti\u00f3 a ACN en una Fundaci\u00f3n Pontificia e impuls\u00f3 valiosamente nuestro trabajo. Con su muerte perdemos [&hellip;]<\/p>\n","protected":false},"author":4258341447,"featured_media":183285,"parent":0,"menu_order":0,"comment_status":"closed","ping_status":"closed","template":"","meta":{"_acf_changed":false,"footnotes":""},"class_list":["post-154613","page","type-page","status-publish","has-post-thumbnail","hentry"],"acf":[],"yoast_head":"<!-- This site is optimized with the Yoast SEO Premium plugin v27.3 (Yoast SEO v27.3) - https:\/\/yoast.com\/product\/yoast-seo-premium-wordpress\/ -->\n<title>ACN lamenta el fallecimiento de Benedicto XVI | ACN International<\/title>\n<meta name=\"robots\" content=\"index, follow, max-snippet:-1, max-image-preview:large, max-video-preview:-1\" \/>\n<link rel=\"canonical\" href=\"https:\/\/acninternational.org\/es\/acn-lamenta-el-fallecimiento-de-benedicto-xvi\/\" \/>\n<meta property=\"og:locale\" content=\"es_ES\" \/>\n<meta property=\"og:type\" content=\"article\" \/>\n<meta property=\"og:title\" content=\"ACN lamenta el fallecimiento de Benedicto XVI\" \/>\n<meta property=\"og:description\" content=\"ACN lamenta el fallecimiento de Benedicto XVI Con emoci\u00f3n y un gran sentimiento de gratitud ACN se despidi\u00f3 del Papa em\u00e9rito Benedicto XVI (1927-2022), quien hab\u00eda estado estrechamiento unido a la organizaci\u00f3n durante muchos a\u00f1os. Durante su pontificado, \u00e9l convirti\u00f3 a ACN en una Fundaci\u00f3n Pontificia e impuls\u00f3 valiosamente nuestro trabajo. Con su muerte perdemos [&hellip;]\" \/>\n<meta property=\"og:url\" content=\"https:\/\/acninternational.org\/es\/acn-lamenta-el-fallecimiento-de-benedicto-xvi\/\" \/>\n<meta property=\"og:site_name\" content=\"ACN International\" \/>\n<meta property=\"article:publisher\" content=\"https:\/\/www.facebook.com\/acninternationalorg\" \/>\n<meta property=\"article:modified_time\" content=\"2023-07-14T12:31:17+00:00\" \/>\n<meta property=\"og:image\" content=\"https:\/\/media.acninternational.org\/wp-content\/uploads\/2023\/07\/Pope-Benedict-XVI-2.jpg\" \/>\n\t<meta property=\"og:image:width\" content=\"1400\" \/>\n\t<meta property=\"og:image:height\" content=\"438\" \/>\n\t<meta property=\"og:image:type\" content=\"image\/jpeg\" \/>\n<meta name=\"twitter:card\" content=\"summary_large_image\" \/>\n<meta name=\"twitter:site\" content=\"@acn_int\" \/>\n<meta name=\"twitter:label1\" content=\"Tiempo de lectura\" \/>\n\t<meta name=\"twitter:data1\" content=\"4 minutos\" \/>\n<script type=\"application\/ld+json\" class=\"yoast-schema-graph\">{\"@context\":\"https:\\\/\\\/schema.org\",\"@graph\":[{\"@type\":\"WebPage\",\"@id\":\"https:\\\/\\\/acninternational.org\\\/es\\\/acn-lamenta-el-fallecimiento-de-benedicto-xvi\\\/\",\"url\":\"https:\\\/\\\/acninternational.org\\\/es\\\/acn-lamenta-el-fallecimiento-de-benedicto-xvi\\\/\",\"name\":\"ACN lamenta el fallecimiento de Benedicto XVI | ACN International\",\"isPartOf\":{\"@id\":\"https:\\\/\\\/acninternational.org\\\/es\\\/#website\"},\"primaryImageOfPage\":{\"@id\":\"https:\\\/\\\/acninternational.org\\\/es\\\/acn-lamenta-el-fallecimiento-de-benedicto-xvi\\\/#primaryimage\"},\"image\":{\"@id\":\"https:\\\/\\\/acninternational.org\\\/es\\\/acn-lamenta-el-fallecimiento-de-benedicto-xvi\\\/#primaryimage\"},\"thumbnailUrl\":\"https:\\\/\\\/media.acninternational.org\\\/wp-content\\\/uploads\\\/2023\\\/07\\\/Pope-Benedict-XVI-2.jpg\",\"datePublished\":\"2021-06-16T07:55:17+00:00\",\"dateModified\":\"2023-07-14T12:31:17+00:00\",\"breadcrumb\":{\"@id\":\"https:\\\/\\\/acninternational.org\\\/es\\\/acn-lamenta-el-fallecimiento-de-benedicto-xvi\\\/#breadcrumb\"},\"inLanguage\":\"es\",\"potentialAction\":[{\"@type\":\"ReadAction\",\"target\":[\"https:\\\/\\\/acninternational.org\\\/es\\\/acn-lamenta-el-fallecimiento-de-benedicto-xvi\\\/\"]}]},{\"@type\":\"ImageObject\",\"inLanguage\":\"es\",\"@id\":\"https:\\\/\\\/acninternational.org\\\/es\\\/acn-lamenta-el-fallecimiento-de-benedicto-xvi\\\/#primaryimage\",\"url\":\"https:\\\/\\\/media.acninternational.org\\\/wp-content\\\/uploads\\\/2023\\\/07\\\/Pope-Benedict-XVI-2.jpg\",\"contentUrl\":\"https:\\\/\\\/media.acninternational.org\\\/wp-content\\\/uploads\\\/2023\\\/07\\\/Pope-Benedict-XVI-2.jpg\",\"width\":1400,\"height\":438},{\"@type\":\"BreadcrumbList\",\"@id\":\"https:\\\/\\\/acninternational.org\\\/es\\\/acn-lamenta-el-fallecimiento-de-benedicto-xvi\\\/#breadcrumb\",\"itemListElement\":[{\"@type\":\"ListItem\",\"position\":1,\"name\":\"Home\",\"item\":\"https:\\\/\\\/acninternational.org\\\/es\\\/\"},{\"@type\":\"ListItem\",\"position\":2,\"name\":\"ACN lamenta el fallecimiento de Benedicto XVI\"}]},{\"@type\":\"WebSite\",\"@id\":\"https:\\\/\\\/acninternational.org\\\/es\\\/#website\",\"url\":\"https:\\\/\\\/acninternational.org\\\/es\\\/\",\"name\":\"ACN International\",\"description\":\"\",\"publisher\":{\"@id\":\"https:\\\/\\\/acninternational.org\\\/es\\\/#organization\"},\"potentialAction\":[{\"@type\":\"SearchAction\",\"target\":{\"@type\":\"EntryPoint\",\"urlTemplate\":\"https:\\\/\\\/acninternational.org\\\/es\\\/?s={search_term_string}\"},\"query-input\":{\"@type\":\"PropertyValueSpecification\",\"valueRequired\":true,\"valueName\":\"search_term_string\"}}],\"inLanguage\":\"es\"},{\"@type\":\"Organization\",\"@id\":\"https:\\\/\\\/acninternational.org\\\/es\\\/#organization\",\"name\":\"Aid to the Church in Need International\",\"url\":\"https:\\\/\\\/acninternational.org\\\/es\\\/\",\"logo\":{\"@type\":\"ImageObject\",\"inLanguage\":\"es\",\"@id\":\"https:\\\/\\\/acninternational.org\\\/es\\\/#\\\/schema\\\/logo\\\/image\\\/\",\"url\":\"https:\\\/\\\/media.acninternational.org\\\/wp-content\\\/uploads\\\/2019\\\/11\\\/acn_logo_blackvector.svg\",\"contentUrl\":\"https:\\\/\\\/media.acninternational.org\\\/wp-content\\\/uploads\\\/2019\\\/11\\\/acn_logo_blackvector.svg\",\"width\":232.6,\"height\":78,\"caption\":\"Aid to the Church in Need International\"},\"image\":{\"@id\":\"https:\\\/\\\/acninternational.org\\\/es\\\/#\\\/schema\\\/logo\\\/image\\\/\"},\"sameAs\":[\"https:\\\/\\\/www.facebook.com\\\/acninternationalorg\",\"https:\\\/\\\/x.com\\\/acn_int\",\"https:\\\/\\\/www.youtube.com\\\/channel\\\/UCQ-077gS0TnVzkhHmf1opZw\",\"https:\\\/\\\/www.instagram.com\\\/acn_international\\\/\"]}]}<\/script>\n<!-- \/ Yoast SEO Premium plugin. -->","yoast_head_json":{"title":"ACN lamenta el fallecimiento de Benedicto XVI | ACN International","robots":{"index":"index","follow":"follow","max-snippet":"max-snippet:-1","max-image-preview":"max-image-preview:large","max-video-preview":"max-video-preview:-1"},"canonical":"https:\/\/acninternational.org\/es\/acn-lamenta-el-fallecimiento-de-benedicto-xvi\/","og_locale":"es_ES","og_type":"article","og_title":"ACN lamenta el fallecimiento de Benedicto XVI","og_description":"ACN lamenta el fallecimiento de Benedicto XVI Con emoci\u00f3n y un gran sentimiento de gratitud ACN se despidi\u00f3 del Papa em\u00e9rito Benedicto XVI (1927-2022), quien hab\u00eda estado estrechamiento unido a la organizaci\u00f3n durante muchos a\u00f1os. Durante su pontificado, \u00e9l convirti\u00f3 a ACN en una Fundaci\u00f3n Pontificia e impuls\u00f3 valiosamente nuestro trabajo. Con su muerte perdemos [&hellip;]","og_url":"https:\/\/acninternational.org\/es\/acn-lamenta-el-fallecimiento-de-benedicto-xvi\/","og_site_name":"ACN International","article_publisher":"https:\/\/www.facebook.com\/acninternationalorg","article_modified_time":"2023-07-14T12:31:17+00:00","og_image":[{"width":1400,"height":438,"url":"https:\/\/media.acninternational.org\/wp-content\/uploads\/2023\/07\/Pope-Benedict-XVI-2.jpg","type":"image\/jpeg"}],"twitter_card":"summary_large_image","twitter_site":"@acn_int","twitter_misc":{"Tiempo de lectura":"4 minutos"},"schema":{"@context":"https:\/\/schema.org","@graph":[{"@type":"WebPage","@id":"https:\/\/acninternational.org\/es\/acn-lamenta-el-fallecimiento-de-benedicto-xvi\/","url":"https:\/\/acninternational.org\/es\/acn-lamenta-el-fallecimiento-de-benedicto-xvi\/","name":"ACN lamenta el fallecimiento de Benedicto XVI | ACN International","isPartOf":{"@id":"https:\/\/acninternational.org\/es\/#website"},"primaryImageOfPage":{"@id":"https:\/\/acninternational.org\/es\/acn-lamenta-el-fallecimiento-de-benedicto-xvi\/#primaryimage"},"image":{"@id":"https:\/\/acninternational.org\/es\/acn-lamenta-el-fallecimiento-de-benedicto-xvi\/#primaryimage"},"thumbnailUrl":"https:\/\/media.acninternational.org\/wp-content\/uploads\/2023\/07\/Pope-Benedict-XVI-2.jpg","datePublished":"2021-06-16T07:55:17+00:00","dateModified":"2023-07-14T12:31:17+00:00","breadcrumb":{"@id":"https:\/\/acninternational.org\/es\/acn-lamenta-el-fallecimiento-de-benedicto-xvi\/#breadcrumb"},"inLanguage":"es","potentialAction":[{"@type":"ReadAction","target":["https:\/\/acninternational.org\/es\/acn-lamenta-el-fallecimiento-de-benedicto-xvi\/"]}]},{"@type":"ImageObject","inLanguage":"es","@id":"https:\/\/acninternational.org\/es\/acn-lamenta-el-fallecimiento-de-benedicto-xvi\/#primaryimage","url":"https:\/\/media.acninternational.org\/wp-content\/uploads\/2023\/07\/Pope-Benedict-XVI-2.jpg","contentUrl":"https:\/\/media.acninternational.org\/wp-content\/uploads\/2023\/07\/Pope-Benedict-XVI-2.jpg","width":1400,"height":438},{"@type":"BreadcrumbList","@id":"https:\/\/acninternational.org\/es\/acn-lamenta-el-fallecimiento-de-benedicto-xvi\/#breadcrumb","itemListElement":[{"@type":"ListItem","position":1,"name":"Home","item":"https:\/\/acninternational.org\/es\/"},{"@type":"ListItem","position":2,"name":"ACN lamenta el fallecimiento de Benedicto XVI"}]},{"@type":"WebSite","@id":"https:\/\/acninternational.org\/es\/#website","url":"https:\/\/acninternational.org\/es\/","name":"ACN International","description":"","publisher":{"@id":"https:\/\/acninternational.org\/es\/#organization"},"potentialAction":[{"@type":"SearchAction","target":{"@type":"EntryPoint","urlTemplate":"https:\/\/acninternational.org\/es\/?s={search_term_string}"},"query-input":{"@type":"PropertyValueSpecification","valueRequired":true,"valueName":"search_term_string"}}],"inLanguage":"es"},{"@type":"Organization","@id":"https:\/\/acninternational.org\/es\/#organization","name":"Aid to the Church in Need International","url":"https:\/\/acninternational.org\/es\/","logo":{"@type":"ImageObject","inLanguage":"es","@id":"https:\/\/acninternational.org\/es\/#\/schema\/logo\/image\/","url":"https:\/\/media.acninternational.org\/wp-content\/uploads\/2019\/11\/acn_logo_blackvector.svg","contentUrl":"https:\/\/media.acninternational.org\/wp-content\/uploads\/2019\/11\/acn_logo_blackvector.svg","width":232.6,"height":78,"caption":"Aid to the Church in Need International"},"image":{"@id":"https:\/\/acninternational.org\/es\/#\/schema\/logo\/image\/"},"sameAs":["https:\/\/www.facebook.com\/acninternationalorg","https:\/\/x.com\/acn_int","https:\/\/www.youtube.com\/channel\/UCQ-077gS0TnVzkhHmf1opZw","https:\/\/www.instagram.com\/acn_international\/"]}]}},"_links":{"self":[{"href":"https:\/\/acninternational.org\/es\/wp-json\/wp\/v2\/pages\/154613","targetHints":{"allow":["GET"]}}],"collection":[{"href":"https:\/\/acninternational.org\/es\/wp-json\/wp\/v2\/pages"}],"about":[{"href":"https:\/\/acninternational.org\/es\/wp-json\/wp\/v2\/types\/page"}],"author":[{"embeddable":true,"href":"https:\/\/acninternational.org\/es\/wp-json\/wp\/v2\/users\/4258341447"}],"replies":[{"embeddable":true,"href":"https:\/\/acninternational.org\/es\/wp-json\/wp\/v2\/comments?post=154613"}],"version-history":[{"count":0,"href":"https:\/\/acninternational.org\/es\/wp-json\/wp\/v2\/pages\/154613\/revisions"}],"wp:featuredmedia":[{"embeddable":true,"href":"https:\/\/acninternational.org\/es\/wp-json\/wp\/v2\/media\/183285"}],"wp:attachment":[{"href":"https:\/\/acninternational.org\/es\/wp-json\/wp\/v2\/media?parent=154613"}],"curies":[{"name":"wp","href":"https:\/\/api.w.org\/{rel}","templated":true}]}}