{"id":145242,"date":"2020-11-20T11:07:56","date_gmt":"2020-11-20T10:07:56","guid":{"rendered":"https:\/\/acninternational.org\/?page_id=145242"},"modified":"2020-11-24T14:54:22","modified_gmt":"2020-11-24T13:54:22","slug":"gracias-por-tu-donacion","status":"publish","type":"page","link":"https:\/\/acninternational.org\/es\/gracias-por-tu-donacion\/","title":{"rendered":"Gracias por tu Donaci\u00f3n"},"content":{"rendered":"<p><a href=\"https:\/\/global.acninternational.org\/\"><br \/>\n\t\t\t\t\t\t\t<img loading=\"lazy\" decoding=\"async\" src=\"https:\/\/media.acninternational.org\/wp-content\/uploads\/2020\/06\/acn-logo-white.svg\" alt=\"\" height=\"70\" width=\"190\" \/>\t\t\t\t\t\t\t\t<\/a><\/p>\n<ul>\n<li >\n\t\t\t\t\t<a href=\"#gifts\">\t\t\t\t\tRegalos<br \/>\n\t\t\t\t\t\t\t\t\t\t\t<\/a>\n\t\t\t\t\t\t\t\t\t<\/li>\n<li >\n\t\t\t\t\t<a href=\"#impact\">\t\t\t\t\tEl Impacto<br \/>\n\t\t\t\t\t\t\t\t\t\t\t<\/a>\n\t\t\t\t\t\t\t\t\t<\/li>\n<li >\n\t\t\t\t\t<a href=\"#appeal\">\t\t\t\t\tEl atractivo de Navidad<br \/>\n\t\t\t\t\t\t\t\t\t\t\t<\/a>\n\t\t\t\t\t\t\t\t\t<\/li>\n<li >\n\t\t\t\t\t<a href=\"#about\">\t\t\t\t\tSobre nosotros<br \/>\n\t\t\t\t\t\t\t\t\t\t\t<\/a>\n\t\t\t\t\t\t\t\t\t<\/li>\n<li >\n\t\t\t\t\t<a href=\"#pope\">\t\t\t\t\tEl Papa<br \/>\n\t\t\t\t\t\t\t\t\t\t\t<\/a>\n\t\t\t\t\t\t\t\t\t<\/li>\n<\/ul>\n<h1>\u00a1Gracias por tu regalo de fe!<\/h1>\n<p>\t\tTu generosa donaci\u00f3n nos permitir\u00e1 seguir ayudando a la Iglesia all\u00e1 donde m\u00e1s lo necesita y a que los sacerdotes y misioneros lleven la alegr\u00eda de la Navidad a nuestros hermanos que sufren.<br \/>\n\t\t\t\t\t\t\t\t\t\t<img loading=\"lazy\" decoding=\"async\" width=\"162\" height=\"129\" src=\"https:\/\/media.acninternational.org\/wp-content\/uploads\/2020\/11\/icon-monito%402x-1.png\" alt=\"\" \/><br \/>\n\t\t\t\t\t\t\t\t\t\t<img loading=\"lazy\" decoding=\"async\" width=\"800\" height=\"480\" src=\"https:\/\/media.acninternational.org\/wp-content\/uploads\/2020\/11\/ACN-20180921-76991.jpg\" alt=\"\" srcset=\"https:\/\/media.acninternational.org\/wp-content\/uploads\/2020\/11\/ACN-20180921-76991.jpg 1024w, https:\/\/media.acninternational.org\/wp-content\/uploads\/2020\/11\/ACN-20180921-76991-300x180.jpg 300w, https:\/\/media.acninternational.org\/wp-content\/uploads\/2020\/11\/ACN-20180921-76991-768x461.jpg 768w\" sizes=\"auto, (max-width: 800px) 100vw, 800px\" \/><br \/>\n\t\tTu generosa donaci\u00f3n nos permitir\u00e1 seguir ayudando a la Iglesia all\u00e1 donde m\u00e1s lo necesita y a que los sacerdotes y misioneros lleven la alegr\u00eda de la Navidad a nuestros hermanos que sufren.  \t\t<\/p>\n<p>Comparte la campa\u00f1a con tus amigos y lleva la Fe al centro de la celebraci\u00f3n de Navidad.<\/p>\n<p>\t\t\t\t\t\t\t\tShare on facebook<br \/>\n\t\t\t\t\t\t\t\tShare on whatsapp<br \/>\n\t\t\t\t\t\t\t\tShare on twitter<br \/>\n\t\t\t\t\t\t\t\t\t\t<img loading=\"lazy\" decoding=\"async\" width=\"86\" height=\"86\" src=\"https:\/\/media.acninternational.org\/wp-content\/uploads\/2020\/11\/pope-1.png\" alt=\"\" \/><br \/>\n\t\t\u00abLes invito a todos, junto a ACN, a hacer en cada lugar de todo el mundo una obra de misericordia.\u201d<br \/>\n\t\t\t\t\t\t\t\t\t\t<img loading=\"lazy\" decoding=\"async\" width=\"122\" height=\"23\" src=\"https:\/\/media.acninternational.org\/wp-content\/uploads\/2020\/11\/SignPope-1.png\" alt=\"\" \/>\t\t\t\t\t\t\t\t\t\t\t<\/p>\n<h2>Contacto<\/h2>\n<p>ACN International<br \/>Aid to the Church in Need gGmbH<br \/>Bischof Kindermann Stra\u00dfe 23, K\u00f6nigstein in Taunus, 61462 HE Germany<br \/>Ph.: +49-6174-291-0<\/p>\n<p>\t\t\t\t\t\t\t<a href=\"https:\/\/www.facebook.com\/ACN.Int.es\" target=\"_blank\" rel=\"noopener noreferrer\"><br \/>\n\t\t\t\t\tFacebook-f<br \/>\n\t\t\t\t\t\t\t\t\t<\/a><br \/>\n\t\t\t\t\t\t\t<a href=\"https:\/\/twitter.com\/acn_int_es\" target=\"_blank\" rel=\"noopener noreferrer\"><br \/>\n\t\t\t\t\tTwitter<br \/>\n\t\t\t\t\t\t\t\t\t<\/a><br \/>\n\t\t\t\t\t\t\t<a href=\"https:\/\/www.youtube.com\/channel\/UCQ-077gS0TnVzkhHmf1opZw\" target=\"_blank\" rel=\"noopener noreferrer\"><br \/>\n\t\t\t\t\tYoutube<br \/>\n\t\t\t\t\t\t\t\t\t<\/a><br \/>\n\t\t\t\t\t\t\t<a href=\"https:\/\/www.instagram.com\/acn_international\/\" target=\"_blank\" rel=\"noopener noreferrer\"><br \/>\n\t\t\t\t\tInstagram<br \/>\n\t\t\t\t\t\t\t\t\t<\/a><\/p>\n<h2>Links<\/h2>\n<ul>\n<li >\n\t\t\t\t\t<a href=\"https:\/\/acninternational.org\/about-us\/\">\t\t\t\t\tQu\u00e9 hacemos<br \/>\n\t\t\t\t\t\t\t\t\t\t\t<\/a>\n\t\t\t\t\t\t\t\t\t<\/li>\n<li >\n\t\t\t\t\t<a href=\"https:\/\/acninternational.org\/about-us\/mission-vision-values\/\">\t\t\t\t\tMisi\u00f3n y Visi\u00f3n<br \/>\n\t\t\t\t\t\t\t\t\t\t\t<\/a>\n\t\t\t\t\t\t\t\t\t<\/li>\n<li >\n\t\t\t\t\t<a href=\"https:\/\/acninternational.org\/request-help\/\">\t\t\t\t\tPautas para solicitar ayuda<br \/>\n\t\t\t\t\t\t\t\t\t\t\t<\/a>\n\t\t\t\t\t\t\t\t\t<\/li>\n<li >\n\t\t\t\t\t<a href=\"http:\/\/religious-freedom-report.org\/es\/home-es\/\">\t\t\t\t\tInforme de liberdad religiosa<br \/>\n\t\t\t\t\t\t\t\t\t\t\t<\/a>\n\t\t\t\t\t\t\t\t\t<\/li>\n<li >\n\t\t\t\t\t<a href=\"https:\/\/acninternational.org\/contact\/\">\t\t\t\t\tCont\u00e1ctenos<br \/>\n\t\t\t\t\t\t\t\t\t\t\t<\/a>\n\t\t\t\t\t\t\t\t\t<\/li>\n<\/ul>\n<ul>\n<li >\n\t\t\t\t\t<a href=\"https:\/\/acninternational.org\/terms-and-conditions\/#terms\" target=\"_blank\" rel=\"noopener noreferrer\">\t\t\t\t\tT\u00c9RMINOS Y CONDICIONES<br \/>\n\t\t\t\t\t\t\t\t\t\t\t<\/a>\n\t\t\t\t\t\t\t\t\t<\/li>\n<li >\n\t\t\t\t\t<a href=\"https:\/\/acninternational.org\/privacy-policy\/\" target=\"_blank\" rel=\"noopener noreferrer\">\t\t\t\t\tPOL\u00cdTICA DE PRIVACIDAD<br \/>\n\t\t\t\t\t\t\t\t\t\t\t<\/a>\n\t\t\t\t\t\t\t\t\t<\/li>\n<\/ul>\n<p>\t\t\t\t\t\t\t\t\t\t<img loading=\"lazy\" decoding=\"async\" width=\"173\" height=\"84\" src=\"https:\/\/media.acninternational.org\/wp-content\/uploads\/2020\/11\/pontifical-keys-white.png\" alt=\"\" \/>\t\t\t\t\t\t\t\t\t\t\t<\/p>\n<h6>Copyright: ACN Aid to the Church in Need International<\/h6>\n<h6>ACN \u2013 Aid to the Church in Need gGmbH, HRB 8446 is non-profit organization officially registered in Germany and audited internationally by KPMG.<\/h6>\n","protected":false},"excerpt":{"rendered":"<p>Regalos El Impacto El atractivo de Navidad Sobre nosotros El Papa \u00a1Gracias por tu regalo de fe! Tu generosa donaci\u00f3n nos permitir\u00e1 seguir ayudando a la Iglesia all\u00e1 donde m\u00e1s lo necesita y a que los sacerdotes y misioneros lleven la alegr\u00eda de la Navidad a nuestros hermanos que sufren. Tu generosa donaci\u00f3n nos permitir\u00e1 [&hellip;]<\/p>\n","protected":false},"author":4258341447,"featured_media":0,"parent":0,"menu_order":0,"comment_status":"closed","ping_status":"closed","template":"elementor_canvas","meta":{"_acf_changed":false,"footnotes":""},"class_list":["post-145242","page","type-page","status-publish","hentry"],"acf":[],"yoast_head":"<!-- This site is optimized with the Yoast SEO Premium plugin v27.3 (Yoast SEO v27.3) - https:\/\/yoast.com\/product\/yoast-seo-premium-wordpress\/ -->\n<title>Gracias por tu Donaci\u00f3n | ACN International<\/title>\n<meta name=\"robots\" content=\"index, follow, max-snippet:-1, max-image-preview:large, max-video-preview:-1\" \/>\n<link rel=\"canonical\" href=\"https:\/\/acninternational.org\/es\/gracias-por-tu-donacion\/\" \/>\n<meta property=\"og:locale\" content=\"es_ES\" \/>\n<meta property=\"og:type\" content=\"article\" \/>\n<meta property=\"og:title\" content=\"Gracias por tu Donaci\u00f3n\" \/>\n<meta property=\"og:description\" content=\"Regalos El Impacto El atractivo de Navidad Sobre nosotros El Papa \u00a1Gracias por tu regalo de fe! Tu generosa donaci\u00f3n nos permitir\u00e1 seguir ayudando a la Iglesia all\u00e1 donde m\u00e1s lo necesita y a que los sacerdotes y misioneros lleven la alegr\u00eda de la Navidad a nuestros hermanos que sufren. Tu generosa donaci\u00f3n nos permitir\u00e1 [&hellip;]\" \/>\n<meta property=\"og:url\" content=\"https:\/\/acninternational.org\/es\/gracias-por-tu-donacion\/\" \/>\n<meta property=\"og:site_name\" content=\"ACN International\" \/>\n<meta property=\"article:publisher\" content=\"https:\/\/www.facebook.com\/acninternationalorg\" \/>\n<meta property=\"article:modified_time\" content=\"2020-11-24T13:54:22+00:00\" \/>\n<meta property=\"og:image\" content=\"https:\/\/acninternational.org\/wp-content\/uploads\/2020\/06\/acn-logo-white.svg\" \/>\n<meta name=\"twitter:card\" content=\"summary_large_image\" \/>\n<meta name=\"twitter:site\" content=\"@acn_int\" \/>\n<meta name=\"twitter:label1\" content=\"Tiempo de lectura\" \/>\n\t<meta name=\"twitter:data1\" content=\"1 minuto\" \/>\n<script type=\"application\/ld+json\" class=\"yoast-schema-graph\">{\"@context\":\"https:\\\/\\\/schema.org\",\"@graph\":[{\"@type\":\"WebPage\",\"@id\":\"https:\\\/\\\/acninternational.org\\\/es\\\/gracias-por-tu-donacion\\\/\",\"url\":\"https:\\\/\\\/acninternational.org\\\/es\\\/gracias-por-tu-donacion\\\/\",\"name\":\"Gracias por tu Donaci\u00f3n | ACN International\",\"isPartOf\":{\"@id\":\"https:\\\/\\\/acninternational.org\\\/es\\\/#website\"},\"primaryImageOfPage\":{\"@id\":\"https:\\\/\\\/acninternational.org\\\/es\\\/gracias-por-tu-donacion\\\/#primaryimage\"},\"image\":{\"@id\":\"https:\\\/\\\/acninternational.org\\\/es\\\/gracias-por-tu-donacion\\\/#primaryimage\"},\"thumbnailUrl\":\"https:\\\/\\\/acninternational.org\\\/wp-content\\\/uploads\\\/2020\\\/06\\\/acn-logo-white.svg\",\"datePublished\":\"2020-11-20T10:07:56+00:00\",\"dateModified\":\"2020-11-24T13:54:22+00:00\",\"breadcrumb\":{\"@id\":\"https:\\\/\\\/acninternational.org\\\/es\\\/gracias-por-tu-donacion\\\/#breadcrumb\"},\"inLanguage\":\"es\",\"potentialAction\":[{\"@type\":\"ReadAction\",\"target\":[\"https:\\\/\\\/acninternational.org\\\/es\\\/gracias-por-tu-donacion\\\/\"]}]},{\"@type\":\"ImageObject\",\"inLanguage\":\"es\",\"@id\":\"https:\\\/\\\/acninternational.org\\\/es\\\/gracias-por-tu-donacion\\\/#primaryimage\",\"url\":\"https:\\\/\\\/acninternational.org\\\/wp-content\\\/uploads\\\/2020\\\/06\\\/acn-logo-white.svg\",\"contentUrl\":\"https:\\\/\\\/acninternational.org\\\/wp-content\\\/uploads\\\/2020\\\/06\\\/acn-logo-white.svg\"},{\"@type\":\"BreadcrumbList\",\"@id\":\"https:\\\/\\\/acninternational.org\\\/es\\\/gracias-por-tu-donacion\\\/#breadcrumb\",\"itemListElement\":[{\"@type\":\"ListItem\",\"position\":1,\"name\":\"Home\",\"item\":\"https:\\\/\\\/acninternational.org\\\/es\\\/\"},{\"@type\":\"ListItem\",\"position\":2,\"name\":\"Gracias por tu Donaci\u00f3n\"}]},{\"@type\":\"WebSite\",\"@id\":\"https:\\\/\\\/acninternational.org\\\/es\\\/#website\",\"url\":\"https:\\\/\\\/acninternational.org\\\/es\\\/\",\"name\":\"ACN International\",\"description\":\"\",\"publisher\":{\"@id\":\"https:\\\/\\\/acninternational.org\\\/es\\\/#organization\"},\"potentialAction\":[{\"@type\":\"SearchAction\",\"target\":{\"@type\":\"EntryPoint\",\"urlTemplate\":\"https:\\\/\\\/acninternational.org\\\/es\\\/?s={search_term_string}\"},\"query-input\":{\"@type\":\"PropertyValueSpecification\",\"valueRequired\":true,\"valueName\":\"search_term_string\"}}],\"inLanguage\":\"es\"},{\"@type\":\"Organization\",\"@id\":\"https:\\\/\\\/acninternational.org\\\/es\\\/#organization\",\"name\":\"Aid to the Church in Need International\",\"url\":\"https:\\\/\\\/acninternational.org\\\/es\\\/\",\"logo\":{\"@type\":\"ImageObject\",\"inLanguage\":\"es\",\"@id\":\"https:\\\/\\\/acninternational.org\\\/es\\\/#\\\/schema\\\/logo\\\/image\\\/\",\"url\":\"https:\\\/\\\/media.acninternational.org\\\/wp-content\\\/uploads\\\/2019\\\/11\\\/acn_logo_blackvector.svg\",\"contentUrl\":\"https:\\\/\\\/media.acninternational.org\\\/wp-content\\\/uploads\\\/2019\\\/11\\\/acn_logo_blackvector.svg\",\"width\":232.6,\"height\":78,\"caption\":\"Aid to the Church in Need International\"},\"image\":{\"@id\":\"https:\\\/\\\/acninternational.org\\\/es\\\/#\\\/schema\\\/logo\\\/image\\\/\"},\"sameAs\":[\"https:\\\/\\\/www.facebook.com\\\/acninternationalorg\",\"https:\\\/\\\/x.com\\\/acn_int\",\"https:\\\/\\\/www.youtube.com\\\/channel\\\/UCQ-077gS0TnVzkhHmf1opZw\",\"https:\\\/\\\/www.instagram.com\\\/acn_international\\\/\"]}]}<\/script>\n<!-- \/ Yoast SEO Premium plugin. -->","yoast_head_json":{"title":"Gracias por tu Donaci\u00f3n | ACN International","robots":{"index":"index","follow":"follow","max-snippet":"max-snippet:-1","max-image-preview":"max-image-preview:large","max-video-preview":"max-video-preview:-1"},"canonical":"https:\/\/acninternational.org\/es\/gracias-por-tu-donacion\/","og_locale":"es_ES","og_type":"article","og_title":"Gracias por tu Donaci\u00f3n","og_description":"Regalos El Impacto El atractivo de Navidad Sobre nosotros El Papa \u00a1Gracias por tu regalo de fe! Tu generosa donaci\u00f3n nos permitir\u00e1 seguir ayudando a la Iglesia all\u00e1 donde m\u00e1s lo necesita y a que los sacerdotes y misioneros lleven la alegr\u00eda de la Navidad a nuestros hermanos que sufren. Tu generosa donaci\u00f3n nos permitir\u00e1 [&hellip;]","og_url":"https:\/\/acninternational.org\/es\/gracias-por-tu-donacion\/","og_site_name":"ACN International","article_publisher":"https:\/\/www.facebook.com\/acninternationalorg","article_modified_time":"2020-11-24T13:54:22+00:00","og_image":[{"url":"https:\/\/acninternational.org\/wp-content\/uploads\/2020\/06\/acn-logo-white.svg","type":"","width":"","height":""}],"twitter_card":"summary_large_image","twitter_site":"@acn_int","twitter_misc":{"Tiempo de lectura":"1 minuto"},"schema":{"@context":"https:\/\/schema.org","@graph":[{"@type":"WebPage","@id":"https:\/\/acninternational.org\/es\/gracias-por-tu-donacion\/","url":"https:\/\/acninternational.org\/es\/gracias-por-tu-donacion\/","name":"Gracias por tu Donaci\u00f3n | ACN International","isPartOf":{"@id":"https:\/\/acninternational.org\/es\/#website"},"primaryImageOfPage":{"@id":"https:\/\/acninternational.org\/es\/gracias-por-tu-donacion\/#primaryimage"},"image":{"@id":"https:\/\/acninternational.org\/es\/gracias-por-tu-donacion\/#primaryimage"},"thumbnailUrl":"https:\/\/acninternational.org\/wp-content\/uploads\/2020\/06\/acn-logo-white.svg","datePublished":"2020-11-20T10:07:56+00:00","dateModified":"2020-11-24T13:54:22+00:00","breadcrumb":{"@id":"https:\/\/acninternational.org\/es\/gracias-por-tu-donacion\/#breadcrumb"},"inLanguage":"es","potentialAction":[{"@type":"ReadAction","target":["https:\/\/acninternational.org\/es\/gracias-por-tu-donacion\/"]}]},{"@type":"ImageObject","inLanguage":"es","@id":"https:\/\/acninternational.org\/es\/gracias-por-tu-donacion\/#primaryimage","url":"https:\/\/acninternational.org\/wp-content\/uploads\/2020\/06\/acn-logo-white.svg","contentUrl":"https:\/\/acninternational.org\/wp-content\/uploads\/2020\/06\/acn-logo-white.svg"},{"@type":"BreadcrumbList","@id":"https:\/\/acninternational.org\/es\/gracias-por-tu-donacion\/#breadcrumb","itemListElement":[{"@type":"ListItem","position":1,"name":"Home","item":"https:\/\/acninternational.org\/es\/"},{"@type":"ListItem","position":2,"name":"Gracias por tu Donaci\u00f3n"}]},{"@type":"WebSite","@id":"https:\/\/acninternational.org\/es\/#website","url":"https:\/\/acninternational.org\/es\/","name":"ACN International","description":"","publisher":{"@id":"https:\/\/acninternational.org\/es\/#organization"},"potentialAction":[{"@type":"SearchAction","target":{"@type":"EntryPoint","urlTemplate":"https:\/\/acninternational.org\/es\/?s={search_term_string}"},"query-input":{"@type":"PropertyValueSpecification","valueRequired":true,"valueName":"search_term_string"}}],"inLanguage":"es"},{"@type":"Organization","@id":"https:\/\/acninternational.org\/es\/#organization","name":"Aid to the Church in Need International","url":"https:\/\/acninternational.org\/es\/","logo":{"@type":"ImageObject","inLanguage":"es","@id":"https:\/\/acninternational.org\/es\/#\/schema\/logo\/image\/","url":"https:\/\/media.acninternational.org\/wp-content\/uploads\/2019\/11\/acn_logo_blackvector.svg","contentUrl":"https:\/\/media.acninternational.org\/wp-content\/uploads\/2019\/11\/acn_logo_blackvector.svg","width":232.6,"height":78,"caption":"Aid to the Church in Need International"},"image":{"@id":"https:\/\/acninternational.org\/es\/#\/schema\/logo\/image\/"},"sameAs":["https:\/\/www.facebook.com\/acninternationalorg","https:\/\/x.com\/acn_int","https:\/\/www.youtube.com\/channel\/UCQ-077gS0TnVzkhHmf1opZw","https:\/\/www.instagram.com\/acn_international\/"]}]}},"_links":{"self":[{"href":"https:\/\/acninternational.org\/es\/wp-json\/wp\/v2\/pages\/145242","targetHints":{"allow":["GET"]}}],"collection":[{"href":"https:\/\/acninternational.org\/es\/wp-json\/wp\/v2\/pages"}],"about":[{"href":"https:\/\/acninternational.org\/es\/wp-json\/wp\/v2\/types\/page"}],"author":[{"embeddable":true,"href":"https:\/\/acninternational.org\/es\/wp-json\/wp\/v2\/users\/4258341447"}],"replies":[{"embeddable":true,"href":"https:\/\/acninternational.org\/es\/wp-json\/wp\/v2\/comments?post=145242"}],"version-history":[{"count":0,"href":"https:\/\/acninternational.org\/es\/wp-json\/wp\/v2\/pages\/145242\/revisions"}],"wp:attachment":[{"href":"https:\/\/acninternational.org\/es\/wp-json\/wp\/v2\/media?parent=145242"}],"curies":[{"name":"wp","href":"https:\/\/api.w.org\/{rel}","templated":true}]}}