{"id":144845,"date":"2020-11-25T16:25:34","date_gmt":"2020-11-25T15:25:34","guid":{"rendered":"https:\/\/acninternational.org\/?page_id=144845"},"modified":"2025-09-25T10:14:56","modified_gmt":"2025-09-25T08:14:56","slug":"regalos-de-fe","status":"publish","type":"page","link":"https:\/\/acninternational.org\/es\/regalos-de-fe\/","title":{"rendered":"Regalos De Fe"},"content":{"rendered":"\n<p><a href=\"https:\/\/global.acninternational.org\/\"><br><img loading=\"lazy\" decoding=\"async\" src=\"https:\/\/media.acninternational.org\/wp-content\/uploads\/2020\/11\/acn_logo_whitevector-01-2.png\" sizes=\"auto, (max-width: 800px) 100vw, 800px\" srcset=\"https:\/\/media.acninternational.org\/wp-content\/uploads\/2020\/11\/acn_logo_whitevector-01-2.png 804w, https:\/\/media.acninternational.org\/wp-content\/uploads\/2020\/11\/acn_logo_whitevector-01-2-300x121.png 300w, https:\/\/media.acninternational.org\/wp-content\/uploads\/2020\/11\/acn_logo_whitevector-01-2-768x309.png 768w\" alt=\"\" width=\"800\" height=\"321\"> <\/a><br>Convierte tu regalo de Navidad en un regalo de fe y esperanza.<\/p>\n\n\n\n<p>Tu generosa donaci\u00f3n nos permitir\u00e1 financiar varias obras de misericordia de la Iglesia para los m\u00e1s necesitados.&nbsp;<\/p>\n\n\n\n<p>\u00a1Con\u00f3celas y dona!<br><img decoding=\"async\" src=\"https:\/\/media.acninternational.org\/wp-content\/uploads\/2020\/12\/CHRISTMAS-01-%E2%80%93-5.png\"><\/p>\n\n\n\n<h2 class=\"wp-block-heading\" id=\"h-que-es-un-regalo-de-fe-y-como-funciona\">\u00bfQu\u00e9 es un regalo de fe y c\u00f3mo funciona?<\/h2>\n\n\n\n<p>El regalo de fe es exactamente lo que significa la Navidad: dar a Jesucristo el puesto de honor y compartir la alegr\u00eda de su llegada con todos, ayudar a los pobres y oprimidos tambi\u00e9n en su nombre. ACN apoya a trav\u00e9s de proyectos pastorales y de emergencia a todas estas personas en necesidad, en especial en estos tiempos de pandemia, para dar aliento y esperanza.<\/p>\n\n\n\n<p>En esta Navidad da un regalo de fe y tu generosidad har\u00e1 posible responder a la necesidad de nuestros hermanos en Cristo, donde la Iglesia sufre necesidad o persecuci\u00f3n.<\/p>\n\n\n\n<h2 class=\"wp-block-heading\" id=\"h-que-te-gustaria-regalar-esta-navidad\">\u00bfQu\u00e9 te gustar\u00eda regalar esta Navidad?<\/h2>\n\n\n\n<figure class=\"wp-block-image\"><img decoding=\"async\" src=\"https:\/\/media.acninternational.org\/wp-content\/uploads\/2020\/11\/icon-monito%402x-1.png\" alt=\"\"\/><\/figure>\n\n\n\n<figure class=\"wp-block-image\"><img decoding=\"async\" src=\"https:\/\/media.acninternational.org\/wp-content\/uploads\/2020\/11\/proyectos_BOLIVIA_EL_ALTO.jpg\" alt=\"\"\/><\/figure>\n\n\n\n<p><br><a href=\"#donation_form\"><br> <\/a><\/p>\n\n\n\n<h3 class=\"wp-block-heading\" id=\"h-ayuda-a-las-victimas-de-violencia-en-bolivia\"><a href=\"http:\/\/acninternational.org\/giftsoffaith\/es\/ayuda-a-una-familia-desplazada-en-siria\/\">Ayuda a las v\u00edctimas de violencia en Bolivia<\/a><\/h3>\n\n\n\n<p>Se estima que el 83% de los ni\u00f1os en Bolivia sufren alg\u00fan tipo de violencia dom\u00e9stica y que m\u00e1s del 53% de las mujeres sufren violencia f\u00edsica o sexual. Con tu ayuda, la di\u00f3cesis de El Alto puede llevar a cabo el curso de concienciaci\u00f3n contra todas las formas de violencia y maltratos.<br><a role=\"button\" href=\"#donation_form\"><br>Haz un regalo<br><\/a><br><img loading=\"lazy\" decoding=\"async\" src=\"https:\/\/media.acninternational.org\/wp-content\/uploads\/2020\/11\/icon-monito%402x-1.png\" alt=\"\" width=\"162\" height=\"129\"><br><a href=\"#donation_form\"><br><img loading=\"lazy\" decoding=\"async\" src=\"https:\/\/media.acninternational.org\/wp-content\/uploads\/2020\/11\/proyectos_VENEZUELA_PUERTO_AYACUCHO.jpg\" sizes=\"auto, (max-width: 361px) 100vw, 361px\" srcset=\"https:\/\/media.acninternational.org\/wp-content\/uploads\/2020\/11\/proyectos_VENEZUELA_PUERTO_AYACUCHO.jpg 361w, https:\/\/media.acninternational.org\/wp-content\/uploads\/2020\/11\/proyectos_VENEZUELA_PUERTO_AYACUCHO-290x300.jpg 290w\" alt=\"\" width=\"361\" height=\"374\"> <\/a><\/p>\n\n\n\n<h3 class=\"wp-block-heading\" id=\"h-apoya-a-la-evangelizacion-en-la-amazonia-venezolana\"><a href=\"http:\/\/acninternational.org\/giftsoffaith\/es\/ayuda-a-reconstruir-a-la-comunidad-cristiana-de-irak\/\">Apoya a la evangelizaci\u00f3n en la Amazonia venezolana<\/a><\/h3>\n\n\n\n<p>El s\u00ednodo de la Amazonia mostr\u00f3 la necesidad de tener una Iglesia permanente en las comunidades ind\u00edgenas y ribere\u00f1as. Por medio de programas educativos y religiosos, el Instituto Radiof\u00f3nico Fe y Alegr\u00eda llega a estas comunidades. Tu ayuda permitir\u00e1 que la iglesia permanezca viva en la Amazonia<br><a role=\"button\" href=\"#donation_form\"><br>Haz un regalo<br><\/a><br><img loading=\"lazy\" decoding=\"async\" src=\"https:\/\/media.acninternational.org\/wp-content\/uploads\/2020\/11\/icon-monito%402x-1.png\" alt=\"\" width=\"162\" height=\"129\"><br><a href=\"#donation_form\"><br><img loading=\"lazy\" decoding=\"async\" src=\"https:\/\/media.acninternational.org\/wp-content\/uploads\/2020\/11\/proyectos_VENEZUELA_GUARENAS.jpg\" sizes=\"auto, (max-width: 361px) 100vw, 361px\" srcset=\"https:\/\/media.acninternational.org\/wp-content\/uploads\/2020\/11\/proyectos_VENEZUELA_GUARENAS.jpg 361w, https:\/\/media.acninternational.org\/wp-content\/uploads\/2020\/11\/proyectos_VENEZUELA_GUARENAS-290x300.jpg 290w\" alt=\"\" width=\"361\" height=\"374\"> <\/a><\/p>\n\n\n\n<h3 class=\"wp-block-heading\" id=\"h-ayuda-de-emergencia-para-los-ninos-en-venezuela\"><a href=\"http:\/\/acninternational.org\/giftsoffaith\/es\/ofrece-una-misa-por-venezuela\/\">Ayuda de emergencia para los ni\u00f1os en Venezuela<\/a><\/h3>\n\n\n\n<p>El 79% de las familias en Venezuela se encuentran en estado de extrema pobreza. Muchos ni\u00f1os no tienen qu\u00e9 comer. T\u00fa puedes apoyar al comedor de la escuela parroquial Jes\u00fas Maria Marrero en Guarenas, que ofrece una comida caliente al d\u00eda a los m\u00e1s de 1.107 alumnos necesitados.<br><a role=\"button\" href=\"#donation_form\"><br>Haz un regalo<br><\/a><br><img loading=\"lazy\" decoding=\"async\" src=\"https:\/\/media.acninternational.org\/wp-content\/uploads\/2020\/11\/icon-monito%402x-1.png\" alt=\"\" width=\"162\" height=\"129\"><br><a href=\"#donation_form\"><br><img loading=\"lazy\" decoding=\"async\" src=\"https:\/\/media.acninternational.org\/wp-content\/uploads\/2020\/11\/proyectos_BRAZIL_MARAJO.jpg\" sizes=\"auto, (max-width: 361px) 100vw, 361px\" srcset=\"https:\/\/media.acninternational.org\/wp-content\/uploads\/2020\/11\/proyectos_BRAZIL_MARAJO.jpg 361w, https:\/\/media.acninternational.org\/wp-content\/uploads\/2020\/11\/proyectos_BRAZIL_MARAJO-290x300.jpg 290w\" alt=\"\" width=\"361\" height=\"374\"> <\/a><\/p>\n\n\n\n<h3 class=\"wp-block-heading\" id=\"h-ayuda-a-los-misioneros-en-la-amazonia-brasilena\"><a href=\"http:\/\/acninternational.org\/giftsoffaith\/es\/ayuda-a-la-pastoral-familiar-en-sri-lanka\/\">Ayuda a los misioneros en la Amazonia brasile\u00f1a <\/a><\/h3>\n\n\n\n<p>Los misioneros de la comunidad Shalom llevan a cabo su trabajo pastoral en la Amazonia desde 1996. Ellos Visitan a las comunidades ribere\u00f1as, rezan con las familias y realizan actividades con j\u00f3venes y ni\u00f1os. Apoya a un misionero en su misi\u00f3n de llevar a Cristo a los pobres y abandonados de la Amazonia<br><a role=\"button\" href=\"#donation_form\"><br>Haz un regalo<br><\/a><br><img loading=\"lazy\" decoding=\"async\" src=\"https:\/\/media.acninternational.org\/wp-content\/uploads\/2020\/11\/icon-monito%402x-1.png\" alt=\"\" width=\"162\" height=\"129\"><br><a href=\"#donation_form\"><br><img loading=\"lazy\" decoding=\"async\" src=\"https:\/\/media.acninternational.org\/wp-content\/uploads\/2020\/11\/proyectos_CUBA.jpg\" sizes=\"auto, (max-width: 361px) 100vw, 361px\" srcset=\"https:\/\/media.acninternational.org\/wp-content\/uploads\/2020\/11\/proyectos_CUBA.jpg 361w, https:\/\/media.acninternational.org\/wp-content\/uploads\/2020\/11\/proyectos_CUBA-290x300.jpg 290w\" alt=\"\" width=\"361\" height=\"374\"> <\/a><\/p>\n\n\n\n<h3 class=\"wp-block-heading\" id=\"h-ayuda-para-la-construccion-de-una-iglesia-en-cuba\"><a href=\"http:\/\/acninternational.org\/giftsoffaith\/es\/regala-una-biblia-a-un-nino-en-cuba\/\">Ayuda para la construcci\u00f3n de una iglesia en Cuba<\/a><\/h3>\n\n\n\n<p>Los cristianos de La Habana necesitan tu ayuda para terminar la construcci\u00f3n de la iglesia de San Juan Pablo II en el Reparto Guiteras. Los precios de los materiales han subido mucho desde 2015 y los productos son cada vez m\u00e1s escasos. Con tu ayuda, ellos podr\u00e1n llevar a cabo la construcci\u00f3n.<br><a role=\"button\" href=\"#donation_form\"><br>Haz un regalo<br><\/a><br><img loading=\"lazy\" decoding=\"async\" src=\"https:\/\/media.acninternational.org\/wp-content\/uploads\/2020\/11\/icon-monito%402x-1.png\" alt=\"\" width=\"162\" height=\"129\"><br><a href=\"#donation_form\"><br><img loading=\"lazy\" decoding=\"async\" src=\"https:\/\/media.acninternational.org\/wp-content\/uploads\/2020\/11\/proyectos_PERU_YURIMAGUAS.jpg\" sizes=\"auto, (max-width: 361px) 100vw, 361px\" srcset=\"https:\/\/media.acninternational.org\/wp-content\/uploads\/2020\/11\/proyectos_PERU_YURIMAGUAS.jpg 361w, https:\/\/media.acninternational.org\/wp-content\/uploads\/2020\/11\/proyectos_PERU_YURIMAGUAS-290x300.jpg 290w\" alt=\"\" width=\"361\" height=\"374\"> <\/a><\/p>\n\n\n\n<h3 class=\"wp-block-heading\" id=\"h-apoya-a-la-asamblea-vicarial-en-la-amazonia-peruana\"><a href=\"http:\/\/acninternational.org\/giftsoffaith\/es\/ayuda-a-un-seminarista-en-ucrania\/\">Apoya a la asamblea vicarial en la Amazonia peruana<\/a><\/h3>\n\n\n\n<p>El administrador apost\u00f3lico, los sacerdotes y misioneros que llevan a cabo el trabajo pastoral en la Amazonia necesitan de tu ayuda para realizar la asamblea vicarial en 2021. Con tu ayuda, ellos podr\u00e1n reunirse y compartir las formas de llevar el Evangelio a los pueblos<br><a role=\"button\" href=\"#donation_form\"><br>Haz un regalo<br><\/a><\/p>\n\n\n\n<h2 class=\"wp-block-heading\" id=\"h-con-tu-ayuda-esperamos-financiar\">Con tu ayuda, esperamos financiar<\/h2>\n\n\n\n<p>M\u00e1s de<br>1.000 <br>proyectos<br>en m\u00e1s de<br>130<br>paises<\/p>\n\n\n\n<h4 class=\"wp-block-heading\" id=\"h-no-podemos-hacerlo-sin-ti\">\u00a1NO PODEMOS HACERLO SIN TI!<\/h4>\n\n\n\n<h2 class=\"wp-block-heading\" id=\"h-acn-con-tu-ayuda-cuida-a-los-cristianos-que-sufren\">ACN con tu ayuda cuida a los cristianos que sufren<\/h2>\n\n\n\n<h4 class=\"wp-block-heading\" id=\"h-fundada-en-1947-como-una-organizacion-de-ayuda-catolica-para-refugiados-de-guerra-y-reconocida-como-fundacion-pontificia-desde-2011-ayuda-a-la-iglesia-necesitada-se-dedica-a-ayudar-a-los-catolicos-que-sufren-en-todo-el-mundo\">Fundada en 1947 como una organizaci\u00f3n de ayuda Cat\u00f3lica para refugiados de guerra y reconocida como Fundaci\u00f3n Pontificia desde 2011, Ayuda a la Iglesia Necesitada se dedica a ayudar a los cat\u00f3licos que sufren en todo el mundo.<\/h4>\n\n\n\n<figure class=\"wp-block-image\"><img decoding=\"async\" src=\"https:\/\/media.acninternational.org\/wp-content\/uploads\/2020\/11\/icon-monito%402x-1.png\" alt=\"\"\/><\/figure>\n\n\n\n<figure class=\"wp-block-image\"><img decoding=\"async\" src=\"https:\/\/media.acninternational.org\/wp-content\/uploads\/2020\/11\/fotos10a.jpg\" alt=\"\"\/><\/figure>\n\n\n\n<figure class=\"wp-block-image\"><img decoding=\"async\" src=\"https:\/\/media.acninternational.org\/wp-content\/uploads\/2020\/11\/PIE-DE-PAGINA2.jpg\" alt=\"\"\/><\/figure>\n\n\n\n<p><br><br><\/p>\n\n\n\n<h4 class=\"wp-block-heading\" id=\"h-os-invito-junto-con-ayuda-a-la-iglesia-necesitada-para-hacer-obras-de-misericordia-en-todo-el-mundo-papa-francisco\">\u00abOs invito junto con Ayuda a la Iglesia Necesitada para hacer obras de misericordia en todo el mundo\u00bb. Papa Francisco.<\/h4>\n\n\n\n<p><img loading=\"lazy\" decoding=\"async\" src=\"https:\/\/media.acninternational.org\/wp-content\/uploads\/2020\/11\/pope-1.png\" alt=\"\" width=\"86\" height=\"86\"><br>\u00abLes invito a todos, junto a ACN, a hacer en cada lugar de todo el mundo una obra de misericordia.\u201d<br><img loading=\"lazy\" decoding=\"async\" src=\"https:\/\/media.acninternational.org\/wp-content\/uploads\/2020\/11\/SignPope-1.png\" alt=\"\" width=\"122\" height=\"23\"><\/p>\n","protected":false},"excerpt":{"rendered":"<p>Convierte tu regalo de Navidad en un regalo de fe y esperanza. Tu generosa donaci\u00f3n nos permitir\u00e1 financiar varias obras de misericordia de la Iglesia para los m\u00e1s necesitados.&nbsp; \u00a1Con\u00f3celas y dona! \u00bfQu\u00e9 es un regalo de fe y c\u00f3mo funciona? El regalo de fe es exactamente lo que significa la Navidad: dar a Jesucristo [&hellip;]<\/p>\n","protected":false},"author":4258341447,"featured_media":187010,"parent":0,"menu_order":0,"comment_status":"closed","ping_status":"closed","template":"","meta":{"_acf_changed":false,"footnotes":""},"class_list":["post-144845","page","type-page","status-publish","has-post-thumbnail","hentry"],"acf":[],"yoast_head":"<!-- This site is optimized with the Yoast SEO Premium plugin v27.3 (Yoast SEO v27.3) - https:\/\/yoast.com\/product\/yoast-seo-premium-wordpress\/ -->\n<title>Regalos De Fe | ACN International<\/title>\n<meta name=\"robots\" content=\"index, follow, max-snippet:-1, max-image-preview:large, max-video-preview:-1\" \/>\n<link rel=\"canonical\" href=\"https:\/\/acninternational.org\/es\/regalos-de-fe\/\" \/>\n<meta property=\"og:locale\" content=\"es_ES\" \/>\n<meta property=\"og:type\" content=\"article\" \/>\n<meta property=\"og:title\" content=\"Regalos De Fe\" \/>\n<meta property=\"og:description\" content=\"Convierte tu regalo de Navidad en un regalo de fe y esperanza. Tu generosa donaci\u00f3n nos permitir\u00e1 financiar varias obras de misericordia de la Iglesia para los m\u00e1s necesitados.&nbsp; \u00a1Con\u00f3celas y dona! \u00bfQu\u00e9 es un regalo de fe y c\u00f3mo funciona? El regalo de fe es exactamente lo que significa la Navidad: dar a Jesucristo [&hellip;]\" \/>\n<meta property=\"og:url\" content=\"https:\/\/acninternational.org\/es\/regalos-de-fe\/\" \/>\n<meta property=\"og:site_name\" content=\"ACN International\" \/>\n<meta property=\"article:publisher\" content=\"https:\/\/www.facebook.com\/acninternationalorg\" \/>\n<meta property=\"article:modified_time\" content=\"2025-09-25T08:14:56+00:00\" \/>\n<meta property=\"og:image\" content=\"https:\/\/media.acninternational.org\/wp-content\/uploads\/2023\/12\/ninos-006.jpg\" \/>\n\t<meta property=\"og:image:width\" content=\"1349\" \/>\n\t<meta property=\"og:image:height\" content=\"610\" \/>\n\t<meta property=\"og:image:type\" content=\"image\/jpeg\" \/>\n<meta name=\"twitter:card\" content=\"summary_large_image\" \/>\n<meta name=\"twitter:site\" content=\"@acn_int\" \/>\n<meta name=\"twitter:label1\" content=\"Tiempo de lectura\" \/>\n\t<meta name=\"twitter:data1\" content=\"7 minutos\" \/>\n<script type=\"application\/ld+json\" class=\"yoast-schema-graph\">{\"@context\":\"https:\\\/\\\/schema.org\",\"@graph\":[{\"@type\":\"WebPage\",\"@id\":\"https:\\\/\\\/acninternational.org\\\/es\\\/regalos-de-fe\\\/\",\"url\":\"https:\\\/\\\/acninternational.org\\\/es\\\/regalos-de-fe\\\/\",\"name\":\"Regalos De Fe | ACN International\",\"isPartOf\":{\"@id\":\"https:\\\/\\\/acninternational.org\\\/es\\\/#website\"},\"primaryImageOfPage\":{\"@id\":\"https:\\\/\\\/acninternational.org\\\/es\\\/regalos-de-fe\\\/#primaryimage\"},\"image\":{\"@id\":\"https:\\\/\\\/acninternational.org\\\/es\\\/regalos-de-fe\\\/#primaryimage\"},\"thumbnailUrl\":\"https:\\\/\\\/media.acninternational.org\\\/wp-content\\\/uploads\\\/2023\\\/12\\\/ninos-006.jpg\",\"datePublished\":\"2020-11-25T15:25:34+00:00\",\"dateModified\":\"2025-09-25T08:14:56+00:00\",\"breadcrumb\":{\"@id\":\"https:\\\/\\\/acninternational.org\\\/es\\\/regalos-de-fe\\\/#breadcrumb\"},\"inLanguage\":\"es\",\"potentialAction\":[{\"@type\":\"ReadAction\",\"target\":[\"https:\\\/\\\/acninternational.org\\\/es\\\/regalos-de-fe\\\/\"]}]},{\"@type\":\"ImageObject\",\"inLanguage\":\"es\",\"@id\":\"https:\\\/\\\/acninternational.org\\\/es\\\/regalos-de-fe\\\/#primaryimage\",\"url\":\"https:\\\/\\\/media.acninternational.org\\\/wp-content\\\/uploads\\\/2023\\\/12\\\/ninos-006.jpg\",\"contentUrl\":\"https:\\\/\\\/media.acninternational.org\\\/wp-content\\\/uploads\\\/2023\\\/12\\\/ninos-006.jpg\",\"width\":1349,\"height\":610},{\"@type\":\"BreadcrumbList\",\"@id\":\"https:\\\/\\\/acninternational.org\\\/es\\\/regalos-de-fe\\\/#breadcrumb\",\"itemListElement\":[{\"@type\":\"ListItem\",\"position\":1,\"name\":\"Home\",\"item\":\"https:\\\/\\\/acninternational.org\\\/es\\\/\"},{\"@type\":\"ListItem\",\"position\":2,\"name\":\"Regalos De Fe\"}]},{\"@type\":\"WebSite\",\"@id\":\"https:\\\/\\\/acninternational.org\\\/es\\\/#website\",\"url\":\"https:\\\/\\\/acninternational.org\\\/es\\\/\",\"name\":\"ACN International\",\"description\":\"\",\"publisher\":{\"@id\":\"https:\\\/\\\/acninternational.org\\\/es\\\/#organization\"},\"potentialAction\":[{\"@type\":\"SearchAction\",\"target\":{\"@type\":\"EntryPoint\",\"urlTemplate\":\"https:\\\/\\\/acninternational.org\\\/es\\\/?s={search_term_string}\"},\"query-input\":{\"@type\":\"PropertyValueSpecification\",\"valueRequired\":true,\"valueName\":\"search_term_string\"}}],\"inLanguage\":\"es\"},{\"@type\":\"Organization\",\"@id\":\"https:\\\/\\\/acninternational.org\\\/es\\\/#organization\",\"name\":\"Aid to the Church in Need International\",\"url\":\"https:\\\/\\\/acninternational.org\\\/es\\\/\",\"logo\":{\"@type\":\"ImageObject\",\"inLanguage\":\"es\",\"@id\":\"https:\\\/\\\/acninternational.org\\\/es\\\/#\\\/schema\\\/logo\\\/image\\\/\",\"url\":\"https:\\\/\\\/media.acninternational.org\\\/wp-content\\\/uploads\\\/2019\\\/11\\\/acn_logo_blackvector.svg\",\"contentUrl\":\"https:\\\/\\\/media.acninternational.org\\\/wp-content\\\/uploads\\\/2019\\\/11\\\/acn_logo_blackvector.svg\",\"width\":232.6,\"height\":78,\"caption\":\"Aid to the Church in Need International\"},\"image\":{\"@id\":\"https:\\\/\\\/acninternational.org\\\/es\\\/#\\\/schema\\\/logo\\\/image\\\/\"},\"sameAs\":[\"https:\\\/\\\/www.facebook.com\\\/acninternationalorg\",\"https:\\\/\\\/x.com\\\/acn_int\",\"https:\\\/\\\/www.youtube.com\\\/channel\\\/UCQ-077gS0TnVzkhHmf1opZw\",\"https:\\\/\\\/www.instagram.com\\\/acn_international\\\/\"]}]}<\/script>\n<!-- \/ Yoast SEO Premium plugin. -->","yoast_head_json":{"title":"Regalos De Fe | ACN International","robots":{"index":"index","follow":"follow","max-snippet":"max-snippet:-1","max-image-preview":"max-image-preview:large","max-video-preview":"max-video-preview:-1"},"canonical":"https:\/\/acninternational.org\/es\/regalos-de-fe\/","og_locale":"es_ES","og_type":"article","og_title":"Regalos De Fe","og_description":"Convierte tu regalo de Navidad en un regalo de fe y esperanza. Tu generosa donaci\u00f3n nos permitir\u00e1 financiar varias obras de misericordia de la Iglesia para los m\u00e1s necesitados.&nbsp; \u00a1Con\u00f3celas y dona! \u00bfQu\u00e9 es un regalo de fe y c\u00f3mo funciona? El regalo de fe es exactamente lo que significa la Navidad: dar a Jesucristo [&hellip;]","og_url":"https:\/\/acninternational.org\/es\/regalos-de-fe\/","og_site_name":"ACN International","article_publisher":"https:\/\/www.facebook.com\/acninternationalorg","article_modified_time":"2025-09-25T08:14:56+00:00","og_image":[{"width":1349,"height":610,"url":"https:\/\/media.acninternational.org\/wp-content\/uploads\/2023\/12\/ninos-006.jpg","type":"image\/jpeg"}],"twitter_card":"summary_large_image","twitter_site":"@acn_int","twitter_misc":{"Tiempo de lectura":"7 minutos"},"schema":{"@context":"https:\/\/schema.org","@graph":[{"@type":"WebPage","@id":"https:\/\/acninternational.org\/es\/regalos-de-fe\/","url":"https:\/\/acninternational.org\/es\/regalos-de-fe\/","name":"Regalos De Fe | ACN International","isPartOf":{"@id":"https:\/\/acninternational.org\/es\/#website"},"primaryImageOfPage":{"@id":"https:\/\/acninternational.org\/es\/regalos-de-fe\/#primaryimage"},"image":{"@id":"https:\/\/acninternational.org\/es\/regalos-de-fe\/#primaryimage"},"thumbnailUrl":"https:\/\/media.acninternational.org\/wp-content\/uploads\/2023\/12\/ninos-006.jpg","datePublished":"2020-11-25T15:25:34+00:00","dateModified":"2025-09-25T08:14:56+00:00","breadcrumb":{"@id":"https:\/\/acninternational.org\/es\/regalos-de-fe\/#breadcrumb"},"inLanguage":"es","potentialAction":[{"@type":"ReadAction","target":["https:\/\/acninternational.org\/es\/regalos-de-fe\/"]}]},{"@type":"ImageObject","inLanguage":"es","@id":"https:\/\/acninternational.org\/es\/regalos-de-fe\/#primaryimage","url":"https:\/\/media.acninternational.org\/wp-content\/uploads\/2023\/12\/ninos-006.jpg","contentUrl":"https:\/\/media.acninternational.org\/wp-content\/uploads\/2023\/12\/ninos-006.jpg","width":1349,"height":610},{"@type":"BreadcrumbList","@id":"https:\/\/acninternational.org\/es\/regalos-de-fe\/#breadcrumb","itemListElement":[{"@type":"ListItem","position":1,"name":"Home","item":"https:\/\/acninternational.org\/es\/"},{"@type":"ListItem","position":2,"name":"Regalos De Fe"}]},{"@type":"WebSite","@id":"https:\/\/acninternational.org\/es\/#website","url":"https:\/\/acninternational.org\/es\/","name":"ACN International","description":"","publisher":{"@id":"https:\/\/acninternational.org\/es\/#organization"},"potentialAction":[{"@type":"SearchAction","target":{"@type":"EntryPoint","urlTemplate":"https:\/\/acninternational.org\/es\/?s={search_term_string}"},"query-input":{"@type":"PropertyValueSpecification","valueRequired":true,"valueName":"search_term_string"}}],"inLanguage":"es"},{"@type":"Organization","@id":"https:\/\/acninternational.org\/es\/#organization","name":"Aid to the Church in Need International","url":"https:\/\/acninternational.org\/es\/","logo":{"@type":"ImageObject","inLanguage":"es","@id":"https:\/\/acninternational.org\/es\/#\/schema\/logo\/image\/","url":"https:\/\/media.acninternational.org\/wp-content\/uploads\/2019\/11\/acn_logo_blackvector.svg","contentUrl":"https:\/\/media.acninternational.org\/wp-content\/uploads\/2019\/11\/acn_logo_blackvector.svg","width":232.6,"height":78,"caption":"Aid to the Church in Need International"},"image":{"@id":"https:\/\/acninternational.org\/es\/#\/schema\/logo\/image\/"},"sameAs":["https:\/\/www.facebook.com\/acninternationalorg","https:\/\/x.com\/acn_int","https:\/\/www.youtube.com\/channel\/UCQ-077gS0TnVzkhHmf1opZw","https:\/\/www.instagram.com\/acn_international\/"]}]}},"_links":{"self":[{"href":"https:\/\/acninternational.org\/es\/wp-json\/wp\/v2\/pages\/144845","targetHints":{"allow":["GET"]}}],"collection":[{"href":"https:\/\/acninternational.org\/es\/wp-json\/wp\/v2\/pages"}],"about":[{"href":"https:\/\/acninternational.org\/es\/wp-json\/wp\/v2\/types\/page"}],"author":[{"embeddable":true,"href":"https:\/\/acninternational.org\/es\/wp-json\/wp\/v2\/users\/4258341447"}],"replies":[{"embeddable":true,"href":"https:\/\/acninternational.org\/es\/wp-json\/wp\/v2\/comments?post=144845"}],"version-history":[{"count":1,"href":"https:\/\/acninternational.org\/es\/wp-json\/wp\/v2\/pages\/144845\/revisions"}],"predecessor-version":[{"id":257392,"href":"https:\/\/acninternational.org\/es\/wp-json\/wp\/v2\/pages\/144845\/revisions\/257392"}],"wp:featuredmedia":[{"embeddable":true,"href":"https:\/\/acninternational.org\/es\/wp-json\/wp\/v2\/media\/187010"}],"wp:attachment":[{"href":"https:\/\/acninternational.org\/es\/wp-json\/wp\/v2\/media?parent=144845"}],"curies":[{"name":"wp","href":"https:\/\/api.w.org\/{rel}","templated":true}]}}