{"id":140930,"date":"2020-07-31T12:45:10","date_gmt":"2020-07-31T10:45:10","guid":{"rendered":"https:\/\/acninternational.org\/?page_id=140930"},"modified":"2022-06-20T07:52:52","modified_gmt":"2022-06-20T05:52:52","slug":"terminos","status":"publish","type":"page","link":"https:\/\/acninternational.org\/es\/terminos\/","title":{"rendered":"Aviso legal y condiciones generales de uso"},"content":{"rendered":"<h1>Aviso legal y condiciones generales de uso<\/h1>\n<h3><strong>Aviso legal<\/strong><\/h3>\n<p><strong>ACN International<\/strong><\/p>\n<p>Aid to the Church in Need gGmbH<br \/>\nPostfach 1209<br \/>\nD-61452 K\u00f6nigstein\/Ts.<br \/>\nALEMANIA<\/p>\n<p><strong>Representado por<\/strong><\/p>\n<p>Philipp Ozores, Secretario General<br \/>\nTel.: +49-6174-2910<br \/>\nFax: +49-6174-3423<br \/>\ninfo@acn-intl.org<\/p>\n<p><strong>Registrado en<\/strong><\/p>\n<p>El Tribunal de Distrito de K\u00f6nigstein im Taunus (Alemania)<\/p>\n<p><strong>N\u00famero de registro <\/strong><\/p>\n<p>HRB 8446<\/p>\n<p><strong>Responsable del contenido seg\u00fan \u00a755 secci\u00f3n 2 RStV<\/strong><\/p>\n<p>Philipp Ozores, Secretario General<\/p>\n<p><strong>Condiciones generales de uso<\/strong><\/p>\n<p>Al acceder a este sitio web, usted acepta los t\u00e9rminos de uso del sitio establecidos aqu\u00ed. Si no est\u00e1 de acuerdo con ellos, debe abandonar el sitio de inmediato.<\/p>\n<p><strong>Integridad y exactitud de la informaci\u00f3n<\/strong><\/p>\n<p>Este sitio web es para informaci\u00f3n general sobre Aid to the Church in Need International y su pol\u00edtica de concesi\u00f3n de ayudas. Si bien la sede internacional de Aid to the Church in Need hace todo lo posible para garantizar la precisi\u00f3n del material publicado en este sitio web, no acepta ninguna responsabilidad en cuanto a la exactitud, integridad o fiabilidad de la informaci\u00f3n publicada en su sitio web o disponible para descargar desde el mismo. ACN International no efect\u00faa manifestaci\u00f3n ni declaraci\u00f3n de garant\u00eda alguna en cuanto a la precisi\u00f3n o integridad del material publicado en nuestro sitio web. El uso que usted haga de cualquier informaci\u00f3n disponible en este sitio web o la confianza que usted deposite en dicha informaci\u00f3n lo hace bajo su propio riesgo.<\/p>\n<p>Excluimos, en la medida en que lo permita la ley, toda responsabilidad por cualquier p\u00e9rdida o da\u00f1o en que se pueda incurrir por el uso, la incapacidad de uso o la confianza que usted deposite en el material obtenido de nuestro sitio web.<\/p>\n<p><strong>\u00a0<\/strong><strong>Sitios web de terceros<\/strong><\/p>\n<p>Algunas p\u00e1ginas de este sitio web pueden contener enlaces a sitios web de terceros que no son controlados y \/ o mantenidos por la oficina de Aid to the Church in Need International. ACN International no acepta responsabilidad alguna por el contenido de los sitios web de terceros. Los enlaces a sitios web de terceros se incluyen solo por conveniencia: su inclusi\u00f3n de ninguna manera constituye un respaldo incondicional por parte de ACN. Es su responsabilidad cumplir con los t\u00e9rminos y condiciones de uso de cualquier sitio al que usted acceda a trav\u00e9s de un enlace publicado en nuestro sitio web.<\/p>\n<p>Todos y cada uno de los enlaces desde sitios web de terceros a este sitio web solo se pueden hacer despu\u00e9s de obtener el consentimiento previo por escrito por parte de ACN International.<\/p>\n<p>Contacte Aid to the Church in Need para solicitar permiso para incluir cualquier enlace a su sitio web.<\/p>\n<p><strong>Modificaci\u00f3n del aviso legal y de las condiciones generales de uso<\/strong><\/p>\n<p>ACN International se reserva el derecho a modificar o reemplazar estos t\u00e9rminos y condiciones sin previo aviso. Los nuevos t\u00e9rminos y condiciones se publicar\u00e1n en esta p\u00e1gina de su sitio web. El uso continuado del sitio web constituye la aceptaci\u00f3n de estos t\u00e9rminos y condiciones por su parte.<\/p>\n<p>Se recomienda que verifique peri\u00f3dicamente cualquier cambio en los t\u00e9rminos y condiciones de este sitio web. Si no est\u00e1 de acuerdo con los nuevos t\u00e9rminos y condiciones, debe abandonar el sitio de inmediato.<\/p>\n<p><strong>Copyright<\/strong><\/p>\n<p>El material en este sitio web est\u00e1 sujeto a las leyes de derechos de autor y la declaraci\u00f3n de derechos de autor de ACN International.<\/p>\n<p><strong>Privacidad<\/strong><\/p>\n<p>Todos los datos enviados a trav\u00e9s de este sitio web se tratar\u00e1n de acuerdo con la pol\u00edtica de privacidad de ACN International.<\/p>\n<p><strong>Leyes que rigen este sitio web<\/strong><\/p>\n<p>Este sitio web, incluidos estos t\u00e9rminos y condiciones, se regir\u00e1 por la ley alemana. Los tribunales alemanes tendr\u00e1n jurisdicci\u00f3n exclusiva sobre cualquier disputa que surja de este sitio web.<\/p>\n","protected":false},"excerpt":{"rendered":"<p>Aviso legal y condiciones generales de uso Aviso legal ACN International Aid to the Church in Need gGmbH Postfach 1209 D-61452 K\u00f6nigstein\/Ts. ALEMANIA Representado por Philipp Ozores, Secretario General Tel.: +49-6174-2910 Fax: +49-6174-3423 info@acn-intl.org Registrado en El Tribunal de Distrito de K\u00f6nigstein im Taunus (Alemania) N\u00famero de registro HRB 8446 Responsable del contenido seg\u00fan \u00a755 [&hellip;]<\/p>\n","protected":false},"author":4258341447,"featured_media":243387,"parent":0,"menu_order":0,"comment_status":"closed","ping_status":"closed","template":"page_2_columns.php","meta":{"_acf_changed":false,"footnotes":""},"class_list":["post-140930","page","type-page","status-publish","has-post-thumbnail","hentry"],"acf":[],"yoast_head":"<!-- This site is optimized with the Yoast SEO Premium plugin v27.3 (Yoast SEO v27.3) - https:\/\/yoast.com\/product\/yoast-seo-premium-wordpress\/ -->\n<title>Aviso legal y condiciones generales de uso | ACN International<\/title>\n<meta name=\"robots\" content=\"index, follow, max-snippet:-1, max-image-preview:large, max-video-preview:-1\" \/>\n<link rel=\"canonical\" href=\"https:\/\/acninternational.org\/es\/terminos\/\" \/>\n<meta property=\"og:locale\" content=\"es_ES\" \/>\n<meta property=\"og:type\" content=\"article\" \/>\n<meta property=\"og:title\" content=\"Aviso legal y condiciones generales de uso\" \/>\n<meta property=\"og:description\" content=\"Aviso legal y condiciones generales de uso Aviso legal ACN International Aid to the Church in Need gGmbH Postfach 1209 D-61452 K\u00f6nigstein\/Ts. ALEMANIA Representado por Philipp Ozores, Secretario General Tel.: +49-6174-2910 Fax: +49-6174-3423 info@acn-intl.org Registrado en El Tribunal de Distrito de K\u00f6nigstein im Taunus (Alemania) N\u00famero de registro HRB 8446 Responsable del contenido seg\u00fan \u00a755 [&hellip;]\" \/>\n<meta property=\"og:url\" content=\"https:\/\/acninternational.org\/es\/terminos\/\" \/>\n<meta property=\"og:site_name\" content=\"ACN International\" \/>\n<meta property=\"article:publisher\" content=\"https:\/\/www.facebook.com\/acninternationalorg\" \/>\n<meta property=\"article:modified_time\" content=\"2022-06-20T05:52:52+00:00\" \/>\n<meta property=\"og:image\" content=\"https:\/\/media.acninternational.org\/wp-content\/uploads\/2025\/05\/2-col-imgs-default.jpg\" \/>\n\t<meta property=\"og:image:width\" content=\"977\" \/>\n\t<meta property=\"og:image:height\" content=\"1070\" \/>\n\t<meta property=\"og:image:type\" content=\"image\/jpeg\" \/>\n<meta name=\"twitter:card\" content=\"summary_large_image\" \/>\n<meta name=\"twitter:site\" content=\"@acn_int\" \/>\n<meta name=\"twitter:label1\" content=\"Tiempo de lectura\" \/>\n\t<meta name=\"twitter:data1\" content=\"3 minutos\" \/>\n<script type=\"application\/ld+json\" class=\"yoast-schema-graph\">{\"@context\":\"https:\\\/\\\/schema.org\",\"@graph\":[{\"@type\":\"WebPage\",\"@id\":\"https:\\\/\\\/acninternational.org\\\/es\\\/terminos\\\/\",\"url\":\"https:\\\/\\\/acninternational.org\\\/es\\\/terminos\\\/\",\"name\":\"Aviso legal y condiciones generales de uso | ACN International\",\"isPartOf\":{\"@id\":\"https:\\\/\\\/acninternational.org\\\/es\\\/#website\"},\"primaryImageOfPage\":{\"@id\":\"https:\\\/\\\/acninternational.org\\\/es\\\/terminos\\\/#primaryimage\"},\"image\":{\"@id\":\"https:\\\/\\\/acninternational.org\\\/es\\\/terminos\\\/#primaryimage\"},\"thumbnailUrl\":\"https:\\\/\\\/media.acninternational.org\\\/wp-content\\\/uploads\\\/2025\\\/05\\\/2-col-imgs-default.jpg\",\"datePublished\":\"2020-07-31T10:45:10+00:00\",\"dateModified\":\"2022-06-20T05:52:52+00:00\",\"breadcrumb\":{\"@id\":\"https:\\\/\\\/acninternational.org\\\/es\\\/terminos\\\/#breadcrumb\"},\"inLanguage\":\"es\",\"potentialAction\":[{\"@type\":\"ReadAction\",\"target\":[\"https:\\\/\\\/acninternational.org\\\/es\\\/terminos\\\/\"]}]},{\"@type\":\"ImageObject\",\"inLanguage\":\"es\",\"@id\":\"https:\\\/\\\/acninternational.org\\\/es\\\/terminos\\\/#primaryimage\",\"url\":\"https:\\\/\\\/media.acninternational.org\\\/wp-content\\\/uploads\\\/2025\\\/05\\\/2-col-imgs-default.jpg\",\"contentUrl\":\"https:\\\/\\\/media.acninternational.org\\\/wp-content\\\/uploads\\\/2025\\\/05\\\/2-col-imgs-default.jpg\",\"width\":977,\"height\":1070},{\"@type\":\"BreadcrumbList\",\"@id\":\"https:\\\/\\\/acninternational.org\\\/es\\\/terminos\\\/#breadcrumb\",\"itemListElement\":[{\"@type\":\"ListItem\",\"position\":1,\"name\":\"Home\",\"item\":\"https:\\\/\\\/acninternational.org\\\/es\\\/\"},{\"@type\":\"ListItem\",\"position\":2,\"name\":\"Aviso legal y condiciones generales de uso\"}]},{\"@type\":\"WebSite\",\"@id\":\"https:\\\/\\\/acninternational.org\\\/es\\\/#website\",\"url\":\"https:\\\/\\\/acninternational.org\\\/es\\\/\",\"name\":\"ACN International\",\"description\":\"\",\"publisher\":{\"@id\":\"https:\\\/\\\/acninternational.org\\\/es\\\/#organization\"},\"potentialAction\":[{\"@type\":\"SearchAction\",\"target\":{\"@type\":\"EntryPoint\",\"urlTemplate\":\"https:\\\/\\\/acninternational.org\\\/es\\\/?s={search_term_string}\"},\"query-input\":{\"@type\":\"PropertyValueSpecification\",\"valueRequired\":true,\"valueName\":\"search_term_string\"}}],\"inLanguage\":\"es\"},{\"@type\":\"Organization\",\"@id\":\"https:\\\/\\\/acninternational.org\\\/es\\\/#organization\",\"name\":\"Aid to the Church in Need International\",\"url\":\"https:\\\/\\\/acninternational.org\\\/es\\\/\",\"logo\":{\"@type\":\"ImageObject\",\"inLanguage\":\"es\",\"@id\":\"https:\\\/\\\/acninternational.org\\\/es\\\/#\\\/schema\\\/logo\\\/image\\\/\",\"url\":\"https:\\\/\\\/media.acninternational.org\\\/wp-content\\\/uploads\\\/2019\\\/11\\\/acn_logo_blackvector.svg\",\"contentUrl\":\"https:\\\/\\\/media.acninternational.org\\\/wp-content\\\/uploads\\\/2019\\\/11\\\/acn_logo_blackvector.svg\",\"width\":232.6,\"height\":78,\"caption\":\"Aid to the Church in Need International\"},\"image\":{\"@id\":\"https:\\\/\\\/acninternational.org\\\/es\\\/#\\\/schema\\\/logo\\\/image\\\/\"},\"sameAs\":[\"https:\\\/\\\/www.facebook.com\\\/acninternationalorg\",\"https:\\\/\\\/x.com\\\/acn_int\",\"https:\\\/\\\/www.youtube.com\\\/channel\\\/UCQ-077gS0TnVzkhHmf1opZw\",\"https:\\\/\\\/www.instagram.com\\\/acn_international\\\/\"]}]}<\/script>\n<!-- \/ Yoast SEO Premium plugin. -->","yoast_head_json":{"title":"Aviso legal y condiciones generales de uso | ACN International","robots":{"index":"index","follow":"follow","max-snippet":"max-snippet:-1","max-image-preview":"max-image-preview:large","max-video-preview":"max-video-preview:-1"},"canonical":"https:\/\/acninternational.org\/es\/terminos\/","og_locale":"es_ES","og_type":"article","og_title":"Aviso legal y condiciones generales de uso","og_description":"Aviso legal y condiciones generales de uso Aviso legal ACN International Aid to the Church in Need gGmbH Postfach 1209 D-61452 K\u00f6nigstein\/Ts. ALEMANIA Representado por Philipp Ozores, Secretario General Tel.: +49-6174-2910 Fax: +49-6174-3423 info@acn-intl.org Registrado en El Tribunal de Distrito de K\u00f6nigstein im Taunus (Alemania) N\u00famero de registro HRB 8446 Responsable del contenido seg\u00fan \u00a755 [&hellip;]","og_url":"https:\/\/acninternational.org\/es\/terminos\/","og_site_name":"ACN International","article_publisher":"https:\/\/www.facebook.com\/acninternationalorg","article_modified_time":"2022-06-20T05:52:52+00:00","og_image":[{"width":977,"height":1070,"url":"https:\/\/media.acninternational.org\/wp-content\/uploads\/2025\/05\/2-col-imgs-default.jpg","type":"image\/jpeg"}],"twitter_card":"summary_large_image","twitter_site":"@acn_int","twitter_misc":{"Tiempo de lectura":"3 minutos"},"schema":{"@context":"https:\/\/schema.org","@graph":[{"@type":"WebPage","@id":"https:\/\/acninternational.org\/es\/terminos\/","url":"https:\/\/acninternational.org\/es\/terminos\/","name":"Aviso legal y condiciones generales de uso | ACN International","isPartOf":{"@id":"https:\/\/acninternational.org\/es\/#website"},"primaryImageOfPage":{"@id":"https:\/\/acninternational.org\/es\/terminos\/#primaryimage"},"image":{"@id":"https:\/\/acninternational.org\/es\/terminos\/#primaryimage"},"thumbnailUrl":"https:\/\/media.acninternational.org\/wp-content\/uploads\/2025\/05\/2-col-imgs-default.jpg","datePublished":"2020-07-31T10:45:10+00:00","dateModified":"2022-06-20T05:52:52+00:00","breadcrumb":{"@id":"https:\/\/acninternational.org\/es\/terminos\/#breadcrumb"},"inLanguage":"es","potentialAction":[{"@type":"ReadAction","target":["https:\/\/acninternational.org\/es\/terminos\/"]}]},{"@type":"ImageObject","inLanguage":"es","@id":"https:\/\/acninternational.org\/es\/terminos\/#primaryimage","url":"https:\/\/media.acninternational.org\/wp-content\/uploads\/2025\/05\/2-col-imgs-default.jpg","contentUrl":"https:\/\/media.acninternational.org\/wp-content\/uploads\/2025\/05\/2-col-imgs-default.jpg","width":977,"height":1070},{"@type":"BreadcrumbList","@id":"https:\/\/acninternational.org\/es\/terminos\/#breadcrumb","itemListElement":[{"@type":"ListItem","position":1,"name":"Home","item":"https:\/\/acninternational.org\/es\/"},{"@type":"ListItem","position":2,"name":"Aviso legal y condiciones generales de uso"}]},{"@type":"WebSite","@id":"https:\/\/acninternational.org\/es\/#website","url":"https:\/\/acninternational.org\/es\/","name":"ACN International","description":"","publisher":{"@id":"https:\/\/acninternational.org\/es\/#organization"},"potentialAction":[{"@type":"SearchAction","target":{"@type":"EntryPoint","urlTemplate":"https:\/\/acninternational.org\/es\/?s={search_term_string}"},"query-input":{"@type":"PropertyValueSpecification","valueRequired":true,"valueName":"search_term_string"}}],"inLanguage":"es"},{"@type":"Organization","@id":"https:\/\/acninternational.org\/es\/#organization","name":"Aid to the Church in Need International","url":"https:\/\/acninternational.org\/es\/","logo":{"@type":"ImageObject","inLanguage":"es","@id":"https:\/\/acninternational.org\/es\/#\/schema\/logo\/image\/","url":"https:\/\/media.acninternational.org\/wp-content\/uploads\/2019\/11\/acn_logo_blackvector.svg","contentUrl":"https:\/\/media.acninternational.org\/wp-content\/uploads\/2019\/11\/acn_logo_blackvector.svg","width":232.6,"height":78,"caption":"Aid to the Church in Need International"},"image":{"@id":"https:\/\/acninternational.org\/es\/#\/schema\/logo\/image\/"},"sameAs":["https:\/\/www.facebook.com\/acninternationalorg","https:\/\/x.com\/acn_int","https:\/\/www.youtube.com\/channel\/UCQ-077gS0TnVzkhHmf1opZw","https:\/\/www.instagram.com\/acn_international\/"]}]}},"_links":{"self":[{"href":"https:\/\/acninternational.org\/es\/wp-json\/wp\/v2\/pages\/140930","targetHints":{"allow":["GET"]}}],"collection":[{"href":"https:\/\/acninternational.org\/es\/wp-json\/wp\/v2\/pages"}],"about":[{"href":"https:\/\/acninternational.org\/es\/wp-json\/wp\/v2\/types\/page"}],"author":[{"embeddable":true,"href":"https:\/\/acninternational.org\/es\/wp-json\/wp\/v2\/users\/4258341447"}],"replies":[{"embeddable":true,"href":"https:\/\/acninternational.org\/es\/wp-json\/wp\/v2\/comments?post=140930"}],"version-history":[{"count":0,"href":"https:\/\/acninternational.org\/es\/wp-json\/wp\/v2\/pages\/140930\/revisions"}],"wp:featuredmedia":[{"embeddable":true,"href":"https:\/\/acninternational.org\/es\/wp-json\/wp\/v2\/media\/243387"}],"wp:attachment":[{"href":"https:\/\/acninternational.org\/es\/wp-json\/wp\/v2\/media?parent=140930"}],"curies":[{"name":"wp","href":"https:\/\/api.w.org\/{rel}","templated":true}]}}