{"id":139170,"date":"2020-06-29T12:10:31","date_gmt":"2020-06-29T10:10:31","guid":{"rendered":"https:\/\/acninternational.org\/nuestro-trabajo\/"},"modified":"2026-03-06T16:38:52","modified_gmt":"2026-03-06T15:38:52","slug":"trabajo","status":"publish","type":"page","link":"https:\/\/acninternational.org\/es\/trabajo\/","title":{"rendered":"Nuestro trabajo"},"content":{"rendered":"<h1>Los cristianos son v\u00edctima de la discriminaci\u00f3n y la persecuci\u00f3n en muchos pa\u00edses<\/h1>\n<blockquote class=\"wp-block-quote blockquote ps-3 py-2\">\n<p style=\"font-weight: 400;\"><strong>Lo que hab\u00e9is hecho a uno de mis hermanos m\u00e1s peque\u00f1os, a m\u00ed me lo hicisteis.<\/strong><\/p>\n<pre>Mt 25,40<\/pre>\n<\/blockquote>\n<p style=\"font-weight: 400;\">La Iglesia, desde sus mismos or\u00edgenes, siempre ha atendido a los necesitados. Pero la propia Iglesia tambi\u00e9n necesita con frecuencia ayuda urgente, sobre todo en los pa\u00edses en desarrollo y en aquellos en los que se ve afectada por el desplazamiento forzoso, las cat\u00e1strofes o la persecuci\u00f3n.<\/p>\n<p style=\"font-weight: 400;\">Seg\u00fan nuestras estimaciones, un 62% de la poblaci\u00f3n mundial vive enpa\u00edses en los que su religi\u00f3n no se puede practicar libremente, y la mitad de los habitantes del planeta se ven sometidos a una aut\u00e9ntica persecuci\u00f3n en sus pa\u00edses respectivos. El derecho fundamental a la libertad religiosa no est\u00e1 garantizado en al menos 61 pa\u00edses del mundo. Esto afecta particularmente a los cristianos.<\/p>\n<p style=\"font-weight: 400;\">All\u00ed donde la vida de la Iglesia y la atenci\u00f3n pastoral de los fieles apenas puede mantenerse con recursos propios, la Iglesia est\u00e1 obligada a depender de donaciones del extranjero. A diferencia de la mayor parte de las organizaciones ben\u00e9ficas, que se dedican a aliviar necesidades sociales de las personas, Ayuda a la Iglesia Necesitada se centra en respaldar la atenci\u00f3n pastoral y espiritual.<\/p>\n<h2>C\u00f3mo se convierten las donaciones en ayuda concreta para los cristianos necesitados<\/h2>\n<p style=\"font-weight: 400;\">Desde 78 a\u00f1os, ACN trabaja con profesionalidad, transparencia, eficiencia y eficacia para que las donaciones de nuestros benefactores desplieguen la mayor utilidad posible justo all\u00ed donde m\u00e1s se necesitan: en la Iglesia necesitada del pa\u00eds respectivo.<\/p>\n<p><img loading=\"lazy\" decoding=\"async\" src=\"https:\/\/media.acninternational.org\/wp-content\/uploads\/2024\/06\/works-es-1024x405.jpg\" sizes=\"auto, (max-width: 800px) 100vw, 800px\" srcset=\"https:\/\/media.acninternational.org\/wp-content\/uploads\/2024\/06\/works-es-1024x405.jpg 1024w, https:\/\/media.acninternational.org\/wp-content\/uploads\/2024\/06\/works-es-300x119.jpg 300w, https:\/\/media.acninternational.org\/wp-content\/uploads\/2024\/06\/works-es-768x304.jpg 768w, https:\/\/media.acninternational.org\/wp-content\/uploads\/2024\/06\/works-es-1536x607.jpg 1536w, https:\/\/media.acninternational.org\/wp-content\/uploads\/2024\/06\/works-es.jpg 1920w\" alt=\"\" width=\"800\" height=\"316\" \/><\/p>\n<ol>\n<li style=\"font-weight: 400;\">En un lugar en el que la Iglesia sufre los efectos de la pobreza o la persecuci\u00f3n se efect\u00faa una demanda para un proyecto de ayuda. Con la recomendaci\u00f3n del obispo o superior local, la di\u00f3cesis o comunidad remite el proyecto a la central de ACN (Ayuda a la Iglesia Necesitada) en K\u00f6nigstein, Alemania.<\/li>\n<li style=\"font-weight: 400;\">El responsable de proyectos de esa regi\u00f3n analiza el proyecto concreto, solicitando m\u00e1s informaci\u00f3n en caso necesario. En un plazo m\u00e1ximo de tres meses, la central de ACN comunica si autoriza o no el proyecto.<\/li>\n<li style=\"font-weight: 400;\">La central de ACN informa a las oficinas nacionales sobre proyectos con el fin de obtener donaciones y financiaci\u00f3n de benefactores en los respectivos pa\u00edses.<\/li>\n<li style=\"font-weight: 400;\">Las oficinas organizan actividades de informaci\u00f3n y sensibilizaci\u00f3n para que los donantes apoyen los proyectos.<\/li>\n<li style=\"font-weight: 400;\">Los benefactores se sienten llamados a colaborar y realizan sus donaciones.<\/li>\n<li style=\"font-weight: 400;\">Las oficinas nacionales de ACN transfieren las cantidades donadas a la central de ACN.<\/li>\n<li style=\"font-weight: 400;\">ACN organiza los proyectos y su financiaci\u00f3n, realiza el seguimiento de los mismos y supervisa su implementaci\u00f3n.<\/li>\n<\/ol>\n<p style=\"font-weight: 400;\">ACN se hace cargo de los costes del proyecto en un plazo de uno a seis meses tras su autorizaci\u00f3n. En casos de emergencia, la central de ACN facilita fondos de ayuda de inmediato.<\/p>\n","protected":false},"excerpt":{"rendered":"<p>Los cristianos son v\u00edctima de la discriminaci\u00f3n y la persecuci\u00f3n en muchos pa\u00edses Lo que hab\u00e9is hecho a uno de mis hermanos m\u00e1s peque\u00f1os, a m\u00ed me lo hicisteis. Mt 25,40 La Iglesia, desde sus mismos or\u00edgenes, siempre ha atendido a los necesitados. Pero la propia Iglesia tambi\u00e9n necesita con frecuencia ayuda urgente, sobre todo [&hellip;]<\/p>\n","protected":false},"author":66,"featured_media":210533,"parent":0,"menu_order":0,"comment_status":"closed","ping_status":"closed","template":"page_general.php","meta":{"_acf_changed":false,"footnotes":""},"class_list":["post-139170","page","type-page","status-publish","has-post-thumbnail","hentry"],"acf":[],"yoast_head":"<!-- This site is optimized with the Yoast SEO Premium plugin v27.3 (Yoast SEO v27.3) - https:\/\/yoast.com\/product\/yoast-seo-premium-wordpress\/ -->\n<title>Nuestro trabajo | ACN International<\/title>\n<meta name=\"robots\" content=\"index, follow, max-snippet:-1, max-image-preview:large, max-video-preview:-1\" \/>\n<link rel=\"canonical\" href=\"https:\/\/acninternational.org\/es\/trabajo\/\" \/>\n<meta property=\"og:locale\" content=\"es_ES\" \/>\n<meta property=\"og:type\" content=\"article\" \/>\n<meta property=\"og:title\" content=\"Nuestro trabajo\" \/>\n<meta property=\"og:description\" content=\"Los cristianos son v\u00edctima de la discriminaci\u00f3n y la persecuci\u00f3n en muchos pa\u00edses Lo que hab\u00e9is hecho a uno de mis hermanos m\u00e1s peque\u00f1os, a m\u00ed me lo hicisteis. Mt 25,40 La Iglesia, desde sus mismos or\u00edgenes, siempre ha atendido a los necesitados. Pero la propia Iglesia tambi\u00e9n necesita con frecuencia ayuda urgente, sobre todo [&hellip;]\" \/>\n<meta property=\"og:url\" content=\"https:\/\/acninternational.org\/es\/trabajo\/\" \/>\n<meta property=\"og:site_name\" content=\"ACN International\" \/>\n<meta property=\"article:publisher\" content=\"https:\/\/www.facebook.com\/acninternationalorg\" \/>\n<meta property=\"article:modified_time\" content=\"2026-03-06T15:38:52+00:00\" \/>\n<meta property=\"og:image\" content=\"https:\/\/media.acninternational.org\/wp-content\/uploads\/2024\/06\/ACN-20230928-153700.jpg\" \/>\n\t<meta property=\"og:image:width\" content=\"1400\" \/>\n\t<meta property=\"og:image:height\" content=\"438\" \/>\n\t<meta property=\"og:image:type\" content=\"image\/jpeg\" \/>\n<meta name=\"twitter:card\" content=\"summary_large_image\" \/>\n<meta name=\"twitter:site\" content=\"@acn_int\" \/>\n<meta name=\"twitter:label1\" content=\"Tiempo de lectura\" \/>\n\t<meta name=\"twitter:data1\" content=\"3 minutos\" \/>\n<script type=\"application\/ld+json\" class=\"yoast-schema-graph\">{\"@context\":\"https:\\\/\\\/schema.org\",\"@graph\":[{\"@type\":\"WebPage\",\"@id\":\"https:\\\/\\\/acninternational.org\\\/es\\\/trabajo\\\/\",\"url\":\"https:\\\/\\\/acninternational.org\\\/es\\\/trabajo\\\/\",\"name\":\"Nuestro trabajo | ACN International\",\"isPartOf\":{\"@id\":\"https:\\\/\\\/acninternational.org\\\/es\\\/#website\"},\"primaryImageOfPage\":{\"@id\":\"https:\\\/\\\/acninternational.org\\\/es\\\/trabajo\\\/#primaryimage\"},\"image\":{\"@id\":\"https:\\\/\\\/acninternational.org\\\/es\\\/trabajo\\\/#primaryimage\"},\"thumbnailUrl\":\"https:\\\/\\\/media.acninternational.org\\\/wp-content\\\/uploads\\\/2024\\\/06\\\/ACN-20230928-153700.jpg\",\"datePublished\":\"2020-06-29T10:10:31+00:00\",\"dateModified\":\"2026-03-06T15:38:52+00:00\",\"breadcrumb\":{\"@id\":\"https:\\\/\\\/acninternational.org\\\/es\\\/trabajo\\\/#breadcrumb\"},\"inLanguage\":\"es\",\"potentialAction\":[{\"@type\":\"ReadAction\",\"target\":[\"https:\\\/\\\/acninternational.org\\\/es\\\/trabajo\\\/\"]}]},{\"@type\":\"ImageObject\",\"inLanguage\":\"es\",\"@id\":\"https:\\\/\\\/acninternational.org\\\/es\\\/trabajo\\\/#primaryimage\",\"url\":\"https:\\\/\\\/media.acninternational.org\\\/wp-content\\\/uploads\\\/2024\\\/06\\\/ACN-20230928-153700.jpg\",\"contentUrl\":\"https:\\\/\\\/media.acninternational.org\\\/wp-content\\\/uploads\\\/2024\\\/06\\\/ACN-20230928-153700.jpg\",\"width\":1400,\"height\":438},{\"@type\":\"BreadcrumbList\",\"@id\":\"https:\\\/\\\/acninternational.org\\\/es\\\/trabajo\\\/#breadcrumb\",\"itemListElement\":[{\"@type\":\"ListItem\",\"position\":1,\"name\":\"Home\",\"item\":\"https:\\\/\\\/acninternational.org\\\/es\\\/\"},{\"@type\":\"ListItem\",\"position\":2,\"name\":\"Nuestro trabajo\"}]},{\"@type\":\"WebSite\",\"@id\":\"https:\\\/\\\/acninternational.org\\\/es\\\/#website\",\"url\":\"https:\\\/\\\/acninternational.org\\\/es\\\/\",\"name\":\"ACN International\",\"description\":\"\",\"publisher\":{\"@id\":\"https:\\\/\\\/acninternational.org\\\/es\\\/#organization\"},\"potentialAction\":[{\"@type\":\"SearchAction\",\"target\":{\"@type\":\"EntryPoint\",\"urlTemplate\":\"https:\\\/\\\/acninternational.org\\\/es\\\/?s={search_term_string}\"},\"query-input\":{\"@type\":\"PropertyValueSpecification\",\"valueRequired\":true,\"valueName\":\"search_term_string\"}}],\"inLanguage\":\"es\"},{\"@type\":\"Organization\",\"@id\":\"https:\\\/\\\/acninternational.org\\\/es\\\/#organization\",\"name\":\"Aid to the Church in Need International\",\"url\":\"https:\\\/\\\/acninternational.org\\\/es\\\/\",\"logo\":{\"@type\":\"ImageObject\",\"inLanguage\":\"es\",\"@id\":\"https:\\\/\\\/acninternational.org\\\/es\\\/#\\\/schema\\\/logo\\\/image\\\/\",\"url\":\"https:\\\/\\\/media.acninternational.org\\\/wp-content\\\/uploads\\\/2019\\\/11\\\/acn_logo_blackvector.svg\",\"contentUrl\":\"https:\\\/\\\/media.acninternational.org\\\/wp-content\\\/uploads\\\/2019\\\/11\\\/acn_logo_blackvector.svg\",\"width\":232.6,\"height\":78,\"caption\":\"Aid to the Church in Need International\"},\"image\":{\"@id\":\"https:\\\/\\\/acninternational.org\\\/es\\\/#\\\/schema\\\/logo\\\/image\\\/\"},\"sameAs\":[\"https:\\\/\\\/www.facebook.com\\\/acninternationalorg\",\"https:\\\/\\\/x.com\\\/acn_int\",\"https:\\\/\\\/www.youtube.com\\\/channel\\\/UCQ-077gS0TnVzkhHmf1opZw\",\"https:\\\/\\\/www.instagram.com\\\/acn_international\\\/\"]}]}<\/script>\n<!-- \/ Yoast SEO Premium plugin. -->","yoast_head_json":{"title":"Nuestro trabajo | ACN International","robots":{"index":"index","follow":"follow","max-snippet":"max-snippet:-1","max-image-preview":"max-image-preview:large","max-video-preview":"max-video-preview:-1"},"canonical":"https:\/\/acninternational.org\/es\/trabajo\/","og_locale":"es_ES","og_type":"article","og_title":"Nuestro trabajo","og_description":"Los cristianos son v\u00edctima de la discriminaci\u00f3n y la persecuci\u00f3n en muchos pa\u00edses Lo que hab\u00e9is hecho a uno de mis hermanos m\u00e1s peque\u00f1os, a m\u00ed me lo hicisteis. Mt 25,40 La Iglesia, desde sus mismos or\u00edgenes, siempre ha atendido a los necesitados. Pero la propia Iglesia tambi\u00e9n necesita con frecuencia ayuda urgente, sobre todo [&hellip;]","og_url":"https:\/\/acninternational.org\/es\/trabajo\/","og_site_name":"ACN International","article_publisher":"https:\/\/www.facebook.com\/acninternationalorg","article_modified_time":"2026-03-06T15:38:52+00:00","og_image":[{"width":1400,"height":438,"url":"https:\/\/media.acninternational.org\/wp-content\/uploads\/2024\/06\/ACN-20230928-153700.jpg","type":"image\/jpeg"}],"twitter_card":"summary_large_image","twitter_site":"@acn_int","twitter_misc":{"Tiempo de lectura":"3 minutos"},"schema":{"@context":"https:\/\/schema.org","@graph":[{"@type":"WebPage","@id":"https:\/\/acninternational.org\/es\/trabajo\/","url":"https:\/\/acninternational.org\/es\/trabajo\/","name":"Nuestro trabajo | ACN International","isPartOf":{"@id":"https:\/\/acninternational.org\/es\/#website"},"primaryImageOfPage":{"@id":"https:\/\/acninternational.org\/es\/trabajo\/#primaryimage"},"image":{"@id":"https:\/\/acninternational.org\/es\/trabajo\/#primaryimage"},"thumbnailUrl":"https:\/\/media.acninternational.org\/wp-content\/uploads\/2024\/06\/ACN-20230928-153700.jpg","datePublished":"2020-06-29T10:10:31+00:00","dateModified":"2026-03-06T15:38:52+00:00","breadcrumb":{"@id":"https:\/\/acninternational.org\/es\/trabajo\/#breadcrumb"},"inLanguage":"es","potentialAction":[{"@type":"ReadAction","target":["https:\/\/acninternational.org\/es\/trabajo\/"]}]},{"@type":"ImageObject","inLanguage":"es","@id":"https:\/\/acninternational.org\/es\/trabajo\/#primaryimage","url":"https:\/\/media.acninternational.org\/wp-content\/uploads\/2024\/06\/ACN-20230928-153700.jpg","contentUrl":"https:\/\/media.acninternational.org\/wp-content\/uploads\/2024\/06\/ACN-20230928-153700.jpg","width":1400,"height":438},{"@type":"BreadcrumbList","@id":"https:\/\/acninternational.org\/es\/trabajo\/#breadcrumb","itemListElement":[{"@type":"ListItem","position":1,"name":"Home","item":"https:\/\/acninternational.org\/es\/"},{"@type":"ListItem","position":2,"name":"Nuestro trabajo"}]},{"@type":"WebSite","@id":"https:\/\/acninternational.org\/es\/#website","url":"https:\/\/acninternational.org\/es\/","name":"ACN International","description":"","publisher":{"@id":"https:\/\/acninternational.org\/es\/#organization"},"potentialAction":[{"@type":"SearchAction","target":{"@type":"EntryPoint","urlTemplate":"https:\/\/acninternational.org\/es\/?s={search_term_string}"},"query-input":{"@type":"PropertyValueSpecification","valueRequired":true,"valueName":"search_term_string"}}],"inLanguage":"es"},{"@type":"Organization","@id":"https:\/\/acninternational.org\/es\/#organization","name":"Aid to the Church in Need International","url":"https:\/\/acninternational.org\/es\/","logo":{"@type":"ImageObject","inLanguage":"es","@id":"https:\/\/acninternational.org\/es\/#\/schema\/logo\/image\/","url":"https:\/\/media.acninternational.org\/wp-content\/uploads\/2019\/11\/acn_logo_blackvector.svg","contentUrl":"https:\/\/media.acninternational.org\/wp-content\/uploads\/2019\/11\/acn_logo_blackvector.svg","width":232.6,"height":78,"caption":"Aid to the Church in Need International"},"image":{"@id":"https:\/\/acninternational.org\/es\/#\/schema\/logo\/image\/"},"sameAs":["https:\/\/www.facebook.com\/acninternationalorg","https:\/\/x.com\/acn_int","https:\/\/www.youtube.com\/channel\/UCQ-077gS0TnVzkhHmf1opZw","https:\/\/www.instagram.com\/acn_international\/"]}]}},"_links":{"self":[{"href":"https:\/\/acninternational.org\/es\/wp-json\/wp\/v2\/pages\/139170","targetHints":{"allow":["GET"]}}],"collection":[{"href":"https:\/\/acninternational.org\/es\/wp-json\/wp\/v2\/pages"}],"about":[{"href":"https:\/\/acninternational.org\/es\/wp-json\/wp\/v2\/types\/page"}],"author":[{"embeddable":true,"href":"https:\/\/acninternational.org\/es\/wp-json\/wp\/v2\/users\/66"}],"replies":[{"embeddable":true,"href":"https:\/\/acninternational.org\/es\/wp-json\/wp\/v2\/comments?post=139170"}],"version-history":[{"count":1,"href":"https:\/\/acninternational.org\/es\/wp-json\/wp\/v2\/pages\/139170\/revisions"}],"predecessor-version":[{"id":262152,"href":"https:\/\/acninternational.org\/es\/wp-json\/wp\/v2\/pages\/139170\/revisions\/262152"}],"wp:featuredmedia":[{"embeddable":true,"href":"https:\/\/acninternational.org\/es\/wp-json\/wp\/v2\/media\/210533"}],"wp:attachment":[{"href":"https:\/\/acninternational.org\/es\/wp-json\/wp\/v2\/media?parent=139170"}],"curies":[{"name":"wp","href":"https:\/\/api.w.org\/{rel}","templated":true}]}}