{"id":139003,"date":"2020-06-18T11:49:20","date_gmt":"2020-06-18T09:49:20","guid":{"rendered":"https:\/\/acninternational.org\/nuestras-areas-de-actividad\/"},"modified":"2024-06-20T15:24:03","modified_gmt":"2024-06-20T13:24:03","slug":"tipos-de-proyectos","status":"publish","type":"page","link":"https:\/\/acninternational.org\/es\/tipos-de-proyectos\/","title":{"rendered":"Nuestras \u00e1reas de actividad"},"content":{"rendered":"<p style=\"font-weight: 400;\"><strong>Ya se trate de proporcionar sustento a sacerdotes y religiosas, ofrecer estipendios de misas, formaci\u00f3n de seminaristas, ayuda de emergencia en casos de guerra o cat\u00e1strofes naturales o realizar campa\u00f1as para la divulgaci\u00f3n de la fe, las \u00e1reas de actividad de Ayuda a la Iglesia Necesitada son tan diversas como urgentes. Porque ACN ofrece asistencia y financia actividades all\u00ed donde se persigue a los cristianos y la Iglesia se encuentra en dificultades.<\/strong><\/p>\n<blockquote class=\"wp-block-quote blockquote ps-3 py-2\">\n<p style=\"font-weight: 400;\"><strong>Iglesia Necesitada: nuestro nombre lo dice todo<\/strong><\/p>\n<\/blockquote>\n<p style=\"font-weight: 400;\">Desde su fundaci\u00f3n hace 77 a\u00f1os, Ayuda a la Iglesia Necesitada se ha convertido en una organizaci\u00f3n ben\u00e9fica con un amplio abanico de funciones. Hoy podemos afirmar con toda justicia que nuestro nombre lo dice todo. Actualmente financiamos unos 5.600 proyectos pastorales y de emergencia cada a\u00f1o en 138 pa\u00edses, muchos de ellos a largo plazo. De esta forma permanecemos con frecuencia en zonas de crisis incluso cuando otras organizaciones ya las han abandonado.<\/p>\n<p style=\"font-weight: 400;\">Por supuesto, esto no solo exige recursos humanos y de organizaci\u00f3n, sino tambi\u00e9n los medios econ\u00f3micos necesarios. ACN cumple su misi\u00f3n de proporcionar e impulsar la asistencia pastoral gracias exclusivamente a los donativos de m\u00e1s de 359.900 benefactores de todo el mundo.<\/p>\n","protected":false},"excerpt":{"rendered":"<p>Ya se trate de proporcionar sustento a sacerdotes y religiosas, ofrecer estipendios de misas, formaci\u00f3n de seminaristas, ayuda de emergencia en casos de guerra o cat\u00e1strofes naturales o realizar campa\u00f1as para la divulgaci\u00f3n de la fe, las \u00e1reas de actividad de Ayuda a la Iglesia Necesitada son tan diversas como urgentes. Porque ACN ofrece asistencia [&hellip;]<\/p>\n","protected":false},"author":4258341447,"featured_media":210686,"parent":0,"menu_order":0,"comment_status":"closed","ping_status":"closed","template":"","meta":{"_acf_changed":false,"footnotes":""},"class_list":["post-139003","page","type-page","status-publish","has-post-thumbnail","hentry","page-category-task-area-es"],"acf":[],"yoast_head":"<!-- This site is optimized with the Yoast SEO Premium plugin v27.3 (Yoast SEO v27.3) - https:\/\/yoast.com\/product\/yoast-seo-premium-wordpress\/ -->\n<title>Nuestras \u00e1reas de actividad | ACN International<\/title>\n<meta name=\"robots\" content=\"index, follow, max-snippet:-1, max-image-preview:large, max-video-preview:-1\" \/>\n<link rel=\"canonical\" href=\"https:\/\/acninternational.org\/es\/tipos-de-proyectos\/\" \/>\n<meta property=\"og:locale\" content=\"es_ES\" \/>\n<meta property=\"og:type\" content=\"article\" \/>\n<meta property=\"og:title\" content=\"Nuestras \u00e1reas de actividad\" \/>\n<meta property=\"og:description\" content=\"Ya se trate de proporcionar sustento a sacerdotes y religiosas, ofrecer estipendios de misas, formaci\u00f3n de seminaristas, ayuda de emergencia en casos de guerra o cat\u00e1strofes naturales o realizar campa\u00f1as para la divulgaci\u00f3n de la fe, las \u00e1reas de actividad de Ayuda a la Iglesia Necesitada son tan diversas como urgentes. Porque ACN ofrece asistencia [&hellip;]\" \/>\n<meta property=\"og:url\" content=\"https:\/\/acninternational.org\/es\/tipos-de-proyectos\/\" \/>\n<meta property=\"og:site_name\" content=\"ACN International\" \/>\n<meta property=\"article:publisher\" content=\"https:\/\/www.facebook.com\/acninternationalorg\" \/>\n<meta property=\"article:modified_time\" content=\"2024-06-20T13:24:03+00:00\" \/>\n<meta property=\"og:image\" content=\"https:\/\/media.acninternational.org\/wp-content\/uploads\/2024\/06\/ACN-20230508-145598.jpg\" \/>\n\t<meta property=\"og:image:width\" content=\"1920\" \/>\n\t<meta property=\"og:image:height\" content=\"700\" \/>\n\t<meta property=\"og:image:type\" content=\"image\/jpeg\" \/>\n<meta name=\"twitter:card\" content=\"summary_large_image\" \/>\n<meta name=\"twitter:site\" content=\"@acn_int\" \/>\n<meta name=\"twitter:label1\" content=\"Tiempo de lectura\" \/>\n\t<meta name=\"twitter:data1\" content=\"1 minuto\" \/>\n<script type=\"application\/ld+json\" class=\"yoast-schema-graph\">{\"@context\":\"https:\\\/\\\/schema.org\",\"@graph\":[{\"@type\":\"WebPage\",\"@id\":\"https:\\\/\\\/acninternational.org\\\/es\\\/tipos-de-proyectos\\\/\",\"url\":\"https:\\\/\\\/acninternational.org\\\/es\\\/tipos-de-proyectos\\\/\",\"name\":\"Nuestras \u00e1reas de actividad | ACN International\",\"isPartOf\":{\"@id\":\"https:\\\/\\\/acninternational.org\\\/es\\\/#website\"},\"primaryImageOfPage\":{\"@id\":\"https:\\\/\\\/acninternational.org\\\/es\\\/tipos-de-proyectos\\\/#primaryimage\"},\"image\":{\"@id\":\"https:\\\/\\\/acninternational.org\\\/es\\\/tipos-de-proyectos\\\/#primaryimage\"},\"thumbnailUrl\":\"https:\\\/\\\/media.acninternational.org\\\/wp-content\\\/uploads\\\/2024\\\/06\\\/ACN-20230508-145598.jpg\",\"datePublished\":\"2020-06-18T09:49:20+00:00\",\"dateModified\":\"2024-06-20T13:24:03+00:00\",\"breadcrumb\":{\"@id\":\"https:\\\/\\\/acninternational.org\\\/es\\\/tipos-de-proyectos\\\/#breadcrumb\"},\"inLanguage\":\"es\",\"potentialAction\":[{\"@type\":\"ReadAction\",\"target\":[\"https:\\\/\\\/acninternational.org\\\/es\\\/tipos-de-proyectos\\\/\"]}]},{\"@type\":\"ImageObject\",\"inLanguage\":\"es\",\"@id\":\"https:\\\/\\\/acninternational.org\\\/es\\\/tipos-de-proyectos\\\/#primaryimage\",\"url\":\"https:\\\/\\\/media.acninternational.org\\\/wp-content\\\/uploads\\\/2024\\\/06\\\/ACN-20230508-145598.jpg\",\"contentUrl\":\"https:\\\/\\\/media.acninternational.org\\\/wp-content\\\/uploads\\\/2024\\\/06\\\/ACN-20230508-145598.jpg\",\"width\":1920,\"height\":700},{\"@type\":\"BreadcrumbList\",\"@id\":\"https:\\\/\\\/acninternational.org\\\/es\\\/tipos-de-proyectos\\\/#breadcrumb\",\"itemListElement\":[{\"@type\":\"ListItem\",\"position\":1,\"name\":\"Home\",\"item\":\"https:\\\/\\\/acninternational.org\\\/es\\\/\"},{\"@type\":\"ListItem\",\"position\":2,\"name\":\"Nuestras \u00e1reas de actividad\"}]},{\"@type\":\"WebSite\",\"@id\":\"https:\\\/\\\/acninternational.org\\\/es\\\/#website\",\"url\":\"https:\\\/\\\/acninternational.org\\\/es\\\/\",\"name\":\"ACN International\",\"description\":\"\",\"publisher\":{\"@id\":\"https:\\\/\\\/acninternational.org\\\/es\\\/#organization\"},\"potentialAction\":[{\"@type\":\"SearchAction\",\"target\":{\"@type\":\"EntryPoint\",\"urlTemplate\":\"https:\\\/\\\/acninternational.org\\\/es\\\/?s={search_term_string}\"},\"query-input\":{\"@type\":\"PropertyValueSpecification\",\"valueRequired\":true,\"valueName\":\"search_term_string\"}}],\"inLanguage\":\"es\"},{\"@type\":\"Organization\",\"@id\":\"https:\\\/\\\/acninternational.org\\\/es\\\/#organization\",\"name\":\"Aid to the Church in Need International\",\"url\":\"https:\\\/\\\/acninternational.org\\\/es\\\/\",\"logo\":{\"@type\":\"ImageObject\",\"inLanguage\":\"es\",\"@id\":\"https:\\\/\\\/acninternational.org\\\/es\\\/#\\\/schema\\\/logo\\\/image\\\/\",\"url\":\"https:\\\/\\\/media.acninternational.org\\\/wp-content\\\/uploads\\\/2019\\\/11\\\/acn_logo_blackvector.svg\",\"contentUrl\":\"https:\\\/\\\/media.acninternational.org\\\/wp-content\\\/uploads\\\/2019\\\/11\\\/acn_logo_blackvector.svg\",\"width\":232.6,\"height\":78,\"caption\":\"Aid to the Church in Need International\"},\"image\":{\"@id\":\"https:\\\/\\\/acninternational.org\\\/es\\\/#\\\/schema\\\/logo\\\/image\\\/\"},\"sameAs\":[\"https:\\\/\\\/www.facebook.com\\\/acninternationalorg\",\"https:\\\/\\\/x.com\\\/acn_int\",\"https:\\\/\\\/www.youtube.com\\\/channel\\\/UCQ-077gS0TnVzkhHmf1opZw\",\"https:\\\/\\\/www.instagram.com\\\/acn_international\\\/\"]}]}<\/script>\n<!-- \/ Yoast SEO Premium plugin. -->","yoast_head_json":{"title":"Nuestras \u00e1reas de actividad | ACN International","robots":{"index":"index","follow":"follow","max-snippet":"max-snippet:-1","max-image-preview":"max-image-preview:large","max-video-preview":"max-video-preview:-1"},"canonical":"https:\/\/acninternational.org\/es\/tipos-de-proyectos\/","og_locale":"es_ES","og_type":"article","og_title":"Nuestras \u00e1reas de actividad","og_description":"Ya se trate de proporcionar sustento a sacerdotes y religiosas, ofrecer estipendios de misas, formaci\u00f3n de seminaristas, ayuda de emergencia en casos de guerra o cat\u00e1strofes naturales o realizar campa\u00f1as para la divulgaci\u00f3n de la fe, las \u00e1reas de actividad de Ayuda a la Iglesia Necesitada son tan diversas como urgentes. Porque ACN ofrece asistencia [&hellip;]","og_url":"https:\/\/acninternational.org\/es\/tipos-de-proyectos\/","og_site_name":"ACN International","article_publisher":"https:\/\/www.facebook.com\/acninternationalorg","article_modified_time":"2024-06-20T13:24:03+00:00","og_image":[{"width":1920,"height":700,"url":"https:\/\/media.acninternational.org\/wp-content\/uploads\/2024\/06\/ACN-20230508-145598.jpg","type":"image\/jpeg"}],"twitter_card":"summary_large_image","twitter_site":"@acn_int","twitter_misc":{"Tiempo de lectura":"1 minuto"},"schema":{"@context":"https:\/\/schema.org","@graph":[{"@type":"WebPage","@id":"https:\/\/acninternational.org\/es\/tipos-de-proyectos\/","url":"https:\/\/acninternational.org\/es\/tipos-de-proyectos\/","name":"Nuestras \u00e1reas de actividad | ACN International","isPartOf":{"@id":"https:\/\/acninternational.org\/es\/#website"},"primaryImageOfPage":{"@id":"https:\/\/acninternational.org\/es\/tipos-de-proyectos\/#primaryimage"},"image":{"@id":"https:\/\/acninternational.org\/es\/tipos-de-proyectos\/#primaryimage"},"thumbnailUrl":"https:\/\/media.acninternational.org\/wp-content\/uploads\/2024\/06\/ACN-20230508-145598.jpg","datePublished":"2020-06-18T09:49:20+00:00","dateModified":"2024-06-20T13:24:03+00:00","breadcrumb":{"@id":"https:\/\/acninternational.org\/es\/tipos-de-proyectos\/#breadcrumb"},"inLanguage":"es","potentialAction":[{"@type":"ReadAction","target":["https:\/\/acninternational.org\/es\/tipos-de-proyectos\/"]}]},{"@type":"ImageObject","inLanguage":"es","@id":"https:\/\/acninternational.org\/es\/tipos-de-proyectos\/#primaryimage","url":"https:\/\/media.acninternational.org\/wp-content\/uploads\/2024\/06\/ACN-20230508-145598.jpg","contentUrl":"https:\/\/media.acninternational.org\/wp-content\/uploads\/2024\/06\/ACN-20230508-145598.jpg","width":1920,"height":700},{"@type":"BreadcrumbList","@id":"https:\/\/acninternational.org\/es\/tipos-de-proyectos\/#breadcrumb","itemListElement":[{"@type":"ListItem","position":1,"name":"Home","item":"https:\/\/acninternational.org\/es\/"},{"@type":"ListItem","position":2,"name":"Nuestras \u00e1reas de actividad"}]},{"@type":"WebSite","@id":"https:\/\/acninternational.org\/es\/#website","url":"https:\/\/acninternational.org\/es\/","name":"ACN International","description":"","publisher":{"@id":"https:\/\/acninternational.org\/es\/#organization"},"potentialAction":[{"@type":"SearchAction","target":{"@type":"EntryPoint","urlTemplate":"https:\/\/acninternational.org\/es\/?s={search_term_string}"},"query-input":{"@type":"PropertyValueSpecification","valueRequired":true,"valueName":"search_term_string"}}],"inLanguage":"es"},{"@type":"Organization","@id":"https:\/\/acninternational.org\/es\/#organization","name":"Aid to the Church in Need International","url":"https:\/\/acninternational.org\/es\/","logo":{"@type":"ImageObject","inLanguage":"es","@id":"https:\/\/acninternational.org\/es\/#\/schema\/logo\/image\/","url":"https:\/\/media.acninternational.org\/wp-content\/uploads\/2019\/11\/acn_logo_blackvector.svg","contentUrl":"https:\/\/media.acninternational.org\/wp-content\/uploads\/2019\/11\/acn_logo_blackvector.svg","width":232.6,"height":78,"caption":"Aid to the Church in Need International"},"image":{"@id":"https:\/\/acninternational.org\/es\/#\/schema\/logo\/image\/"},"sameAs":["https:\/\/www.facebook.com\/acninternationalorg","https:\/\/x.com\/acn_int","https:\/\/www.youtube.com\/channel\/UCQ-077gS0TnVzkhHmf1opZw","https:\/\/www.instagram.com\/acn_international\/"]}]}},"_links":{"self":[{"href":"https:\/\/acninternational.org\/es\/wp-json\/wp\/v2\/pages\/139003","targetHints":{"allow":["GET"]}}],"collection":[{"href":"https:\/\/acninternational.org\/es\/wp-json\/wp\/v2\/pages"}],"about":[{"href":"https:\/\/acninternational.org\/es\/wp-json\/wp\/v2\/types\/page"}],"author":[{"embeddable":true,"href":"https:\/\/acninternational.org\/es\/wp-json\/wp\/v2\/users\/4258341447"}],"replies":[{"embeddable":true,"href":"https:\/\/acninternational.org\/es\/wp-json\/wp\/v2\/comments?post=139003"}],"version-history":[{"count":0,"href":"https:\/\/acninternational.org\/es\/wp-json\/wp\/v2\/pages\/139003\/revisions"}],"wp:featuredmedia":[{"embeddable":true,"href":"https:\/\/acninternational.org\/es\/wp-json\/wp\/v2\/media\/210686"}],"wp:attachment":[{"href":"https:\/\/acninternational.org\/es\/wp-json\/wp\/v2\/media?parent=139003"}],"curies":[{"name":"wp","href":"https:\/\/api.w.org\/{rel}","templated":true}]}}