{"id":138773,"date":"2020-06-18T11:56:15","date_gmt":"2020-06-18T09:56:15","guid":{"rendered":"https:\/\/acninternational.org\/salvaguarda-y-proteccion-de-menores\/"},"modified":"2026-02-09T17:03:27","modified_gmt":"2026-02-09T16:03:27","slug":"salvaguarda","status":"publish","type":"page","link":"https:\/\/acninternational.org\/es\/salvaguarda\/","title":{"rendered":"Salvaguarda"},"content":{"rendered":"\n<div class=\"wp-block-columns container is-layout-flex wp-container-core-columns-is-layout-9d6595d7 wp-block-columns-is-layout-flex\">\n<div class=\"wp-block-column is-layout-flow wp-block-column-is-layout-flow\">\n<h4 class=\"wp-block-heading\" id=\"h-salvaguarda-y-proteccion-de-menores\">Salvaguarda y protecci\u00f3n de menores<\/h4>\n\n\n\n<p>ACN apoya a la Iglesia Cat\u00f3lica en sus medidas de prevenci\u00f3n contra el abuso. ACN financia en todo el mundo cursos de salvaguarda y protecci\u00f3n de menores, en los cuales sacerdotes y religiosos aprenden a reconocer y evitar abusos sexuales y de otro tipo en menores y personas bajo su tutela.<\/p>\n\n\n\n<p>En tales cursos, ACN colaborara estrechamente con el Centre for Child Protection (CCP) de la Universidad Gregoriana de Roma, entre otras instituciones. Estos cursos hacen hincapi\u00e9 sobre todo en el reconocimiento del abuso, con el fin de poder identificarlo lo antes posible.<\/p>\n\n\n\n<p>Como requisito para la prestaci\u00f3n de una asistencia competente, se detallan las devastadoras consecuencias que el abuso tiene para las v\u00edctimas. El objetivo es aprender medidas efectivas para la prevenci\u00f3n de tales casos y para el tratamiento de casos sospechosos, con el fin de evitar, entre otras cosas, el encubrimiento del abuso.<\/p>\n\n\n\n<blockquote class=\"wp-block-quote blockquote ps-3 py-2\" class=\"wp-block-quote is-layout-flow wp-block-quote-is-layout-flow\">\n<p>Trabajamos en todo el mundo para lograr que los menores y otras personas bajo tutela reciban una mayor protecci\u00f3n.<\/p>\n<\/blockquote>\n\n\n\n<p>Regina Lynch, directora de proyectos.<\/p>\n\n\n\n<p>Nuestros socios de proyectos solo pueden recibir ayuda de ACN tras haber firmado una declaraci\u00f3n sobre la salvaguarda y protecci\u00f3n de menores. Dicha ayuda se les retirar\u00e1 si los casos de abuso presuntos o probados no son perseguidos apropiadamente.<\/p>\n\n\n<div class=\"wp-block-image\">\n<figure class=\"aligncenter\"><img loading=\"lazy\" decoding=\"async\" width=\"670\" height=\"400\" src=\"https:\/\/media.acninternational.org\/wp-content\/uploads\/2021\/06\/safeguarding_670x400.jpg\" alt=\"ACN ayuda a las religiosas que cuidan a ni\u00f1os hu\u00e9rfanos en Kapshagay, Kazajist\u00e1n.\" class=\"wp-image-152488\" srcset=\"https:\/\/media.acninternational.org\/wp-content\/uploads\/2021\/06\/safeguarding_670x400.jpg 670w, https:\/\/media.acninternational.org\/wp-content\/uploads\/2021\/06\/safeguarding_670x400-300x179.jpg 300w\" sizes=\"auto, (max-width: 670px) 100vw, 670px\" \/><figcaption class=\"wp-element-caption\">ACN ayuda a las religiosas que cuidan a ni\u00f1os hu\u00e9rfanos en Kapshagay, Kazajist\u00e1n.<\/figcaption><\/figure>\n<\/div>\n\n\n<p>Las exigencias de salvaguarda y protecci\u00f3n de menores tambi\u00e9n van dirigidas a los propios trabajadores de ACN, quienes est\u00e1n obligados a observar las directrices de ACN al respecto y reciben formaci\u00f3n sobre este tema con regularidad.<\/p>\n\n\n\n<p><a href=\"https:\/\/media.acninternational.org\/wp-content\/uploads\/2021\/02\/ACN-International-Safeguarding-Guidelines.pdf\">Aqu\u00ed<\/a> encontrar\u00e1 las directrices de salvaguardia de la sede de Aid to the Church in Need. En caso de cualquier queja o sugerencia, le rogamos que se ponga en contacto con nuestras personas de contacto para la salvaguardia con absoluta confidencialidad:<\/p>\n\n\n\n<p><strong>Sra. Barbara Rettig<\/strong><\/p>\n\n\n\n<p>Correo electr\u00f3nico: <a href=\"mailto:br@acn-intl.org\">br@acn-intl.org<\/a><\/p>\n\n\n\n<p>Tel\u00e9fono: +49 6174 291-211<\/p>\n\n\n\n<p><strong>Sr. Reinhard Backes<\/strong><\/p>\n\n\n\n<p>Correo electr\u00f3nico: <a href=\"mailto:rx@acn-intl.org\">rx@acn-intl.org<\/a><\/p>\n\n\n\n<p>Tel\u00e9fono: +49 6174 291-213<\/p>\n<\/div>\n<\/div>\n","protected":false},"excerpt":{"rendered":"<p>Salvaguarda y protecci\u00f3n de menores ACN apoya a la Iglesia Cat\u00f3lica en sus medidas de prevenci\u00f3n contra el abuso. ACN financia en todo el mundo cursos de salvaguarda y protecci\u00f3n de menores, en los cuales sacerdotes y religiosos aprenden a reconocer y evitar abusos sexuales y de otro tipo en menores y personas bajo su [&hellip;]<\/p>\n","protected":false},"author":4258341447,"featured_media":152512,"parent":0,"menu_order":0,"comment_status":"closed","ping_status":"closed","template":"","meta":{"_acf_changed":false,"footnotes":""},"class_list":["post-138773","page","type-page","status-publish","has-post-thumbnail","hentry"],"acf":[],"yoast_head":"<!-- This site is optimized with the Yoast SEO Premium plugin v27.3 (Yoast SEO v27.3) - https:\/\/yoast.com\/product\/yoast-seo-premium-wordpress\/ -->\n<title>Salvaguarda | ACN International<\/title>\n<meta name=\"robots\" content=\"index, follow, max-snippet:-1, max-image-preview:large, max-video-preview:-1\" \/>\n<link rel=\"canonical\" href=\"https:\/\/acninternational.org\/es\/salvaguarda\/\" \/>\n<meta property=\"og:locale\" content=\"es_ES\" \/>\n<meta property=\"og:type\" content=\"article\" \/>\n<meta property=\"og:title\" content=\"Salvaguarda\" \/>\n<meta property=\"og:description\" content=\"Salvaguarda y protecci\u00f3n de menores ACN apoya a la Iglesia Cat\u00f3lica en sus medidas de prevenci\u00f3n contra el abuso. ACN financia en todo el mundo cursos de salvaguarda y protecci\u00f3n de menores, en los cuales sacerdotes y religiosos aprenden a reconocer y evitar abusos sexuales y de otro tipo en menores y personas bajo su [&hellip;]\" \/>\n<meta property=\"og:url\" content=\"https:\/\/acninternational.org\/es\/salvaguarda\/\" \/>\n<meta property=\"og:site_name\" content=\"ACN International\" \/>\n<meta property=\"article:publisher\" content=\"https:\/\/www.facebook.com\/acninternationalorg\" \/>\n<meta property=\"article:modified_time\" content=\"2026-02-09T16:03:27+00:00\" \/>\n<meta property=\"og:image\" content=\"https:\/\/media.acninternational.org\/wp-content\/uploads\/2021\/06\/safeguarding_1400x438.jpg\" \/>\n\t<meta property=\"og:image:width\" content=\"1400\" \/>\n\t<meta property=\"og:image:height\" content=\"438\" \/>\n\t<meta property=\"og:image:type\" content=\"image\/jpeg\" \/>\n<meta name=\"twitter:card\" content=\"summary_large_image\" \/>\n<meta name=\"twitter:site\" content=\"@acn_int\" \/>\n<meta name=\"twitter:label1\" content=\"Tiempo de lectura\" \/>\n\t<meta name=\"twitter:data1\" content=\"2 minutos\" \/>\n<script type=\"application\/ld+json\" class=\"yoast-schema-graph\">{\"@context\":\"https:\\\/\\\/schema.org\",\"@graph\":[{\"@type\":\"WebPage\",\"@id\":\"https:\\\/\\\/acninternational.org\\\/es\\\/salvaguarda\\\/\",\"url\":\"https:\\\/\\\/acninternational.org\\\/es\\\/salvaguarda\\\/\",\"name\":\"Salvaguarda | ACN International\",\"isPartOf\":{\"@id\":\"https:\\\/\\\/acninternational.org\\\/es\\\/#website\"},\"primaryImageOfPage\":{\"@id\":\"https:\\\/\\\/acninternational.org\\\/es\\\/salvaguarda\\\/#primaryimage\"},\"image\":{\"@id\":\"https:\\\/\\\/acninternational.org\\\/es\\\/salvaguarda\\\/#primaryimage\"},\"thumbnailUrl\":\"https:\\\/\\\/media.acninternational.org\\\/wp-content\\\/uploads\\\/2021\\\/06\\\/safeguarding_1400x438.jpg\",\"datePublished\":\"2020-06-18T09:56:15+00:00\",\"dateModified\":\"2026-02-09T16:03:27+00:00\",\"breadcrumb\":{\"@id\":\"https:\\\/\\\/acninternational.org\\\/es\\\/salvaguarda\\\/#breadcrumb\"},\"inLanguage\":\"es\",\"potentialAction\":[{\"@type\":\"ReadAction\",\"target\":[\"https:\\\/\\\/acninternational.org\\\/es\\\/salvaguarda\\\/\"]}]},{\"@type\":\"ImageObject\",\"inLanguage\":\"es\",\"@id\":\"https:\\\/\\\/acninternational.org\\\/es\\\/salvaguarda\\\/#primaryimage\",\"url\":\"https:\\\/\\\/media.acninternational.org\\\/wp-content\\\/uploads\\\/2021\\\/06\\\/safeguarding_1400x438.jpg\",\"contentUrl\":\"https:\\\/\\\/media.acninternational.org\\\/wp-content\\\/uploads\\\/2021\\\/06\\\/safeguarding_1400x438.jpg\",\"width\":1400,\"height\":438},{\"@type\":\"BreadcrumbList\",\"@id\":\"https:\\\/\\\/acninternational.org\\\/es\\\/salvaguarda\\\/#breadcrumb\",\"itemListElement\":[{\"@type\":\"ListItem\",\"position\":1,\"name\":\"Home\",\"item\":\"https:\\\/\\\/acninternational.org\\\/es\\\/\"},{\"@type\":\"ListItem\",\"position\":2,\"name\":\"Salvaguarda\"}]},{\"@type\":\"WebSite\",\"@id\":\"https:\\\/\\\/acninternational.org\\\/es\\\/#website\",\"url\":\"https:\\\/\\\/acninternational.org\\\/es\\\/\",\"name\":\"ACN International\",\"description\":\"\",\"publisher\":{\"@id\":\"https:\\\/\\\/acninternational.org\\\/es\\\/#organization\"},\"potentialAction\":[{\"@type\":\"SearchAction\",\"target\":{\"@type\":\"EntryPoint\",\"urlTemplate\":\"https:\\\/\\\/acninternational.org\\\/es\\\/?s={search_term_string}\"},\"query-input\":{\"@type\":\"PropertyValueSpecification\",\"valueRequired\":true,\"valueName\":\"search_term_string\"}}],\"inLanguage\":\"es\"},{\"@type\":\"Organization\",\"@id\":\"https:\\\/\\\/acninternational.org\\\/es\\\/#organization\",\"name\":\"Aid to the Church in Need International\",\"url\":\"https:\\\/\\\/acninternational.org\\\/es\\\/\",\"logo\":{\"@type\":\"ImageObject\",\"inLanguage\":\"es\",\"@id\":\"https:\\\/\\\/acninternational.org\\\/es\\\/#\\\/schema\\\/logo\\\/image\\\/\",\"url\":\"https:\\\/\\\/media.acninternational.org\\\/wp-content\\\/uploads\\\/2019\\\/11\\\/acn_logo_blackvector.svg\",\"contentUrl\":\"https:\\\/\\\/media.acninternational.org\\\/wp-content\\\/uploads\\\/2019\\\/11\\\/acn_logo_blackvector.svg\",\"width\":232.6,\"height\":78,\"caption\":\"Aid to the Church in Need International\"},\"image\":{\"@id\":\"https:\\\/\\\/acninternational.org\\\/es\\\/#\\\/schema\\\/logo\\\/image\\\/\"},\"sameAs\":[\"https:\\\/\\\/www.facebook.com\\\/acninternationalorg\",\"https:\\\/\\\/x.com\\\/acn_int\",\"https:\\\/\\\/www.youtube.com\\\/channel\\\/UCQ-077gS0TnVzkhHmf1opZw\",\"https:\\\/\\\/www.instagram.com\\\/acn_international\\\/\"]}]}<\/script>\n<!-- \/ Yoast SEO Premium plugin. -->","yoast_head_json":{"title":"Salvaguarda | ACN International","robots":{"index":"index","follow":"follow","max-snippet":"max-snippet:-1","max-image-preview":"max-image-preview:large","max-video-preview":"max-video-preview:-1"},"canonical":"https:\/\/acninternational.org\/es\/salvaguarda\/","og_locale":"es_ES","og_type":"article","og_title":"Salvaguarda","og_description":"Salvaguarda y protecci\u00f3n de menores ACN apoya a la Iglesia Cat\u00f3lica en sus medidas de prevenci\u00f3n contra el abuso. ACN financia en todo el mundo cursos de salvaguarda y protecci\u00f3n de menores, en los cuales sacerdotes y religiosos aprenden a reconocer y evitar abusos sexuales y de otro tipo en menores y personas bajo su [&hellip;]","og_url":"https:\/\/acninternational.org\/es\/salvaguarda\/","og_site_name":"ACN International","article_publisher":"https:\/\/www.facebook.com\/acninternationalorg","article_modified_time":"2026-02-09T16:03:27+00:00","og_image":[{"width":1400,"height":438,"url":"https:\/\/media.acninternational.org\/wp-content\/uploads\/2021\/06\/safeguarding_1400x438.jpg","type":"image\/jpeg"}],"twitter_card":"summary_large_image","twitter_site":"@acn_int","twitter_misc":{"Tiempo de lectura":"2 minutos"},"schema":{"@context":"https:\/\/schema.org","@graph":[{"@type":"WebPage","@id":"https:\/\/acninternational.org\/es\/salvaguarda\/","url":"https:\/\/acninternational.org\/es\/salvaguarda\/","name":"Salvaguarda | ACN International","isPartOf":{"@id":"https:\/\/acninternational.org\/es\/#website"},"primaryImageOfPage":{"@id":"https:\/\/acninternational.org\/es\/salvaguarda\/#primaryimage"},"image":{"@id":"https:\/\/acninternational.org\/es\/salvaguarda\/#primaryimage"},"thumbnailUrl":"https:\/\/media.acninternational.org\/wp-content\/uploads\/2021\/06\/safeguarding_1400x438.jpg","datePublished":"2020-06-18T09:56:15+00:00","dateModified":"2026-02-09T16:03:27+00:00","breadcrumb":{"@id":"https:\/\/acninternational.org\/es\/salvaguarda\/#breadcrumb"},"inLanguage":"es","potentialAction":[{"@type":"ReadAction","target":["https:\/\/acninternational.org\/es\/salvaguarda\/"]}]},{"@type":"ImageObject","inLanguage":"es","@id":"https:\/\/acninternational.org\/es\/salvaguarda\/#primaryimage","url":"https:\/\/media.acninternational.org\/wp-content\/uploads\/2021\/06\/safeguarding_1400x438.jpg","contentUrl":"https:\/\/media.acninternational.org\/wp-content\/uploads\/2021\/06\/safeguarding_1400x438.jpg","width":1400,"height":438},{"@type":"BreadcrumbList","@id":"https:\/\/acninternational.org\/es\/salvaguarda\/#breadcrumb","itemListElement":[{"@type":"ListItem","position":1,"name":"Home","item":"https:\/\/acninternational.org\/es\/"},{"@type":"ListItem","position":2,"name":"Salvaguarda"}]},{"@type":"WebSite","@id":"https:\/\/acninternational.org\/es\/#website","url":"https:\/\/acninternational.org\/es\/","name":"ACN International","description":"","publisher":{"@id":"https:\/\/acninternational.org\/es\/#organization"},"potentialAction":[{"@type":"SearchAction","target":{"@type":"EntryPoint","urlTemplate":"https:\/\/acninternational.org\/es\/?s={search_term_string}"},"query-input":{"@type":"PropertyValueSpecification","valueRequired":true,"valueName":"search_term_string"}}],"inLanguage":"es"},{"@type":"Organization","@id":"https:\/\/acninternational.org\/es\/#organization","name":"Aid to the Church in Need International","url":"https:\/\/acninternational.org\/es\/","logo":{"@type":"ImageObject","inLanguage":"es","@id":"https:\/\/acninternational.org\/es\/#\/schema\/logo\/image\/","url":"https:\/\/media.acninternational.org\/wp-content\/uploads\/2019\/11\/acn_logo_blackvector.svg","contentUrl":"https:\/\/media.acninternational.org\/wp-content\/uploads\/2019\/11\/acn_logo_blackvector.svg","width":232.6,"height":78,"caption":"Aid to the Church in Need International"},"image":{"@id":"https:\/\/acninternational.org\/es\/#\/schema\/logo\/image\/"},"sameAs":["https:\/\/www.facebook.com\/acninternationalorg","https:\/\/x.com\/acn_int","https:\/\/www.youtube.com\/channel\/UCQ-077gS0TnVzkhHmf1opZw","https:\/\/www.instagram.com\/acn_international\/"]}]}},"_links":{"self":[{"href":"https:\/\/acninternational.org\/es\/wp-json\/wp\/v2\/pages\/138773","targetHints":{"allow":["GET"]}}],"collection":[{"href":"https:\/\/acninternational.org\/es\/wp-json\/wp\/v2\/pages"}],"about":[{"href":"https:\/\/acninternational.org\/es\/wp-json\/wp\/v2\/types\/page"}],"author":[{"embeddable":true,"href":"https:\/\/acninternational.org\/es\/wp-json\/wp\/v2\/users\/4258341447"}],"replies":[{"embeddable":true,"href":"https:\/\/acninternational.org\/es\/wp-json\/wp\/v2\/comments?post=138773"}],"version-history":[{"count":4,"href":"https:\/\/acninternational.org\/es\/wp-json\/wp\/v2\/pages\/138773\/revisions"}],"predecessor-version":[{"id":261636,"href":"https:\/\/acninternational.org\/es\/wp-json\/wp\/v2\/pages\/138773\/revisions\/261636"}],"wp:featuredmedia":[{"embeddable":true,"href":"https:\/\/acninternational.org\/es\/wp-json\/wp\/v2\/media\/152512"}],"wp:attachment":[{"href":"https:\/\/acninternational.org\/es\/wp-json\/wp\/v2\/media?parent=138773"}],"curies":[{"name":"wp","href":"https:\/\/api.w.org\/{rel}","templated":true}]}}