{"id":138714,"date":"2020-06-18T11:45:48","date_gmt":"2020-06-18T09:45:48","guid":{"rendered":"https:\/\/acninternational.org\/nuestras-cifras\/"},"modified":"2024-06-20T18:24:25","modified_gmt":"2024-06-20T16:24:25","slug":"cifras","status":"publish","type":"page","link":"https:\/\/acninternational.org\/es\/cifras\/","title":{"rendered":"Nuestras cifras"},"content":{"rendered":"<h1>Nuestras cifras<\/h1>\n<h3 style=\"font-weight: 400;\"><strong>En 2023 fuimos capaces de financiar 5.573 proyectos en todo el mundo<\/strong><\/h3>\n<p style=\"font-weight: 400;\">En el a\u00f1o 2023 recibimos 7.689 solicitudes de ayuda de todo el mundo. La generosidad de nuestros benefactores nos permiti\u00f3 registrar donaciones por valor de 143,7 millones de euros, con los que, a\u00f1adiendo 0,8 millones de euros de reservas de a\u00f1os anteriores, pudimos financiar actividades por valor de 144,5 millones de euros. Como puede verse en el gr\u00e1fico, la parte m\u00e1s cuantiosa de esos fondos se destin\u00f3 a gastos relacionados con la misi\u00f3n de la organizaci\u00f3n, es decir, trabajos necesarios para proyectos concretos, tareas de informaci\u00f3n y actividades de oraci\u00f3n.<\/p>\n<p>\t\t\t\t\t\t\t\t\t\t\t\t\t<img loading=\"lazy\" decoding=\"async\" width=\"800\" height=\"255\" src=\"https:\/\/media.acninternational.org\/wp-content\/uploads\/2024\/06\/UseofFunds-2023_es-1024x326.png\" alt=\"\" srcset=\"https:\/\/media.acninternational.org\/wp-content\/uploads\/2024\/06\/UseofFunds-2023_es-1024x326.png 1024w, https:\/\/media.acninternational.org\/wp-content\/uploads\/2024\/06\/UseofFunds-2023_es-300x95.png 300w, https:\/\/media.acninternational.org\/wp-content\/uploads\/2024\/06\/UseofFunds-2023_es-768x244.png 768w, https:\/\/media.acninternational.org\/wp-content\/uploads\/2024\/06\/UseofFunds-2023_es-1536x489.png 1536w, https:\/\/media.acninternational.org\/wp-content\/uploads\/2024\/06\/UseofFunds-2023_es-2048x652.png 2048w\" sizes=\"auto, (max-width: 800px) 100vw, 800px\" \/><br \/>\n\t\t\t<svg xmlns=\"http:\/\/www.w3.org\/2000\/svg\" xmlns:xlink=\"http:\/\/www.w3.org\/1999\/xlink\" id=\"Layer_1\" x=\"0px\" y=\"0px\" viewBox=\"0 0 19.2 15.5\" style=\"enable-background:new 0 0 19.2 15.5;\" xml:space=\"preserve\"> <\/p>\n<style type=\"text\/css\"> .st0{fill:#B81325;} <\/style>\n<p> <g> <g id=\"Layer_1-2\"> <path d=\"M0,0h3.5v1.1h-2v13.2h2v1.1H0V0z\"><\/path> <path d=\"M15.7,14.4h2V1.1h-2V0h3.5v15.5h-3.5V14.4z\"><\/path> <path d=\"M8.8,8.5H5.6V7h3.2V3.6h1.6V7h3.2v1.5h-3.2v3.4H8.8V8.5z\"><\/path> <\/g> <\/g> <\/svg><br \/>\n\t\t\tUtilizaci\u00f3n de las donaciones en detalle<br \/>\n\t\t\t&nbsp;Gastos relacionados con la misi\u00f3n<br \/>\n\t\t\t&nbsp;Administraci\u00f3n<br \/>\n\t\t\t&nbsp;Gastos para la comunicaci\u00f3n con benefactores y la obtenci\u00f3n de donativos<br \/>\n\t\t\t<svg xmlns=\"http:\/\/www.w3.org\/2000\/svg\" xmlns:xlink=\"http:\/\/www.w3.org\/1999\/xlink\" id=\"Layer_1\" x=\"0px\" y=\"0px\" viewBox=\"0 0 19.2 15.5\" style=\"enable-background:new 0 0 19.2 15.5;\" xml:space=\"preserve\"> <\/p>\n<style type=\"text\/css\"> .st0{fill:#B81325;} <\/style>\n<p> <g> <g id=\"Layer_1-2\"> <path d=\"M0,0h3.5v1.1h-2v13.2h2v1.1H0V0z\"><\/path> <path d=\"M15.7,14.4h2V1.1h-2V0h3.5v15.5h-3.5V14.4z\"><\/path> <path d=\"M8.8,8.5H5.6V7h3.2V3.6h1.6V7h3.2v1.5h-3.2v3.4H8.8V8.5z\"><\/path> <\/g> <\/g> <\/svg><br \/>\n\t\t\tGastos relacionados con la misi\u00f3n<br \/>\n\t\t\t&nbsp;Trabajo relativo a proyectos<br \/>\n\t\t\t&nbsp;Informaci\u00f3n, divulgaci\u00f3n de la fe y abogac\u00eda para cristianos discriminados y perseguidos \t\t<\/p>\n<p style=\"font-weight: 400;\">Como de costumbre, el porcentaje de gastos necesarios para fines de administraci\u00f3n y la obtenci\u00f3n de donaciones se mantuvo comparativamente bajo para que la mayor cantidad de fondos pudieran llegar localmente a los cristianos. En total, en 2023 ACN financi\u00f3 5.573 proyectos en 138 pa\u00edses con aproximadamente 100,8 millones de euros. 16,6 millones de euros se destinaron de nuevo a la divulgaci\u00f3n de la fe, a tareas de informaci\u00f3n y a actividades de defensa y representaci\u00f3n de los intereses de los cristianos desfavorecidos y perseguidos en el mundo.<\/p>\n<p style=\"font-weight: 400;\">Las herencias tambi\u00e9n constituyeron una parte importante del apoyo de ACN a la Iglesia en 2023 con 33,6 millones de euros, lo que supuso el 23,3% de los ingresos. Por eso, junto con nuestros hermanos necesitados no solo damos las gracias a nuestros benefactores vivos, sino tambi\u00e9n recordamos con agradecimiento a aquellos que nos ayudan aun despu\u00e9s de la muerte.<\/p>\n<p>\t\t\tOficinas en 23<br \/>\n\t\t\tM\u00e1s de 359.920<br \/>\n\t\t\t143.737.504<br \/>\n\t\t\tSocios de proyectos en 138<br \/>\n\t\t\t<font face=\"Martel\"><b>5.573<\/b><\/font><br \/>\n\t\t\t81,3<br \/>\n\t\t\tPa\u00edses<br \/>\n\t\t\tbenefactores en todo el mundo<br \/>\n\t\t\teuros de donaciones y herencias<br \/>\n\t\t\tPa\u00edses<br \/>\n\t\t\tproyectos apoyados en todo el mundo<br \/>\n\t\t\tpor ciento de los fondos empleados se destinan a gastos relacionados con la misi\u00f3n de la organizaci\u00f3n\t\t<\/p>\n<p style=\"text-align: center;\">Todas las cifras econ\u00f3micas listadas han sido comprobadas por la auditor\u00eda PwC.<\/p>\n<p style=\"text-align: center;\"><strong>*Gastos relacionados con la misi\u00f3n (2023)<\/strong><\/p>\n<h1>Nuestras actividades en el a\u00f1o 2023<\/h1>\n<p style=\"font-weight: 400;\">ACN aument\u00f3 en 2023 su ayuda para la formaci\u00f3n de sacerdotes, religiosos y laicos \u2013algo que siempre ha sido una prioridad principal de la organizaci\u00f3n\u2013 hasta alcanzar un porcentaje del 26,7%, lo que supuso m\u00e1s de una cuarta parte de la ayuda total proporcionada.<\/p>\n<p style=\"font-weight: 400;\">A su vez, los proyectos de construcci\u00f3n, reconstrucci\u00f3n y rehabilitaci\u00f3n de iglesias y edificios eclesiales acapararon un 26,8% de los fondos, es decir, tambi\u00e9n m\u00e1s de una cuarta parte del total.<\/p>\n<p style=\"font-weight: 400;\">En 2023 pudimos volver a garantizar el sustento de sacerdotes y religiosas facilit\u00e1ndoles estipendios de misas y subsidios econ\u00f3micos, respectivamente. A estas actividades destinamos un 21,6% de los fondos recaudados.<\/p>\n<p style=\"font-weight: 400;\">Adem\u00e1s, en situaciones graves de crisis nos movilizamos para apoyar a la poblaci\u00f3n necesitada con medidas de ayuda de emergencia. En 2023, tales medidas de emergencia se ofrecieron en zonas en las que los cristianos est\u00e1n amenazados por la violencia y el desplazamiento forzoso, abarcando un 10,8% de nuestra ayuda total.<\/p>\n<p>\t\t\t\t\t\t\t\t\t\t\t\t\t<img loading=\"lazy\" decoding=\"async\" width=\"768\" height=\"777\" src=\"https:\/\/media.acninternational.org\/wp-content\/uploads\/2024\/06\/Aidgrantedbytype-2023_es-768x777.png\" alt=\"\" srcset=\"https:\/\/media.acninternational.org\/wp-content\/uploads\/2024\/06\/Aidgrantedbytype-2023_es-768x777.png 768w, https:\/\/media.acninternational.org\/wp-content\/uploads\/2024\/06\/Aidgrantedbytype-2023_es-296x300.png 296w, https:\/\/media.acninternational.org\/wp-content\/uploads\/2024\/06\/Aidgrantedbytype-2023_es.png 834w\" sizes=\"auto, (max-width: 768px) 100vw, 768px\" \/><br \/>\n\t\t\t<svg xmlns=\"http:\/\/www.w3.org\/2000\/svg\" xmlns:xlink=\"http:\/\/www.w3.org\/1999\/xlink\" id=\"Layer_1\" x=\"0px\" y=\"0px\" viewBox=\"0 0 19.2 15.5\" style=\"enable-background:new 0 0 19.2 15.5;\" xml:space=\"preserve\"> <\/p>\n<style type=\"text\/css\"> .st0{fill:#B81325;} <\/style>\n<p> <g> <g id=\"Layer_1-2\"> <path d=\"M0,0h3.5v1.1h-2v13.2h2v1.1H0V0z\"><\/path> <path d=\"M15.7,14.4h2V1.1h-2V0h3.5v15.5h-3.5V14.4z\"><\/path> <path d=\"M8.8,8.5H5.6V7h3.2V3.6h1.6V7h3.2v1.5h-3.2v3.4H8.8V8.5z\"><\/path> <\/g> <\/g> <\/svg><br \/>\n\t\t\tAyuda concedida por tipos<br \/>\n\t\t\th<br \/>\n\t\t\tConstrucci\u00f3n y reconstrucci\u00f3n<br \/>\n\t\t\ta<br \/>\n\t\t\tEstipendios de Misas<br \/>\n\t\t\ti<br \/>\n\t\t\tAyuda de emergencia<br \/>\n\t\t\tb<br \/>\n\t\t\tFormaci\u00f3n de sacerdotes y religiosos<br \/>\n\t\t\td<br \/>\n\t\t\tFormaci\u00f3n en la fe de laicos<br \/>\n\t\t\tg<br \/>\n\t\t\tVeh\u00edculos para la atenci\u00f3n pastoral<br \/>\n\t\t\te\t\t<\/p>\n<p>Distribuci\u00f3n de Biblias y material catequ\u00e9tico <\/p>\n<p>\t\t\tc<br \/>\n\t\t\tSustento de religiosas<\/p>\n","protected":false},"excerpt":{"rendered":"<p>Nuestras cifras En 2023 fuimos capaces de financiar 5.573 proyectos en todo el mundo En el a\u00f1o 2023 recibimos 7.689 solicitudes de ayuda de todo el mundo. La generosidad de nuestros benefactores nos permiti\u00f3 registrar donaciones por valor de 143,7 millones de euros, con los que, a\u00f1adiendo 0,8 millones de euros de reservas de a\u00f1os [&hellip;]<\/p>\n","protected":false},"author":4258341447,"featured_media":211069,"parent":0,"menu_order":0,"comment_status":"closed","ping_status":"closed","template":"","meta":{"_acf_changed":false,"footnotes":""},"class_list":["post-138714","page","type-page","status-publish","has-post-thumbnail","hentry"],"acf":[],"yoast_head":"<!-- This site is optimized with the Yoast SEO Premium plugin v27.3 (Yoast SEO v27.3) - https:\/\/yoast.com\/product\/yoast-seo-premium-wordpress\/ -->\n<title>Nuestras cifras for 2020 | ACN International<\/title>\n<meta name=\"description\" content=\"Thanks to the generosity\u00a0of our benefactors, we received \u20ac106.3 million in donations and were able to use them to help the Church in Need.\" \/>\n<meta name=\"robots\" content=\"index, follow, max-snippet:-1, max-image-preview:large, max-video-preview:-1\" \/>\n<link rel=\"canonical\" href=\"https:\/\/acninternational.org\/es\/cifras\/\" \/>\n<meta property=\"og:locale\" content=\"es_ES\" \/>\n<meta property=\"og:type\" content=\"article\" \/>\n<meta property=\"og:title\" content=\"Nuestras cifras\" \/>\n<meta property=\"og:description\" content=\"Thanks to the generosity\u00a0of our benefactors, we received \u20ac106.3 million in donations and were able to use them to help the Church in Need.\" \/>\n<meta property=\"og:url\" content=\"https:\/\/acninternational.org\/es\/cifras\/\" \/>\n<meta property=\"og:site_name\" content=\"ACN International\" \/>\n<meta property=\"article:publisher\" content=\"https:\/\/www.facebook.com\/acninternationalorg\" \/>\n<meta property=\"article:modified_time\" content=\"2024-06-20T16:24:25+00:00\" \/>\n<meta property=\"og:image\" content=\"https:\/\/media.acninternational.org\/wp-content\/uploads\/2024\/06\/ACN-20231110-155668.jpg\" \/>\n\t<meta property=\"og:image:width\" content=\"1920\" \/>\n\t<meta property=\"og:image:height\" content=\"700\" \/>\n\t<meta property=\"og:image:type\" content=\"image\/jpeg\" \/>\n<meta name=\"twitter:card\" content=\"summary_large_image\" \/>\n<meta name=\"twitter:site\" content=\"@acn_int\" \/>\n<meta name=\"twitter:label1\" content=\"Tiempo de lectura\" \/>\n\t<meta name=\"twitter:data1\" content=\"4 minutos\" \/>\n<script type=\"application\/ld+json\" class=\"yoast-schema-graph\">{\"@context\":\"https:\\\/\\\/schema.org\",\"@graph\":[{\"@type\":\"WebPage\",\"@id\":\"https:\\\/\\\/acninternational.org\\\/es\\\/cifras\\\/\",\"url\":\"https:\\\/\\\/acninternational.org\\\/es\\\/cifras\\\/\",\"name\":\"Nuestras cifras for 2020 | ACN International\",\"isPartOf\":{\"@id\":\"https:\\\/\\\/acninternational.org\\\/es\\\/#website\"},\"primaryImageOfPage\":{\"@id\":\"https:\\\/\\\/acninternational.org\\\/es\\\/cifras\\\/#primaryimage\"},\"image\":{\"@id\":\"https:\\\/\\\/acninternational.org\\\/es\\\/cifras\\\/#primaryimage\"},\"thumbnailUrl\":\"https:\\\/\\\/media.acninternational.org\\\/wp-content\\\/uploads\\\/2024\\\/06\\\/ACN-20231110-155668.jpg\",\"datePublished\":\"2020-06-18T09:45:48+00:00\",\"dateModified\":\"2024-06-20T16:24:25+00:00\",\"description\":\"Thanks to the generosity\u00a0of our benefactors, we received \u20ac106.3 million in donations and were able to use them to help the Church in Need.\",\"breadcrumb\":{\"@id\":\"https:\\\/\\\/acninternational.org\\\/es\\\/cifras\\\/#breadcrumb\"},\"inLanguage\":\"es\",\"potentialAction\":[{\"@type\":\"ReadAction\",\"target\":[\"https:\\\/\\\/acninternational.org\\\/es\\\/cifras\\\/\"]}]},{\"@type\":\"ImageObject\",\"inLanguage\":\"es\",\"@id\":\"https:\\\/\\\/acninternational.org\\\/es\\\/cifras\\\/#primaryimage\",\"url\":\"https:\\\/\\\/media.acninternational.org\\\/wp-content\\\/uploads\\\/2024\\\/06\\\/ACN-20231110-155668.jpg\",\"contentUrl\":\"https:\\\/\\\/media.acninternational.org\\\/wp-content\\\/uploads\\\/2024\\\/06\\\/ACN-20231110-155668.jpg\",\"width\":1920,\"height\":700},{\"@type\":\"BreadcrumbList\",\"@id\":\"https:\\\/\\\/acninternational.org\\\/es\\\/cifras\\\/#breadcrumb\",\"itemListElement\":[{\"@type\":\"ListItem\",\"position\":1,\"name\":\"Home\",\"item\":\"https:\\\/\\\/acninternational.org\\\/es\\\/\"},{\"@type\":\"ListItem\",\"position\":2,\"name\":\"Nuestras cifras\"}]},{\"@type\":\"WebSite\",\"@id\":\"https:\\\/\\\/acninternational.org\\\/es\\\/#website\",\"url\":\"https:\\\/\\\/acninternational.org\\\/es\\\/\",\"name\":\"ACN International\",\"description\":\"\",\"publisher\":{\"@id\":\"https:\\\/\\\/acninternational.org\\\/es\\\/#organization\"},\"potentialAction\":[{\"@type\":\"SearchAction\",\"target\":{\"@type\":\"EntryPoint\",\"urlTemplate\":\"https:\\\/\\\/acninternational.org\\\/es\\\/?s={search_term_string}\"},\"query-input\":{\"@type\":\"PropertyValueSpecification\",\"valueRequired\":true,\"valueName\":\"search_term_string\"}}],\"inLanguage\":\"es\"},{\"@type\":\"Organization\",\"@id\":\"https:\\\/\\\/acninternational.org\\\/es\\\/#organization\",\"name\":\"Aid to the Church in Need International\",\"url\":\"https:\\\/\\\/acninternational.org\\\/es\\\/\",\"logo\":{\"@type\":\"ImageObject\",\"inLanguage\":\"es\",\"@id\":\"https:\\\/\\\/acninternational.org\\\/es\\\/#\\\/schema\\\/logo\\\/image\\\/\",\"url\":\"https:\\\/\\\/media.acninternational.org\\\/wp-content\\\/uploads\\\/2019\\\/11\\\/acn_logo_blackvector.svg\",\"contentUrl\":\"https:\\\/\\\/media.acninternational.org\\\/wp-content\\\/uploads\\\/2019\\\/11\\\/acn_logo_blackvector.svg\",\"width\":232.6,\"height\":78,\"caption\":\"Aid to the Church in Need International\"},\"image\":{\"@id\":\"https:\\\/\\\/acninternational.org\\\/es\\\/#\\\/schema\\\/logo\\\/image\\\/\"},\"sameAs\":[\"https:\\\/\\\/www.facebook.com\\\/acninternationalorg\",\"https:\\\/\\\/x.com\\\/acn_int\",\"https:\\\/\\\/www.youtube.com\\\/channel\\\/UCQ-077gS0TnVzkhHmf1opZw\",\"https:\\\/\\\/www.instagram.com\\\/acn_international\\\/\"]}]}<\/script>\n<!-- \/ Yoast SEO Premium plugin. -->","yoast_head_json":{"title":"Nuestras cifras for 2020 | ACN International","description":"Thanks to the generosity\u00a0of our benefactors, we received \u20ac106.3 million in donations and were able to use them to help the Church in Need.","robots":{"index":"index","follow":"follow","max-snippet":"max-snippet:-1","max-image-preview":"max-image-preview:large","max-video-preview":"max-video-preview:-1"},"canonical":"https:\/\/acninternational.org\/es\/cifras\/","og_locale":"es_ES","og_type":"article","og_title":"Nuestras cifras","og_description":"Thanks to the generosity\u00a0of our benefactors, we received \u20ac106.3 million in donations and were able to use them to help the Church in Need.","og_url":"https:\/\/acninternational.org\/es\/cifras\/","og_site_name":"ACN International","article_publisher":"https:\/\/www.facebook.com\/acninternationalorg","article_modified_time":"2024-06-20T16:24:25+00:00","og_image":[{"width":1920,"height":700,"url":"https:\/\/media.acninternational.org\/wp-content\/uploads\/2024\/06\/ACN-20231110-155668.jpg","type":"image\/jpeg"}],"twitter_card":"summary_large_image","twitter_site":"@acn_int","twitter_misc":{"Tiempo de lectura":"4 minutos"},"schema":{"@context":"https:\/\/schema.org","@graph":[{"@type":"WebPage","@id":"https:\/\/acninternational.org\/es\/cifras\/","url":"https:\/\/acninternational.org\/es\/cifras\/","name":"Nuestras cifras for 2020 | ACN International","isPartOf":{"@id":"https:\/\/acninternational.org\/es\/#website"},"primaryImageOfPage":{"@id":"https:\/\/acninternational.org\/es\/cifras\/#primaryimage"},"image":{"@id":"https:\/\/acninternational.org\/es\/cifras\/#primaryimage"},"thumbnailUrl":"https:\/\/media.acninternational.org\/wp-content\/uploads\/2024\/06\/ACN-20231110-155668.jpg","datePublished":"2020-06-18T09:45:48+00:00","dateModified":"2024-06-20T16:24:25+00:00","description":"Thanks to the generosity\u00a0of our benefactors, we received \u20ac106.3 million in donations and were able to use them to help the Church in Need.","breadcrumb":{"@id":"https:\/\/acninternational.org\/es\/cifras\/#breadcrumb"},"inLanguage":"es","potentialAction":[{"@type":"ReadAction","target":["https:\/\/acninternational.org\/es\/cifras\/"]}]},{"@type":"ImageObject","inLanguage":"es","@id":"https:\/\/acninternational.org\/es\/cifras\/#primaryimage","url":"https:\/\/media.acninternational.org\/wp-content\/uploads\/2024\/06\/ACN-20231110-155668.jpg","contentUrl":"https:\/\/media.acninternational.org\/wp-content\/uploads\/2024\/06\/ACN-20231110-155668.jpg","width":1920,"height":700},{"@type":"BreadcrumbList","@id":"https:\/\/acninternational.org\/es\/cifras\/#breadcrumb","itemListElement":[{"@type":"ListItem","position":1,"name":"Home","item":"https:\/\/acninternational.org\/es\/"},{"@type":"ListItem","position":2,"name":"Nuestras cifras"}]},{"@type":"WebSite","@id":"https:\/\/acninternational.org\/es\/#website","url":"https:\/\/acninternational.org\/es\/","name":"ACN International","description":"","publisher":{"@id":"https:\/\/acninternational.org\/es\/#organization"},"potentialAction":[{"@type":"SearchAction","target":{"@type":"EntryPoint","urlTemplate":"https:\/\/acninternational.org\/es\/?s={search_term_string}"},"query-input":{"@type":"PropertyValueSpecification","valueRequired":true,"valueName":"search_term_string"}}],"inLanguage":"es"},{"@type":"Organization","@id":"https:\/\/acninternational.org\/es\/#organization","name":"Aid to the Church in Need International","url":"https:\/\/acninternational.org\/es\/","logo":{"@type":"ImageObject","inLanguage":"es","@id":"https:\/\/acninternational.org\/es\/#\/schema\/logo\/image\/","url":"https:\/\/media.acninternational.org\/wp-content\/uploads\/2019\/11\/acn_logo_blackvector.svg","contentUrl":"https:\/\/media.acninternational.org\/wp-content\/uploads\/2019\/11\/acn_logo_blackvector.svg","width":232.6,"height":78,"caption":"Aid to the Church in Need International"},"image":{"@id":"https:\/\/acninternational.org\/es\/#\/schema\/logo\/image\/"},"sameAs":["https:\/\/www.facebook.com\/acninternationalorg","https:\/\/x.com\/acn_int","https:\/\/www.youtube.com\/channel\/UCQ-077gS0TnVzkhHmf1opZw","https:\/\/www.instagram.com\/acn_international\/"]}]}},"_links":{"self":[{"href":"https:\/\/acninternational.org\/es\/wp-json\/wp\/v2\/pages\/138714","targetHints":{"allow":["GET"]}}],"collection":[{"href":"https:\/\/acninternational.org\/es\/wp-json\/wp\/v2\/pages"}],"about":[{"href":"https:\/\/acninternational.org\/es\/wp-json\/wp\/v2\/types\/page"}],"author":[{"embeddable":true,"href":"https:\/\/acninternational.org\/es\/wp-json\/wp\/v2\/users\/4258341447"}],"replies":[{"embeddable":true,"href":"https:\/\/acninternational.org\/es\/wp-json\/wp\/v2\/comments?post=138714"}],"version-history":[{"count":0,"href":"https:\/\/acninternational.org\/es\/wp-json\/wp\/v2\/pages\/138714\/revisions"}],"wp:featuredmedia":[{"embeddable":true,"href":"https:\/\/acninternational.org\/es\/wp-json\/wp\/v2\/media\/211069"}],"wp:attachment":[{"href":"https:\/\/acninternational.org\/es\/wp-json\/wp\/v2\/media?parent=138714"}],"curies":[{"name":"wp","href":"https:\/\/api.w.org\/{rel}","templated":true}]}}