{"id":125689,"date":"2019-10-30T17:37:30","date_gmt":"2019-10-30T16:37:30","guid":{"rendered":"https:\/\/acninternational.org\/internet-explorer-no-es-totalmente-compatible-con-el-navegador\/"},"modified":"2019-11-27T13:10:10","modified_gmt":"2019-11-27T12:10:10","slug":"internet-explorer-no-es-totalmente-compatible-con-el-navegador","status":"publish","type":"page","link":"https:\/\/acninternational.org\/es\/internet-explorer-no-es-totalmente-compatible-con-el-navegador\/","title":{"rendered":"Internet Explorer no es totalmente compatible con el navegador"},"content":{"rendered":"<h1>Por favor, actualiza tu navegador.<\/h1>\n<pre>\nDesafortunadamente, est\u00e1s utilizando un navegador web demasiado antiguo que no est\u00e1 totalmente actualizado.<\/pre>\n<p>Para una experiencia completa y segura, por favor, utiliza una versi\u00f3n actual de:<\/p>\n<p><a href=\"https:\/\/www.google.com\/chrome\/\" target=\"_blank\" rel=\"noopener noreferrer\">Google Chrome<\/a><\/p>\n<p><a href=\"https:\/\/www.mozilla.org\/firefox\/\" target=\"_blank\" rel=\"noopener noreferrer\">Mozilla Firefox<\/a><\/p>\n<p><a href=\"https:\/\/www.apple.com\/safari\/\" target=\"_blank\" rel=\"noopener noreferrer\">Apple Safari<\/a><\/p>\n<p><a href=\"http:\/\/www.microsoft.com\/edge\/\" target=\"_blank\" rel=\"noopener noreferrer\">Microsoft Edge<\/a><\/p>\n<p>\u00a1Much\u00edsimas gracias!<\/p>\n","protected":false},"excerpt":{"rendered":"<p>Por favor, actualiza tu navegador. Desafortunadamente, est\u00e1s utilizando un navegador web demasiado antiguo que no est\u00e1 totalmente actualizado. Para una experiencia completa y segura, por favor, utiliza una versi\u00f3n actual de: Google Chrome Mozilla Firefox Apple Safari Microsoft Edge \u00a1Much\u00edsimas gracias!<\/p>\n","protected":false},"author":1,"featured_media":0,"parent":0,"menu_order":0,"comment_status":"closed","ping_status":"closed","template":"elementor_canvas","meta":{"_acf_changed":false,"footnotes":""},"class_list":["post-125689","page","type-page","status-publish","hentry"],"acf":[],"yoast_head":"<!-- This site is optimized with the Yoast SEO Premium plugin v27.3 (Yoast SEO v27.3) - https:\/\/yoast.com\/product\/yoast-seo-premium-wordpress\/ -->\n<title>Internet Explorer no es totalmente compatible con el navegador | ACN International<\/title>\n<meta name=\"robots\" content=\"index, follow, max-snippet:-1, max-image-preview:large, max-video-preview:-1\" \/>\n<link rel=\"canonical\" href=\"https:\/\/acninternational.org\/es\/internet-explorer-no-es-totalmente-compatible-con-el-navegador\/\" \/>\n<meta property=\"og:locale\" content=\"es_ES\" \/>\n<meta property=\"og:type\" content=\"article\" \/>\n<meta property=\"og:title\" content=\"Internet Explorer no es totalmente compatible con el navegador\" \/>\n<meta property=\"og:description\" content=\"Por favor, actualiza tu navegador. Desafortunadamente, est\u00e1s utilizando un navegador web demasiado antiguo que no est\u00e1 totalmente actualizado. Para una experiencia completa y segura, por favor, utiliza una versi\u00f3n actual de: Google Chrome Mozilla Firefox Apple Safari Microsoft Edge \u00a1Much\u00edsimas gracias!\" \/>\n<meta property=\"og:url\" content=\"https:\/\/acninternational.org\/es\/internet-explorer-no-es-totalmente-compatible-con-el-navegador\/\" \/>\n<meta property=\"og:site_name\" content=\"ACN International\" \/>\n<meta property=\"article:publisher\" content=\"https:\/\/www.facebook.com\/acninternationalorg\" \/>\n<meta property=\"article:modified_time\" content=\"2019-11-27T12:10:10+00:00\" \/>\n<meta property=\"og:image\" content=\"https:\/\/media.acninternational.org\/wp-content\/uploads\/2022\/07\/ACN-20140929-13926-1.jpeg\" \/>\n\t<meta property=\"og:image:width\" content=\"200\" \/>\n\t<meta property=\"og:image:height\" content=\"200\" \/>\n\t<meta property=\"og:image:type\" content=\"image\/jpeg\" \/>\n<meta name=\"twitter:card\" content=\"summary_large_image\" \/>\n<meta name=\"twitter:site\" content=\"@acn_int\" \/>\n<script type=\"application\/ld+json\" class=\"yoast-schema-graph\">{\"@context\":\"https:\\\/\\\/schema.org\",\"@graph\":[{\"@type\":\"WebPage\",\"@id\":\"https:\\\/\\\/acninternational.org\\\/es\\\/internet-explorer-no-es-totalmente-compatible-con-el-navegador\\\/\",\"url\":\"https:\\\/\\\/acninternational.org\\\/es\\\/internet-explorer-no-es-totalmente-compatible-con-el-navegador\\\/\",\"name\":\"Internet Explorer no es totalmente compatible con el navegador | ACN International\",\"isPartOf\":{\"@id\":\"https:\\\/\\\/acninternational.org\\\/es\\\/#website\"},\"datePublished\":\"2019-10-30T16:37:30+00:00\",\"dateModified\":\"2019-11-27T12:10:10+00:00\",\"breadcrumb\":{\"@id\":\"https:\\\/\\\/acninternational.org\\\/es\\\/internet-explorer-no-es-totalmente-compatible-con-el-navegador\\\/#breadcrumb\"},\"inLanguage\":\"es\",\"potentialAction\":[{\"@type\":\"ReadAction\",\"target\":[\"https:\\\/\\\/acninternational.org\\\/es\\\/internet-explorer-no-es-totalmente-compatible-con-el-navegador\\\/\"]}]},{\"@type\":\"BreadcrumbList\",\"@id\":\"https:\\\/\\\/acninternational.org\\\/es\\\/internet-explorer-no-es-totalmente-compatible-con-el-navegador\\\/#breadcrumb\",\"itemListElement\":[{\"@type\":\"ListItem\",\"position\":1,\"name\":\"Home\",\"item\":\"https:\\\/\\\/acninternational.org\\\/es\\\/\"},{\"@type\":\"ListItem\",\"position\":2,\"name\":\"Internet Explorer no es totalmente compatible con el navegador\"}]},{\"@type\":\"WebSite\",\"@id\":\"https:\\\/\\\/acninternational.org\\\/es\\\/#website\",\"url\":\"https:\\\/\\\/acninternational.org\\\/es\\\/\",\"name\":\"ACN International\",\"description\":\"\",\"publisher\":{\"@id\":\"https:\\\/\\\/acninternational.org\\\/es\\\/#organization\"},\"potentialAction\":[{\"@type\":\"SearchAction\",\"target\":{\"@type\":\"EntryPoint\",\"urlTemplate\":\"https:\\\/\\\/acninternational.org\\\/es\\\/?s={search_term_string}\"},\"query-input\":{\"@type\":\"PropertyValueSpecification\",\"valueRequired\":true,\"valueName\":\"search_term_string\"}}],\"inLanguage\":\"es\"},{\"@type\":\"Organization\",\"@id\":\"https:\\\/\\\/acninternational.org\\\/es\\\/#organization\",\"name\":\"Aid to the Church in Need International\",\"url\":\"https:\\\/\\\/acninternational.org\\\/es\\\/\",\"logo\":{\"@type\":\"ImageObject\",\"inLanguage\":\"es\",\"@id\":\"https:\\\/\\\/acninternational.org\\\/es\\\/#\\\/schema\\\/logo\\\/image\\\/\",\"url\":\"https:\\\/\\\/media.acninternational.org\\\/wp-content\\\/uploads\\\/2019\\\/11\\\/acn_logo_blackvector.svg\",\"contentUrl\":\"https:\\\/\\\/media.acninternational.org\\\/wp-content\\\/uploads\\\/2019\\\/11\\\/acn_logo_blackvector.svg\",\"width\":232.6,\"height\":78,\"caption\":\"Aid to the Church in Need International\"},\"image\":{\"@id\":\"https:\\\/\\\/acninternational.org\\\/es\\\/#\\\/schema\\\/logo\\\/image\\\/\"},\"sameAs\":[\"https:\\\/\\\/www.facebook.com\\\/acninternationalorg\",\"https:\\\/\\\/x.com\\\/acn_int\",\"https:\\\/\\\/www.youtube.com\\\/channel\\\/UCQ-077gS0TnVzkhHmf1opZw\",\"https:\\\/\\\/www.instagram.com\\\/acn_international\\\/\"]}]}<\/script>\n<!-- \/ Yoast SEO Premium plugin. -->","yoast_head_json":{"title":"Internet Explorer no es totalmente compatible con el navegador | ACN International","robots":{"index":"index","follow":"follow","max-snippet":"max-snippet:-1","max-image-preview":"max-image-preview:large","max-video-preview":"max-video-preview:-1"},"canonical":"https:\/\/acninternational.org\/es\/internet-explorer-no-es-totalmente-compatible-con-el-navegador\/","og_locale":"es_ES","og_type":"article","og_title":"Internet Explorer no es totalmente compatible con el navegador","og_description":"Por favor, actualiza tu navegador. Desafortunadamente, est\u00e1s utilizando un navegador web demasiado antiguo que no est\u00e1 totalmente actualizado. Para una experiencia completa y segura, por favor, utiliza una versi\u00f3n actual de: Google Chrome Mozilla Firefox Apple Safari Microsoft Edge \u00a1Much\u00edsimas gracias!","og_url":"https:\/\/acninternational.org\/es\/internet-explorer-no-es-totalmente-compatible-con-el-navegador\/","og_site_name":"ACN International","article_publisher":"https:\/\/www.facebook.com\/acninternationalorg","article_modified_time":"2019-11-27T12:10:10+00:00","og_image":[{"width":200,"height":200,"url":"https:\/\/media.acninternational.org\/wp-content\/uploads\/2022\/07\/ACN-20140929-13926-1.jpeg","type":"image\/jpeg"}],"twitter_card":"summary_large_image","twitter_site":"@acn_int","schema":{"@context":"https:\/\/schema.org","@graph":[{"@type":"WebPage","@id":"https:\/\/acninternational.org\/es\/internet-explorer-no-es-totalmente-compatible-con-el-navegador\/","url":"https:\/\/acninternational.org\/es\/internet-explorer-no-es-totalmente-compatible-con-el-navegador\/","name":"Internet Explorer no es totalmente compatible con el navegador | ACN International","isPartOf":{"@id":"https:\/\/acninternational.org\/es\/#website"},"datePublished":"2019-10-30T16:37:30+00:00","dateModified":"2019-11-27T12:10:10+00:00","breadcrumb":{"@id":"https:\/\/acninternational.org\/es\/internet-explorer-no-es-totalmente-compatible-con-el-navegador\/#breadcrumb"},"inLanguage":"es","potentialAction":[{"@type":"ReadAction","target":["https:\/\/acninternational.org\/es\/internet-explorer-no-es-totalmente-compatible-con-el-navegador\/"]}]},{"@type":"BreadcrumbList","@id":"https:\/\/acninternational.org\/es\/internet-explorer-no-es-totalmente-compatible-con-el-navegador\/#breadcrumb","itemListElement":[{"@type":"ListItem","position":1,"name":"Home","item":"https:\/\/acninternational.org\/es\/"},{"@type":"ListItem","position":2,"name":"Internet Explorer no es totalmente compatible con el navegador"}]},{"@type":"WebSite","@id":"https:\/\/acninternational.org\/es\/#website","url":"https:\/\/acninternational.org\/es\/","name":"ACN International","description":"","publisher":{"@id":"https:\/\/acninternational.org\/es\/#organization"},"potentialAction":[{"@type":"SearchAction","target":{"@type":"EntryPoint","urlTemplate":"https:\/\/acninternational.org\/es\/?s={search_term_string}"},"query-input":{"@type":"PropertyValueSpecification","valueRequired":true,"valueName":"search_term_string"}}],"inLanguage":"es"},{"@type":"Organization","@id":"https:\/\/acninternational.org\/es\/#organization","name":"Aid to the Church in Need International","url":"https:\/\/acninternational.org\/es\/","logo":{"@type":"ImageObject","inLanguage":"es","@id":"https:\/\/acninternational.org\/es\/#\/schema\/logo\/image\/","url":"https:\/\/media.acninternational.org\/wp-content\/uploads\/2019\/11\/acn_logo_blackvector.svg","contentUrl":"https:\/\/media.acninternational.org\/wp-content\/uploads\/2019\/11\/acn_logo_blackvector.svg","width":232.6,"height":78,"caption":"Aid to the Church in Need International"},"image":{"@id":"https:\/\/acninternational.org\/es\/#\/schema\/logo\/image\/"},"sameAs":["https:\/\/www.facebook.com\/acninternationalorg","https:\/\/x.com\/acn_int","https:\/\/www.youtube.com\/channel\/UCQ-077gS0TnVzkhHmf1opZw","https:\/\/www.instagram.com\/acn_international\/"]}]}},"_links":{"self":[{"href":"https:\/\/acninternational.org\/es\/wp-json\/wp\/v2\/pages\/125689","targetHints":{"allow":["GET"]}}],"collection":[{"href":"https:\/\/acninternational.org\/es\/wp-json\/wp\/v2\/pages"}],"about":[{"href":"https:\/\/acninternational.org\/es\/wp-json\/wp\/v2\/types\/page"}],"author":[{"embeddable":true,"href":"https:\/\/acninternational.org\/es\/wp-json\/wp\/v2\/users\/1"}],"replies":[{"embeddable":true,"href":"https:\/\/acninternational.org\/es\/wp-json\/wp\/v2\/comments?post=125689"}],"version-history":[{"count":0,"href":"https:\/\/acninternational.org\/es\/wp-json\/wp\/v2\/pages\/125689\/revisions"}],"wp:attachment":[{"href":"https:\/\/acninternational.org\/es\/wp-json\/wp\/v2\/media?parent=125689"}],"curies":[{"name":"wp","href":"https:\/\/api.w.org\/{rel}","templated":true}]}}