{"id":125409,"date":"2019-10-29T15:01:28","date_gmt":"2019-10-29T14:01:28","guid":{"rendered":"https:\/\/acninternational.org\/pautas-para-solicitar-ayuda\/como-presentar-una-solicitud\/formularios\/"},"modified":"2022-06-16T11:32:33","modified_gmt":"2022-06-16T09:32:33","slug":"formularios","status":"publish","type":"page","link":"https:\/\/acninternational.org\/es\/solicitar-ayuda\/formularios\/","title":{"rendered":"Formularios"},"content":{"rendered":"<p>Los formularios que figuran a continuaci\u00f3n en varios idiomas le ayudar\u00e1n a presentar la solicitud completa con toda la informaci\u00f3n necesaria y actualizada. No olvide firmar la solicitud en persona.<\/p>\n<p><strong>Nota sobre la comunicaci\u00f3n electr\u00f3nica<\/strong><br \/>\nNuestra pol\u00edtica requiere aceptar solicitudes como archivos adjuntos por correo electr\u00f3nico. En este caso, por favor, no olvide firmar su solicitud y escanearla. \u00c9sto tambi\u00e9n se aplica a la carta de aval de su obispo. Las solicitudes sin firma no pueden ser procesadas.<\/p>\n","protected":false},"excerpt":{"rendered":"<p>Los formularios que figuran a continuaci\u00f3n en varios idiomas le ayudar\u00e1n a presentar la solicitud completa con toda la informaci\u00f3n necesaria y actualizada. No olvide firmar la solicitud en persona. Nota sobre la comunicaci\u00f3n electr\u00f3nica Nuestra pol\u00edtica requiere aceptar solicitudes como archivos adjuntos por correo electr\u00f3nico. En este caso, por favor, no olvide firmar su [&hellip;]<\/p>\n","protected":false},"author":1,"featured_media":144390,"parent":123225,"menu_order":0,"comment_status":"closed","ping_status":"closed","template":"","meta":{"_acf_changed":false,"footnotes":""},"class_list":["post-125409","page","type-page","status-publish","has-post-thumbnail","hentry","page-category-forms-page-es"],"acf":[],"yoast_head":"<!-- This site is optimized with the Yoast SEO Premium plugin v27.3 (Yoast SEO v27.3) - https:\/\/yoast.com\/product\/yoast-seo-premium-wordpress\/ -->\n<title>Formularios | ACN International<\/title>\n<meta name=\"robots\" content=\"index, follow, max-snippet:-1, max-image-preview:large, max-video-preview:-1\" \/>\n<link rel=\"canonical\" href=\"https:\/\/acninternational.org\/es\/solicitar-ayuda\/formularios\/\" \/>\n<meta property=\"og:locale\" content=\"es_ES\" \/>\n<meta property=\"og:type\" content=\"article\" \/>\n<meta property=\"og:title\" content=\"Formularios\" \/>\n<meta property=\"og:description\" content=\"Los formularios que figuran a continuaci\u00f3n en varios idiomas le ayudar\u00e1n a presentar la solicitud completa con toda la informaci\u00f3n necesaria y actualizada. No olvide firmar la solicitud en persona. Nota sobre la comunicaci\u00f3n electr\u00f3nica Nuestra pol\u00edtica requiere aceptar solicitudes como archivos adjuntos por correo electr\u00f3nico. En este caso, por favor, no olvide firmar su [&hellip;]\" \/>\n<meta property=\"og:url\" content=\"https:\/\/acninternational.org\/es\/solicitar-ayuda\/formularios\/\" \/>\n<meta property=\"og:site_name\" content=\"ACN International\" \/>\n<meta property=\"article:publisher\" content=\"https:\/\/www.facebook.com\/acninternationalorg\" \/>\n<meta property=\"article:modified_time\" content=\"2022-06-16T09:32:33+00:00\" \/>\n<meta property=\"og:image\" content=\"https:\/\/media.acninternational.org\/wp-content\/uploads\/2020\/11\/Africa_evangelization.jpg\" \/>\n\t<meta property=\"og:image:width\" content=\"1400\" \/>\n\t<meta property=\"og:image:height\" content=\"438\" \/>\n\t<meta property=\"og:image:type\" content=\"image\/jpeg\" \/>\n<meta name=\"twitter:card\" content=\"summary_large_image\" \/>\n<meta name=\"twitter:site\" content=\"@acn_int\" \/>\n<meta name=\"twitter:label1\" content=\"Tiempo de lectura\" \/>\n\t<meta name=\"twitter:data1\" content=\"1 minuto\" \/>\n<script type=\"application\/ld+json\" class=\"yoast-schema-graph\">{\"@context\":\"https:\\\/\\\/schema.org\",\"@graph\":[{\"@type\":\"WebPage\",\"@id\":\"https:\\\/\\\/acninternational.org\\\/es\\\/solicitar-ayuda\\\/formularios\\\/\",\"url\":\"https:\\\/\\\/acninternational.org\\\/es\\\/solicitar-ayuda\\\/formularios\\\/\",\"name\":\"Formularios | ACN International\",\"isPartOf\":{\"@id\":\"https:\\\/\\\/acninternational.org\\\/es\\\/#website\"},\"primaryImageOfPage\":{\"@id\":\"https:\\\/\\\/acninternational.org\\\/es\\\/solicitar-ayuda\\\/formularios\\\/#primaryimage\"},\"image\":{\"@id\":\"https:\\\/\\\/acninternational.org\\\/es\\\/solicitar-ayuda\\\/formularios\\\/#primaryimage\"},\"thumbnailUrl\":\"https:\\\/\\\/media.acninternational.org\\\/wp-content\\\/uploads\\\/2020\\\/11\\\/Africa_evangelization.jpg\",\"datePublished\":\"2019-10-29T14:01:28+00:00\",\"dateModified\":\"2022-06-16T09:32:33+00:00\",\"breadcrumb\":{\"@id\":\"https:\\\/\\\/acninternational.org\\\/es\\\/solicitar-ayuda\\\/formularios\\\/#breadcrumb\"},\"inLanguage\":\"es\",\"potentialAction\":[{\"@type\":\"ReadAction\",\"target\":[\"https:\\\/\\\/acninternational.org\\\/es\\\/solicitar-ayuda\\\/formularios\\\/\"]}]},{\"@type\":\"ImageObject\",\"inLanguage\":\"es\",\"@id\":\"https:\\\/\\\/acninternational.org\\\/es\\\/solicitar-ayuda\\\/formularios\\\/#primaryimage\",\"url\":\"https:\\\/\\\/media.acninternational.org\\\/wp-content\\\/uploads\\\/2020\\\/11\\\/Africa_evangelization.jpg\",\"contentUrl\":\"https:\\\/\\\/media.acninternational.org\\\/wp-content\\\/uploads\\\/2020\\\/11\\\/Africa_evangelization.jpg\",\"width\":1400,\"height\":438},{\"@type\":\"BreadcrumbList\",\"@id\":\"https:\\\/\\\/acninternational.org\\\/es\\\/solicitar-ayuda\\\/formularios\\\/#breadcrumb\",\"itemListElement\":[{\"@type\":\"ListItem\",\"position\":1,\"name\":\"Home\",\"item\":\"https:\\\/\\\/acninternational.org\\\/es\\\/\"},{\"@type\":\"ListItem\",\"position\":2,\"name\":\"Solicitar Ayuda\",\"item\":\"https:\\\/\\\/acninternational.org\\\/es\\\/solicitar-ayuda\\\/\"},{\"@type\":\"ListItem\",\"position\":3,\"name\":\"Formularios\"}]},{\"@type\":\"WebSite\",\"@id\":\"https:\\\/\\\/acninternational.org\\\/es\\\/#website\",\"url\":\"https:\\\/\\\/acninternational.org\\\/es\\\/\",\"name\":\"ACN International\",\"description\":\"\",\"publisher\":{\"@id\":\"https:\\\/\\\/acninternational.org\\\/es\\\/#organization\"},\"potentialAction\":[{\"@type\":\"SearchAction\",\"target\":{\"@type\":\"EntryPoint\",\"urlTemplate\":\"https:\\\/\\\/acninternational.org\\\/es\\\/?s={search_term_string}\"},\"query-input\":{\"@type\":\"PropertyValueSpecification\",\"valueRequired\":true,\"valueName\":\"search_term_string\"}}],\"inLanguage\":\"es\"},{\"@type\":\"Organization\",\"@id\":\"https:\\\/\\\/acninternational.org\\\/es\\\/#organization\",\"name\":\"Aid to the Church in Need International\",\"url\":\"https:\\\/\\\/acninternational.org\\\/es\\\/\",\"logo\":{\"@type\":\"ImageObject\",\"inLanguage\":\"es\",\"@id\":\"https:\\\/\\\/acninternational.org\\\/es\\\/#\\\/schema\\\/logo\\\/image\\\/\",\"url\":\"https:\\\/\\\/media.acninternational.org\\\/wp-content\\\/uploads\\\/2019\\\/11\\\/acn_logo_blackvector.svg\",\"contentUrl\":\"https:\\\/\\\/media.acninternational.org\\\/wp-content\\\/uploads\\\/2019\\\/11\\\/acn_logo_blackvector.svg\",\"width\":232.6,\"height\":78,\"caption\":\"Aid to the Church in Need International\"},\"image\":{\"@id\":\"https:\\\/\\\/acninternational.org\\\/es\\\/#\\\/schema\\\/logo\\\/image\\\/\"},\"sameAs\":[\"https:\\\/\\\/www.facebook.com\\\/acninternationalorg\",\"https:\\\/\\\/x.com\\\/acn_int\",\"https:\\\/\\\/www.youtube.com\\\/channel\\\/UCQ-077gS0TnVzkhHmf1opZw\",\"https:\\\/\\\/www.instagram.com\\\/acn_international\\\/\"]}]}<\/script>\n<!-- \/ Yoast SEO Premium plugin. -->","yoast_head_json":{"title":"Formularios | ACN International","robots":{"index":"index","follow":"follow","max-snippet":"max-snippet:-1","max-image-preview":"max-image-preview:large","max-video-preview":"max-video-preview:-1"},"canonical":"https:\/\/acninternational.org\/es\/solicitar-ayuda\/formularios\/","og_locale":"es_ES","og_type":"article","og_title":"Formularios","og_description":"Los formularios que figuran a continuaci\u00f3n en varios idiomas le ayudar\u00e1n a presentar la solicitud completa con toda la informaci\u00f3n necesaria y actualizada. No olvide firmar la solicitud en persona. Nota sobre la comunicaci\u00f3n electr\u00f3nica Nuestra pol\u00edtica requiere aceptar solicitudes como archivos adjuntos por correo electr\u00f3nico. En este caso, por favor, no olvide firmar su [&hellip;]","og_url":"https:\/\/acninternational.org\/es\/solicitar-ayuda\/formularios\/","og_site_name":"ACN International","article_publisher":"https:\/\/www.facebook.com\/acninternationalorg","article_modified_time":"2022-06-16T09:32:33+00:00","og_image":[{"width":1400,"height":438,"url":"https:\/\/media.acninternational.org\/wp-content\/uploads\/2020\/11\/Africa_evangelization.jpg","type":"image\/jpeg"}],"twitter_card":"summary_large_image","twitter_site":"@acn_int","twitter_misc":{"Tiempo de lectura":"1 minuto"},"schema":{"@context":"https:\/\/schema.org","@graph":[{"@type":"WebPage","@id":"https:\/\/acninternational.org\/es\/solicitar-ayuda\/formularios\/","url":"https:\/\/acninternational.org\/es\/solicitar-ayuda\/formularios\/","name":"Formularios | ACN International","isPartOf":{"@id":"https:\/\/acninternational.org\/es\/#website"},"primaryImageOfPage":{"@id":"https:\/\/acninternational.org\/es\/solicitar-ayuda\/formularios\/#primaryimage"},"image":{"@id":"https:\/\/acninternational.org\/es\/solicitar-ayuda\/formularios\/#primaryimage"},"thumbnailUrl":"https:\/\/media.acninternational.org\/wp-content\/uploads\/2020\/11\/Africa_evangelization.jpg","datePublished":"2019-10-29T14:01:28+00:00","dateModified":"2022-06-16T09:32:33+00:00","breadcrumb":{"@id":"https:\/\/acninternational.org\/es\/solicitar-ayuda\/formularios\/#breadcrumb"},"inLanguage":"es","potentialAction":[{"@type":"ReadAction","target":["https:\/\/acninternational.org\/es\/solicitar-ayuda\/formularios\/"]}]},{"@type":"ImageObject","inLanguage":"es","@id":"https:\/\/acninternational.org\/es\/solicitar-ayuda\/formularios\/#primaryimage","url":"https:\/\/media.acninternational.org\/wp-content\/uploads\/2020\/11\/Africa_evangelization.jpg","contentUrl":"https:\/\/media.acninternational.org\/wp-content\/uploads\/2020\/11\/Africa_evangelization.jpg","width":1400,"height":438},{"@type":"BreadcrumbList","@id":"https:\/\/acninternational.org\/es\/solicitar-ayuda\/formularios\/#breadcrumb","itemListElement":[{"@type":"ListItem","position":1,"name":"Home","item":"https:\/\/acninternational.org\/es\/"},{"@type":"ListItem","position":2,"name":"Solicitar Ayuda","item":"https:\/\/acninternational.org\/es\/solicitar-ayuda\/"},{"@type":"ListItem","position":3,"name":"Formularios"}]},{"@type":"WebSite","@id":"https:\/\/acninternational.org\/es\/#website","url":"https:\/\/acninternational.org\/es\/","name":"ACN International","description":"","publisher":{"@id":"https:\/\/acninternational.org\/es\/#organization"},"potentialAction":[{"@type":"SearchAction","target":{"@type":"EntryPoint","urlTemplate":"https:\/\/acninternational.org\/es\/?s={search_term_string}"},"query-input":{"@type":"PropertyValueSpecification","valueRequired":true,"valueName":"search_term_string"}}],"inLanguage":"es"},{"@type":"Organization","@id":"https:\/\/acninternational.org\/es\/#organization","name":"Aid to the Church in Need International","url":"https:\/\/acninternational.org\/es\/","logo":{"@type":"ImageObject","inLanguage":"es","@id":"https:\/\/acninternational.org\/es\/#\/schema\/logo\/image\/","url":"https:\/\/media.acninternational.org\/wp-content\/uploads\/2019\/11\/acn_logo_blackvector.svg","contentUrl":"https:\/\/media.acninternational.org\/wp-content\/uploads\/2019\/11\/acn_logo_blackvector.svg","width":232.6,"height":78,"caption":"Aid to the Church in Need International"},"image":{"@id":"https:\/\/acninternational.org\/es\/#\/schema\/logo\/image\/"},"sameAs":["https:\/\/www.facebook.com\/acninternationalorg","https:\/\/x.com\/acn_int","https:\/\/www.youtube.com\/channel\/UCQ-077gS0TnVzkhHmf1opZw","https:\/\/www.instagram.com\/acn_international\/"]}]}},"_links":{"self":[{"href":"https:\/\/acninternational.org\/es\/wp-json\/wp\/v2\/pages\/125409","targetHints":{"allow":["GET"]}}],"collection":[{"href":"https:\/\/acninternational.org\/es\/wp-json\/wp\/v2\/pages"}],"about":[{"href":"https:\/\/acninternational.org\/es\/wp-json\/wp\/v2\/types\/page"}],"author":[{"embeddable":true,"href":"https:\/\/acninternational.org\/es\/wp-json\/wp\/v2\/users\/1"}],"replies":[{"embeddable":true,"href":"https:\/\/acninternational.org\/es\/wp-json\/wp\/v2\/comments?post=125409"}],"version-history":[{"count":0,"href":"https:\/\/acninternational.org\/es\/wp-json\/wp\/v2\/pages\/125409\/revisions"}],"up":[{"embeddable":true,"href":"https:\/\/acninternational.org\/es\/wp-json\/wp\/v2\/pages\/123225"}],"wp:featuredmedia":[{"embeddable":true,"href":"https:\/\/acninternational.org\/es\/wp-json\/wp\/v2\/media\/144390"}],"wp:attachment":[{"href":"https:\/\/acninternational.org\/es\/wp-json\/wp\/v2\/media?parent=125409"}],"curies":[{"name":"wp","href":"https:\/\/api.w.org\/{rel}","templated":true}]}}