{"id":124728,"date":"2019-10-04T12:43:07","date_gmt":"2019-10-04T10:43:07","guid":{"rendered":"https:\/\/acninternational.org\/nuestras-areas-de-actividad\/"},"modified":"2020-06-24T16:03:54","modified_gmt":"2020-06-24T14:03:54","slug":"nuestras-areas-de-actividad","status":"publish","type":"page","link":"https:\/\/acninternational.org\/es\/nuestras-areas-de-actividad\/","title":{"rendered":"Nuestras \u00e1reas de actividad"},"content":{"rendered":"<p>La Iglesia, desde sus mismos or\u00edgenes, siempre ha atendido a los necesitados. Adem\u00e1s de su misi\u00f3n pastoral, respalda a organizaciones de asistencia social en todo el mundo y apoya a los necesitados en numerosas zonas en crisis.<\/p>\n<p>Pero lo que muchos no saben es que la propia Iglesia necesita, con frecuencia, ayuda urgente, sobre todo en los pa\u00edses en desarrollo y en los afectados por desplazamientos forzados, la persecuci\u00f3n o las cat\u00e1strofes. Y las cifras hablan claro: actualmente hay unas 200 millones de personas en la tierra que no pueden practicar libremente su fe. El derecho fundamental a la libertad religiosa no est\u00e1 garantizado en m\u00e1s de 80 pa\u00edses del mundo.<\/p>\n<figure id=\"attachment_60841\" aria-describedby=\"caption-attachment-60841\" style=\"width: 670px\" class=\"wp-caption alignnone\"><img loading=\"lazy\" decoding=\"async\" src=\"https:\/\/media.acninternational.org\/wp-content\/uploads\/2019\/10\/ArtPic3.jpg\" alt=\"Aid to the Church in Need is dedicated to the service of Christians around the world, wherever they are persecuted or oppressed or suffering material need.\" width=\"670\" height=\"400\" \/><figcaption id=\"caption-attachment-60841\" class=\"wp-caption-text\">Ayuda a la Iglesia Necesitada apoya a los cristianos perseguidos por la violencia y oprimidos por el terror en todo el mundo<\/figcaption><\/figure>\n<p>En este momento, los cristianos son perseguidos, discriminados u oprimidos en m\u00e1s de 40 pa\u00edses. En ellos, no pueden mantener con sus propios recursos la infraestructura de la Iglesia y la dignidad humana de los fieles o, si lo consiguen, es con grandes dificultades. En muchos de estos paises, la \u00fanica fuente de ingresos de la Iglesia son las contribuciones de los fieles.<\/p>\n<blockquote class=\"wp-block-quote blockquote ps-3 py-2\"><p>Me siento muy agradecida por lo que hacen ustedes para ayudar a las personas que sufren. Que el Se\u00f1or les bendiga, y a tambi\u00e9n nuestros hermanos en Cristo.<\/p>\n<pre>Hna. Annie Demerjian, socia de proyecto, Siria<\/pre>\n<\/blockquote>\n<p>A diferencia de la mayor parte de las organizaciones ben\u00e9ficas, que se dedican a aliviar necesidades sociales, Ayuda a la Iglesia Necesitada se centra en el apoyo a la Iglesia a nivel local, cumpliendo as\u00ed el ideal de la caridad cristiana.\u00a0Fundada en 1947 como organizaci\u00f3n ben\u00e9fica cat\u00f3lica para los refugiados de la guerra, y reconocida como fundaci\u00f3n pontificia desde 2011, Ayuda a la Iglesia Necesitada est\u00e1 al servicio de los cristianos de todo el mundo, all\u00ed donde son perseguidos, oprimidos o sufren necesidades materiales. Esto se consigue en su totalidad gracias a donativos privados, ya que nuestra fundaci\u00f3n no recibe financiaci\u00f3n de gobiernos.<\/p>\n<figure id=\"attachment_60835\" aria-describedby=\"caption-attachment-60835\" style=\"width: 670px\" class=\"wp-caption alignnone\"><img loading=\"lazy\" decoding=\"async\" src=\"https:\/\/media.acninternational.org\/wp-content\/uploads\/2019\/10\/ArtPic2.jpg\" alt=\"Christians are currently persecuted, discriminated against or oppressed in more than 40 countries.\" width=\"670\" height=\"400\" \/><figcaption id=\"caption-attachment-60835\" class=\"wp-caption-text\">En este momento, los cristianos son perseguidos, discriminados u oprimidos en m\u00e1s de 40 pa\u00edses.<\/figcaption><\/figure>\n<p>Gracias a cientos de miles de donantes y a los socios de los proyectos, apoyamos a los cristianos de todo el mundo conforme a nuestros tres pilares: informaci\u00f3n, oraci\u00f3n y caridad. Adem\u00e1s, estamos comprometidos con la libertad religiosa y el acercamiento a todas las religiones. Nuestra larga experiencia y nuestra confianza en el poder de la caridad nos han animado a seguir este camino y a animar a otras personas a apoyarnos en la labor que realizamos en todo el mundo.<\/p>\n<p>Desde su fundaci\u00f3n hace 73 a\u00f1os, Ayuda a la Iglesia Necesitada se ha ido convirtiendo en una organizaci\u00f3n ben\u00e9fica con una amplia gama de funciones. Hoy podemos afirmar con toda justicia que nuestro nombre lo dice todo. Actualmente apoyamos unos 5.230 proyectos pastorales y de emergencia cada a\u00f1o en casi 140 pa\u00edses, muchos de ellos a largo plazo. De esta forma permanecemos en zonas de crisis con frecuencia incluso cuando otras organizaciones ya las han abandonado.<\/p>\n<figure id=\"attachment_60853\" aria-describedby=\"caption-attachment-60853\" style=\"width: 670px\" class=\"wp-caption alignnone\"><img loading=\"lazy\" decoding=\"async\" src=\"https:\/\/media.acninternational.org\/wp-content\/uploads\/2019\/10\/ArtPic12.jpg\" alt=\"We now support some 5,000 Catholic projects each year in nearly 150 countries.\" width=\"670\" height=\"400\" \/><figcaption id=\"caption-attachment-60853\" class=\"wp-caption-text\">Actualmente apoyamos unos 5.000 proyectos pastorales y de emergencia cada ano en casi 140 pa\u00edses<\/figcaption><\/figure>\n<blockquote class=\"wp-block-quote blockquote ps-3 py-2\"><p>\u00a0Con frecuencia agradezco a Dios su presencia a nuestro lado. Sin ustedes ser\u00eda muy dif\u00edcil continuar nuestra evangelizaci\u00f3n.<\/p>\n<pre>Hna. Hanan Yusef, socia de proyecto, L\u00edbano<\/pre>\n<\/blockquote>\n<p>Por supuesto, esto no solo exige recursos humanos y de organizaci\u00f3n, sino tambi\u00e9n los medios econ\u00f3micos necesarios. Cumplimos nuestra misi\u00f3n de proporcionar e impulsar la asistencia pastoral gracias exclusivamente a los donativos de unos 330.000 benefactores en 23 pa\u00edses.<\/p>\n<figure id=\"attachment_60847\" aria-describedby=\"caption-attachment-60847\" style=\"width: 670px\" class=\"wp-caption alignnone\"><img loading=\"lazy\" decoding=\"async\" src=\"https:\/\/media.acninternational.org\/wp-content\/uploads\/2019\/10\/ArtPic8.jpg\" alt=\"Only through the donations of over 330,000 benefactors in 23 countries are we able to fulfil our mission.\" width=\"670\" height=\"400\" \/><figcaption id=\"caption-attachment-60847\" class=\"wp-caption-text\">Cumplimos nuestra misi\u00f3n de proporcionar e impulsar la asistencia pastoral gracias exclusivamente a los donativos de unos 330.000 benefactores<\/figcaption><\/figure>\n<p>Y siguen aumentando los \u00e1mbitos para los que nos piden ayuda:<\/p>\n","protected":false},"excerpt":{"rendered":"<p>La Iglesia, desde sus mismos or\u00edgenes, siempre ha atendido a los necesitados. Adem\u00e1s de su misi\u00f3n pastoral, respalda a organizaciones de asistencia social en todo el mundo y apoya a los necesitados en numerosas zonas en crisis. Pero lo que muchos no saben es que la propia Iglesia necesita, con frecuencia, ayuda urgente, sobre todo [&hellip;]<\/p>\n","protected":false},"author":1,"featured_media":57972,"parent":0,"menu_order":0,"comment_status":"closed","ping_status":"closed","template":"","meta":{"_acf_changed":false,"footnotes":""},"class_list":["post-124728","page","type-page","status-publish","has-post-thumbnail","hentry"],"acf":[],"yoast_head":"<!-- This site is optimized with the Yoast SEO Premium plugin v27.5 (Yoast SEO v27.5) - https:\/\/yoast.com\/product\/yoast-seo-premium-wordpress\/ -->\n<title>Nuestras \u00e1reas de actividad | ACN International<\/title>\n<meta name=\"robots\" content=\"index, follow, max-snippet:-1, max-image-preview:large, max-video-preview:-1\" \/>\n<link rel=\"canonical\" href=\"https:\/\/acninternational.org\/es\/nuestras-areas-de-actividad\/\" \/>\n<meta property=\"og:locale\" content=\"es_ES\" \/>\n<meta property=\"og:type\" content=\"article\" \/>\n<meta property=\"og:title\" content=\"Nuestras \u00e1reas de actividad\" \/>\n<meta property=\"og:description\" content=\"La Iglesia, desde sus mismos or\u00edgenes, siempre ha atendido a los necesitados. Adem\u00e1s de su misi\u00f3n pastoral, respalda a organizaciones de asistencia social en todo el mundo y apoya a los necesitados en numerosas zonas en crisis. Pero lo que muchos no saben es que la propia Iglesia necesita, con frecuencia, ayuda urgente, sobre todo [&hellip;]\" \/>\n<meta property=\"og:url\" content=\"https:\/\/acninternational.org\/es\/nuestras-areas-de-actividad\/\" \/>\n<meta property=\"og:site_name\" content=\"ACN International\" \/>\n<meta property=\"article:publisher\" content=\"https:\/\/www.facebook.com\/acninternationalorg\" \/>\n<meta property=\"article:modified_time\" content=\"2020-06-24T14:03:54+00:00\" \/>\n<meta property=\"og:image\" content=\"https:\/\/media.acninternational.org\/wp-content\/uploads\/2019\/09\/acn-20180913-76690_web-2000.jpg\" \/>\n\t<meta property=\"og:image:width\" content=\"2000\" \/>\n\t<meta property=\"og:image:height\" content=\"625\" \/>\n\t<meta property=\"og:image:type\" content=\"image\/jpeg\" \/>\n<meta name=\"twitter:card\" content=\"summary_large_image\" \/>\n<meta name=\"twitter:site\" content=\"@acn_int\" \/>\n<meta name=\"twitter:label1\" content=\"Tiempo de lectura\" \/>\n\t<meta name=\"twitter:data1\" content=\"3 minutos\" \/>\n<script type=\"application\/ld+json\" class=\"yoast-schema-graph\">{\"@context\":\"https:\\\/\\\/schema.org\",\"@graph\":[{\"@type\":\"WebPage\",\"@id\":\"https:\\\/\\\/acninternational.org\\\/es\\\/nuestras-areas-de-actividad\\\/\",\"url\":\"https:\\\/\\\/acninternational.org\\\/es\\\/nuestras-areas-de-actividad\\\/\",\"name\":\"Nuestras \u00e1reas de actividad | ACN International\",\"isPartOf\":{\"@id\":\"https:\\\/\\\/acninternational.org\\\/es\\\/#website\"},\"primaryImageOfPage\":{\"@id\":\"https:\\\/\\\/acninternational.org\\\/es\\\/nuestras-areas-de-actividad\\\/#primaryimage\"},\"image\":{\"@id\":\"https:\\\/\\\/acninternational.org\\\/es\\\/nuestras-areas-de-actividad\\\/#primaryimage\"},\"thumbnailUrl\":\"https:\\\/\\\/media.acninternational.org\\\/wp-content\\\/uploads\\\/2019\\\/09\\\/acn-20180913-76690_web-2000.jpg\",\"datePublished\":\"2019-10-04T10:43:07+00:00\",\"dateModified\":\"2020-06-24T14:03:54+00:00\",\"breadcrumb\":{\"@id\":\"https:\\\/\\\/acninternational.org\\\/es\\\/nuestras-areas-de-actividad\\\/#breadcrumb\"},\"inLanguage\":\"es\",\"potentialAction\":[{\"@type\":\"ReadAction\",\"target\":[\"https:\\\/\\\/acninternational.org\\\/es\\\/nuestras-areas-de-actividad\\\/\"]}]},{\"@type\":\"ImageObject\",\"inLanguage\":\"es\",\"@id\":\"https:\\\/\\\/acninternational.org\\\/es\\\/nuestras-areas-de-actividad\\\/#primaryimage\",\"url\":\"https:\\\/\\\/media.acninternational.org\\\/wp-content\\\/uploads\\\/2019\\\/09\\\/acn-20180913-76690_web-2000.jpg\",\"contentUrl\":\"https:\\\/\\\/media.acninternational.org\\\/wp-content\\\/uploads\\\/2019\\\/09\\\/acn-20180913-76690_web-2000.jpg\",\"width\":2000,\"height\":625},{\"@type\":\"BreadcrumbList\",\"@id\":\"https:\\\/\\\/acninternational.org\\\/es\\\/nuestras-areas-de-actividad\\\/#breadcrumb\",\"itemListElement\":[{\"@type\":\"ListItem\",\"position\":1,\"name\":\"Home\",\"item\":\"https:\\\/\\\/acninternational.org\\\/es\\\/\"},{\"@type\":\"ListItem\",\"position\":2,\"name\":\"Nuestras \u00e1reas de actividad\"}]},{\"@type\":\"WebSite\",\"@id\":\"https:\\\/\\\/acninternational.org\\\/es\\\/#website\",\"url\":\"https:\\\/\\\/acninternational.org\\\/es\\\/\",\"name\":\"ACN International\",\"description\":\"\",\"publisher\":{\"@id\":\"https:\\\/\\\/acninternational.org\\\/es\\\/#organization\"},\"potentialAction\":[{\"@type\":\"SearchAction\",\"target\":{\"@type\":\"EntryPoint\",\"urlTemplate\":\"https:\\\/\\\/acninternational.org\\\/es\\\/?s={search_term_string}\"},\"query-input\":{\"@type\":\"PropertyValueSpecification\",\"valueRequired\":true,\"valueName\":\"search_term_string\"}}],\"inLanguage\":\"es\"},{\"@type\":\"Organization\",\"@id\":\"https:\\\/\\\/acninternational.org\\\/es\\\/#organization\",\"name\":\"Aid to the Church in Need International\",\"url\":\"https:\\\/\\\/acninternational.org\\\/es\\\/\",\"logo\":{\"@type\":\"ImageObject\",\"inLanguage\":\"es\",\"@id\":\"https:\\\/\\\/acninternational.org\\\/es\\\/#\\\/schema\\\/logo\\\/image\\\/\",\"url\":\"https:\\\/\\\/media.acninternational.org\\\/wp-content\\\/uploads\\\/2019\\\/11\\\/acn_logo_blackvector.svg\",\"contentUrl\":\"https:\\\/\\\/media.acninternational.org\\\/wp-content\\\/uploads\\\/2019\\\/11\\\/acn_logo_blackvector.svg\",\"width\":232.6,\"height\":78,\"caption\":\"Aid to the Church in Need International\"},\"image\":{\"@id\":\"https:\\\/\\\/acninternational.org\\\/es\\\/#\\\/schema\\\/logo\\\/image\\\/\"},\"sameAs\":[\"https:\\\/\\\/www.facebook.com\\\/acninternationalorg\",\"https:\\\/\\\/x.com\\\/acn_int\",\"https:\\\/\\\/www.youtube.com\\\/channel\\\/UCQ-077gS0TnVzkhHmf1opZw\",\"https:\\\/\\\/www.instagram.com\\\/acn_international\\\/\"]}]}<\/script>\n<!-- \/ Yoast SEO Premium plugin. -->","yoast_head_json":{"title":"Nuestras \u00e1reas de actividad | ACN International","robots":{"index":"index","follow":"follow","max-snippet":"max-snippet:-1","max-image-preview":"max-image-preview:large","max-video-preview":"max-video-preview:-1"},"canonical":"https:\/\/acninternational.org\/es\/nuestras-areas-de-actividad\/","og_locale":"es_ES","og_type":"article","og_title":"Nuestras \u00e1reas de actividad","og_description":"La Iglesia, desde sus mismos or\u00edgenes, siempre ha atendido a los necesitados. Adem\u00e1s de su misi\u00f3n pastoral, respalda a organizaciones de asistencia social en todo el mundo y apoya a los necesitados en numerosas zonas en crisis. Pero lo que muchos no saben es que la propia Iglesia necesita, con frecuencia, ayuda urgente, sobre todo [&hellip;]","og_url":"https:\/\/acninternational.org\/es\/nuestras-areas-de-actividad\/","og_site_name":"ACN International","article_publisher":"https:\/\/www.facebook.com\/acninternationalorg","article_modified_time":"2020-06-24T14:03:54+00:00","og_image":[{"width":2000,"height":625,"url":"https:\/\/media.acninternational.org\/wp-content\/uploads\/2019\/09\/acn-20180913-76690_web-2000.jpg","type":"image\/jpeg"}],"twitter_card":"summary_large_image","twitter_site":"@acn_int","twitter_misc":{"Tiempo de lectura":"3 minutos"},"schema":{"@context":"https:\/\/schema.org","@graph":[{"@type":"WebPage","@id":"https:\/\/acninternational.org\/es\/nuestras-areas-de-actividad\/","url":"https:\/\/acninternational.org\/es\/nuestras-areas-de-actividad\/","name":"Nuestras \u00e1reas de actividad | ACN International","isPartOf":{"@id":"https:\/\/acninternational.org\/es\/#website"},"primaryImageOfPage":{"@id":"https:\/\/acninternational.org\/es\/nuestras-areas-de-actividad\/#primaryimage"},"image":{"@id":"https:\/\/acninternational.org\/es\/nuestras-areas-de-actividad\/#primaryimage"},"thumbnailUrl":"https:\/\/media.acninternational.org\/wp-content\/uploads\/2019\/09\/acn-20180913-76690_web-2000.jpg","datePublished":"2019-10-04T10:43:07+00:00","dateModified":"2020-06-24T14:03:54+00:00","breadcrumb":{"@id":"https:\/\/acninternational.org\/es\/nuestras-areas-de-actividad\/#breadcrumb"},"inLanguage":"es","potentialAction":[{"@type":"ReadAction","target":["https:\/\/acninternational.org\/es\/nuestras-areas-de-actividad\/"]}]},{"@type":"ImageObject","inLanguage":"es","@id":"https:\/\/acninternational.org\/es\/nuestras-areas-de-actividad\/#primaryimage","url":"https:\/\/media.acninternational.org\/wp-content\/uploads\/2019\/09\/acn-20180913-76690_web-2000.jpg","contentUrl":"https:\/\/media.acninternational.org\/wp-content\/uploads\/2019\/09\/acn-20180913-76690_web-2000.jpg","width":2000,"height":625},{"@type":"BreadcrumbList","@id":"https:\/\/acninternational.org\/es\/nuestras-areas-de-actividad\/#breadcrumb","itemListElement":[{"@type":"ListItem","position":1,"name":"Home","item":"https:\/\/acninternational.org\/es\/"},{"@type":"ListItem","position":2,"name":"Nuestras \u00e1reas de actividad"}]},{"@type":"WebSite","@id":"https:\/\/acninternational.org\/es\/#website","url":"https:\/\/acninternational.org\/es\/","name":"ACN International","description":"","publisher":{"@id":"https:\/\/acninternational.org\/es\/#organization"},"potentialAction":[{"@type":"SearchAction","target":{"@type":"EntryPoint","urlTemplate":"https:\/\/acninternational.org\/es\/?s={search_term_string}"},"query-input":{"@type":"PropertyValueSpecification","valueRequired":true,"valueName":"search_term_string"}}],"inLanguage":"es"},{"@type":"Organization","@id":"https:\/\/acninternational.org\/es\/#organization","name":"Aid to the Church in Need International","url":"https:\/\/acninternational.org\/es\/","logo":{"@type":"ImageObject","inLanguage":"es","@id":"https:\/\/acninternational.org\/es\/#\/schema\/logo\/image\/","url":"https:\/\/media.acninternational.org\/wp-content\/uploads\/2019\/11\/acn_logo_blackvector.svg","contentUrl":"https:\/\/media.acninternational.org\/wp-content\/uploads\/2019\/11\/acn_logo_blackvector.svg","width":232.6,"height":78,"caption":"Aid to the Church in Need International"},"image":{"@id":"https:\/\/acninternational.org\/es\/#\/schema\/logo\/image\/"},"sameAs":["https:\/\/www.facebook.com\/acninternationalorg","https:\/\/x.com\/acn_int","https:\/\/www.youtube.com\/channel\/UCQ-077gS0TnVzkhHmf1opZw","https:\/\/www.instagram.com\/acn_international\/"]}]}},"_links":{"self":[{"href":"https:\/\/acninternational.org\/es\/wp-json\/wp\/v2\/pages\/124728","targetHints":{"allow":["GET"]}}],"collection":[{"href":"https:\/\/acninternational.org\/es\/wp-json\/wp\/v2\/pages"}],"about":[{"href":"https:\/\/acninternational.org\/es\/wp-json\/wp\/v2\/types\/page"}],"author":[{"embeddable":true,"href":"https:\/\/acninternational.org\/es\/wp-json\/wp\/v2\/users\/1"}],"replies":[{"embeddable":true,"href":"https:\/\/acninternational.org\/es\/wp-json\/wp\/v2\/comments?post=124728"}],"version-history":[{"count":0,"href":"https:\/\/acninternational.org\/es\/wp-json\/wp\/v2\/pages\/124728\/revisions"}],"wp:featuredmedia":[{"embeddable":true,"href":"https:\/\/acninternational.org\/es\/wp-json\/wp\/v2\/media\/57972"}],"wp:attachment":[{"href":"https:\/\/acninternational.org\/es\/wp-json\/wp\/v2\/media?parent=124728"}],"curies":[{"name":"wp","href":"https:\/\/api.w.org\/{rel}","templated":true}]}}