{"id":124695,"date":"2019-10-14T15:30:45","date_gmt":"2019-10-14T13:30:45","guid":{"rendered":"https:\/\/acninternational.org\/quienes-somos\/acn-informe-de-actividades\/"},"modified":"2019-11-26T10:51:11","modified_gmt":"2019-11-26T09:51:11","slug":"acn-informe-de-actividades","status":"publish","type":"page","link":"https:\/\/acninternational.org\/es\/acn-informe-de-actividades\/","title":{"rendered":"Informe de actividades ACN"},"content":{"rendered":"<h1>\u00ab Caridad con eficacia y transparencia \u00bb<\/h1>\n<p>Regina Lynch, directora de proyectos<\/p>\n<p>Hay numerosas organizaciones de beneficencia que atienden a las personas necesitadas. \u00bfEn qu\u00e9 se distingue Ayuda a la Iglesia Necesitada de esas organizaciones? La diferencia principal es que somos la \u00fanica asociaci\u00f3n cat\u00f3lica internacional que se centra en el apoyo pastoral y espiritual a los cristianos perseguidos y necesitados.<br \/>\n<img loading=\"lazy\" decoding=\"async\" src=\"https:\/\/media.acninternational.org\/wp-content\/uploads\/2019\/10\/acn-20141128-16766_v1-purpur_web-661.jpg\" alt=\"\" width=\"661\" height=\"380\" \/><br \/>\nDesde que pasaron a estar bajo los auspicios del Vaticano, nuestra Secretar\u00eda General de Alemania y nuestras 23 Secciones Nacionales han conseguido construir una red \u00fanica entre los benefactores y las personas necesitadas.<\/p>\n<blockquote class=\"wp-block-quote blockquote ps-3 py-2\"><p>\u00ab Cada a\u00f1o evaluamos m\u00e1s de 7.500 solicitudes de proyectos procedentes de 139 pa\u00edses \u00bb<\/p><\/blockquote>\n<p>Dada su estructura global, Ayuda a la Iglesia Necesitada puede identificar r\u00e1pidamente las necesidades y responder con proyectos de ayuda gracias a una eficiente infraestructura que, manteniendo la burocracia a niveles m\u00ednimos, puede evaluar en detalle y aprobar proyectos para nuestros socios.<\/p>\n<p>Nuestro Secretariado General apoya las iniciativas de recaudaci\u00f3n de fondos que realizan las Secciones Nacionales y cada a\u00f1o examina unas 7.500 solicitudes de ayuda procedentes de todo el mundo que, una vez analizadas, son aprobadas o rechazadas por los \u00f3rganos decisorios. Nuestra sede central esta en contacto con socios de proyectos en 139 pa\u00edses para garantizar un uso apropiado de los donativos.<\/p>\n<p><img loading=\"lazy\" decoding=\"async\" src=\"https:\/\/media.acninternational.org\/wp-content\/uploads\/2019\/10\/acn-20180913-76565_web-661.jpg\" alt=\"\" width=\"661\" height=\"380\" \/><br \/>\nA trav\u00e9s de nuestras Secciones Nacionales mantenemos un estrecho contacto con nuestros benefactores. El trabajo de relaciones p\u00fablicas de nuestras oficinas garantiza un alto grado de transparencia sobre el objetivo de los donativos y como se emplean en cada lugar, estableciendo un puente entre los socios de los proyectos y los benefactores.<\/p>\n<p><img loading=\"lazy\" decoding=\"async\" src=\"https:\/\/media.acninternational.org\/wp-content\/uploads\/2019\/10\/activity-report-book1.jpg\" alt=\"\" width=\"900\" height=\"463\" \/><\/p>\n<p>El Informe de actividades de ACN proporciona una visi\u00f3n general, concisa y clara del enfoque de nuestro trabajo, las caracter\u00edsticas regionales de los proyectos que apoyamos y el uso de los fondos.<\/p>\n<p>https:\/\/reports.acninternational.org\/ proporciona una visi\u00f3n general, r\u00e1pida y concisa. La versi\u00f3n completa del Informe de actividades de ACN actual se puede descargar aqu\u00ed como un archivo pdf.<\/p>\n<div class=\"sidebar_links acn_links\"><ul><li><a href=\"https:\/\/acninternational.org\/es\/obras\/el-informe-de-libertad-religiosa\/\">El informe de libertad religiosa<\/a><\/li><li><a href=\"https:\/\/acninternational.org\/es\/obras\/perseguidos-y-olvidados\/\">\u00bfPerseguidos y olvidados?<\/a><\/li><\/ul><\/div>\n<p>Descarga de Informe de actividades ACN:<\/p>\n","protected":false},"excerpt":{"rendered":"<p>\u00ab Caridad con eficacia y transparencia \u00bb Regina Lynch, directora de proyectos Hay numerosas organizaciones de beneficencia que atienden a las personas necesitadas. \u00bfEn qu\u00e9 se distingue Ayuda a la Iglesia Necesitada de esas organizaciones? La diferencia principal es que somos la \u00fanica asociaci\u00f3n cat\u00f3lica internacional que se centra en el apoyo pastoral y espiritual [&hellip;]<\/p>\n","protected":false},"author":1,"featured_media":60331,"parent":0,"menu_order":0,"comment_status":"closed","ping_status":"closed","template":"","meta":{"_acf_changed":false,"footnotes":""},"class_list":["post-124695","page","type-page","status-publish","has-post-thumbnail","hentry"],"acf":[],"yoast_head":"<!-- This site is optimized with the Yoast SEO Premium plugin v27.3 (Yoast SEO v27.3) - https:\/\/yoast.com\/product\/yoast-seo-premium-wordpress\/ -->\n<title>Informe de actividades ACN | ACN International<\/title>\n<meta name=\"robots\" content=\"index, follow, max-snippet:-1, max-image-preview:large, max-video-preview:-1\" \/>\n<link rel=\"canonical\" href=\"https:\/\/acninternational.org\/es\/acn-informe-de-actividades\/\" \/>\n<meta property=\"og:locale\" content=\"es_ES\" \/>\n<meta property=\"og:type\" content=\"article\" \/>\n<meta property=\"og:title\" content=\"Informe de actividades ACN\" \/>\n<meta property=\"og:description\" content=\"\u00ab Caridad con eficacia y transparencia \u00bb Regina Lynch, directora de proyectos Hay numerosas organizaciones de beneficencia que atienden a las personas necesitadas. \u00bfEn qu\u00e9 se distingue Ayuda a la Iglesia Necesitada de esas organizaciones? La diferencia principal es que somos la \u00fanica asociaci\u00f3n cat\u00f3lica internacional que se centra en el apoyo pastoral y espiritual [&hellip;]\" \/>\n<meta property=\"og:url\" content=\"https:\/\/acninternational.org\/es\/acn-informe-de-actividades\/\" \/>\n<meta property=\"og:site_name\" content=\"ACN International\" \/>\n<meta property=\"article:publisher\" content=\"https:\/\/www.facebook.com\/acninternationalorg\" \/>\n<meta property=\"article:modified_time\" content=\"2019-11-26T09:51:11+00:00\" \/>\n<meta property=\"og:image\" content=\"https:\/\/media.acninternational.org\/wp-content\/uploads\/2019\/10\/acn-20180710-73477_web-2000.jpg\" \/>\n\t<meta property=\"og:image:width\" content=\"2000\" \/>\n\t<meta property=\"og:image:height\" content=\"625\" \/>\n\t<meta property=\"og:image:type\" content=\"image\/jpeg\" \/>\n<meta name=\"twitter:card\" content=\"summary_large_image\" \/>\n<meta name=\"twitter:site\" content=\"@acn_int\" \/>\n<meta name=\"twitter:label1\" content=\"Tiempo de lectura\" \/>\n\t<meta name=\"twitter:data1\" content=\"2 minutos\" \/>\n<script type=\"application\/ld+json\" class=\"yoast-schema-graph\">{\"@context\":\"https:\\\/\\\/schema.org\",\"@graph\":[{\"@type\":\"WebPage\",\"@id\":\"https:\\\/\\\/acninternational.org\\\/es\\\/acn-informe-de-actividades\\\/\",\"url\":\"https:\\\/\\\/acninternational.org\\\/es\\\/acn-informe-de-actividades\\\/\",\"name\":\"Informe de actividades ACN | ACN International\",\"isPartOf\":{\"@id\":\"https:\\\/\\\/acninternational.org\\\/es\\\/#website\"},\"primaryImageOfPage\":{\"@id\":\"https:\\\/\\\/acninternational.org\\\/es\\\/acn-informe-de-actividades\\\/#primaryimage\"},\"image\":{\"@id\":\"https:\\\/\\\/acninternational.org\\\/es\\\/acn-informe-de-actividades\\\/#primaryimage\"},\"thumbnailUrl\":\"https:\\\/\\\/media.acninternational.org\\\/wp-content\\\/uploads\\\/2019\\\/10\\\/acn-20180710-73477_web-2000.jpg\",\"datePublished\":\"2019-10-14T13:30:45+00:00\",\"dateModified\":\"2019-11-26T09:51:11+00:00\",\"breadcrumb\":{\"@id\":\"https:\\\/\\\/acninternational.org\\\/es\\\/acn-informe-de-actividades\\\/#breadcrumb\"},\"inLanguage\":\"es\",\"potentialAction\":[{\"@type\":\"ReadAction\",\"target\":[\"https:\\\/\\\/acninternational.org\\\/es\\\/acn-informe-de-actividades\\\/\"]}]},{\"@type\":\"ImageObject\",\"inLanguage\":\"es\",\"@id\":\"https:\\\/\\\/acninternational.org\\\/es\\\/acn-informe-de-actividades\\\/#primaryimage\",\"url\":\"https:\\\/\\\/media.acninternational.org\\\/wp-content\\\/uploads\\\/2019\\\/10\\\/acn-20180710-73477_web-2000.jpg\",\"contentUrl\":\"https:\\\/\\\/media.acninternational.org\\\/wp-content\\\/uploads\\\/2019\\\/10\\\/acn-20180710-73477_web-2000.jpg\",\"width\":2000,\"height\":625},{\"@type\":\"BreadcrumbList\",\"@id\":\"https:\\\/\\\/acninternational.org\\\/es\\\/acn-informe-de-actividades\\\/#breadcrumb\",\"itemListElement\":[{\"@type\":\"ListItem\",\"position\":1,\"name\":\"Home\",\"item\":\"https:\\\/\\\/acninternational.org\\\/es\\\/\"},{\"@type\":\"ListItem\",\"position\":2,\"name\":\"Informe de actividades ACN\"}]},{\"@type\":\"WebSite\",\"@id\":\"https:\\\/\\\/acninternational.org\\\/es\\\/#website\",\"url\":\"https:\\\/\\\/acninternational.org\\\/es\\\/\",\"name\":\"ACN International\",\"description\":\"\",\"publisher\":{\"@id\":\"https:\\\/\\\/acninternational.org\\\/es\\\/#organization\"},\"potentialAction\":[{\"@type\":\"SearchAction\",\"target\":{\"@type\":\"EntryPoint\",\"urlTemplate\":\"https:\\\/\\\/acninternational.org\\\/es\\\/?s={search_term_string}\"},\"query-input\":{\"@type\":\"PropertyValueSpecification\",\"valueRequired\":true,\"valueName\":\"search_term_string\"}}],\"inLanguage\":\"es\"},{\"@type\":\"Organization\",\"@id\":\"https:\\\/\\\/acninternational.org\\\/es\\\/#organization\",\"name\":\"Aid to the Church in Need International\",\"url\":\"https:\\\/\\\/acninternational.org\\\/es\\\/\",\"logo\":{\"@type\":\"ImageObject\",\"inLanguage\":\"es\",\"@id\":\"https:\\\/\\\/acninternational.org\\\/es\\\/#\\\/schema\\\/logo\\\/image\\\/\",\"url\":\"https:\\\/\\\/media.acninternational.org\\\/wp-content\\\/uploads\\\/2019\\\/11\\\/acn_logo_blackvector.svg\",\"contentUrl\":\"https:\\\/\\\/media.acninternational.org\\\/wp-content\\\/uploads\\\/2019\\\/11\\\/acn_logo_blackvector.svg\",\"width\":232.6,\"height\":78,\"caption\":\"Aid to the Church in Need International\"},\"image\":{\"@id\":\"https:\\\/\\\/acninternational.org\\\/es\\\/#\\\/schema\\\/logo\\\/image\\\/\"},\"sameAs\":[\"https:\\\/\\\/www.facebook.com\\\/acninternationalorg\",\"https:\\\/\\\/x.com\\\/acn_int\",\"https:\\\/\\\/www.youtube.com\\\/channel\\\/UCQ-077gS0TnVzkhHmf1opZw\",\"https:\\\/\\\/www.instagram.com\\\/acn_international\\\/\"]}]}<\/script>\n<!-- \/ Yoast SEO Premium plugin. -->","yoast_head_json":{"title":"Informe de actividades ACN | ACN International","robots":{"index":"index","follow":"follow","max-snippet":"max-snippet:-1","max-image-preview":"max-image-preview:large","max-video-preview":"max-video-preview:-1"},"canonical":"https:\/\/acninternational.org\/es\/acn-informe-de-actividades\/","og_locale":"es_ES","og_type":"article","og_title":"Informe de actividades ACN","og_description":"\u00ab Caridad con eficacia y transparencia \u00bb Regina Lynch, directora de proyectos Hay numerosas organizaciones de beneficencia que atienden a las personas necesitadas. \u00bfEn qu\u00e9 se distingue Ayuda a la Iglesia Necesitada de esas organizaciones? La diferencia principal es que somos la \u00fanica asociaci\u00f3n cat\u00f3lica internacional que se centra en el apoyo pastoral y espiritual [&hellip;]","og_url":"https:\/\/acninternational.org\/es\/acn-informe-de-actividades\/","og_site_name":"ACN International","article_publisher":"https:\/\/www.facebook.com\/acninternationalorg","article_modified_time":"2019-11-26T09:51:11+00:00","og_image":[{"width":2000,"height":625,"url":"https:\/\/media.acninternational.org\/wp-content\/uploads\/2019\/10\/acn-20180710-73477_web-2000.jpg","type":"image\/jpeg"}],"twitter_card":"summary_large_image","twitter_site":"@acn_int","twitter_misc":{"Tiempo de lectura":"2 minutos"},"schema":{"@context":"https:\/\/schema.org","@graph":[{"@type":"WebPage","@id":"https:\/\/acninternational.org\/es\/acn-informe-de-actividades\/","url":"https:\/\/acninternational.org\/es\/acn-informe-de-actividades\/","name":"Informe de actividades ACN | ACN International","isPartOf":{"@id":"https:\/\/acninternational.org\/es\/#website"},"primaryImageOfPage":{"@id":"https:\/\/acninternational.org\/es\/acn-informe-de-actividades\/#primaryimage"},"image":{"@id":"https:\/\/acninternational.org\/es\/acn-informe-de-actividades\/#primaryimage"},"thumbnailUrl":"https:\/\/media.acninternational.org\/wp-content\/uploads\/2019\/10\/acn-20180710-73477_web-2000.jpg","datePublished":"2019-10-14T13:30:45+00:00","dateModified":"2019-11-26T09:51:11+00:00","breadcrumb":{"@id":"https:\/\/acninternational.org\/es\/acn-informe-de-actividades\/#breadcrumb"},"inLanguage":"es","potentialAction":[{"@type":"ReadAction","target":["https:\/\/acninternational.org\/es\/acn-informe-de-actividades\/"]}]},{"@type":"ImageObject","inLanguage":"es","@id":"https:\/\/acninternational.org\/es\/acn-informe-de-actividades\/#primaryimage","url":"https:\/\/media.acninternational.org\/wp-content\/uploads\/2019\/10\/acn-20180710-73477_web-2000.jpg","contentUrl":"https:\/\/media.acninternational.org\/wp-content\/uploads\/2019\/10\/acn-20180710-73477_web-2000.jpg","width":2000,"height":625},{"@type":"BreadcrumbList","@id":"https:\/\/acninternational.org\/es\/acn-informe-de-actividades\/#breadcrumb","itemListElement":[{"@type":"ListItem","position":1,"name":"Home","item":"https:\/\/acninternational.org\/es\/"},{"@type":"ListItem","position":2,"name":"Informe de actividades ACN"}]},{"@type":"WebSite","@id":"https:\/\/acninternational.org\/es\/#website","url":"https:\/\/acninternational.org\/es\/","name":"ACN International","description":"","publisher":{"@id":"https:\/\/acninternational.org\/es\/#organization"},"potentialAction":[{"@type":"SearchAction","target":{"@type":"EntryPoint","urlTemplate":"https:\/\/acninternational.org\/es\/?s={search_term_string}"},"query-input":{"@type":"PropertyValueSpecification","valueRequired":true,"valueName":"search_term_string"}}],"inLanguage":"es"},{"@type":"Organization","@id":"https:\/\/acninternational.org\/es\/#organization","name":"Aid to the Church in Need International","url":"https:\/\/acninternational.org\/es\/","logo":{"@type":"ImageObject","inLanguage":"es","@id":"https:\/\/acninternational.org\/es\/#\/schema\/logo\/image\/","url":"https:\/\/media.acninternational.org\/wp-content\/uploads\/2019\/11\/acn_logo_blackvector.svg","contentUrl":"https:\/\/media.acninternational.org\/wp-content\/uploads\/2019\/11\/acn_logo_blackvector.svg","width":232.6,"height":78,"caption":"Aid to the Church in Need International"},"image":{"@id":"https:\/\/acninternational.org\/es\/#\/schema\/logo\/image\/"},"sameAs":["https:\/\/www.facebook.com\/acninternationalorg","https:\/\/x.com\/acn_int","https:\/\/www.youtube.com\/channel\/UCQ-077gS0TnVzkhHmf1opZw","https:\/\/www.instagram.com\/acn_international\/"]}]}},"_links":{"self":[{"href":"https:\/\/acninternational.org\/es\/wp-json\/wp\/v2\/pages\/124695","targetHints":{"allow":["GET"]}}],"collection":[{"href":"https:\/\/acninternational.org\/es\/wp-json\/wp\/v2\/pages"}],"about":[{"href":"https:\/\/acninternational.org\/es\/wp-json\/wp\/v2\/types\/page"}],"author":[{"embeddable":true,"href":"https:\/\/acninternational.org\/es\/wp-json\/wp\/v2\/users\/1"}],"replies":[{"embeddable":true,"href":"https:\/\/acninternational.org\/es\/wp-json\/wp\/v2\/comments?post=124695"}],"version-history":[{"count":0,"href":"https:\/\/acninternational.org\/es\/wp-json\/wp\/v2\/pages\/124695\/revisions"}],"wp:featuredmedia":[{"embeddable":true,"href":"https:\/\/acninternational.org\/es\/wp-json\/wp\/v2\/media\/60331"}],"wp:attachment":[{"href":"https:\/\/acninternational.org\/es\/wp-json\/wp\/v2\/media?parent=124695"}],"curies":[{"name":"wp","href":"https:\/\/api.w.org\/{rel}","templated":true}]}}