{"id":123299,"date":"2019-10-29T14:46:33","date_gmt":"2019-10-29T13:46:33","guid":{"rendered":"https:\/\/acninternational.org\/como-presentar-una-solicitud\/medios-de-locomocion\/"},"modified":"2022-06-16T11:28:51","modified_gmt":"2022-06-16T09:28:51","slug":"transporte","status":"publish","type":"page","link":"https:\/\/acninternational.org\/es\/solicitar-ayuda\/solicitud\/transporte\/","title":{"rendered":"Medios de transporte"},"content":{"rendered":"<div class=\"vc_row wpb_row vc_inner vc_row-fluid grant-right\">\n<div class=\"wpb_column vc_column_container vc_col-sm-9\">\n<div class=\"vc_column-inner vc_custom_1490747885677\">\n<div class=\"wpb_wrapper\">\n<div class=\"wpb_text_column wpb_content_element grant-p-padding\">\n<div class=\"wpb_wrapper\">\n<p><strong>Pautas a seguir<\/strong><\/p>\n<p>Las subvenciones para la adquisici\u00f3n de un medio de transporte no est\u00e1n pensadas como obsequio para el receptor particular, sino m\u00e1s bien para las parroquias, di\u00f3cesis o congregaciones religiosas que se beneficien de \u00e9l.<\/p>\n<p>Siempre que sea viable, AIN prefiere adquirir productos locales en previsi\u00f3n de reparaciones futuras, ya que ser\u00e1 m\u00e1s f\u00e1cil encontrar piezas de repuesto y las reparaciones ser\u00e1n menos costosas. Excepcionalmente, en el caso de los pa\u00edses africanos donde la importaci\u00f3n resulte m\u00e1s barata y pr\u00e1ctica, cooperamos con agencias de adquisici\u00f3n. No obstante, el solicitante debe [estar en condiciones de] cubrir los gastos de importaci\u00f3n\/aduanas y dem\u00e1s costes locales.<\/p>\n<p>AIN ve en las ayudas a la adquisici\u00f3n de medios de locomoci\u00f3n una forma de apoyar la labor\u00a0<b>pastoral<\/b>\u00a0de la Iglesia. Esto significa que el veh\u00edculo debe adecuarse a su uso concreto (condiciones clim\u00e1ticas y viarias locales). Al mismo tiempo, el modelo y marca solicitados deber\u00edan ajustarse a la modestia que se espera de la Iglesia y al respeto por su credibilidad institucional. En la solicitud, debe adjuntar factura pro-forma del veh\u00edculo solicitado, adem\u00e1s de los otros requisitos indicados en el formulario que debe descargar.<\/p>\n<p>Tambi\u00e9n esperamos que la Iglesia local haga una contribuci\u00f3n en funci\u00f3n de las posibilidades de la comunidad de creyentes.<\/p>\n<p>Es preciso contar con la aprobaci\u00f3n, por escrito, del obispo o superior religioso locales. La solicitud debe reflejar una prioridad pastoral de la di\u00f3cesis (congregaci\u00f3n religiosa).<\/p>\n<p>El solicitante debe justificar la urgencia de la solicitud con una descripci\u00f3n detallada de la situaci\u00f3n\u00a0<b>pastoral<\/b>\u00a0local. Adem\u00e1s, necesitamos informaci\u00f3n acerca del n\u00famero, tama\u00f1o y actividades de las parroquias beneficiarias, las distancias que median entre ellas y el beneficio\u00a0<b>pastoral<\/b>\u00a0que reportar\u00e1 el (nuevo) veh\u00edculo.<\/p>\n<div class=\"page\">\n<div id=\"main\">\n<div id=\"col3\">\n<div id=\"col3_content\" class=\"clearfix\">\n<div id=\"bodyText\">\n<p>Rogamos tenga presente que s\u00f3lo estudiamos solicitudes completas, a saber, que incluyan su solicitud por escrito para el proyecto, el\u00a0<a href=\"https:\/\/media.acninternational.org\/wp-content\/uploads\/2022\/04\/FVA-SP-internet.pdf\">formulario de solicitud de veh\u00edculo <\/a>(o equivalente) cumplimentado y la aprobaci\u00f3n de su Obispo.<\/p>\n<\/div>\n<\/div>\n<\/div>\n<\/div>\n<\/div>\n<\/div>\n<\/div>\n<\/div>\n<\/div>\n<\/div>\n<\/div>\n","protected":false},"excerpt":{"rendered":"<p>Pautas a seguir Las subvenciones para la adquisici\u00f3n de un medio de transporte no est\u00e1n pensadas como obsequio para el receptor particular, sino m\u00e1s bien para las parroquias, di\u00f3cesis o congregaciones religiosas que se beneficien de \u00e9l. Siempre que sea viable, AIN prefiere adquirir productos locales en previsi\u00f3n de reparaciones futuras, ya que ser\u00e1 m\u00e1s [&hellip;]<\/p>\n","protected":false},"author":1,"featured_media":60811,"parent":123202,"menu_order":0,"comment_status":"closed","ping_status":"closed","template":"","meta":{"_acf_changed":false,"footnotes":""},"class_list":["post-123299","page","type-page","status-publish","has-post-thumbnail","hentry","page-category-how-to-apply-subpages-es"],"acf":[],"yoast_head":"<!-- This site is optimized with the Yoast SEO Premium plugin v27.3 (Yoast SEO v27.3) - https:\/\/yoast.com\/product\/yoast-seo-premium-wordpress\/ -->\n<title>Medios de transporte | ACN International<\/title>\n<meta name=\"robots\" content=\"index, follow, max-snippet:-1, max-image-preview:large, max-video-preview:-1\" \/>\n<link rel=\"canonical\" href=\"https:\/\/acninternational.org\/es\/solicitar-ayuda\/solicitud\/transporte\/\" \/>\n<meta property=\"og:locale\" content=\"es_ES\" \/>\n<meta property=\"og:type\" content=\"article\" \/>\n<meta property=\"og:title\" content=\"Medios de transporte\" \/>\n<meta property=\"og:description\" content=\"Pautas a seguir Las subvenciones para la adquisici\u00f3n de un medio de transporte no est\u00e1n pensadas como obsequio para el receptor particular, sino m\u00e1s bien para las parroquias, di\u00f3cesis o congregaciones religiosas que se beneficien de \u00e9l. Siempre que sea viable, AIN prefiere adquirir productos locales en previsi\u00f3n de reparaciones futuras, ya que ser\u00e1 m\u00e1s [&hellip;]\" \/>\n<meta property=\"og:url\" content=\"https:\/\/acninternational.org\/es\/solicitar-ayuda\/solicitud\/transporte\/\" \/>\n<meta property=\"og:site_name\" content=\"ACN International\" \/>\n<meta property=\"article:publisher\" content=\"https:\/\/www.facebook.com\/acninternationalorg\" \/>\n<meta property=\"article:modified_time\" content=\"2022-06-16T09:28:51+00:00\" \/>\n<meta property=\"og:image\" content=\"https:\/\/media.acninternational.org\/wp-content\/uploads\/2019\/10\/acn-20190514-87726_web-2000.jpg\" \/>\n\t<meta property=\"og:image:width\" content=\"2000\" \/>\n\t<meta property=\"og:image:height\" content=\"625\" \/>\n\t<meta property=\"og:image:type\" content=\"image\/jpeg\" \/>\n<meta name=\"twitter:card\" content=\"summary_large_image\" \/>\n<meta name=\"twitter:site\" content=\"@acn_int\" \/>\n<meta name=\"twitter:label1\" content=\"Tiempo de lectura\" \/>\n\t<meta name=\"twitter:data1\" content=\"2 minutos\" \/>\n<script type=\"application\/ld+json\" class=\"yoast-schema-graph\">{\"@context\":\"https:\\\/\\\/schema.org\",\"@graph\":[{\"@type\":\"WebPage\",\"@id\":\"https:\\\/\\\/acninternational.org\\\/es\\\/solicitar-ayuda\\\/solicitud\\\/transporte\\\/\",\"url\":\"https:\\\/\\\/acninternational.org\\\/es\\\/solicitar-ayuda\\\/solicitud\\\/transporte\\\/\",\"name\":\"Medios de transporte | ACN International\",\"isPartOf\":{\"@id\":\"https:\\\/\\\/acninternational.org\\\/es\\\/#website\"},\"primaryImageOfPage\":{\"@id\":\"https:\\\/\\\/acninternational.org\\\/es\\\/solicitar-ayuda\\\/solicitud\\\/transporte\\\/#primaryimage\"},\"image\":{\"@id\":\"https:\\\/\\\/acninternational.org\\\/es\\\/solicitar-ayuda\\\/solicitud\\\/transporte\\\/#primaryimage\"},\"thumbnailUrl\":\"https:\\\/\\\/media.acninternational.org\\\/wp-content\\\/uploads\\\/2019\\\/10\\\/acn-20190514-87726_web-2000.jpg\",\"datePublished\":\"2019-10-29T13:46:33+00:00\",\"dateModified\":\"2022-06-16T09:28:51+00:00\",\"breadcrumb\":{\"@id\":\"https:\\\/\\\/acninternational.org\\\/es\\\/solicitar-ayuda\\\/solicitud\\\/transporte\\\/#breadcrumb\"},\"inLanguage\":\"es\",\"potentialAction\":[{\"@type\":\"ReadAction\",\"target\":[\"https:\\\/\\\/acninternational.org\\\/es\\\/solicitar-ayuda\\\/solicitud\\\/transporte\\\/\"]}]},{\"@type\":\"ImageObject\",\"inLanguage\":\"es\",\"@id\":\"https:\\\/\\\/acninternational.org\\\/es\\\/solicitar-ayuda\\\/solicitud\\\/transporte\\\/#primaryimage\",\"url\":\"https:\\\/\\\/media.acninternational.org\\\/wp-content\\\/uploads\\\/2019\\\/10\\\/acn-20190514-87726_web-2000.jpg\",\"contentUrl\":\"https:\\\/\\\/media.acninternational.org\\\/wp-content\\\/uploads\\\/2019\\\/10\\\/acn-20190514-87726_web-2000.jpg\",\"width\":2000,\"height\":625,\"caption\":\"Casos especiales Medios de transporte\"},{\"@type\":\"BreadcrumbList\",\"@id\":\"https:\\\/\\\/acninternational.org\\\/es\\\/solicitar-ayuda\\\/solicitud\\\/transporte\\\/#breadcrumb\",\"itemListElement\":[{\"@type\":\"ListItem\",\"position\":1,\"name\":\"Home\",\"item\":\"https:\\\/\\\/acninternational.org\\\/es\\\/\"},{\"@type\":\"ListItem\",\"position\":2,\"name\":\"Solicitar Ayuda\",\"item\":\"https:\\\/\\\/acninternational.org\\\/es\\\/solicitar-ayuda\\\/\"},{\"@type\":\"ListItem\",\"position\":3,\"name\":\"C\u00f3mo presentar una solicitud\",\"item\":\"https:\\\/\\\/acninternational.org\\\/es\\\/solicitar-ayuda\\\/solicitud\\\/\"},{\"@type\":\"ListItem\",\"position\":4,\"name\":\"Medios de transporte\"}]},{\"@type\":\"WebSite\",\"@id\":\"https:\\\/\\\/acninternational.org\\\/es\\\/#website\",\"url\":\"https:\\\/\\\/acninternational.org\\\/es\\\/\",\"name\":\"ACN International\",\"description\":\"\",\"publisher\":{\"@id\":\"https:\\\/\\\/acninternational.org\\\/es\\\/#organization\"},\"potentialAction\":[{\"@type\":\"SearchAction\",\"target\":{\"@type\":\"EntryPoint\",\"urlTemplate\":\"https:\\\/\\\/acninternational.org\\\/es\\\/?s={search_term_string}\"},\"query-input\":{\"@type\":\"PropertyValueSpecification\",\"valueRequired\":true,\"valueName\":\"search_term_string\"}}],\"inLanguage\":\"es\"},{\"@type\":\"Organization\",\"@id\":\"https:\\\/\\\/acninternational.org\\\/es\\\/#organization\",\"name\":\"Aid to the Church in Need International\",\"url\":\"https:\\\/\\\/acninternational.org\\\/es\\\/\",\"logo\":{\"@type\":\"ImageObject\",\"inLanguage\":\"es\",\"@id\":\"https:\\\/\\\/acninternational.org\\\/es\\\/#\\\/schema\\\/logo\\\/image\\\/\",\"url\":\"https:\\\/\\\/media.acninternational.org\\\/wp-content\\\/uploads\\\/2019\\\/11\\\/acn_logo_blackvector.svg\",\"contentUrl\":\"https:\\\/\\\/media.acninternational.org\\\/wp-content\\\/uploads\\\/2019\\\/11\\\/acn_logo_blackvector.svg\",\"width\":232.6,\"height\":78,\"caption\":\"Aid to the Church in Need International\"},\"image\":{\"@id\":\"https:\\\/\\\/acninternational.org\\\/es\\\/#\\\/schema\\\/logo\\\/image\\\/\"},\"sameAs\":[\"https:\\\/\\\/www.facebook.com\\\/acninternationalorg\",\"https:\\\/\\\/x.com\\\/acn_int\",\"https:\\\/\\\/www.youtube.com\\\/channel\\\/UCQ-077gS0TnVzkhHmf1opZw\",\"https:\\\/\\\/www.instagram.com\\\/acn_international\\\/\"]}]}<\/script>\n<!-- \/ Yoast SEO Premium plugin. -->","yoast_head_json":{"title":"Medios de transporte | ACN International","robots":{"index":"index","follow":"follow","max-snippet":"max-snippet:-1","max-image-preview":"max-image-preview:large","max-video-preview":"max-video-preview:-1"},"canonical":"https:\/\/acninternational.org\/es\/solicitar-ayuda\/solicitud\/transporte\/","og_locale":"es_ES","og_type":"article","og_title":"Medios de transporte","og_description":"Pautas a seguir Las subvenciones para la adquisici\u00f3n de un medio de transporte no est\u00e1n pensadas como obsequio para el receptor particular, sino m\u00e1s bien para las parroquias, di\u00f3cesis o congregaciones religiosas que se beneficien de \u00e9l. Siempre que sea viable, AIN prefiere adquirir productos locales en previsi\u00f3n de reparaciones futuras, ya que ser\u00e1 m\u00e1s [&hellip;]","og_url":"https:\/\/acninternational.org\/es\/solicitar-ayuda\/solicitud\/transporte\/","og_site_name":"ACN International","article_publisher":"https:\/\/www.facebook.com\/acninternationalorg","article_modified_time":"2022-06-16T09:28:51+00:00","og_image":[{"width":2000,"height":625,"url":"https:\/\/media.acninternational.org\/wp-content\/uploads\/2019\/10\/acn-20190514-87726_web-2000.jpg","type":"image\/jpeg"}],"twitter_card":"summary_large_image","twitter_site":"@acn_int","twitter_misc":{"Tiempo de lectura":"2 minutos"},"schema":{"@context":"https:\/\/schema.org","@graph":[{"@type":"WebPage","@id":"https:\/\/acninternational.org\/es\/solicitar-ayuda\/solicitud\/transporte\/","url":"https:\/\/acninternational.org\/es\/solicitar-ayuda\/solicitud\/transporte\/","name":"Medios de transporte | ACN International","isPartOf":{"@id":"https:\/\/acninternational.org\/es\/#website"},"primaryImageOfPage":{"@id":"https:\/\/acninternational.org\/es\/solicitar-ayuda\/solicitud\/transporte\/#primaryimage"},"image":{"@id":"https:\/\/acninternational.org\/es\/solicitar-ayuda\/solicitud\/transporte\/#primaryimage"},"thumbnailUrl":"https:\/\/media.acninternational.org\/wp-content\/uploads\/2019\/10\/acn-20190514-87726_web-2000.jpg","datePublished":"2019-10-29T13:46:33+00:00","dateModified":"2022-06-16T09:28:51+00:00","breadcrumb":{"@id":"https:\/\/acninternational.org\/es\/solicitar-ayuda\/solicitud\/transporte\/#breadcrumb"},"inLanguage":"es","potentialAction":[{"@type":"ReadAction","target":["https:\/\/acninternational.org\/es\/solicitar-ayuda\/solicitud\/transporte\/"]}]},{"@type":"ImageObject","inLanguage":"es","@id":"https:\/\/acninternational.org\/es\/solicitar-ayuda\/solicitud\/transporte\/#primaryimage","url":"https:\/\/media.acninternational.org\/wp-content\/uploads\/2019\/10\/acn-20190514-87726_web-2000.jpg","contentUrl":"https:\/\/media.acninternational.org\/wp-content\/uploads\/2019\/10\/acn-20190514-87726_web-2000.jpg","width":2000,"height":625,"caption":"Casos especiales Medios de transporte"},{"@type":"BreadcrumbList","@id":"https:\/\/acninternational.org\/es\/solicitar-ayuda\/solicitud\/transporte\/#breadcrumb","itemListElement":[{"@type":"ListItem","position":1,"name":"Home","item":"https:\/\/acninternational.org\/es\/"},{"@type":"ListItem","position":2,"name":"Solicitar Ayuda","item":"https:\/\/acninternational.org\/es\/solicitar-ayuda\/"},{"@type":"ListItem","position":3,"name":"C\u00f3mo presentar una solicitud","item":"https:\/\/acninternational.org\/es\/solicitar-ayuda\/solicitud\/"},{"@type":"ListItem","position":4,"name":"Medios de transporte"}]},{"@type":"WebSite","@id":"https:\/\/acninternational.org\/es\/#website","url":"https:\/\/acninternational.org\/es\/","name":"ACN International","description":"","publisher":{"@id":"https:\/\/acninternational.org\/es\/#organization"},"potentialAction":[{"@type":"SearchAction","target":{"@type":"EntryPoint","urlTemplate":"https:\/\/acninternational.org\/es\/?s={search_term_string}"},"query-input":{"@type":"PropertyValueSpecification","valueRequired":true,"valueName":"search_term_string"}}],"inLanguage":"es"},{"@type":"Organization","@id":"https:\/\/acninternational.org\/es\/#organization","name":"Aid to the Church in Need International","url":"https:\/\/acninternational.org\/es\/","logo":{"@type":"ImageObject","inLanguage":"es","@id":"https:\/\/acninternational.org\/es\/#\/schema\/logo\/image\/","url":"https:\/\/media.acninternational.org\/wp-content\/uploads\/2019\/11\/acn_logo_blackvector.svg","contentUrl":"https:\/\/media.acninternational.org\/wp-content\/uploads\/2019\/11\/acn_logo_blackvector.svg","width":232.6,"height":78,"caption":"Aid to the Church in Need International"},"image":{"@id":"https:\/\/acninternational.org\/es\/#\/schema\/logo\/image\/"},"sameAs":["https:\/\/www.facebook.com\/acninternationalorg","https:\/\/x.com\/acn_int","https:\/\/www.youtube.com\/channel\/UCQ-077gS0TnVzkhHmf1opZw","https:\/\/www.instagram.com\/acn_international\/"]}]}},"_links":{"self":[{"href":"https:\/\/acninternational.org\/es\/wp-json\/wp\/v2\/pages\/123299","targetHints":{"allow":["GET"]}}],"collection":[{"href":"https:\/\/acninternational.org\/es\/wp-json\/wp\/v2\/pages"}],"about":[{"href":"https:\/\/acninternational.org\/es\/wp-json\/wp\/v2\/types\/page"}],"author":[{"embeddable":true,"href":"https:\/\/acninternational.org\/es\/wp-json\/wp\/v2\/users\/1"}],"replies":[{"embeddable":true,"href":"https:\/\/acninternational.org\/es\/wp-json\/wp\/v2\/comments?post=123299"}],"version-history":[{"count":0,"href":"https:\/\/acninternational.org\/es\/wp-json\/wp\/v2\/pages\/123299\/revisions"}],"up":[{"embeddable":true,"href":"https:\/\/acninternational.org\/es\/wp-json\/wp\/v2\/pages\/123202"}],"wp:featuredmedia":[{"embeddable":true,"href":"https:\/\/acninternational.org\/es\/wp-json\/wp\/v2\/media\/60811"}],"wp:attachment":[{"href":"https:\/\/acninternational.org\/es\/wp-json\/wp\/v2\/media?parent=123299"}],"curies":[{"name":"wp","href":"https:\/\/api.w.org\/{rel}","templated":true}]}}