{"id":123293,"date":"2019-10-29T14:53:48","date_gmt":"2019-10-29T13:53:48","guid":{"rendered":"https:\/\/acninternational.org\/como-presentar-una-solicitud\/proyectos-de-construccion\/"},"modified":"2022-06-16T11:12:18","modified_gmt":"2022-06-16T09:12:18","slug":"construccion","status":"publish","type":"page","link":"https:\/\/acninternational.org\/es\/solicitar-ayuda\/construccion\/","title":{"rendered":"Proyectos de construcci\u00f3n"},"content":{"rendered":"<div class=\"wpb_text_column wpb_content_element grant-p-padding\">\n<div class=\"wpb_wrapper\">\n<p>Por su naturaleza, los proyectos de construcci\u00f3n suelen ser los m\u00e1s t\u00e9cnicos y complejos. A continuaci\u00f3n, le ofrecemos una LISTA DE CONTROL de la informaci\u00f3n requerida. La lista no pretende ser exhaustiva ni todos sus puntos son necesariamente aplicables a cada caso concreto.<\/p>\n<p>Lista de control para un\u00a0<strong>proyecto de construcci\u00f3n<\/strong><\/p>\n<\/div>\n<\/div>\n<div class=\"wpb_text_column wpb_content_element grant-list\">\n<div class=\"wpb_wrapper\">\n<ol>\n<li>Garant\u00eda de que la Iglesia es propietaria del terreno sobre el cual se quiere construir una iglesia u otro edificio eclesial (Europa del Este: copia de las escrituras de propiedad).<\/li>\n<li>Copia de la licencia de obras.<\/li>\n<li>Copia de los planos de construcci\u00f3n (planta, secci\u00f3n transversal y secci\u00f3n longitudinal) que muestren tama\u00f1o exacto y estilo del edificio previsto. NO env\u00ede dibujos de ingenier\u00eda t\u00e9cnica, estructural o de servicios.<\/li>\n<li>Estimaci\u00f3n formal del coste de la obra en divisa local (desglosada a fin de no reflejar simplemente el coste total, sino tambi\u00e9n el coste de los componentes principales, a saber, material y mano de obra, cimientos, muros, techos, etc.)*<\/li>\n<li>Plan financiero que indique las fuentes de recursos econ\u00f3micos para cubrir la estimaci\u00f3n formal de costes, incluyendo contribuci\u00f3n local, dem\u00e1s fuentes locales y extranjeras, y contribuci\u00f3n esperada de AIN*.<\/li>\n<li>Especifique todas las organizaciones de ayuda a las que ha solicitado financiaci\u00f3n y sus respuestas.<\/li>\n<li>Estado actual de las obras. Si se han comenzado, rogamos nos describa el trabajo realizado hasta la fecha, nos env\u00ede una foto actualizada y especifique cu\u00e1nto dinero se ha invertido hasta la fecha y de cu\u00e1nto se precisa a\u00fan.<\/li>\n<li>Carta de aprobaci\u00f3n del obispo local.<\/li>\n<li><a href=\"https:\/\/acninternational.org\/wp-content\/uploads\/sites\/69\/2019\/11\/BAF-SPA.pdf\">Impreso b\u00e1sico de solicitud<\/a>.<\/li>\n<li>Su solicitud\/argumentaci\u00f3n en favor del proyecto.<\/li>\n<\/ol>\n<\/div>\n<\/div>\n<div class=\"wpb_text_column wpb_content_element grant-p-padding\">\n<div class=\"wpb_wrapper\">\n<p><strong><em>Nota bene:<\/em><\/strong>\u00a0Si la obra del edificio previsto se desarrollara en varias fases, rogamos las defina con exactitud y desglose la estimaci\u00f3n de costes y el plan financiero en funci\u00f3n de dichas fases. Este requisito es especialmente importante para proyectos cuya realizaci\u00f3n abarque varios a\u00f1os.<\/p>\n<\/div>\n<\/div>\n","protected":false},"excerpt":{"rendered":"<p>Por su naturaleza, los proyectos de construcci\u00f3n suelen ser los m\u00e1s t\u00e9cnicos y complejos. A continuaci\u00f3n, le ofrecemos una LISTA DE CONTROL de la informaci\u00f3n requerida. La lista no pretende ser exhaustiva ni todos sus puntos son necesariamente aplicables a cada caso concreto. Lista de control para un\u00a0proyecto de construcci\u00f3n Garant\u00eda de que la Iglesia [&hellip;]<\/p>\n","protected":false},"author":1,"featured_media":60817,"parent":123225,"menu_order":0,"comment_status":"closed","ping_status":"closed","template":"","meta":{"_acf_changed":false,"footnotes":""},"class_list":["post-123293","page","type-page","status-publish","has-post-thumbnail","hentry","page-category-how-to-apply-subpages-es"],"acf":[],"yoast_head":"<!-- This site is optimized with the Yoast SEO Premium plugin v27.3 (Yoast SEO v27.3) - https:\/\/yoast.com\/product\/yoast-seo-premium-wordpress\/ -->\n<title>Proyectos de construcci\u00f3n | ACN International<\/title>\n<meta name=\"robots\" content=\"index, follow, max-snippet:-1, max-image-preview:large, max-video-preview:-1\" \/>\n<link rel=\"canonical\" href=\"https:\/\/acninternational.org\/es\/solicitar-ayuda\/construccion\/\" \/>\n<meta property=\"og:locale\" content=\"es_ES\" \/>\n<meta property=\"og:type\" content=\"article\" \/>\n<meta property=\"og:title\" content=\"Proyectos de construcci\u00f3n\" \/>\n<meta property=\"og:description\" content=\"Por su naturaleza, los proyectos de construcci\u00f3n suelen ser los m\u00e1s t\u00e9cnicos y complejos. A continuaci\u00f3n, le ofrecemos una LISTA DE CONTROL de la informaci\u00f3n requerida. La lista no pretende ser exhaustiva ni todos sus puntos son necesariamente aplicables a cada caso concreto. Lista de control para un\u00a0proyecto de construcci\u00f3n Garant\u00eda de que la Iglesia [&hellip;]\" \/>\n<meta property=\"og:url\" content=\"https:\/\/acninternational.org\/es\/solicitar-ayuda\/construccion\/\" \/>\n<meta property=\"og:site_name\" content=\"ACN International\" \/>\n<meta property=\"article:publisher\" content=\"https:\/\/www.facebook.com\/acninternationalorg\" \/>\n<meta property=\"article:modified_time\" content=\"2022-06-16T09:12:18+00:00\" \/>\n<meta property=\"og:image\" content=\"https:\/\/media.acninternational.org\/wp-content\/uploads\/2019\/10\/acn-20180913-76623_web-2000.jpg\" \/>\n\t<meta property=\"og:image:width\" content=\"2000\" \/>\n\t<meta property=\"og:image:height\" content=\"625\" \/>\n\t<meta property=\"og:image:type\" content=\"image\/jpeg\" \/>\n<meta name=\"twitter:card\" content=\"summary_large_image\" \/>\n<meta name=\"twitter:site\" content=\"@acn_int\" \/>\n<meta name=\"twitter:label1\" content=\"Tiempo de lectura\" \/>\n\t<meta name=\"twitter:data1\" content=\"2 minutos\" \/>\n<script type=\"application\/ld+json\" class=\"yoast-schema-graph\">{\"@context\":\"https:\\\/\\\/schema.org\",\"@graph\":[{\"@type\":\"WebPage\",\"@id\":\"https:\\\/\\\/acninternational.org\\\/es\\\/solicitar-ayuda\\\/construccion\\\/\",\"url\":\"https:\\\/\\\/acninternational.org\\\/es\\\/solicitar-ayuda\\\/construccion\\\/\",\"name\":\"Proyectos de construcci\u00f3n | ACN International\",\"isPartOf\":{\"@id\":\"https:\\\/\\\/acninternational.org\\\/es\\\/#website\"},\"primaryImageOfPage\":{\"@id\":\"https:\\\/\\\/acninternational.org\\\/es\\\/solicitar-ayuda\\\/construccion\\\/#primaryimage\"},\"image\":{\"@id\":\"https:\\\/\\\/acninternational.org\\\/es\\\/solicitar-ayuda\\\/construccion\\\/#primaryimage\"},\"thumbnailUrl\":\"https:\\\/\\\/media.acninternational.org\\\/wp-content\\\/uploads\\\/2019\\\/10\\\/acn-20180913-76623_web-2000.jpg\",\"datePublished\":\"2019-10-29T13:53:48+00:00\",\"dateModified\":\"2022-06-16T09:12:18+00:00\",\"breadcrumb\":{\"@id\":\"https:\\\/\\\/acninternational.org\\\/es\\\/solicitar-ayuda\\\/construccion\\\/#breadcrumb\"},\"inLanguage\":\"es\",\"potentialAction\":[{\"@type\":\"ReadAction\",\"target\":[\"https:\\\/\\\/acninternational.org\\\/es\\\/solicitar-ayuda\\\/construccion\\\/\"]}]},{\"@type\":\"ImageObject\",\"inLanguage\":\"es\",\"@id\":\"https:\\\/\\\/acninternational.org\\\/es\\\/solicitar-ayuda\\\/construccion\\\/#primaryimage\",\"url\":\"https:\\\/\\\/media.acninternational.org\\\/wp-content\\\/uploads\\\/2019\\\/10\\\/acn-20180913-76623_web-2000.jpg\",\"contentUrl\":\"https:\\\/\\\/media.acninternational.org\\\/wp-content\\\/uploads\\\/2019\\\/10\\\/acn-20180913-76623_web-2000.jpg\",\"width\":2000,\"height\":625,\"caption\":\"Special Case Construction Projects\"},{\"@type\":\"BreadcrumbList\",\"@id\":\"https:\\\/\\\/acninternational.org\\\/es\\\/solicitar-ayuda\\\/construccion\\\/#breadcrumb\",\"itemListElement\":[{\"@type\":\"ListItem\",\"position\":1,\"name\":\"Home\",\"item\":\"https:\\\/\\\/acninternational.org\\\/es\\\/\"},{\"@type\":\"ListItem\",\"position\":2,\"name\":\"Solicitar Ayuda\",\"item\":\"https:\\\/\\\/acninternational.org\\\/es\\\/solicitar-ayuda\\\/\"},{\"@type\":\"ListItem\",\"position\":3,\"name\":\"Proyectos de construcci\u00f3n\"}]},{\"@type\":\"WebSite\",\"@id\":\"https:\\\/\\\/acninternational.org\\\/es\\\/#website\",\"url\":\"https:\\\/\\\/acninternational.org\\\/es\\\/\",\"name\":\"ACN International\",\"description\":\"\",\"publisher\":{\"@id\":\"https:\\\/\\\/acninternational.org\\\/es\\\/#organization\"},\"potentialAction\":[{\"@type\":\"SearchAction\",\"target\":{\"@type\":\"EntryPoint\",\"urlTemplate\":\"https:\\\/\\\/acninternational.org\\\/es\\\/?s={search_term_string}\"},\"query-input\":{\"@type\":\"PropertyValueSpecification\",\"valueRequired\":true,\"valueName\":\"search_term_string\"}}],\"inLanguage\":\"es\"},{\"@type\":\"Organization\",\"@id\":\"https:\\\/\\\/acninternational.org\\\/es\\\/#organization\",\"name\":\"Aid to the Church in Need International\",\"url\":\"https:\\\/\\\/acninternational.org\\\/es\\\/\",\"logo\":{\"@type\":\"ImageObject\",\"inLanguage\":\"es\",\"@id\":\"https:\\\/\\\/acninternational.org\\\/es\\\/#\\\/schema\\\/logo\\\/image\\\/\",\"url\":\"https:\\\/\\\/media.acninternational.org\\\/wp-content\\\/uploads\\\/2019\\\/11\\\/acn_logo_blackvector.svg\",\"contentUrl\":\"https:\\\/\\\/media.acninternational.org\\\/wp-content\\\/uploads\\\/2019\\\/11\\\/acn_logo_blackvector.svg\",\"width\":232.6,\"height\":78,\"caption\":\"Aid to the Church in Need International\"},\"image\":{\"@id\":\"https:\\\/\\\/acninternational.org\\\/es\\\/#\\\/schema\\\/logo\\\/image\\\/\"},\"sameAs\":[\"https:\\\/\\\/www.facebook.com\\\/acninternationalorg\",\"https:\\\/\\\/x.com\\\/acn_int\",\"https:\\\/\\\/www.youtube.com\\\/channel\\\/UCQ-077gS0TnVzkhHmf1opZw\",\"https:\\\/\\\/www.instagram.com\\\/acn_international\\\/\"]}]}<\/script>\n<!-- \/ Yoast SEO Premium plugin. -->","yoast_head_json":{"title":"Proyectos de construcci\u00f3n | ACN International","robots":{"index":"index","follow":"follow","max-snippet":"max-snippet:-1","max-image-preview":"max-image-preview:large","max-video-preview":"max-video-preview:-1"},"canonical":"https:\/\/acninternational.org\/es\/solicitar-ayuda\/construccion\/","og_locale":"es_ES","og_type":"article","og_title":"Proyectos de construcci\u00f3n","og_description":"Por su naturaleza, los proyectos de construcci\u00f3n suelen ser los m\u00e1s t\u00e9cnicos y complejos. A continuaci\u00f3n, le ofrecemos una LISTA DE CONTROL de la informaci\u00f3n requerida. La lista no pretende ser exhaustiva ni todos sus puntos son necesariamente aplicables a cada caso concreto. Lista de control para un\u00a0proyecto de construcci\u00f3n Garant\u00eda de que la Iglesia [&hellip;]","og_url":"https:\/\/acninternational.org\/es\/solicitar-ayuda\/construccion\/","og_site_name":"ACN International","article_publisher":"https:\/\/www.facebook.com\/acninternationalorg","article_modified_time":"2022-06-16T09:12:18+00:00","og_image":[{"width":2000,"height":625,"url":"https:\/\/media.acninternational.org\/wp-content\/uploads\/2019\/10\/acn-20180913-76623_web-2000.jpg","type":"image\/jpeg"}],"twitter_card":"summary_large_image","twitter_site":"@acn_int","twitter_misc":{"Tiempo de lectura":"2 minutos"},"schema":{"@context":"https:\/\/schema.org","@graph":[{"@type":"WebPage","@id":"https:\/\/acninternational.org\/es\/solicitar-ayuda\/construccion\/","url":"https:\/\/acninternational.org\/es\/solicitar-ayuda\/construccion\/","name":"Proyectos de construcci\u00f3n | ACN International","isPartOf":{"@id":"https:\/\/acninternational.org\/es\/#website"},"primaryImageOfPage":{"@id":"https:\/\/acninternational.org\/es\/solicitar-ayuda\/construccion\/#primaryimage"},"image":{"@id":"https:\/\/acninternational.org\/es\/solicitar-ayuda\/construccion\/#primaryimage"},"thumbnailUrl":"https:\/\/media.acninternational.org\/wp-content\/uploads\/2019\/10\/acn-20180913-76623_web-2000.jpg","datePublished":"2019-10-29T13:53:48+00:00","dateModified":"2022-06-16T09:12:18+00:00","breadcrumb":{"@id":"https:\/\/acninternational.org\/es\/solicitar-ayuda\/construccion\/#breadcrumb"},"inLanguage":"es","potentialAction":[{"@type":"ReadAction","target":["https:\/\/acninternational.org\/es\/solicitar-ayuda\/construccion\/"]}]},{"@type":"ImageObject","inLanguage":"es","@id":"https:\/\/acninternational.org\/es\/solicitar-ayuda\/construccion\/#primaryimage","url":"https:\/\/media.acninternational.org\/wp-content\/uploads\/2019\/10\/acn-20180913-76623_web-2000.jpg","contentUrl":"https:\/\/media.acninternational.org\/wp-content\/uploads\/2019\/10\/acn-20180913-76623_web-2000.jpg","width":2000,"height":625,"caption":"Special Case Construction Projects"},{"@type":"BreadcrumbList","@id":"https:\/\/acninternational.org\/es\/solicitar-ayuda\/construccion\/#breadcrumb","itemListElement":[{"@type":"ListItem","position":1,"name":"Home","item":"https:\/\/acninternational.org\/es\/"},{"@type":"ListItem","position":2,"name":"Solicitar Ayuda","item":"https:\/\/acninternational.org\/es\/solicitar-ayuda\/"},{"@type":"ListItem","position":3,"name":"Proyectos de construcci\u00f3n"}]},{"@type":"WebSite","@id":"https:\/\/acninternational.org\/es\/#website","url":"https:\/\/acninternational.org\/es\/","name":"ACN International","description":"","publisher":{"@id":"https:\/\/acninternational.org\/es\/#organization"},"potentialAction":[{"@type":"SearchAction","target":{"@type":"EntryPoint","urlTemplate":"https:\/\/acninternational.org\/es\/?s={search_term_string}"},"query-input":{"@type":"PropertyValueSpecification","valueRequired":true,"valueName":"search_term_string"}}],"inLanguage":"es"},{"@type":"Organization","@id":"https:\/\/acninternational.org\/es\/#organization","name":"Aid to the Church in Need International","url":"https:\/\/acninternational.org\/es\/","logo":{"@type":"ImageObject","inLanguage":"es","@id":"https:\/\/acninternational.org\/es\/#\/schema\/logo\/image\/","url":"https:\/\/media.acninternational.org\/wp-content\/uploads\/2019\/11\/acn_logo_blackvector.svg","contentUrl":"https:\/\/media.acninternational.org\/wp-content\/uploads\/2019\/11\/acn_logo_blackvector.svg","width":232.6,"height":78,"caption":"Aid to the Church in Need International"},"image":{"@id":"https:\/\/acninternational.org\/es\/#\/schema\/logo\/image\/"},"sameAs":["https:\/\/www.facebook.com\/acninternationalorg","https:\/\/x.com\/acn_int","https:\/\/www.youtube.com\/channel\/UCQ-077gS0TnVzkhHmf1opZw","https:\/\/www.instagram.com\/acn_international\/"]}]}},"_links":{"self":[{"href":"https:\/\/acninternational.org\/es\/wp-json\/wp\/v2\/pages\/123293","targetHints":{"allow":["GET"]}}],"collection":[{"href":"https:\/\/acninternational.org\/es\/wp-json\/wp\/v2\/pages"}],"about":[{"href":"https:\/\/acninternational.org\/es\/wp-json\/wp\/v2\/types\/page"}],"author":[{"embeddable":true,"href":"https:\/\/acninternational.org\/es\/wp-json\/wp\/v2\/users\/1"}],"replies":[{"embeddable":true,"href":"https:\/\/acninternational.org\/es\/wp-json\/wp\/v2\/comments?post=123293"}],"version-history":[{"count":0,"href":"https:\/\/acninternational.org\/es\/wp-json\/wp\/v2\/pages\/123293\/revisions"}],"up":[{"embeddable":true,"href":"https:\/\/acninternational.org\/es\/wp-json\/wp\/v2\/pages\/123225"}],"wp:featuredmedia":[{"embeddable":true,"href":"https:\/\/acninternational.org\/es\/wp-json\/wp\/v2\/media\/60817"}],"wp:attachment":[{"href":"https:\/\/acninternational.org\/es\/wp-json\/wp\/v2\/media?parent=123293"}],"curies":[{"name":"wp","href":"https:\/\/api.w.org\/{rel}","templated":true}]}}