{"id":123270,"date":"2019-09-16T10:06:02","date_gmt":"2019-09-16T08:06:02","guid":{"rendered":"https:\/\/acninternational.org\/como-presentar-una-solicitud\/estipendios-de-misas\/"},"modified":"2023-07-06T12:45:14","modified_gmt":"2023-07-06T10:45:14","slug":"estipendios","status":"publish","type":"page","link":"https:\/\/acninternational.org\/es\/solicitar-ayuda\/estipendios\/","title":{"rendered":"Estipendios de misas"},"content":{"rendered":"<p>La pr\u00e1ctica de hacer ofrendas de Misa se remonta a la Iglesia primitiva, cuando los fieles tra\u00edan pan y vino a la Misa y otros donativos en apoyo de los sacerdotes y de los pobres. Hoy en d\u00eda, una ofrenda de Misa monetaria llamada \u201cestipendio de Misa\u201d es una variante que permite a los fieles incluir una intenci\u00f3n particular en la celebraci\u00f3n de la Sagrada Eucarist\u00eda. Esta ofrenda establece un estrecho v\u00ednculo entre el donante y la vida y la misi\u00f3n de la Iglesia -el Cuerpo de Cristo-, ya que la ofrenda se convierte en una forma de apoyo material a los ministros de la Iglesia y a sus actividades pastorales.<\/p>\n<p>La Santa Misa no debe ser nunca una ocasi\u00f3n para \u201ccomprar y vender\u201d o para \u201chacer dinero\u201d, ni debe haber la m\u00e1s m\u00ednima apariencia de querer sacar provecho de las ofrendas de Misa. La Santa Misa tiene un valor inestimable, es el sacrificio de Cristo por la vida del mundo entero y por eso la Misa es \u201cimpagable\u201d. El donativo para la celebraci\u00f3n de una Misa es una expresi\u00f3n del deseo del donante de querer participar m\u00e1s \u00edntimamente en la gracia de la Misa. El donativo material no s\u00f3lo proporciona el sustento al sacerdote, sino que tambi\u00e9n expresa la entrega que de s\u00ed hace el donante a Dios.<\/p>\n<p>En la mayor\u00eda de los pa\u00edses del mundo, los sacerdotes no reciben ning\u00fan o muy poco apoyo financiero regular. La situaci\u00f3n econ\u00f3mica de los fieles no les permite apoyar econ\u00f3micamente a su sacerdote. Por lo tanto, a trav\u00e9s de los estipendios de Misa, ACN quiere proporcionar una ayuda existencial b\u00e1sica a los sacerdotes de todo el mundo y as\u00ed permitirles llevar a cabo su servicio pastoral.<\/p>\n<p><strong>C\u00f3mo presentar una solicitud de estipendios de Misa a ACN<\/strong><\/p>\n<p>La solicitud de \u201cestipendios de Misa\u201d s\u00f3lo puede presentarse a ACN a trav\u00e9s del Ordinario (obispo diocesano o superior religioso) en nombre de los sacerdotes que trabajan bajo su jurisdicci\u00f3n. ACN no acepta solicitudes de sacerdotes individuales. Es preferible s\u00f3lo presentar una vez al a\u00f1o una solicitud de estipendios de Misa.<\/p>\n<p>Si se aprueba la solicitud, el Ordinario, en virtud de can. 945-958 CIC, tiene que ocuparse de \u00a0que los estipendios de Misa aceptados se administren, se distribuyan a los sacerdotes individuales y se apliquen en la celebraci\u00f3n de la Santa Misa seg\u00fan el canon. 945-958 CIC. En particular, ha de asegurar que\u00a0<u>por cada ofrenda de Misa recibida se celebre una Misa\u00a0separada\u00a0por la intenci\u00f3n particular del donante (<em>ad intentionem dantis<\/em><\/u>). (cf. c. 948<a href=\"https:\/\/acninternational.org\/es\/solicitar-ayuda\/estipendios\/#_ftn1\" name=\"_ftnref1\">[1]<\/a>\u00a0CIC). Cada sacerdote que celebra una Misa con las intenciones de los donantes de ACN debe recibir, a no ser que se haya acordado otra cosa con el Ordinario, la cantidad total del estipendio de Misa enviada al Ordinario por ACN.<\/p>\n<p>No est\u00e1 permitido juntar varias ofrendas de Misa recibidas por ACN o combinarlas con otras ofrendas de Misa y cumplirlas con una sola Misa, celebrada de acuerdo a lo que se llama una intenci\u00f3n \u201ccolectiva\u201d. Conforme al canon 953 CIC<a href=\"https:\/\/acninternational.org\/es\/solicitar-ayuda\/estipendios\/#_ftn2\" name=\"_ftnref2\">[2]<\/a>, las Misas por las ofrendas aceptadas deben celebrarse en el plazo de un a\u00f1o.<\/p>\n<p>La celebraci\u00f3n de un triduo de Misas (3 d\u00edas consecutivos), novena de Misas (9 d\u00edas consecutivos) o Misas gregorianas (30 d\u00edas consecutivos) s\u00f3lo deber\u00e1 interrumpirse por un imprevisto repentino (p.e. una enfermedad) o por otra causa razonable (p.e. la celebraci\u00f3n de un funeral o matrimonio). No obstante, el sacerdote tiene la obligaci\u00f3n de completar la celebraci\u00f3n de las Misas particulares lo antes posible.<a href=\"https:\/\/acninternational.org\/es\/solicitar-ayuda\/estipendios\/#_ftn3\" name=\"_ftnref3\">[3]<\/a><\/p>\n<p>De acuerdo con el canon 717 CCEO<a href=\"https:\/\/acninternational.org\/es\/solicitar-ayuda\/estipendios\/#_ftn4\" name=\"_ftnref4\">[4]<\/a>, los sacerdotes de las Iglesias Orientales que acepten ofrendas para la Divina Liturgia de los fieles cristianos de otra Iglesia sui iuris (en el caso de ACN, Iglesia Cat\u00f3lica Romana de Rito Latino), se comprometen a acatar las normas de esa misma Iglesia (CIC).<\/p>\n<p><img loading=\"lazy\" decoding=\"async\" src=\"https:\/\/media.acninternational.org\/wp-content\/uploads\/2019\/09\/acn-20170926-61638_web-680.jpg\" sizes=\"auto, (max-width: 680px) 100vw, 680px\" srcset=\"https:\/\/media.acninternational.org\/wp-content\/uploads\/2019\/09\/acn-20170926-61638_web-680.jpg 680w, https:\/\/media.acninternational.org\/wp-content\/uploads\/2019\/09\/acn-20170926-61638_web-680-300x173.jpg 300w\" alt=\"\" width=\"680\" height=\"391\" \/><\/p>\n<p>Es preciso adjuntar la siguiente informaci\u00f3n a una solicitud de \u201cestipendios de Misa\u201d: <a class=\"elementor-sub-item elementor-item-active\" href=\"https:\/\/acninternational.org\/es\/solicitar-ayuda\/estipendios\/\" aria-current=\"page\">Estipendios de misas<\/a><\/p>\n<ul>\n<li>Justificaci\u00f3n de la necesidad de \u201cestipendios de Misa\u201d. (Tenga en cuenta que los estipendios de Misa de ACN no deben reemplazar los de los fieles locales ni desalentar a que estos sigan apoyando a su propio clero a trav\u00e9s de esta antigua pr\u00e1ctica de la Iglesia).<\/li>\n<li>El n\u00famero, los nombres y los oficios de los sacerdotes que necesitan los \u201cestipendios de Misa\u201d y la cantidad requerida de \u201cestipendios de Misa\u201d. Por favor, indique en la solicitud qu\u00e9 sacerdotes podr\u00edan aplicar estipendios de Misa para la celebraci\u00f3n de triduos de Misa (Misas en 3 d\u00edas consecutivos), novenas de Misa (Misas en 9 d\u00edas consecutivos) o Misas gregorianas (Misas en 30 d\u00edas consecutivos).<\/li>\n<li>Datos bancarios. (Para ello puede utilizar nuestro\u00a0<a href=\"http:\/\/acninternational.org\/wp-content\/uploads\/2019\/02\/BAF-SPA.pdf\">formulario b\u00e1sico de solicitud<\/a>).<\/li>\n<\/ul>\n<p>\u00a1Ojo! En vista de las cada vez m\u00e1s estrictas exigencias del mundo actual referentes a informes, prevenci\u00f3n y protecci\u00f3n de abusos, as\u00ed como protecci\u00f3n de datos y dado nuestro deber de mostrar a nuestros bienhechores el empleo de sus donativos, pedimos que nos env\u00ede <a href=\"https:\/\/media.acninternational.org\/wp-content\/uploads\/2021\/08\/FPAM-for-the-website_2021-SPA.pdf\">el acuerdo y la declaraci\u00f3n de conformidad<\/a>. Rogamos tenga en cuenta que para poder liberar nuestros subsidios es necesario haber recibido ambos formularios debidamente firmados.<\/p>\n<p><a href=\"https:\/\/acninternational.org\/es\/solicitar-ayuda\/estipendios\/#_ftnref1\" name=\"_ftn1\">[1]<\/a>\u00a0Can. 948 Se ha de aplicar una Misa distinta por cada intencio\u0301n para la que ha sido ofrecida y se ha aceptado una ofrenda, aunque sea pequen\u0303a.<\/p>\n<p><a href=\"https:\/\/acninternational.org\/es\/solicitar-ayuda\/estipendios\/#_ftnref2\" name=\"_ftn2\">[2]<\/a>\u00a0Can. 953 A nadie es li\u0301cito aceptar tantas ofrendas para celebrar Misas personalmente, que no pueda satisfacerlas en el plazo de un an\u0303o.<\/p>\n<p><a href=\"https:\/\/acninternational.org\/es\/solicitar-ayuda\/estipendios\/#_ftnref3\" name=\"_ftn3\">[3]<\/a>\u00a0Cf. Enchidrion Vaticanum 2, Documenti ufficiali della Santa Sede 1963-67, n. 966.<\/p>\n<p><a href=\"https:\/\/acninternational.org\/es\/solicitar-ayuda\/estipendios\/#_ftnref4\" name=\"_ftn4\">[4]<\/a>\u00a0Can.717 Si los sacerdotes aceptan ofrendas de los fieles cristianos de otra Iglesia sui iuris para celebrar la Divina liturgia, esta\u0301n obligados a cumplir para estas ofrendas las normas de esa Iglesia, a no ser que conste otra cosa por parte del oferente.<\/p>\n","protected":false},"excerpt":{"rendered":"<p>La pr\u00e1ctica de hacer ofrendas de Misa se remonta a la Iglesia primitiva, cuando los fieles tra\u00edan pan y vino a la Misa y otros donativos en apoyo de los sacerdotes y de los pobres. Hoy en d\u00eda, una ofrenda de Misa monetaria llamada \u201cestipendio de Misa\u201d es una variante que permite a los fieles [&hellip;]<\/p>\n","protected":false},"author":1,"featured_media":59389,"parent":123225,"menu_order":0,"comment_status":"closed","ping_status":"closed","template":"","meta":{"_acf_changed":false,"footnotes":""},"class_list":["post-123270","page","type-page","status-publish","has-post-thumbnail","hentry","page-category-how-to-apply-subpages-es"],"acf":[],"yoast_head":"<!-- This site is optimized with the Yoast SEO Premium plugin v27.3 (Yoast SEO v27.3) - https:\/\/yoast.com\/product\/yoast-seo-premium-wordpress\/ -->\n<title>Estipendios de misas | ACN International<\/title>\n<meta name=\"robots\" content=\"index, follow, max-snippet:-1, max-image-preview:large, max-video-preview:-1\" \/>\n<link rel=\"canonical\" href=\"https:\/\/acninternational.org\/es\/solicitar-ayuda\/estipendios\/\" \/>\n<meta property=\"og:locale\" content=\"es_ES\" \/>\n<meta property=\"og:type\" content=\"article\" \/>\n<meta property=\"og:title\" content=\"Estipendios de misas\" \/>\n<meta property=\"og:description\" content=\"La pr\u00e1ctica de hacer ofrendas de Misa se remonta a la Iglesia primitiva, cuando los fieles tra\u00edan pan y vino a la Misa y otros donativos en apoyo de los sacerdotes y de los pobres. Hoy en d\u00eda, una ofrenda de Misa monetaria llamada \u201cestipendio de Misa\u201d es una variante que permite a los fieles [&hellip;]\" \/>\n<meta property=\"og:url\" content=\"https:\/\/acninternational.org\/es\/solicitar-ayuda\/estipendios\/\" \/>\n<meta property=\"og:site_name\" content=\"ACN International\" \/>\n<meta property=\"article:publisher\" content=\"https:\/\/www.facebook.com\/acninternationalorg\" \/>\n<meta property=\"article:modified_time\" content=\"2023-07-06T10:45:14+00:00\" \/>\n<meta property=\"og:image\" content=\"https:\/\/media.acninternational.org\/wp-content\/uploads\/2019\/09\/18.jpg\" \/>\n\t<meta property=\"og:image:width\" content=\"2000\" \/>\n\t<meta property=\"og:image:height\" content=\"625\" \/>\n\t<meta property=\"og:image:type\" content=\"image\/jpeg\" \/>\n<meta name=\"twitter:card\" content=\"summary_large_image\" \/>\n<meta name=\"twitter:site\" content=\"@acn_int\" \/>\n<meta name=\"twitter:label1\" content=\"Tiempo de lectura\" \/>\n\t<meta name=\"twitter:data1\" content=\"5 minutos\" \/>\n<script type=\"application\/ld+json\" class=\"yoast-schema-graph\">{\"@context\":\"https:\\\/\\\/schema.org\",\"@graph\":[{\"@type\":\"WebPage\",\"@id\":\"https:\\\/\\\/acninternational.org\\\/es\\\/solicitar-ayuda\\\/estipendios\\\/\",\"url\":\"https:\\\/\\\/acninternational.org\\\/es\\\/solicitar-ayuda\\\/estipendios\\\/\",\"name\":\"Estipendios de misas | ACN International\",\"isPartOf\":{\"@id\":\"https:\\\/\\\/acninternational.org\\\/es\\\/#website\"},\"primaryImageOfPage\":{\"@id\":\"https:\\\/\\\/acninternational.org\\\/es\\\/solicitar-ayuda\\\/estipendios\\\/#primaryimage\"},\"image\":{\"@id\":\"https:\\\/\\\/acninternational.org\\\/es\\\/solicitar-ayuda\\\/estipendios\\\/#primaryimage\"},\"thumbnailUrl\":\"https:\\\/\\\/media.acninternational.org\\\/wp-content\\\/uploads\\\/2019\\\/09\\\/18.jpg\",\"datePublished\":\"2019-09-16T08:06:02+00:00\",\"dateModified\":\"2023-07-06T10:45:14+00:00\",\"breadcrumb\":{\"@id\":\"https:\\\/\\\/acninternational.org\\\/es\\\/solicitar-ayuda\\\/estipendios\\\/#breadcrumb\"},\"inLanguage\":\"es\",\"potentialAction\":[{\"@type\":\"ReadAction\",\"target\":[\"https:\\\/\\\/acninternational.org\\\/es\\\/solicitar-ayuda\\\/estipendios\\\/\"]}]},{\"@type\":\"ImageObject\",\"inLanguage\":\"es\",\"@id\":\"https:\\\/\\\/acninternational.org\\\/es\\\/solicitar-ayuda\\\/estipendios\\\/#primaryimage\",\"url\":\"https:\\\/\\\/media.acninternational.org\\\/wp-content\\\/uploads\\\/2019\\\/09\\\/18.jpg\",\"contentUrl\":\"https:\\\/\\\/media.acninternational.org\\\/wp-content\\\/uploads\\\/2019\\\/09\\\/18.jpg\",\"width\":2000,\"height\":625},{\"@type\":\"BreadcrumbList\",\"@id\":\"https:\\\/\\\/acninternational.org\\\/es\\\/solicitar-ayuda\\\/estipendios\\\/#breadcrumb\",\"itemListElement\":[{\"@type\":\"ListItem\",\"position\":1,\"name\":\"Home\",\"item\":\"https:\\\/\\\/acninternational.org\\\/es\\\/\"},{\"@type\":\"ListItem\",\"position\":2,\"name\":\"Solicitar Ayuda\",\"item\":\"https:\\\/\\\/acninternational.org\\\/es\\\/solicitar-ayuda\\\/\"},{\"@type\":\"ListItem\",\"position\":3,\"name\":\"Estipendios de misas\"}]},{\"@type\":\"WebSite\",\"@id\":\"https:\\\/\\\/acninternational.org\\\/es\\\/#website\",\"url\":\"https:\\\/\\\/acninternational.org\\\/es\\\/\",\"name\":\"ACN International\",\"description\":\"\",\"publisher\":{\"@id\":\"https:\\\/\\\/acninternational.org\\\/es\\\/#organization\"},\"potentialAction\":[{\"@type\":\"SearchAction\",\"target\":{\"@type\":\"EntryPoint\",\"urlTemplate\":\"https:\\\/\\\/acninternational.org\\\/es\\\/?s={search_term_string}\"},\"query-input\":{\"@type\":\"PropertyValueSpecification\",\"valueRequired\":true,\"valueName\":\"search_term_string\"}}],\"inLanguage\":\"es\"},{\"@type\":\"Organization\",\"@id\":\"https:\\\/\\\/acninternational.org\\\/es\\\/#organization\",\"name\":\"Aid to the Church in Need International\",\"url\":\"https:\\\/\\\/acninternational.org\\\/es\\\/\",\"logo\":{\"@type\":\"ImageObject\",\"inLanguage\":\"es\",\"@id\":\"https:\\\/\\\/acninternational.org\\\/es\\\/#\\\/schema\\\/logo\\\/image\\\/\",\"url\":\"https:\\\/\\\/media.acninternational.org\\\/wp-content\\\/uploads\\\/2019\\\/11\\\/acn_logo_blackvector.svg\",\"contentUrl\":\"https:\\\/\\\/media.acninternational.org\\\/wp-content\\\/uploads\\\/2019\\\/11\\\/acn_logo_blackvector.svg\",\"width\":232.6,\"height\":78,\"caption\":\"Aid to the Church in Need International\"},\"image\":{\"@id\":\"https:\\\/\\\/acninternational.org\\\/es\\\/#\\\/schema\\\/logo\\\/image\\\/\"},\"sameAs\":[\"https:\\\/\\\/www.facebook.com\\\/acninternationalorg\",\"https:\\\/\\\/x.com\\\/acn_int\",\"https:\\\/\\\/www.youtube.com\\\/channel\\\/UCQ-077gS0TnVzkhHmf1opZw\",\"https:\\\/\\\/www.instagram.com\\\/acn_international\\\/\"]}]}<\/script>\n<!-- \/ Yoast SEO Premium plugin. -->","yoast_head_json":{"title":"Estipendios de misas | ACN International","robots":{"index":"index","follow":"follow","max-snippet":"max-snippet:-1","max-image-preview":"max-image-preview:large","max-video-preview":"max-video-preview:-1"},"canonical":"https:\/\/acninternational.org\/es\/solicitar-ayuda\/estipendios\/","og_locale":"es_ES","og_type":"article","og_title":"Estipendios de misas","og_description":"La pr\u00e1ctica de hacer ofrendas de Misa se remonta a la Iglesia primitiva, cuando los fieles tra\u00edan pan y vino a la Misa y otros donativos en apoyo de los sacerdotes y de los pobres. Hoy en d\u00eda, una ofrenda de Misa monetaria llamada \u201cestipendio de Misa\u201d es una variante que permite a los fieles [&hellip;]","og_url":"https:\/\/acninternational.org\/es\/solicitar-ayuda\/estipendios\/","og_site_name":"ACN International","article_publisher":"https:\/\/www.facebook.com\/acninternationalorg","article_modified_time":"2023-07-06T10:45:14+00:00","og_image":[{"width":2000,"height":625,"url":"https:\/\/media.acninternational.org\/wp-content\/uploads\/2019\/09\/18.jpg","type":"image\/jpeg"}],"twitter_card":"summary_large_image","twitter_site":"@acn_int","twitter_misc":{"Tiempo de lectura":"5 minutos"},"schema":{"@context":"https:\/\/schema.org","@graph":[{"@type":"WebPage","@id":"https:\/\/acninternational.org\/es\/solicitar-ayuda\/estipendios\/","url":"https:\/\/acninternational.org\/es\/solicitar-ayuda\/estipendios\/","name":"Estipendios de misas | ACN International","isPartOf":{"@id":"https:\/\/acninternational.org\/es\/#website"},"primaryImageOfPage":{"@id":"https:\/\/acninternational.org\/es\/solicitar-ayuda\/estipendios\/#primaryimage"},"image":{"@id":"https:\/\/acninternational.org\/es\/solicitar-ayuda\/estipendios\/#primaryimage"},"thumbnailUrl":"https:\/\/media.acninternational.org\/wp-content\/uploads\/2019\/09\/18.jpg","datePublished":"2019-09-16T08:06:02+00:00","dateModified":"2023-07-06T10:45:14+00:00","breadcrumb":{"@id":"https:\/\/acninternational.org\/es\/solicitar-ayuda\/estipendios\/#breadcrumb"},"inLanguage":"es","potentialAction":[{"@type":"ReadAction","target":["https:\/\/acninternational.org\/es\/solicitar-ayuda\/estipendios\/"]}]},{"@type":"ImageObject","inLanguage":"es","@id":"https:\/\/acninternational.org\/es\/solicitar-ayuda\/estipendios\/#primaryimage","url":"https:\/\/media.acninternational.org\/wp-content\/uploads\/2019\/09\/18.jpg","contentUrl":"https:\/\/media.acninternational.org\/wp-content\/uploads\/2019\/09\/18.jpg","width":2000,"height":625},{"@type":"BreadcrumbList","@id":"https:\/\/acninternational.org\/es\/solicitar-ayuda\/estipendios\/#breadcrumb","itemListElement":[{"@type":"ListItem","position":1,"name":"Home","item":"https:\/\/acninternational.org\/es\/"},{"@type":"ListItem","position":2,"name":"Solicitar Ayuda","item":"https:\/\/acninternational.org\/es\/solicitar-ayuda\/"},{"@type":"ListItem","position":3,"name":"Estipendios de misas"}]},{"@type":"WebSite","@id":"https:\/\/acninternational.org\/es\/#website","url":"https:\/\/acninternational.org\/es\/","name":"ACN International","description":"","publisher":{"@id":"https:\/\/acninternational.org\/es\/#organization"},"potentialAction":[{"@type":"SearchAction","target":{"@type":"EntryPoint","urlTemplate":"https:\/\/acninternational.org\/es\/?s={search_term_string}"},"query-input":{"@type":"PropertyValueSpecification","valueRequired":true,"valueName":"search_term_string"}}],"inLanguage":"es"},{"@type":"Organization","@id":"https:\/\/acninternational.org\/es\/#organization","name":"Aid to the Church in Need International","url":"https:\/\/acninternational.org\/es\/","logo":{"@type":"ImageObject","inLanguage":"es","@id":"https:\/\/acninternational.org\/es\/#\/schema\/logo\/image\/","url":"https:\/\/media.acninternational.org\/wp-content\/uploads\/2019\/11\/acn_logo_blackvector.svg","contentUrl":"https:\/\/media.acninternational.org\/wp-content\/uploads\/2019\/11\/acn_logo_blackvector.svg","width":232.6,"height":78,"caption":"Aid to the Church in Need International"},"image":{"@id":"https:\/\/acninternational.org\/es\/#\/schema\/logo\/image\/"},"sameAs":["https:\/\/www.facebook.com\/acninternationalorg","https:\/\/x.com\/acn_int","https:\/\/www.youtube.com\/channel\/UCQ-077gS0TnVzkhHmf1opZw","https:\/\/www.instagram.com\/acn_international\/"]}]}},"_links":{"self":[{"href":"https:\/\/acninternational.org\/es\/wp-json\/wp\/v2\/pages\/123270","targetHints":{"allow":["GET"]}}],"collection":[{"href":"https:\/\/acninternational.org\/es\/wp-json\/wp\/v2\/pages"}],"about":[{"href":"https:\/\/acninternational.org\/es\/wp-json\/wp\/v2\/types\/page"}],"author":[{"embeddable":true,"href":"https:\/\/acninternational.org\/es\/wp-json\/wp\/v2\/users\/1"}],"replies":[{"embeddable":true,"href":"https:\/\/acninternational.org\/es\/wp-json\/wp\/v2\/comments?post=123270"}],"version-history":[{"count":0,"href":"https:\/\/acninternational.org\/es\/wp-json\/wp\/v2\/pages\/123270\/revisions"}],"up":[{"embeddable":true,"href":"https:\/\/acninternational.org\/es\/wp-json\/wp\/v2\/pages\/123225"}],"wp:featuredmedia":[{"embeddable":true,"href":"https:\/\/acninternational.org\/es\/wp-json\/wp\/v2\/media\/59389"}],"wp:attachment":[{"href":"https:\/\/acninternational.org\/es\/wp-json\/wp\/v2\/media?parent=123270"}],"curies":[{"name":"wp","href":"https:\/\/api.w.org\/{rel}","templated":true}]}}