{"id":123108,"date":"2019-09-10T13:13:07","date_gmt":"2019-09-10T11:13:07","guid":{"rendered":"https:\/\/acninternational.org\/mision-vision-valores\/"},"modified":"2022-06-16T08:19:04","modified_gmt":"2022-06-16T06:19:04","slug":"mision","status":"publish","type":"page","link":"https:\/\/acninternational.org\/es\/mision\/","title":{"rendered":"Misi\u00f3n, Visi\u00f3n, Valores"},"content":{"rendered":"<h1>\u00bb Porque el amor de Cristo nos apremia \u00ab<\/h1>\n<p>2 Corintios 5,14<\/p>\n<p><strong>Misi\u00f3n<\/strong><\/p>\n<p>Aid to the Church in Need socorre a los cristianos all\u00ed donde son perseguidos, oprimidos o tienen necesidades pastorales a trav\u00e9s de la informaci\u00f3n, la oraci\u00f3n y la caridad.<\/p>\n<p><strong>Visi\u00f3n \u00a0<\/strong><\/p>\n<p>Un mundo en el que el cristianismo pueda florecer en todas partes.<\/p>\n<p><strong>Directrices<\/strong><\/p>\n<ol>\n<li>Lealtad al Santo Padre. Como Fundaci\u00f3n Pontificia, participamos de la misi\u00f3n universal de la Iglesia.<\/li>\n<li>Servicio a la causa de la evangelizaci\u00f3n. Respondemos con energ\u00eda a los desaf\u00edos del momento siguiendo las ensenanzas de la Iglesia.<\/li>\n<li>Compromiso con la Iglesia perseguida. Compartiendo testimonios de fe, construimos puentes de caridad entre nuestros benefactores y nuestros socios.<\/li>\n<li>Administraci\u00f3n de la generosidad de nuestros benefactores. Realizamos una gesti\u00f3n moderna, transparente y eficiente de los fondos recaudados.<\/li>\n<\/ol>\n<h2>Nuestros valores<\/h2>\n<ol>\n<li><strong>Fe y amor cristianos <\/strong><\/li>\n<\/ol>\n<p>El fundamento de todas nuestras iniciativas es la fe y el amor cristianos, y tambi\u00e9n nuestra lealtad al Santo Padre y a la Doctrina y las instituciones de la Iglesia cat\u00f3lica romana.<\/p>\n<p>&nbsp;<\/p>\n<ol start=\"2\">\n<li><strong>Oraci\u00f3n <\/strong><\/li>\n<\/ol>\n<p>La oraci\u00f3n diaria \u2013 individual o en comunidad \u2013 anima nuestra labor y fortalece nuestro esp\u00edritu evangelizador. Nos impulsa a asistir a los que sufren por su lealtad a Cristo y su Iglesia, de cuya oraci\u00f3n tambi\u00e9n nosotros dependemos.<\/p>\n<p>&nbsp;<\/p>\n<ol start=\"3\">\n<li><strong>Compromiso pastoral <\/strong><\/li>\n<\/ol>\n<p>Luchamos por proclamar el Evangelio <em>\u201ca tiempo y a destiempo\u201d <\/em>(2 Tim 4,2), respondiendo a los desaf\u00edos de la \u00e9poca en la que vivimos. Para ello conseguimos el compromiso de nuestros benefactores, con cuyas contribuciones financiamos proyectos pastorales.<\/p>\n<p>&nbsp;<\/p>\n<ol start=\"4\">\n<li><strong>Unidad <\/strong><\/li>\n<\/ol>\n<p>Concebidos como un \u201cpuente de amor\u201d desde sus or\u00edgenes, ACN esta al servicio de la unidad y la reconciliaci\u00f3n. Facilitando la comuni\u00f3n, tendemos un puente entre benefactores y beneficiarios mediante la oraci\u00f3n, la informaci\u00f3n y la expresi\u00f3n del agradecimiento.<\/p>\n<p>&nbsp;<\/p>\n<ol start=\"5\">\n<li><strong>Servicio <\/strong><\/li>\n<\/ol>\n<p>Desempe\u00f1amos nuestra misi\u00f3n a trav\u00e9s de un servicio humilde y desinteresado, escuchando las necesidades de nuestros socios. Aspiramos a ser una fuente personal de consuelo y fuerza para nuestros beneficiarios y benefactores.<\/p>\n<p>&nbsp;<\/p>\n<ol start=\"6\">\n<li><strong>Esp\u00edritu abierto <\/strong><\/li>\n<\/ol>\n<p>A trav\u00e9s de nuestro apoyo a la Iglesia Universal, promovemos un di\u00e1logo respetuoso entre las distintas culturas del mundo. Nosotros mismos ponemos en pr\u00e1ctica ese esp\u00edritu abierto en nuestros multiples encuentros dentro y fuera de la Iglesia cat\u00f3lica.<\/p>\n<p>&nbsp;<\/p>\n<ol start=\"7\">\n<li><strong>Responsabilidad <\/strong><\/li>\n<\/ol>\n<p>Gestionamos los fondos que recibimos con la mayor profesionalidad, buscando la eficiencia y evaluando la repercusi\u00f3n tanto en las actividades financiadas como en nuestra organizaci\u00f3n interna. Trabajamos con transparencia, mostrando nuestras fuentes, la utilizaci\u00f3n y los resultados de los fondos recibidos.<\/p>\n<p>&nbsp;<\/p>\n<ol start=\"8\">\n<li><strong>Confianza <\/strong><\/li>\n<\/ol>\n<p>Nuestra inquebrantable confianza en la Providencia Divina nos gu\u00eda hacia el futuro y nos permite depositar nuestra confianza en otros y obtener la suya. Consagrados a Nuestra Se\u00f1ora de F\u00e1tima, nos mueven la esperanza y el optimismo.<\/p>\n","protected":false},"excerpt":{"rendered":"<p>\u00bb Porque el amor de Cristo nos apremia \u00ab 2 Corintios 5,14 Misi\u00f3n Aid to the Church in Need socorre a los cristianos all\u00ed donde son perseguidos, oprimidos o tienen necesidades pastorales a trav\u00e9s de la informaci\u00f3n, la oraci\u00f3n y la caridad. Visi\u00f3n \u00a0 Un mundo en el que el cristianismo pueda florecer en todas [&hellip;]<\/p>\n","protected":false},"author":1,"featured_media":58104,"parent":0,"menu_order":0,"comment_status":"closed","ping_status":"closed","template":"","meta":{"_acf_changed":false,"footnotes":""},"class_list":["post-123108","page","type-page","status-publish","has-post-thumbnail","hentry"],"acf":[],"yoast_head":"<!-- This site is optimized with the Yoast SEO Premium plugin v27.3 (Yoast SEO v27.3) - https:\/\/yoast.com\/product\/yoast-seo-premium-wordpress\/ -->\n<title>Misi\u00f3n, Visi\u00f3n, Valores | ACN International<\/title>\n<meta name=\"robots\" content=\"index, follow, max-snippet:-1, max-image-preview:large, max-video-preview:-1\" \/>\n<link rel=\"canonical\" href=\"https:\/\/acninternational.org\/es\/mision\/\" \/>\n<meta property=\"og:locale\" content=\"es_ES\" \/>\n<meta property=\"og:type\" content=\"article\" \/>\n<meta property=\"og:title\" content=\"Misi\u00f3n, Visi\u00f3n, Valores\" \/>\n<meta property=\"og:description\" content=\"\u00bb Porque el amor de Cristo nos apremia \u00ab 2 Corintios 5,14 Misi\u00f3n Aid to the Church in Need socorre a los cristianos all\u00ed donde son perseguidos, oprimidos o tienen necesidades pastorales a trav\u00e9s de la informaci\u00f3n, la oraci\u00f3n y la caridad. Visi\u00f3n \u00a0 Un mundo en el que el cristianismo pueda florecer en todas [&hellip;]\" \/>\n<meta property=\"og:url\" content=\"https:\/\/acninternational.org\/es\/mision\/\" \/>\n<meta property=\"og:site_name\" content=\"ACN International\" \/>\n<meta property=\"article:publisher\" content=\"https:\/\/www.facebook.com\/acninternationalorg\" \/>\n<meta property=\"article:modified_time\" content=\"2022-06-16T06:19:04+00:00\" \/>\n<meta property=\"og:image\" content=\"https:\/\/media.acninternational.org\/wp-content\/uploads\/2019\/09\/acn-20161107-47536_web-2000.jpg\" \/>\n\t<meta property=\"og:image:width\" content=\"2000\" \/>\n\t<meta property=\"og:image:height\" content=\"625\" \/>\n\t<meta property=\"og:image:type\" content=\"image\/jpeg\" \/>\n<meta name=\"twitter:card\" content=\"summary_large_image\" \/>\n<meta name=\"twitter:site\" content=\"@acn_int\" \/>\n<meta name=\"twitter:label1\" content=\"Tiempo de lectura\" \/>\n\t<meta name=\"twitter:data1\" content=\"2 minutos\" \/>\n<script type=\"application\/ld+json\" class=\"yoast-schema-graph\">{\"@context\":\"https:\\\/\\\/schema.org\",\"@graph\":[{\"@type\":\"WebPage\",\"@id\":\"https:\\\/\\\/acninternational.org\\\/es\\\/mision\\\/\",\"url\":\"https:\\\/\\\/acninternational.org\\\/es\\\/mision\\\/\",\"name\":\"Misi\u00f3n, Visi\u00f3n, Valores | ACN International\",\"isPartOf\":{\"@id\":\"https:\\\/\\\/acninternational.org\\\/es\\\/#website\"},\"primaryImageOfPage\":{\"@id\":\"https:\\\/\\\/acninternational.org\\\/es\\\/mision\\\/#primaryimage\"},\"image\":{\"@id\":\"https:\\\/\\\/acninternational.org\\\/es\\\/mision\\\/#primaryimage\"},\"thumbnailUrl\":\"https:\\\/\\\/media.acninternational.org\\\/wp-content\\\/uploads\\\/2019\\\/09\\\/acn-20161107-47536_web-2000.jpg\",\"datePublished\":\"2019-09-10T11:13:07+00:00\",\"dateModified\":\"2022-06-16T06:19:04+00:00\",\"breadcrumb\":{\"@id\":\"https:\\\/\\\/acninternational.org\\\/es\\\/mision\\\/#breadcrumb\"},\"inLanguage\":\"es\",\"potentialAction\":[{\"@type\":\"ReadAction\",\"target\":[\"https:\\\/\\\/acninternational.org\\\/es\\\/mision\\\/\"]}]},{\"@type\":\"ImageObject\",\"inLanguage\":\"es\",\"@id\":\"https:\\\/\\\/acninternational.org\\\/es\\\/mision\\\/#primaryimage\",\"url\":\"https:\\\/\\\/media.acninternational.org\\\/wp-content\\\/uploads\\\/2019\\\/09\\\/acn-20161107-47536_web-2000.jpg\",\"contentUrl\":\"https:\\\/\\\/media.acninternational.org\\\/wp-content\\\/uploads\\\/2019\\\/09\\\/acn-20161107-47536_web-2000.jpg\",\"width\":2000,\"height\":625},{\"@type\":\"BreadcrumbList\",\"@id\":\"https:\\\/\\\/acninternational.org\\\/es\\\/mision\\\/#breadcrumb\",\"itemListElement\":[{\"@type\":\"ListItem\",\"position\":1,\"name\":\"Home\",\"item\":\"https:\\\/\\\/acninternational.org\\\/es\\\/\"},{\"@type\":\"ListItem\",\"position\":2,\"name\":\"Misi\u00f3n, Visi\u00f3n, Valores\"}]},{\"@type\":\"WebSite\",\"@id\":\"https:\\\/\\\/acninternational.org\\\/es\\\/#website\",\"url\":\"https:\\\/\\\/acninternational.org\\\/es\\\/\",\"name\":\"ACN International\",\"description\":\"\",\"publisher\":{\"@id\":\"https:\\\/\\\/acninternational.org\\\/es\\\/#organization\"},\"potentialAction\":[{\"@type\":\"SearchAction\",\"target\":{\"@type\":\"EntryPoint\",\"urlTemplate\":\"https:\\\/\\\/acninternational.org\\\/es\\\/?s={search_term_string}\"},\"query-input\":{\"@type\":\"PropertyValueSpecification\",\"valueRequired\":true,\"valueName\":\"search_term_string\"}}],\"inLanguage\":\"es\"},{\"@type\":\"Organization\",\"@id\":\"https:\\\/\\\/acninternational.org\\\/es\\\/#organization\",\"name\":\"Aid to the Church in Need International\",\"url\":\"https:\\\/\\\/acninternational.org\\\/es\\\/\",\"logo\":{\"@type\":\"ImageObject\",\"inLanguage\":\"es\",\"@id\":\"https:\\\/\\\/acninternational.org\\\/es\\\/#\\\/schema\\\/logo\\\/image\\\/\",\"url\":\"https:\\\/\\\/media.acninternational.org\\\/wp-content\\\/uploads\\\/2019\\\/11\\\/acn_logo_blackvector.svg\",\"contentUrl\":\"https:\\\/\\\/media.acninternational.org\\\/wp-content\\\/uploads\\\/2019\\\/11\\\/acn_logo_blackvector.svg\",\"width\":232.6,\"height\":78,\"caption\":\"Aid to the Church in Need International\"},\"image\":{\"@id\":\"https:\\\/\\\/acninternational.org\\\/es\\\/#\\\/schema\\\/logo\\\/image\\\/\"},\"sameAs\":[\"https:\\\/\\\/www.facebook.com\\\/acninternationalorg\",\"https:\\\/\\\/x.com\\\/acn_int\",\"https:\\\/\\\/www.youtube.com\\\/channel\\\/UCQ-077gS0TnVzkhHmf1opZw\",\"https:\\\/\\\/www.instagram.com\\\/acn_international\\\/\"]}]}<\/script>\n<!-- \/ Yoast SEO Premium plugin. -->","yoast_head_json":{"title":"Misi\u00f3n, Visi\u00f3n, Valores | ACN International","robots":{"index":"index","follow":"follow","max-snippet":"max-snippet:-1","max-image-preview":"max-image-preview:large","max-video-preview":"max-video-preview:-1"},"canonical":"https:\/\/acninternational.org\/es\/mision\/","og_locale":"es_ES","og_type":"article","og_title":"Misi\u00f3n, Visi\u00f3n, Valores","og_description":"\u00bb Porque el amor de Cristo nos apremia \u00ab 2 Corintios 5,14 Misi\u00f3n Aid to the Church in Need socorre a los cristianos all\u00ed donde son perseguidos, oprimidos o tienen necesidades pastorales a trav\u00e9s de la informaci\u00f3n, la oraci\u00f3n y la caridad. Visi\u00f3n \u00a0 Un mundo en el que el cristianismo pueda florecer en todas [&hellip;]","og_url":"https:\/\/acninternational.org\/es\/mision\/","og_site_name":"ACN International","article_publisher":"https:\/\/www.facebook.com\/acninternationalorg","article_modified_time":"2022-06-16T06:19:04+00:00","og_image":[{"width":2000,"height":625,"url":"https:\/\/media.acninternational.org\/wp-content\/uploads\/2019\/09\/acn-20161107-47536_web-2000.jpg","type":"image\/jpeg"}],"twitter_card":"summary_large_image","twitter_site":"@acn_int","twitter_misc":{"Tiempo de lectura":"2 minutos"},"schema":{"@context":"https:\/\/schema.org","@graph":[{"@type":"WebPage","@id":"https:\/\/acninternational.org\/es\/mision\/","url":"https:\/\/acninternational.org\/es\/mision\/","name":"Misi\u00f3n, Visi\u00f3n, Valores | ACN International","isPartOf":{"@id":"https:\/\/acninternational.org\/es\/#website"},"primaryImageOfPage":{"@id":"https:\/\/acninternational.org\/es\/mision\/#primaryimage"},"image":{"@id":"https:\/\/acninternational.org\/es\/mision\/#primaryimage"},"thumbnailUrl":"https:\/\/media.acninternational.org\/wp-content\/uploads\/2019\/09\/acn-20161107-47536_web-2000.jpg","datePublished":"2019-09-10T11:13:07+00:00","dateModified":"2022-06-16T06:19:04+00:00","breadcrumb":{"@id":"https:\/\/acninternational.org\/es\/mision\/#breadcrumb"},"inLanguage":"es","potentialAction":[{"@type":"ReadAction","target":["https:\/\/acninternational.org\/es\/mision\/"]}]},{"@type":"ImageObject","inLanguage":"es","@id":"https:\/\/acninternational.org\/es\/mision\/#primaryimage","url":"https:\/\/media.acninternational.org\/wp-content\/uploads\/2019\/09\/acn-20161107-47536_web-2000.jpg","contentUrl":"https:\/\/media.acninternational.org\/wp-content\/uploads\/2019\/09\/acn-20161107-47536_web-2000.jpg","width":2000,"height":625},{"@type":"BreadcrumbList","@id":"https:\/\/acninternational.org\/es\/mision\/#breadcrumb","itemListElement":[{"@type":"ListItem","position":1,"name":"Home","item":"https:\/\/acninternational.org\/es\/"},{"@type":"ListItem","position":2,"name":"Misi\u00f3n, Visi\u00f3n, Valores"}]},{"@type":"WebSite","@id":"https:\/\/acninternational.org\/es\/#website","url":"https:\/\/acninternational.org\/es\/","name":"ACN International","description":"","publisher":{"@id":"https:\/\/acninternational.org\/es\/#organization"},"potentialAction":[{"@type":"SearchAction","target":{"@type":"EntryPoint","urlTemplate":"https:\/\/acninternational.org\/es\/?s={search_term_string}"},"query-input":{"@type":"PropertyValueSpecification","valueRequired":true,"valueName":"search_term_string"}}],"inLanguage":"es"},{"@type":"Organization","@id":"https:\/\/acninternational.org\/es\/#organization","name":"Aid to the Church in Need International","url":"https:\/\/acninternational.org\/es\/","logo":{"@type":"ImageObject","inLanguage":"es","@id":"https:\/\/acninternational.org\/es\/#\/schema\/logo\/image\/","url":"https:\/\/media.acninternational.org\/wp-content\/uploads\/2019\/11\/acn_logo_blackvector.svg","contentUrl":"https:\/\/media.acninternational.org\/wp-content\/uploads\/2019\/11\/acn_logo_blackvector.svg","width":232.6,"height":78,"caption":"Aid to the Church in Need International"},"image":{"@id":"https:\/\/acninternational.org\/es\/#\/schema\/logo\/image\/"},"sameAs":["https:\/\/www.facebook.com\/acninternationalorg","https:\/\/x.com\/acn_int","https:\/\/www.youtube.com\/channel\/UCQ-077gS0TnVzkhHmf1opZw","https:\/\/www.instagram.com\/acn_international\/"]}]}},"_links":{"self":[{"href":"https:\/\/acninternational.org\/es\/wp-json\/wp\/v2\/pages\/123108","targetHints":{"allow":["GET"]}}],"collection":[{"href":"https:\/\/acninternational.org\/es\/wp-json\/wp\/v2\/pages"}],"about":[{"href":"https:\/\/acninternational.org\/es\/wp-json\/wp\/v2\/types\/page"}],"author":[{"embeddable":true,"href":"https:\/\/acninternational.org\/es\/wp-json\/wp\/v2\/users\/1"}],"replies":[{"embeddable":true,"href":"https:\/\/acninternational.org\/es\/wp-json\/wp\/v2\/comments?post=123108"}],"version-history":[{"count":0,"href":"https:\/\/acninternational.org\/es\/wp-json\/wp\/v2\/pages\/123108\/revisions"}],"wp:featuredmedia":[{"embeddable":true,"href":"https:\/\/acninternational.org\/es\/wp-json\/wp\/v2\/media\/58104"}],"wp:attachment":[{"href":"https:\/\/acninternational.org\/es\/wp-json\/wp\/v2\/media?parent=123108"}],"curies":[{"name":"wp","href":"https:\/\/api.w.org\/{rel}","templated":true}]}}