{"id":242159,"date":"2025-03-10T13:32:17","date_gmt":"2025-03-10T12:32:17","guid":{"rendered":"https:\/\/acninternational.org\/?page_id=242159"},"modified":"2025-09-03T17:44:48","modified_gmt":"2025-09-03T15:44:48","slug":"kinderbibel-old","status":"publish","type":"page","link":"https:\/\/acninternational.org\/de\/kinderbibel-old\/","title":{"rendered":"Verteilung von Bibeln, religi\u00f6sen B\u00fcchern und Medien"},"content":{"rendered":"<p>\u201eGeht hinaus in die ganze Welt und verk\u00fcndet allen das Evangelium\u201c, forderte Jesus. Aid to the Church in Need nimmt diesen Aufrag wortw\u00f6rtlich. So ist unsere Organisation seit 1979 Herausgeber und weltweiter Lieferant der Kinderbibel, die in 194 Sprachen \u00fcbersetzt und bereits 51,7 Millionen Mal verteilt wurde.<\/p>\n<p>Of ist die Kinderbibel in armen L\u00e4ndern das erste Buch, das die Kinder in ihrer Sprache in die Hand bekommen, und h\u00e4ufig das einzige Bilderbuch, das die Kleinen in ihrem ganzen Leben erhalten.<\/p>\n<blockquote class=\"wp-block-quote blockquote ps-3 py-2\"><p>Manchmal ist die Kinderbibel das einzige Bilderbuch, das notleidende Kinder in die H\u00e4nde bekommen.<\/p>\n<pre>Pater Anton L\u00e4sser, CP, Internationaler Kirchlicher Assistent der Stifung<\/pre>\n<\/blockquote>\n<figure id=\"attachment_214274\" aria-describedby=\"caption-attachment-214274\" style=\"width: 800px\" class=\"wp-caption aligncenter\"><img loading=\"lazy\" decoding=\"async\" class=\"wp-image-214274 size-large\" src=\"https:\/\/media.acninternational.org\/wp-content\/uploads\/2020\/06\/ACN-20230508-145630-1024x683.jpg\" alt=\"Im Bildungszentrum St. Bosco in Lwiw, Ukraine\" width=\"800\" height=\"534\" srcset=\"https:\/\/media.acninternational.org\/wp-content\/uploads\/2020\/06\/ACN-20230508-145630-1024x683.jpg 1024w, https:\/\/media.acninternational.org\/wp-content\/uploads\/2020\/06\/ACN-20230508-145630-300x200.jpg 300w, https:\/\/media.acninternational.org\/wp-content\/uploads\/2020\/06\/ACN-20230508-145630-768x512.jpg 768w, https:\/\/media.acninternational.org\/wp-content\/uploads\/2020\/06\/ACN-20230508-145630.jpg 1080w\" sizes=\"auto, (max-width: 800px) 100vw, 800px\" \/><figcaption id=\"caption-attachment-214274\" class=\"wp-caption-text\">Im Bildungszentrum St. Bosco in Lwiw, Ukraine<\/figcaption><\/figure>\n<p>Im Jahr 2023 allein wurden mehr als 700.000 religi\u00f6se B\u00fccher mit Hilfe von ACN produziert und verteilt. Dar\u00fcber hinaus f\u00f6rdert Aid to the Church in Need den YOUCAT, den illustrierten Jugendkatechismus der katholischen Kirche, der in 59 Sprachen erh\u00e4ltlich ist. Seit 2016 gibt es auch den DOCAT, eine aktuelle Zusammenfassung der Sozial- und Gesellschafslehre der katholischen Kirche.<\/p>\n","protected":false},"excerpt":{"rendered":"<p>\u201eGeht hinaus in die ganze Welt und verk\u00fcndet allen das Evangelium\u201c, forderte Jesus. Aid to the Church in Need nimmt diesen Aufrag wortw\u00f6rtlich. So ist unsere Organisation seit 1979 Herausgeber und weltweiter Lieferant der Kinderbibel, die in 194 Sprachen \u00fcbersetzt und bereits 51,7 Millionen Mal verteilt wurde. Of ist die Kinderbibel in armen L\u00e4ndern das [&hellip;]<\/p>\n","protected":false},"author":4258341447,"featured_media":214268,"parent":0,"menu_order":0,"comment_status":"closed","ping_status":"closed","template":"","meta":{"_acf_changed":false,"footnotes":""},"class_list":["post-242159","page","type-page","status-publish","has-post-thumbnail","hentry","page-category-page-sub-task-area-3"],"acf":[],"yoast_head":"<!-- This site is optimized with the Yoast SEO Premium plugin v27.3 (Yoast SEO v27.3) - https:\/\/yoast.com\/product\/yoast-seo-premium-wordpress\/ -->\n<title>Verteilung von Bibeln, religi\u00f6sen B\u00fcchern und Medien | ACN International<\/title>\n<meta name=\"robots\" content=\"index, follow, max-snippet:-1, max-image-preview:large, max-video-preview:-1\" \/>\n<link rel=\"canonical\" href=\"https:\/\/acninternational.org\/de\/kinderbibel-old\/\" \/>\n<meta property=\"og:locale\" content=\"de_DE\" \/>\n<meta property=\"og:type\" content=\"article\" \/>\n<meta property=\"og:title\" content=\"Verteilung von Bibeln, religi\u00f6sen B\u00fcchern und Medien\" \/>\n<meta property=\"og:description\" content=\"\u201eGeht hinaus in die ganze Welt und verk\u00fcndet allen das Evangelium\u201c, forderte Jesus. Aid to the Church in Need nimmt diesen Aufrag wortw\u00f6rtlich. So ist unsere Organisation seit 1979 Herausgeber und weltweiter Lieferant der Kinderbibel, die in 194 Sprachen \u00fcbersetzt und bereits 51,7 Millionen Mal verteilt wurde. Of ist die Kinderbibel in armen L\u00e4ndern das [&hellip;]\" \/>\n<meta property=\"og:url\" content=\"https:\/\/acninternational.org\/de\/kinderbibel-old\/\" \/>\n<meta property=\"og:site_name\" content=\"ACN International\" \/>\n<meta property=\"article:publisher\" content=\"https:\/\/www.facebook.com\/acninternationalorg\" \/>\n<meta property=\"article:modified_time\" content=\"2025-09-03T15:44:48+00:00\" \/>\n<meta property=\"og:image\" content=\"https:\/\/media.acninternational.org\/wp-content\/uploads\/2020\/06\/ACN-20230327-143262.jpg\" \/>\n\t<meta property=\"og:image:width\" content=\"1920\" \/>\n\t<meta property=\"og:image:height\" content=\"700\" \/>\n\t<meta property=\"og:image:type\" content=\"image\/jpeg\" \/>\n<meta name=\"twitter:card\" content=\"summary_large_image\" \/>\n<meta name=\"twitter:site\" content=\"@acn_int\" \/>\n<meta name=\"twitter:label1\" content=\"Gesch\u00e4tzte Lesezeit\" \/>\n\t<meta name=\"twitter:data1\" content=\"2\u00a0Minuten\" \/>\n<script type=\"application\/ld+json\" class=\"yoast-schema-graph\">{\"@context\":\"https:\\\/\\\/schema.org\",\"@graph\":[{\"@type\":\"WebPage\",\"@id\":\"https:\\\/\\\/acninternational.org\\\/de\\\/kinderbibel-old\\\/\",\"url\":\"https:\\\/\\\/acninternational.org\\\/de\\\/kinderbibel-old\\\/\",\"name\":\"Verteilung von Bibeln, religi\u00f6sen B\u00fcchern und Medien | ACN International\",\"isPartOf\":{\"@id\":\"https:\\\/\\\/acninternational.org\\\/de\\\/#website\"},\"primaryImageOfPage\":{\"@id\":\"https:\\\/\\\/acninternational.org\\\/de\\\/kinderbibel-old\\\/#primaryimage\"},\"image\":{\"@id\":\"https:\\\/\\\/acninternational.org\\\/de\\\/kinderbibel-old\\\/#primaryimage\"},\"thumbnailUrl\":\"https:\\\/\\\/media.acninternational.org\\\/wp-content\\\/uploads\\\/2020\\\/06\\\/ACN-20230327-143262.jpg\",\"datePublished\":\"2025-03-10T12:32:17+00:00\",\"dateModified\":\"2025-09-03T15:44:48+00:00\",\"breadcrumb\":{\"@id\":\"https:\\\/\\\/acninternational.org\\\/de\\\/kinderbibel-old\\\/#breadcrumb\"},\"inLanguage\":\"de\",\"potentialAction\":[{\"@type\":\"ReadAction\",\"target\":[\"https:\\\/\\\/acninternational.org\\\/de\\\/kinderbibel-old\\\/\"]}]},{\"@type\":\"ImageObject\",\"inLanguage\":\"de\",\"@id\":\"https:\\\/\\\/acninternational.org\\\/de\\\/kinderbibel-old\\\/#primaryimage\",\"url\":\"https:\\\/\\\/media.acninternational.org\\\/wp-content\\\/uploads\\\/2020\\\/06\\\/ACN-20230327-143262.jpg\",\"contentUrl\":\"https:\\\/\\\/media.acninternational.org\\\/wp-content\\\/uploads\\\/2020\\\/06\\\/ACN-20230327-143262.jpg\",\"width\":1920,\"height\":700},{\"@type\":\"BreadcrumbList\",\"@id\":\"https:\\\/\\\/acninternational.org\\\/de\\\/kinderbibel-old\\\/#breadcrumb\",\"itemListElement\":[{\"@type\":\"ListItem\",\"position\":1,\"name\":\"Home\",\"item\":\"https:\\\/\\\/acninternational.org\\\/de\\\/\"},{\"@type\":\"ListItem\",\"position\":2,\"name\":\"Verteilung von Bibeln, religi\u00f6sen B\u00fcchern und Medien\"}]},{\"@type\":\"WebSite\",\"@id\":\"https:\\\/\\\/acninternational.org\\\/de\\\/#website\",\"url\":\"https:\\\/\\\/acninternational.org\\\/de\\\/\",\"name\":\"ACN International\",\"description\":\"\",\"publisher\":{\"@id\":\"https:\\\/\\\/acninternational.org\\\/de\\\/#organization\"},\"potentialAction\":[{\"@type\":\"SearchAction\",\"target\":{\"@type\":\"EntryPoint\",\"urlTemplate\":\"https:\\\/\\\/acninternational.org\\\/de\\\/?s={search_term_string}\"},\"query-input\":{\"@type\":\"PropertyValueSpecification\",\"valueRequired\":true,\"valueName\":\"search_term_string\"}}],\"inLanguage\":\"de\"},{\"@type\":\"Organization\",\"@id\":\"https:\\\/\\\/acninternational.org\\\/de\\\/#organization\",\"name\":\"Aid to the Church in Need International\",\"url\":\"https:\\\/\\\/acninternational.org\\\/de\\\/\",\"logo\":{\"@type\":\"ImageObject\",\"inLanguage\":\"de\",\"@id\":\"https:\\\/\\\/acninternational.org\\\/de\\\/#\\\/schema\\\/logo\\\/image\\\/\",\"url\":\"https:\\\/\\\/media.acninternational.org\\\/wp-content\\\/uploads\\\/2019\\\/11\\\/acn_logo_blackvector.svg\",\"contentUrl\":\"https:\\\/\\\/media.acninternational.org\\\/wp-content\\\/uploads\\\/2019\\\/11\\\/acn_logo_blackvector.svg\",\"width\":232.6,\"height\":78,\"caption\":\"Aid to the Church in Need International\"},\"image\":{\"@id\":\"https:\\\/\\\/acninternational.org\\\/de\\\/#\\\/schema\\\/logo\\\/image\\\/\"},\"sameAs\":[\"https:\\\/\\\/www.facebook.com\\\/acninternationalorg\",\"https:\\\/\\\/x.com\\\/acn_int\",\"https:\\\/\\\/www.youtube.com\\\/channel\\\/UCQ-077gS0TnVzkhHmf1opZw\",\"https:\\\/\\\/www.instagram.com\\\/acn_international\\\/\"]}]}<\/script>\n<!-- \/ Yoast SEO Premium plugin. -->","yoast_head_json":{"title":"Verteilung von Bibeln, religi\u00f6sen B\u00fcchern und Medien | ACN International","robots":{"index":"index","follow":"follow","max-snippet":"max-snippet:-1","max-image-preview":"max-image-preview:large","max-video-preview":"max-video-preview:-1"},"canonical":"https:\/\/acninternational.org\/de\/kinderbibel-old\/","og_locale":"de_DE","og_type":"article","og_title":"Verteilung von Bibeln, religi\u00f6sen B\u00fcchern und Medien","og_description":"\u201eGeht hinaus in die ganze Welt und verk\u00fcndet allen das Evangelium\u201c, forderte Jesus. Aid to the Church in Need nimmt diesen Aufrag wortw\u00f6rtlich. So ist unsere Organisation seit 1979 Herausgeber und weltweiter Lieferant der Kinderbibel, die in 194 Sprachen \u00fcbersetzt und bereits 51,7 Millionen Mal verteilt wurde. Of ist die Kinderbibel in armen L\u00e4ndern das [&hellip;]","og_url":"https:\/\/acninternational.org\/de\/kinderbibel-old\/","og_site_name":"ACN International","article_publisher":"https:\/\/www.facebook.com\/acninternationalorg","article_modified_time":"2025-09-03T15:44:48+00:00","og_image":[{"width":1920,"height":700,"url":"https:\/\/media.acninternational.org\/wp-content\/uploads\/2020\/06\/ACN-20230327-143262.jpg","type":"image\/jpeg"}],"twitter_card":"summary_large_image","twitter_site":"@acn_int","twitter_misc":{"Gesch\u00e4tzte Lesezeit":"2\u00a0Minuten"},"schema":{"@context":"https:\/\/schema.org","@graph":[{"@type":"WebPage","@id":"https:\/\/acninternational.org\/de\/kinderbibel-old\/","url":"https:\/\/acninternational.org\/de\/kinderbibel-old\/","name":"Verteilung von Bibeln, religi\u00f6sen B\u00fcchern und Medien | ACN International","isPartOf":{"@id":"https:\/\/acninternational.org\/de\/#website"},"primaryImageOfPage":{"@id":"https:\/\/acninternational.org\/de\/kinderbibel-old\/#primaryimage"},"image":{"@id":"https:\/\/acninternational.org\/de\/kinderbibel-old\/#primaryimage"},"thumbnailUrl":"https:\/\/media.acninternational.org\/wp-content\/uploads\/2020\/06\/ACN-20230327-143262.jpg","datePublished":"2025-03-10T12:32:17+00:00","dateModified":"2025-09-03T15:44:48+00:00","breadcrumb":{"@id":"https:\/\/acninternational.org\/de\/kinderbibel-old\/#breadcrumb"},"inLanguage":"de","potentialAction":[{"@type":"ReadAction","target":["https:\/\/acninternational.org\/de\/kinderbibel-old\/"]}]},{"@type":"ImageObject","inLanguage":"de","@id":"https:\/\/acninternational.org\/de\/kinderbibel-old\/#primaryimage","url":"https:\/\/media.acninternational.org\/wp-content\/uploads\/2020\/06\/ACN-20230327-143262.jpg","contentUrl":"https:\/\/media.acninternational.org\/wp-content\/uploads\/2020\/06\/ACN-20230327-143262.jpg","width":1920,"height":700},{"@type":"BreadcrumbList","@id":"https:\/\/acninternational.org\/de\/kinderbibel-old\/#breadcrumb","itemListElement":[{"@type":"ListItem","position":1,"name":"Home","item":"https:\/\/acninternational.org\/de\/"},{"@type":"ListItem","position":2,"name":"Verteilung von Bibeln, religi\u00f6sen B\u00fcchern und Medien"}]},{"@type":"WebSite","@id":"https:\/\/acninternational.org\/de\/#website","url":"https:\/\/acninternational.org\/de\/","name":"ACN International","description":"","publisher":{"@id":"https:\/\/acninternational.org\/de\/#organization"},"potentialAction":[{"@type":"SearchAction","target":{"@type":"EntryPoint","urlTemplate":"https:\/\/acninternational.org\/de\/?s={search_term_string}"},"query-input":{"@type":"PropertyValueSpecification","valueRequired":true,"valueName":"search_term_string"}}],"inLanguage":"de"},{"@type":"Organization","@id":"https:\/\/acninternational.org\/de\/#organization","name":"Aid to the Church in Need International","url":"https:\/\/acninternational.org\/de\/","logo":{"@type":"ImageObject","inLanguage":"de","@id":"https:\/\/acninternational.org\/de\/#\/schema\/logo\/image\/","url":"https:\/\/media.acninternational.org\/wp-content\/uploads\/2019\/11\/acn_logo_blackvector.svg","contentUrl":"https:\/\/media.acninternational.org\/wp-content\/uploads\/2019\/11\/acn_logo_blackvector.svg","width":232.6,"height":78,"caption":"Aid to the Church in Need International"},"image":{"@id":"https:\/\/acninternational.org\/de\/#\/schema\/logo\/image\/"},"sameAs":["https:\/\/www.facebook.com\/acninternationalorg","https:\/\/x.com\/acn_int","https:\/\/www.youtube.com\/channel\/UCQ-077gS0TnVzkhHmf1opZw","https:\/\/www.instagram.com\/acn_international\/"]}]}},"_links":{"self":[{"href":"https:\/\/acninternational.org\/de\/wp-json\/wp\/v2\/pages\/242159","targetHints":{"allow":["GET"]}}],"collection":[{"href":"https:\/\/acninternational.org\/de\/wp-json\/wp\/v2\/pages"}],"about":[{"href":"https:\/\/acninternational.org\/de\/wp-json\/wp\/v2\/types\/page"}],"author":[{"embeddable":true,"href":"https:\/\/acninternational.org\/de\/wp-json\/wp\/v2\/users\/4258341447"}],"replies":[{"embeddable":true,"href":"https:\/\/acninternational.org\/de\/wp-json\/wp\/v2\/comments?post=242159"}],"version-history":[{"count":1,"href":"https:\/\/acninternational.org\/de\/wp-json\/wp\/v2\/pages\/242159\/revisions"}],"predecessor-version":[{"id":252758,"href":"https:\/\/acninternational.org\/de\/wp-json\/wp\/v2\/pages\/242159\/revisions\/252758"}],"wp:featuredmedia":[{"embeddable":true,"href":"https:\/\/acninternational.org\/de\/wp-json\/wp\/v2\/media\/214268"}],"wp:attachment":[{"href":"https:\/\/acninternational.org\/de\/wp-json\/wp\/v2\/media?parent=242159"}],"curies":[{"name":"wp","href":"https:\/\/api.w.org\/{rel}","templated":true}]}}