{"id":155050,"date":"2021-06-16T09:55:17","date_gmt":"2021-06-16T07:55:17","guid":{"rendered":"https:\/\/acninternational.org\/?page_id=155050"},"modified":"2023-07-14T14:40:58","modified_gmt":"2023-07-14T12:40:58","slug":"acn-trauert-um-benedikt-xvi","status":"publish","type":"page","link":"https:\/\/acninternational.org\/de\/acn-trauert-um-benedikt-xvi\/","title":{"rendered":"ACN trauert um Benedikt XVI"},"content":{"rendered":"<h1>ACN trauert um Benedikt XVI<\/h1>\n<p><strong>Bewegt und mit gro\u00dfer Dankbarkeit<\/strong> <strong>nahm<\/strong> <strong>ACN<\/strong> <strong>Abschied<\/strong> <strong>von<\/strong> <strong>Papst em. Benedikt XVI. (1927\u20132022), der unserem Hilfswerk viele Jahre lang <\/strong><strong>eng<\/strong> <strong>verbunden<\/strong> <strong>war.<\/strong> <strong>W\u00e4hrend<\/strong> <strong>seines Pontifikates<\/strong> <strong>erhob<\/strong> <strong>er<\/strong> <strong>ACN<\/strong> <strong>zur<\/strong> <strong>P<\/strong><strong>\u00e4<\/strong><strong>pst<\/strong><strong>lichen<\/strong> <strong>Stiftung<\/strong> <strong>und<\/strong> <strong>gab<\/strong> <strong>uns<\/strong> <strong>wertvolle <\/strong><strong>Impulse<\/strong> <strong>f<\/strong><strong>\u00fc<\/strong><strong>r<\/strong> <strong>unsere<\/strong> <strong>Arbeit.<\/strong> <strong>Wir<\/strong> <strong>verlie<\/strong><strong>ren<\/strong> <strong>einen<\/strong> <strong>leidenschaftlichen<\/strong> <strong>Prediger <\/strong><strong>der N\u00e4chstenliebe und gro\u00dfen Freund und<\/strong> <strong>F<\/strong><strong>\u00f6<\/strong><strong>rderer <\/strong><strong>unserer<\/strong> <strong>Stiftung.<\/strong><\/p>\n<figure id=\"attachment_183319\" aria-describedby=\"caption-attachment-183319\" style=\"width: 1080px\" class=\"wp-caption aligncenter\"><img loading=\"lazy\" decoding=\"async\" src=\"https:\/\/media.acninternational.org\/wp-content\/uploads\/2023\/07\/20090325_003.jpg\" alt=\"Begr\u00fc\u00dfung des Papstes auf einer seiner vielen Reisen \u2013 hier 2009 in Luanda, Angola.\" width=\"1080\" height=\"721\" \/><figcaption id=\"caption-attachment-183319\" class=\"wp-caption-text\">Begr\u00fc\u00dfung des Papstes auf einer seiner vielen Reisen \u2013 hier 2009 in Luanda, Angola.<\/figcaption><\/figure>\n<p>Joseph Ratzinger sch\u00e4tzte und unterst\u00fctzte ACN nicht nur w\u00e4hrend seiner Amtszeit als Papst (2005\u20132013), sondern auch schon in seiner Zeit als Kardinal und Pr\u00e4fekt der Glaubenskongregation. Bereits im Jahr 2002 erkl\u00e4rte er: \u201eIch unterst\u00fctze \u201aKirche in Not\u2018, weil ich wei\u00df, dass da wirklich Dienst am Glauben getan wird.\u201c ACN Pr\u00e4sident Mauro Kardinal Piacenza w\u00fcrdigte den Verstorbenen als \u201eeinen gro\u00dfen Freund und F\u00f6rderer von ACN\u201c und betonte: \u201eDass Papst Benedikt XVI. seine erste Enzyklika \u201aDeus caritas est\u2018 der N\u00e4chstenliebe gewidmet hat, ist sehr wertvoll f\u00fcr ACN.\u201c Damit habe er die Mission des Hilfswerks gest\u00e4rkt, das sich \u201eaufgrund seines Gr\u00fcndungscharismas ganz und gar mit der N\u00e4chstenliebe besch\u00e4ftigt, um der leidenden Kirche zu helfen\u201c.<\/p>\n<figure id=\"attachment_183312\" aria-describedby=\"caption-attachment-183312\" style=\"width: 1080px\" class=\"wp-caption aligncenter\"><img loading=\"lazy\" decoding=\"async\" src=\"https:\/\/media.acninternational.org\/wp-content\/uploads\/2023\/07\/20070726_002.jpg\" alt=\"2007 verteilt der Papst in Brasilien das zehnmillionste portugiesische Exemplar der ACN Kinderbibel.\" width=\"1080\" height=\"721\" \/><figcaption id=\"caption-attachment-183312\" class=\"wp-caption-text\">2007 verteilt der Papst in Brasilien das zehnmillionste portugiesische Exemplar der ACN Kinderbibel.<\/figcaption><\/figure>\n<p>Kardinal Piacenza erinnerte auch daran, dass es dieser Papst war, der ACN im Jahr 2011 in den Rang einer P\u00e4pstlichen Stiftung erhoben und einen umfassenden Modernisierungsprozess bei ACN eingeleitet hatte. Mit dieser Umwandlung hat unser Hilfswerk seine bis heute g\u00fcltige Gestalt bekommen. In seinem Best\u00e4tigungsschreiben w\u00fcrdigte der Papst ACN \u201eals ein Hilfswerk, das die Kirche seit 65 Jahren \u00fcberall dort begleitet, wo es an finanziellen Mitteln fehlt oder es zu Verst\u00f6\u00dfen gegen die Religionsfreiheit kommt\u201c.<\/p>\n<p>Viele Begegnungen mit Benedikt XVI. bleiben uns unvergessen. Auf einigen seiner Auslandsreisen hatte er die Gelegenheit, sich selbst ein Bild von unserem Einsatz f\u00fcr notleidende und bedr\u00e4ngte Christen zu machen. So besuchte er beispielsweise 2007 bei einer Apostolischen Reise nach Brasilien das Drogenrehabilitationszentrum \u201eFazenda da Esperan\u00e7a\u201c (Hof der Hoffnung), das von ACN unterst\u00fctzt wird.<\/p>\n<p>Unvergessen bleibt auch eine Konferenz in Castel Gandolfo, die vom 13. bis zum 16. September 2007 anl\u00e4sslich des 60-j\u00e4hrigen Gr\u00fcndungsjubil\u00e4ums von ACN stattfand. Papst Benedikt XVI. empfing eine Delegation von ACN in seiner Sommerresidenz und schenkte uns eine Marienstatue, die einen w\u00fcrdigen Platz in der internationalen Zentrale von ACN fand.<\/p>\n<figure id=\"attachment_183324\" aria-describedby=\"caption-attachment-183324\" style=\"width: 1080px\" class=\"wp-caption alignnone\"><img loading=\"lazy\" decoding=\"async\" src=\"https:\/\/media.acninternational.org\/wp-content\/uploads\/2023\/07\/20100427_023_85297.jpg\" alt=\"Benedikt XVI. \u00fcberreicht P. J. Alliende zum 60-j\u00e4hrigen Gr\u00fcndungsjubil\u00e4um von ACN 2007 eine Madonnenstatue. \" width=\"1080\" height=\"726\" \/><figcaption id=\"caption-attachment-183324\" class=\"wp-caption-text\">Benedikt XVI. \u00fcberreicht P. J. Alliende zum 60-j\u00e4hrigen Gr\u00fcndungsjubil\u00e4um von ACN 2007 eine Madonnenstatue.<\/figcaption><\/figure>\n<p>ACN Exekutivpr\u00e4sident Thomas Heine- Geldern erinnerte auch daran, wie sehr Papst Benedikt XVI. die Jugendlichen am Herzen lagen: \u201eAuch dieses wichtige Anliegen hat er uns anvertraut durch die Betreuung, Verbreitung und Weiterentwicklung des Jugendkatechismus YOUCAT.\u201c Im Vorwort des YOUCAT wandte sich Papst Benedikt XVI. direkt an die Jugendlichen: \u201eIhr m\u00fcsst im Glauben noch viel tiefer verwurzelt sein als die Generation eurer Eltern, um den Herausforderungen und Versuchungen dieser Zeit mit Kraft und Entschiedenheit entgegentreten zu k\u00f6nnen.\u201c<\/p>\n<figure id=\"attachment_183330\" aria-describedby=\"caption-attachment-183330\" style=\"width: 1080px\" class=\"wp-caption alignnone\"><img loading=\"lazy\" decoding=\"async\" src=\"https:\/\/media.acninternational.org\/wp-content\/uploads\/2023\/07\/ACN-20230105-138536.jpg\" alt=\"Benedikt XVI., Erzbischof G. G\u00e4nswein und der Schweizer ACN Direktor J. Probst 2019.\" width=\"1080\" height=\"815\" \/><figcaption id=\"caption-attachment-183330\" class=\"wp-caption-text\">Benedikt XVI., Erzbischof G. G\u00e4nswein und der Schweizer ACN Direktor J. Probst 2019.<\/figcaption><\/figure>\n<p>Im Januar 2019 besuchte Jan Probst, der Direktor des Schweizer ACN Nationalb\u00fcros, als letzter Vertreter von ACN den emeritier- ten Papst an dessen Ruhesitz im Vatikan. Probst erinnert sich: \u201eEs war eine beeindruckende Begegnung. Obwohl k\u00f6rperlich schwach, war sein Verstand klar und sein Charisma unver\u00e4ndert. Benedikt XVI. sagte: \u201aIch versichere Ihnen, dass Sie und ACN in mein Gebet eingeschlossen sind.\u2018\u201c<\/p>\n<p>Unser Hilfswerk gedenkt des verstorbenen Papstes in Dankbarkeit und f\u00fchlt sich seinem Erbe weiterhin verpflichtet.<\/p>\n","protected":false},"excerpt":{"rendered":"<p>ACN trauert um Benedikt XVI Bewegt und mit gro\u00dfer Dankbarkeit nahm ACN Abschied von Papst em. Benedikt XVI. (1927\u20132022), der unserem Hilfswerk viele Jahre lang eng verbunden war. W\u00e4hrend seines Pontifikates erhob er ACN zur P\u00e4pstlichen Stiftung und gab uns wertvolle Impulse f\u00fcr unsere Arbeit. Wir verlieren einen leidenschaftlichen Prediger der N\u00e4chstenliebe und gro\u00dfen Freund [&hellip;]<\/p>\n","protected":false},"author":4258341447,"featured_media":183282,"parent":0,"menu_order":0,"comment_status":"closed","ping_status":"closed","template":"","meta":{"_acf_changed":false,"footnotes":""},"class_list":["post-155050","page","type-page","status-publish","has-post-thumbnail","hentry"],"acf":[],"yoast_head":"<!-- This site is optimized with the Yoast SEO Premium plugin v27.3 (Yoast SEO v27.3) - https:\/\/yoast.com\/product\/yoast-seo-premium-wordpress\/ -->\n<title>ACN trauert um Benedikt XVI | ACN International<\/title>\n<meta name=\"robots\" content=\"index, follow, max-snippet:-1, max-image-preview:large, max-video-preview:-1\" \/>\n<link rel=\"canonical\" href=\"https:\/\/acninternational.org\/de\/acn-trauert-um-benedikt-xvi\/\" \/>\n<meta property=\"og:locale\" content=\"de_DE\" \/>\n<meta property=\"og:type\" content=\"article\" \/>\n<meta property=\"og:title\" content=\"ACN trauert um Benedikt XVI\" \/>\n<meta property=\"og:description\" content=\"ACN trauert um Benedikt XVI Bewegt und mit gro\u00dfer Dankbarkeit nahm ACN Abschied von Papst em. Benedikt XVI. (1927\u20132022), der unserem Hilfswerk viele Jahre lang eng verbunden war. W\u00e4hrend seines Pontifikates erhob er ACN zur P\u00e4pstlichen Stiftung und gab uns wertvolle Impulse f\u00fcr unsere Arbeit. Wir verlieren einen leidenschaftlichen Prediger der N\u00e4chstenliebe und gro\u00dfen Freund [&hellip;]\" \/>\n<meta property=\"og:url\" content=\"https:\/\/acninternational.org\/de\/acn-trauert-um-benedikt-xvi\/\" \/>\n<meta property=\"og:site_name\" content=\"ACN International\" \/>\n<meta property=\"article:publisher\" content=\"https:\/\/www.facebook.com\/acninternationalorg\" \/>\n<meta property=\"article:modified_time\" content=\"2023-07-14T12:40:58+00:00\" \/>\n<meta property=\"og:image\" content=\"https:\/\/media.acninternational.org\/wp-content\/uploads\/2023\/07\/Pope-Benedict-XVI-2.jpg\" \/>\n\t<meta property=\"og:image:width\" content=\"1400\" \/>\n\t<meta property=\"og:image:height\" content=\"438\" \/>\n\t<meta property=\"og:image:type\" content=\"image\/jpeg\" \/>\n<meta name=\"twitter:card\" content=\"summary_large_image\" \/>\n<meta name=\"twitter:site\" content=\"@acn_int\" \/>\n<meta name=\"twitter:label1\" content=\"Gesch\u00e4tzte Lesezeit\" \/>\n\t<meta name=\"twitter:data1\" content=\"4\u00a0Minuten\" \/>\n<script type=\"application\/ld+json\" class=\"yoast-schema-graph\">{\"@context\":\"https:\\\/\\\/schema.org\",\"@graph\":[{\"@type\":\"WebPage\",\"@id\":\"https:\\\/\\\/acninternational.org\\\/de\\\/acn-trauert-um-benedikt-xvi\\\/\",\"url\":\"https:\\\/\\\/acninternational.org\\\/de\\\/acn-trauert-um-benedikt-xvi\\\/\",\"name\":\"ACN trauert um Benedikt XVI | ACN International\",\"isPartOf\":{\"@id\":\"https:\\\/\\\/acninternational.org\\\/de\\\/#website\"},\"primaryImageOfPage\":{\"@id\":\"https:\\\/\\\/acninternational.org\\\/de\\\/acn-trauert-um-benedikt-xvi\\\/#primaryimage\"},\"image\":{\"@id\":\"https:\\\/\\\/acninternational.org\\\/de\\\/acn-trauert-um-benedikt-xvi\\\/#primaryimage\"},\"thumbnailUrl\":\"https:\\\/\\\/media.acninternational.org\\\/wp-content\\\/uploads\\\/2023\\\/07\\\/Pope-Benedict-XVI-2.jpg\",\"datePublished\":\"2021-06-16T07:55:17+00:00\",\"dateModified\":\"2023-07-14T12:40:58+00:00\",\"breadcrumb\":{\"@id\":\"https:\\\/\\\/acninternational.org\\\/de\\\/acn-trauert-um-benedikt-xvi\\\/#breadcrumb\"},\"inLanguage\":\"de\",\"potentialAction\":[{\"@type\":\"ReadAction\",\"target\":[\"https:\\\/\\\/acninternational.org\\\/de\\\/acn-trauert-um-benedikt-xvi\\\/\"]}]},{\"@type\":\"ImageObject\",\"inLanguage\":\"de\",\"@id\":\"https:\\\/\\\/acninternational.org\\\/de\\\/acn-trauert-um-benedikt-xvi\\\/#primaryimage\",\"url\":\"https:\\\/\\\/media.acninternational.org\\\/wp-content\\\/uploads\\\/2023\\\/07\\\/Pope-Benedict-XVI-2.jpg\",\"contentUrl\":\"https:\\\/\\\/media.acninternational.org\\\/wp-content\\\/uploads\\\/2023\\\/07\\\/Pope-Benedict-XVI-2.jpg\",\"width\":1400,\"height\":438},{\"@type\":\"BreadcrumbList\",\"@id\":\"https:\\\/\\\/acninternational.org\\\/de\\\/acn-trauert-um-benedikt-xvi\\\/#breadcrumb\",\"itemListElement\":[{\"@type\":\"ListItem\",\"position\":1,\"name\":\"Home\",\"item\":\"https:\\\/\\\/acninternational.org\\\/de\\\/\"},{\"@type\":\"ListItem\",\"position\":2,\"name\":\"ACN trauert um Benedikt XVI\"}]},{\"@type\":\"WebSite\",\"@id\":\"https:\\\/\\\/acninternational.org\\\/de\\\/#website\",\"url\":\"https:\\\/\\\/acninternational.org\\\/de\\\/\",\"name\":\"ACN International\",\"description\":\"\",\"publisher\":{\"@id\":\"https:\\\/\\\/acninternational.org\\\/de\\\/#organization\"},\"potentialAction\":[{\"@type\":\"SearchAction\",\"target\":{\"@type\":\"EntryPoint\",\"urlTemplate\":\"https:\\\/\\\/acninternational.org\\\/de\\\/?s={search_term_string}\"},\"query-input\":{\"@type\":\"PropertyValueSpecification\",\"valueRequired\":true,\"valueName\":\"search_term_string\"}}],\"inLanguage\":\"de\"},{\"@type\":\"Organization\",\"@id\":\"https:\\\/\\\/acninternational.org\\\/de\\\/#organization\",\"name\":\"Aid to the Church in Need International\",\"url\":\"https:\\\/\\\/acninternational.org\\\/de\\\/\",\"logo\":{\"@type\":\"ImageObject\",\"inLanguage\":\"de\",\"@id\":\"https:\\\/\\\/acninternational.org\\\/de\\\/#\\\/schema\\\/logo\\\/image\\\/\",\"url\":\"https:\\\/\\\/media.acninternational.org\\\/wp-content\\\/uploads\\\/2019\\\/11\\\/acn_logo_blackvector.svg\",\"contentUrl\":\"https:\\\/\\\/media.acninternational.org\\\/wp-content\\\/uploads\\\/2019\\\/11\\\/acn_logo_blackvector.svg\",\"width\":232.6,\"height\":78,\"caption\":\"Aid to the Church in Need International\"},\"image\":{\"@id\":\"https:\\\/\\\/acninternational.org\\\/de\\\/#\\\/schema\\\/logo\\\/image\\\/\"},\"sameAs\":[\"https:\\\/\\\/www.facebook.com\\\/acninternationalorg\",\"https:\\\/\\\/x.com\\\/acn_int\",\"https:\\\/\\\/www.youtube.com\\\/channel\\\/UCQ-077gS0TnVzkhHmf1opZw\",\"https:\\\/\\\/www.instagram.com\\\/acn_international\\\/\"]}]}<\/script>\n<!-- \/ Yoast SEO Premium plugin. -->","yoast_head_json":{"title":"ACN trauert um Benedikt XVI | ACN International","robots":{"index":"index","follow":"follow","max-snippet":"max-snippet:-1","max-image-preview":"max-image-preview:large","max-video-preview":"max-video-preview:-1"},"canonical":"https:\/\/acninternational.org\/de\/acn-trauert-um-benedikt-xvi\/","og_locale":"de_DE","og_type":"article","og_title":"ACN trauert um Benedikt XVI","og_description":"ACN trauert um Benedikt XVI Bewegt und mit gro\u00dfer Dankbarkeit nahm ACN Abschied von Papst em. Benedikt XVI. (1927\u20132022), der unserem Hilfswerk viele Jahre lang eng verbunden war. W\u00e4hrend seines Pontifikates erhob er ACN zur P\u00e4pstlichen Stiftung und gab uns wertvolle Impulse f\u00fcr unsere Arbeit. Wir verlieren einen leidenschaftlichen Prediger der N\u00e4chstenliebe und gro\u00dfen Freund [&hellip;]","og_url":"https:\/\/acninternational.org\/de\/acn-trauert-um-benedikt-xvi\/","og_site_name":"ACN International","article_publisher":"https:\/\/www.facebook.com\/acninternationalorg","article_modified_time":"2023-07-14T12:40:58+00:00","og_image":[{"width":1400,"height":438,"url":"https:\/\/media.acninternational.org\/wp-content\/uploads\/2023\/07\/Pope-Benedict-XVI-2.jpg","type":"image\/jpeg"}],"twitter_card":"summary_large_image","twitter_site":"@acn_int","twitter_misc":{"Gesch\u00e4tzte Lesezeit":"4\u00a0Minuten"},"schema":{"@context":"https:\/\/schema.org","@graph":[{"@type":"WebPage","@id":"https:\/\/acninternational.org\/de\/acn-trauert-um-benedikt-xvi\/","url":"https:\/\/acninternational.org\/de\/acn-trauert-um-benedikt-xvi\/","name":"ACN trauert um Benedikt XVI | ACN International","isPartOf":{"@id":"https:\/\/acninternational.org\/de\/#website"},"primaryImageOfPage":{"@id":"https:\/\/acninternational.org\/de\/acn-trauert-um-benedikt-xvi\/#primaryimage"},"image":{"@id":"https:\/\/acninternational.org\/de\/acn-trauert-um-benedikt-xvi\/#primaryimage"},"thumbnailUrl":"https:\/\/media.acninternational.org\/wp-content\/uploads\/2023\/07\/Pope-Benedict-XVI-2.jpg","datePublished":"2021-06-16T07:55:17+00:00","dateModified":"2023-07-14T12:40:58+00:00","breadcrumb":{"@id":"https:\/\/acninternational.org\/de\/acn-trauert-um-benedikt-xvi\/#breadcrumb"},"inLanguage":"de","potentialAction":[{"@type":"ReadAction","target":["https:\/\/acninternational.org\/de\/acn-trauert-um-benedikt-xvi\/"]}]},{"@type":"ImageObject","inLanguage":"de","@id":"https:\/\/acninternational.org\/de\/acn-trauert-um-benedikt-xvi\/#primaryimage","url":"https:\/\/media.acninternational.org\/wp-content\/uploads\/2023\/07\/Pope-Benedict-XVI-2.jpg","contentUrl":"https:\/\/media.acninternational.org\/wp-content\/uploads\/2023\/07\/Pope-Benedict-XVI-2.jpg","width":1400,"height":438},{"@type":"BreadcrumbList","@id":"https:\/\/acninternational.org\/de\/acn-trauert-um-benedikt-xvi\/#breadcrumb","itemListElement":[{"@type":"ListItem","position":1,"name":"Home","item":"https:\/\/acninternational.org\/de\/"},{"@type":"ListItem","position":2,"name":"ACN trauert um Benedikt XVI"}]},{"@type":"WebSite","@id":"https:\/\/acninternational.org\/de\/#website","url":"https:\/\/acninternational.org\/de\/","name":"ACN International","description":"","publisher":{"@id":"https:\/\/acninternational.org\/de\/#organization"},"potentialAction":[{"@type":"SearchAction","target":{"@type":"EntryPoint","urlTemplate":"https:\/\/acninternational.org\/de\/?s={search_term_string}"},"query-input":{"@type":"PropertyValueSpecification","valueRequired":true,"valueName":"search_term_string"}}],"inLanguage":"de"},{"@type":"Organization","@id":"https:\/\/acninternational.org\/de\/#organization","name":"Aid to the Church in Need International","url":"https:\/\/acninternational.org\/de\/","logo":{"@type":"ImageObject","inLanguage":"de","@id":"https:\/\/acninternational.org\/de\/#\/schema\/logo\/image\/","url":"https:\/\/media.acninternational.org\/wp-content\/uploads\/2019\/11\/acn_logo_blackvector.svg","contentUrl":"https:\/\/media.acninternational.org\/wp-content\/uploads\/2019\/11\/acn_logo_blackvector.svg","width":232.6,"height":78,"caption":"Aid to the Church in Need International"},"image":{"@id":"https:\/\/acninternational.org\/de\/#\/schema\/logo\/image\/"},"sameAs":["https:\/\/www.facebook.com\/acninternationalorg","https:\/\/x.com\/acn_int","https:\/\/www.youtube.com\/channel\/UCQ-077gS0TnVzkhHmf1opZw","https:\/\/www.instagram.com\/acn_international\/"]}]}},"_links":{"self":[{"href":"https:\/\/acninternational.org\/de\/wp-json\/wp\/v2\/pages\/155050","targetHints":{"allow":["GET"]}}],"collection":[{"href":"https:\/\/acninternational.org\/de\/wp-json\/wp\/v2\/pages"}],"about":[{"href":"https:\/\/acninternational.org\/de\/wp-json\/wp\/v2\/types\/page"}],"author":[{"embeddable":true,"href":"https:\/\/acninternational.org\/de\/wp-json\/wp\/v2\/users\/4258341447"}],"replies":[{"embeddable":true,"href":"https:\/\/acninternational.org\/de\/wp-json\/wp\/v2\/comments?post=155050"}],"version-history":[{"count":0,"href":"https:\/\/acninternational.org\/de\/wp-json\/wp\/v2\/pages\/155050\/revisions"}],"wp:featuredmedia":[{"embeddable":true,"href":"https:\/\/acninternational.org\/de\/wp-json\/wp\/v2\/media\/183282"}],"wp:attachment":[{"href":"https:\/\/acninternational.org\/de\/wp-json\/wp\/v2\/media?parent=155050"}],"curies":[{"name":"wp","href":"https:\/\/api.w.org\/{rel}","templated":true}]}}