{"id":140924,"date":"2020-07-31T12:45:10","date_gmt":"2020-07-31T10:45:10","guid":{"rendered":"https:\/\/acninternational.org\/?page_id=140924"},"modified":"2023-04-19T07:21:23","modified_gmt":"2023-04-19T05:21:23","slug":"geschaeftsbedingungen","status":"publish","type":"page","link":"https:\/\/acninternational.org\/de\/geschaeftsbedingungen\/","title":{"rendered":"Allgemeine Gesch\u00e4ftsbedingungen"},"content":{"rendered":"<h1>Allgemeine Gesch\u00e4ftsbedingungen<\/h1>\n<h3>Imprint<\/h3>\n<h4><strong>ACN International<\/strong><\/h4>\n<p>Aid to the Church in Need gGmbH<br \/>Postfach 1209<br \/>D-61452 K\u00f6nigstein\/Ts.<br \/>GERMANY<\/p>\n<h4><strong>Represented by<\/strong><\/h4>\n<p>Philipp Ozores, Secretary General<br \/>Tel.: +49-6174-2910<br \/>Fax: +49-6174-3423<br \/>info@acn-intl.org<\/p>\n<h4><strong>Registered at<\/strong><\/h4>\n<p>District court of K\u00f6nigstein im Taunus<\/p>\n<h4 id=\"terms\"><strong>Registery number<\/strong><\/h4>\n<p>HRB 8446<\/p>\n<h4><strong>Responsible for content according to \u00a755 section 2 RStV<\/strong><\/h4>\n<p>Philipp Ozores, Secretary General<\/p>\n<h3>Allgemeine Gesch\u00e4ftsbedingungen<\/h3>\n<p>Durch Nutzung dieser Webseite stimmen Sie unseren Gesch\u00e4ftsbedingungen zu. Sollten Sie diesen Bestimmungen nicht zustimmen, ersuchen wir, diese Seite unverz\u00fcglich zu verlassen.<\/p>\n<h4>Webseiten von Drittanbietern<\/h4>\n<p>Einige unserer Seiten sind m\u00f6glicherweise mit Verbindungen zu Webseiten Dritter ausgestattet, die von uns nicht kontrolliert und\/oder unterst\u00fctzt werden. KIRCHE IN NOT \u00fcbernimmt f\u00fcr den Inhalt der Drittanbieter keinerlei Haftung oder Verantwortung. Solche Verbindungen werden ausschlie\u00dflich zur leichteren Handhabung erlaubt\u00a0 \u2013 die Vernetzung mit diesen stellt in keinster Weise eine unvoreingenommene Unterst\u00fctzung durch KIRCHE IN NOT dar. Sie selbst tragen die Verantwortung hinsichtlich der Zustimmung zu den Allgemeinen Gesch\u00e4ftsbedingungen dieser Seiten. Jegliche Verbindungen unserer Seite mit Seiten von Drittanbietern d\u00fcrfen nur nach schriftlicher Vereinbarung mit KIRCHE IN NOT vorgenommen werden. Kontaktieren Sie bitte KIRCHE IN NOT um die Zustimmung zur Vernetzung zu erhalten.<\/p>\n<h4>Webseiten von Drittanbietern<\/h4>\n<p>Einige unserer Seiten sind m\u00f6glicherweise mit Verbindungen zu Webseiten Dritter ausgestattet, die von uns nicht kontrolliert und\/oder unterst\u00fctzt werden. KIRCHE IN NOT \u00fcbernimmt f\u00fcr den Inhalt der Drittanbieter keinerlei Haftung oder Verantwortung. Solche Verbindungen werden ausschlie\u00dflich zur leichteren Handhabung erlaubt\u00a0 \u2013 die Vernetzung mit diesen stellt in keinster Weise eine unvoreingenommene Unterst\u00fctzung durch KIRCHE IN NOT dar. Sie selbst tragen die Verantwortung hinsichtlich der Zustimmung zu den Allgemeinen Gesch\u00e4ftsbedingungen dieser Seiten. Jegliche Verbindungen unserer Seite mit Seiten von Drittanbietern d\u00fcrfen nur nach schriftlicher Vereinbarung mit KIRCHE IN NOT vorgenommen werden. Kontaktieren Sie bitte KIRCHE IN NOT um die Zustimmung zur Vernetzung zu erhalten.<\/p>\n<h4>\u00c4nderungen der Allgemeinen Gesch\u00e4ftsbedingungen<\/h4>\n<p>KIRCHE IN NOT beh\u00e4lt sich vor, die Allgemeinen Gesch\u00e4ftsbedingungen zu \u00e4ndern oder zu ersetzen ohne davor ausdr\u00fccklich darauf hinweisen zu m\u00fcssen. In einem solchen Fall werden die \u201cneuen AGB\u201d auf dieser Webseite einsehbar sein. Die Benutzung unserer Webseite stellt das Einverst\u00e4ndnis mit unseren jeweiligen Gesch\u00e4ftsbedingungen dar. Wir raten daher, von Zeit zu Zeit die Allgemeinen Gesch\u00e4ftsbedingungen dieser Seite erneut durchzulesen. Sollten Sie mit unseren jeweiligen Datenschutzrichtlinien nicht \u00fcbereinstimmen, empfehlen wir, unsere Seite unverz\u00fcglich zu verlassen.<\/p>\n<h4>Copyright<\/h4>\n<p>F\u00fcr die Informationen, die auf dieser Webseite zu finden sind, gilt das Urheberrechtsgesetz und die urheberrechtliche Erkl\u00e4rung durch KIRCHE IN NOT.<\/p>\n<h4>Datenschutz<\/h4>\n<p>Jegliche Art von Information auf dieser Webseite wird im Sinne der <a href=\"https:\/\/acninternational.org\/de\/datenschutzerklaerung\/\">Datenschutzerkl\u00e4rung <\/a>von KIRCHE IN NOT behandelt<\/p>\n<h4>Gesetzesgrundlage f\u00fcr diese Webseite<\/h4>\n<p>Diese Webseite, wie auch deren Allgemeine Gesch\u00e4ftsbedingungen, unterliegen dem Deutschen Gesetz. F\u00fcr die Beilegung von jeglicher Art von Disput sind daher deutsche Gerichte zust\u00e4ndig.<\/p>\n","protected":false},"excerpt":{"rendered":"<p>Allgemeine Gesch\u00e4ftsbedingungen Imprint ACN International Aid to the Church in Need gGmbHPostfach 1209D-61452 K\u00f6nigstein\/Ts.GERMANY Represented by Philipp Ozores, Secretary GeneralTel.: +49-6174-2910Fax: +49-6174-3423info@acn-intl.org Registered at District court of K\u00f6nigstein im Taunus Registery number HRB 8446 Responsible for content according to \u00a755 section 2 RStV Philipp Ozores, Secretary General Allgemeine Gesch\u00e4ftsbedingungen Durch Nutzung dieser Webseite stimmen Sie [&hellip;]<\/p>\n","protected":false},"author":4258341447,"featured_media":243384,"parent":0,"menu_order":0,"comment_status":"closed","ping_status":"closed","template":"page_2_columns.php","meta":{"_acf_changed":false,"footnotes":""},"class_list":["post-140924","page","type-page","status-publish","has-post-thumbnail","hentry"],"acf":[],"yoast_head":"<!-- This site is optimized with the Yoast SEO Premium plugin v27.3 (Yoast SEO v27.3) - https:\/\/yoast.com\/product\/yoast-seo-premium-wordpress\/ -->\n<title>Allgemeine Gesch\u00e4ftsbedingungen | ACN International<\/title>\n<meta name=\"robots\" content=\"index, follow, max-snippet:-1, max-image-preview:large, max-video-preview:-1\" \/>\n<link rel=\"canonical\" href=\"https:\/\/acninternational.org\/de\/geschaeftsbedingungen\/\" \/>\n<meta property=\"og:locale\" content=\"de_DE\" \/>\n<meta property=\"og:type\" content=\"article\" \/>\n<meta property=\"og:title\" content=\"Allgemeine Gesch\u00e4ftsbedingungen\" \/>\n<meta property=\"og:description\" content=\"Allgemeine Gesch\u00e4ftsbedingungen Imprint ACN International Aid to the Church in Need gGmbHPostfach 1209D-61452 K\u00f6nigstein\/Ts.GERMANY Represented by Philipp Ozores, Secretary GeneralTel.: +49-6174-2910Fax: +49-6174-3423info@acn-intl.org Registered at District court of K\u00f6nigstein im Taunus Registery number HRB 8446 Responsible for content according to \u00a755 section 2 RStV Philipp Ozores, Secretary General Allgemeine Gesch\u00e4ftsbedingungen Durch Nutzung dieser Webseite stimmen Sie [&hellip;]\" \/>\n<meta property=\"og:url\" content=\"https:\/\/acninternational.org\/de\/geschaeftsbedingungen\/\" \/>\n<meta property=\"og:site_name\" content=\"ACN International\" \/>\n<meta property=\"article:publisher\" content=\"https:\/\/www.facebook.com\/acninternationalorg\" \/>\n<meta property=\"article:modified_time\" content=\"2023-04-19T05:21:23+00:00\" \/>\n<meta property=\"og:image\" content=\"https:\/\/media.acninternational.org\/wp-content\/uploads\/2025\/05\/2-col-imgs-default.jpg\" \/>\n\t<meta property=\"og:image:width\" content=\"977\" \/>\n\t<meta property=\"og:image:height\" content=\"1070\" \/>\n\t<meta property=\"og:image:type\" content=\"image\/jpeg\" \/>\n<meta name=\"twitter:card\" content=\"summary_large_image\" \/>\n<meta name=\"twitter:site\" content=\"@acn_int\" \/>\n<meta name=\"twitter:label1\" content=\"Gesch\u00e4tzte Lesezeit\" \/>\n\t<meta name=\"twitter:data1\" content=\"3\u00a0Minuten\" \/>\n<script type=\"application\/ld+json\" class=\"yoast-schema-graph\">{\"@context\":\"https:\\\/\\\/schema.org\",\"@graph\":[{\"@type\":\"WebPage\",\"@id\":\"https:\\\/\\\/acninternational.org\\\/de\\\/geschaeftsbedingungen\\\/\",\"url\":\"https:\\\/\\\/acninternational.org\\\/de\\\/geschaeftsbedingungen\\\/\",\"name\":\"Allgemeine Gesch\u00e4ftsbedingungen | ACN International\",\"isPartOf\":{\"@id\":\"https:\\\/\\\/acninternational.org\\\/de\\\/#website\"},\"primaryImageOfPage\":{\"@id\":\"https:\\\/\\\/acninternational.org\\\/de\\\/geschaeftsbedingungen\\\/#primaryimage\"},\"image\":{\"@id\":\"https:\\\/\\\/acninternational.org\\\/de\\\/geschaeftsbedingungen\\\/#primaryimage\"},\"thumbnailUrl\":\"https:\\\/\\\/media.acninternational.org\\\/wp-content\\\/uploads\\\/2025\\\/05\\\/2-col-imgs-default.jpg\",\"datePublished\":\"2020-07-31T10:45:10+00:00\",\"dateModified\":\"2023-04-19T05:21:23+00:00\",\"breadcrumb\":{\"@id\":\"https:\\\/\\\/acninternational.org\\\/de\\\/geschaeftsbedingungen\\\/#breadcrumb\"},\"inLanguage\":\"de\",\"potentialAction\":[{\"@type\":\"ReadAction\",\"target\":[\"https:\\\/\\\/acninternational.org\\\/de\\\/geschaeftsbedingungen\\\/\"]}]},{\"@type\":\"ImageObject\",\"inLanguage\":\"de\",\"@id\":\"https:\\\/\\\/acninternational.org\\\/de\\\/geschaeftsbedingungen\\\/#primaryimage\",\"url\":\"https:\\\/\\\/media.acninternational.org\\\/wp-content\\\/uploads\\\/2025\\\/05\\\/2-col-imgs-default.jpg\",\"contentUrl\":\"https:\\\/\\\/media.acninternational.org\\\/wp-content\\\/uploads\\\/2025\\\/05\\\/2-col-imgs-default.jpg\",\"width\":977,\"height\":1070},{\"@type\":\"BreadcrumbList\",\"@id\":\"https:\\\/\\\/acninternational.org\\\/de\\\/geschaeftsbedingungen\\\/#breadcrumb\",\"itemListElement\":[{\"@type\":\"ListItem\",\"position\":1,\"name\":\"Home\",\"item\":\"https:\\\/\\\/acninternational.org\\\/de\\\/\"},{\"@type\":\"ListItem\",\"position\":2,\"name\":\"Allgemeine Gesch\u00e4ftsbedingungen\"}]},{\"@type\":\"WebSite\",\"@id\":\"https:\\\/\\\/acninternational.org\\\/de\\\/#website\",\"url\":\"https:\\\/\\\/acninternational.org\\\/de\\\/\",\"name\":\"ACN International\",\"description\":\"\",\"publisher\":{\"@id\":\"https:\\\/\\\/acninternational.org\\\/de\\\/#organization\"},\"potentialAction\":[{\"@type\":\"SearchAction\",\"target\":{\"@type\":\"EntryPoint\",\"urlTemplate\":\"https:\\\/\\\/acninternational.org\\\/de\\\/?s={search_term_string}\"},\"query-input\":{\"@type\":\"PropertyValueSpecification\",\"valueRequired\":true,\"valueName\":\"search_term_string\"}}],\"inLanguage\":\"de\"},{\"@type\":\"Organization\",\"@id\":\"https:\\\/\\\/acninternational.org\\\/de\\\/#organization\",\"name\":\"Aid to the Church in Need International\",\"url\":\"https:\\\/\\\/acninternational.org\\\/de\\\/\",\"logo\":{\"@type\":\"ImageObject\",\"inLanguage\":\"de\",\"@id\":\"https:\\\/\\\/acninternational.org\\\/de\\\/#\\\/schema\\\/logo\\\/image\\\/\",\"url\":\"https:\\\/\\\/media.acninternational.org\\\/wp-content\\\/uploads\\\/2019\\\/11\\\/acn_logo_blackvector.svg\",\"contentUrl\":\"https:\\\/\\\/media.acninternational.org\\\/wp-content\\\/uploads\\\/2019\\\/11\\\/acn_logo_blackvector.svg\",\"width\":232.6,\"height\":78,\"caption\":\"Aid to the Church in Need International\"},\"image\":{\"@id\":\"https:\\\/\\\/acninternational.org\\\/de\\\/#\\\/schema\\\/logo\\\/image\\\/\"},\"sameAs\":[\"https:\\\/\\\/www.facebook.com\\\/acninternationalorg\",\"https:\\\/\\\/x.com\\\/acn_int\",\"https:\\\/\\\/www.youtube.com\\\/channel\\\/UCQ-077gS0TnVzkhHmf1opZw\",\"https:\\\/\\\/www.instagram.com\\\/acn_international\\\/\"]}]}<\/script>\n<!-- \/ Yoast SEO Premium plugin. -->","yoast_head_json":{"title":"Allgemeine Gesch\u00e4ftsbedingungen | ACN International","robots":{"index":"index","follow":"follow","max-snippet":"max-snippet:-1","max-image-preview":"max-image-preview:large","max-video-preview":"max-video-preview:-1"},"canonical":"https:\/\/acninternational.org\/de\/geschaeftsbedingungen\/","og_locale":"de_DE","og_type":"article","og_title":"Allgemeine Gesch\u00e4ftsbedingungen","og_description":"Allgemeine Gesch\u00e4ftsbedingungen Imprint ACN International Aid to the Church in Need gGmbHPostfach 1209D-61452 K\u00f6nigstein\/Ts.GERMANY Represented by Philipp Ozores, Secretary GeneralTel.: +49-6174-2910Fax: +49-6174-3423info@acn-intl.org Registered at District court of K\u00f6nigstein im Taunus Registery number HRB 8446 Responsible for content according to \u00a755 section 2 RStV Philipp Ozores, Secretary General Allgemeine Gesch\u00e4ftsbedingungen Durch Nutzung dieser Webseite stimmen Sie [&hellip;]","og_url":"https:\/\/acninternational.org\/de\/geschaeftsbedingungen\/","og_site_name":"ACN International","article_publisher":"https:\/\/www.facebook.com\/acninternationalorg","article_modified_time":"2023-04-19T05:21:23+00:00","og_image":[{"width":977,"height":1070,"url":"https:\/\/media.acninternational.org\/wp-content\/uploads\/2025\/05\/2-col-imgs-default.jpg","type":"image\/jpeg"}],"twitter_card":"summary_large_image","twitter_site":"@acn_int","twitter_misc":{"Gesch\u00e4tzte Lesezeit":"3\u00a0Minuten"},"schema":{"@context":"https:\/\/schema.org","@graph":[{"@type":"WebPage","@id":"https:\/\/acninternational.org\/de\/geschaeftsbedingungen\/","url":"https:\/\/acninternational.org\/de\/geschaeftsbedingungen\/","name":"Allgemeine Gesch\u00e4ftsbedingungen | ACN International","isPartOf":{"@id":"https:\/\/acninternational.org\/de\/#website"},"primaryImageOfPage":{"@id":"https:\/\/acninternational.org\/de\/geschaeftsbedingungen\/#primaryimage"},"image":{"@id":"https:\/\/acninternational.org\/de\/geschaeftsbedingungen\/#primaryimage"},"thumbnailUrl":"https:\/\/media.acninternational.org\/wp-content\/uploads\/2025\/05\/2-col-imgs-default.jpg","datePublished":"2020-07-31T10:45:10+00:00","dateModified":"2023-04-19T05:21:23+00:00","breadcrumb":{"@id":"https:\/\/acninternational.org\/de\/geschaeftsbedingungen\/#breadcrumb"},"inLanguage":"de","potentialAction":[{"@type":"ReadAction","target":["https:\/\/acninternational.org\/de\/geschaeftsbedingungen\/"]}]},{"@type":"ImageObject","inLanguage":"de","@id":"https:\/\/acninternational.org\/de\/geschaeftsbedingungen\/#primaryimage","url":"https:\/\/media.acninternational.org\/wp-content\/uploads\/2025\/05\/2-col-imgs-default.jpg","contentUrl":"https:\/\/media.acninternational.org\/wp-content\/uploads\/2025\/05\/2-col-imgs-default.jpg","width":977,"height":1070},{"@type":"BreadcrumbList","@id":"https:\/\/acninternational.org\/de\/geschaeftsbedingungen\/#breadcrumb","itemListElement":[{"@type":"ListItem","position":1,"name":"Home","item":"https:\/\/acninternational.org\/de\/"},{"@type":"ListItem","position":2,"name":"Allgemeine Gesch\u00e4ftsbedingungen"}]},{"@type":"WebSite","@id":"https:\/\/acninternational.org\/de\/#website","url":"https:\/\/acninternational.org\/de\/","name":"ACN International","description":"","publisher":{"@id":"https:\/\/acninternational.org\/de\/#organization"},"potentialAction":[{"@type":"SearchAction","target":{"@type":"EntryPoint","urlTemplate":"https:\/\/acninternational.org\/de\/?s={search_term_string}"},"query-input":{"@type":"PropertyValueSpecification","valueRequired":true,"valueName":"search_term_string"}}],"inLanguage":"de"},{"@type":"Organization","@id":"https:\/\/acninternational.org\/de\/#organization","name":"Aid to the Church in Need International","url":"https:\/\/acninternational.org\/de\/","logo":{"@type":"ImageObject","inLanguage":"de","@id":"https:\/\/acninternational.org\/de\/#\/schema\/logo\/image\/","url":"https:\/\/media.acninternational.org\/wp-content\/uploads\/2019\/11\/acn_logo_blackvector.svg","contentUrl":"https:\/\/media.acninternational.org\/wp-content\/uploads\/2019\/11\/acn_logo_blackvector.svg","width":232.6,"height":78,"caption":"Aid to the Church in Need International"},"image":{"@id":"https:\/\/acninternational.org\/de\/#\/schema\/logo\/image\/"},"sameAs":["https:\/\/www.facebook.com\/acninternationalorg","https:\/\/x.com\/acn_int","https:\/\/www.youtube.com\/channel\/UCQ-077gS0TnVzkhHmf1opZw","https:\/\/www.instagram.com\/acn_international\/"]}]}},"_links":{"self":[{"href":"https:\/\/acninternational.org\/de\/wp-json\/wp\/v2\/pages\/140924","targetHints":{"allow":["GET"]}}],"collection":[{"href":"https:\/\/acninternational.org\/de\/wp-json\/wp\/v2\/pages"}],"about":[{"href":"https:\/\/acninternational.org\/de\/wp-json\/wp\/v2\/types\/page"}],"author":[{"embeddable":true,"href":"https:\/\/acninternational.org\/de\/wp-json\/wp\/v2\/users\/4258341447"}],"replies":[{"embeddable":true,"href":"https:\/\/acninternational.org\/de\/wp-json\/wp\/v2\/comments?post=140924"}],"version-history":[{"count":0,"href":"https:\/\/acninternational.org\/de\/wp-json\/wp\/v2\/pages\/140924\/revisions"}],"wp:featuredmedia":[{"embeddable":true,"href":"https:\/\/acninternational.org\/de\/wp-json\/wp\/v2\/media\/243384"}],"wp:attachment":[{"href":"https:\/\/acninternational.org\/de\/wp-json\/wp\/v2\/media?parent=140924"}],"curies":[{"name":"wp","href":"https:\/\/api.w.org\/{rel}","templated":true}]}}