{"id":139588,"date":"2020-06-18T11:56:15","date_gmt":"2020-06-18T09:56:15","guid":{"rendered":"https:\/\/acninternational.org\/safeguarding\/"},"modified":"2026-02-09T17:04:56","modified_gmt":"2026-02-09T16:04:56","slug":"safeguarding","status":"publish","type":"page","link":"https:\/\/acninternational.org\/de\/safeguarding\/","title":{"rendered":"Safeguarding"},"content":{"rendered":"\n<p>ACN unterst\u00fctzt die Kirche bei ihren Pr\u00e4ventionsma\u00dfnahmen zum Thema Missbrauch. So f\u00f6rdert ACN weltweit Kurse zum Themenkreis Safeguarding, in denen Priester und Ordensleute im Erkennen und in der Verhinderung von sexuellem und anderem Missbrauch von Minderj\u00e4hrigen und Schutzbefohlenen geschult werden.<\/p>\n\n\n\n<p>Bei den Safeguarding-Kursen arbeitet ACN unter anderem eng mit dem in die-sem Thema f\u00fchrenden Centre for Child Protection (CCP) der Gregoriana-Univer-sit\u00e4t in Rom zusammen. Zu den Schwer-punkten der Kurse geh\u00f6rt die Erkennung von Missbrauch, um diesen m\u00f6glichst fr\u00fch zu identifizieren. Als Voraussetzung f\u00fcr eine kompetente F\u00fcrsorge werden die verheerenden Folgen des Miss-brauchs f\u00fcr die Opfer vermittelt. Ziel ist das Erlernen effektiver Ma\u00dfnahmen sowohl bei der Pr\u00e4vention von F\u00e4llen als auch bei der Behandlung von Verdachts-f\u00e4llen, etwa um die Vertuschung von Missbrauch zu vermeiden.<\/p>\n\n\n\n<h3 class=\"wp-block-heading\" id=\"h-wir-setzen-uns-weltweit-dafur-ein-dass-minderjahrige-und-andere-schutzbefohlene-besser-geschutzt-werden\">\u00bbWir setzen uns weltweit daf\u00fcr ein, dass Minderj\u00e4hrige und andere Schutzbefohlene besser gesch\u00fctzt werden.\u00ab<\/h3>\n\n\n\n<p class=\"has-text-align-right\">Regina Lynch, Projektdirektorin<\/p>\n\n\n\n<p>Nur mit einem schriftlichen Bekenntnis zu Safeguarding k\u00f6nnen unsere Projektpartner Hilfe von ACN erhalten. Diese wird entzogen, sollten m\u00f6gliche oder tats\u00e4chliche F\u00e4lle von Missbrauch nicht angemessen verfolgt werden.<\/p>\n\n\n<div class=\"wp-block-image\">\n<figure class=\"aligncenter\"><img loading=\"lazy\" decoding=\"async\" width=\"670\" height=\"400\" src=\"https:\/\/media.acninternational.org\/wp-content\/uploads\/2021\/06\/Safeguarding.jpg\" alt=\"ACN unterst\u00fctzt Schwestern, die in Kapshagay, Kasachstan, Waisenkinder betreuen.\" class=\"wp-image-153642\" srcset=\"https:\/\/media.acninternational.org\/wp-content\/uploads\/2021\/06\/Safeguarding.jpg 670w, https:\/\/media.acninternational.org\/wp-content\/uploads\/2021\/06\/Safeguarding-300x179.jpg 300w\" sizes=\"auto, (max-width: 670px) 100vw, 670px\" \/><figcaption class=\"wp-element-caption\">ACN unterst\u00fctzt Schwestern, die in Kapshagay, Kasachstan, Waisenkinder betreuen.<\/figcaption><\/figure>\n<\/div>\n\n\n<p>Die Anspr\u00fcche zu Safeguarding gelten in gleichem Ma\u00dfe gegen\u00fcber den eigenen Mitarbeitern von ACN, die zur Einhaltung der ACN Safeguarding-Richtlinien verpflichtet sind und regelm\u00e4\u00dfig darin fortgebildet werden. Die vollst\u00e4ndige Safeguarding-Richtlinie kann <a href=\"https:\/\/media.acninternational.org\/wp-content\/uploads\/2021\/02\/ACN-International-Safeguarding-Guidelines.pdf\" target=\"_blank\" rel=\"noreferrer noopener\">hier<\/a> eingesehen werden.<\/p>\n\n\n\n<p><strong>Frau Barbara Rettig<\/strong><\/p>\n\n\n\n<p>E-Mail: <a href=\"mailto:br@acn-intl.org\">br@acn-intl.org<\/a><\/p>\n\n\n\n<p>Telefon: +49 6174 291-211<\/p>\n\n\n\n<p><strong>Herr Reinhard Backes<\/strong><\/p>\n\n\n\n<p>E-Mail: <a href=\"mailto:rx@acn-intl.org\">rx@acn-intl.org<\/a><\/p>\n\n\n\n<p>Telefon: +49 6174 291-213<\/p>\n","protected":false},"excerpt":{"rendered":"<p>ACN unterst\u00fctzt die Kirche bei ihren Pr\u00e4ventionsma\u00dfnahmen zum Thema Missbrauch. So f\u00f6rdert ACN weltweit Kurse zum Themenkreis Safeguarding, in denen Priester und Ordensleute im Erkennen und in der Verhinderung von sexuellem und anderem Missbrauch von Minderj\u00e4hrigen und Schutzbefohlenen geschult werden. Bei den Safeguarding-Kursen arbeitet ACN unter anderem eng mit dem in die-sem Thema f\u00fchrenden Centre [&hellip;]<\/p>\n","protected":false},"author":4258341447,"featured_media":152509,"parent":0,"menu_order":0,"comment_status":"closed","ping_status":"closed","template":"","meta":{"_acf_changed":false,"footnotes":""},"class_list":["post-139588","page","type-page","status-publish","has-post-thumbnail","hentry"],"acf":[],"yoast_head":"<!-- This site is optimized with the Yoast SEO Premium plugin v27.3 (Yoast SEO v27.3) - https:\/\/yoast.com\/product\/yoast-seo-premium-wordpress\/ -->\n<title>Safeguarding | ACN International<\/title>\n<meta name=\"robots\" content=\"index, follow, max-snippet:-1, max-image-preview:large, max-video-preview:-1\" \/>\n<link rel=\"canonical\" href=\"https:\/\/acninternational.org\/de\/safeguarding\/\" \/>\n<meta property=\"og:locale\" content=\"de_DE\" \/>\n<meta property=\"og:type\" content=\"article\" \/>\n<meta property=\"og:title\" content=\"Safeguarding\" \/>\n<meta property=\"og:description\" content=\"ACN unterst\u00fctzt die Kirche bei ihren Pr\u00e4ventionsma\u00dfnahmen zum Thema Missbrauch. So f\u00f6rdert ACN weltweit Kurse zum Themenkreis Safeguarding, in denen Priester und Ordensleute im Erkennen und in der Verhinderung von sexuellem und anderem Missbrauch von Minderj\u00e4hrigen und Schutzbefohlenen geschult werden. Bei den Safeguarding-Kursen arbeitet ACN unter anderem eng mit dem in die-sem Thema f\u00fchrenden Centre [&hellip;]\" \/>\n<meta property=\"og:url\" content=\"https:\/\/acninternational.org\/de\/safeguarding\/\" \/>\n<meta property=\"og:site_name\" content=\"ACN International\" \/>\n<meta property=\"article:publisher\" content=\"https:\/\/www.facebook.com\/acninternationalorg\" \/>\n<meta property=\"article:modified_time\" content=\"2026-02-09T16:04:56+00:00\" \/>\n<meta property=\"og:image\" content=\"https:\/\/media.acninternational.org\/wp-content\/uploads\/2021\/06\/safeguarding_1400x438.jpg\" \/>\n\t<meta property=\"og:image:width\" content=\"1400\" \/>\n\t<meta property=\"og:image:height\" content=\"438\" \/>\n\t<meta property=\"og:image:type\" content=\"image\/jpeg\" \/>\n<meta name=\"twitter:card\" content=\"summary_large_image\" \/>\n<meta name=\"twitter:site\" content=\"@acn_int\" \/>\n<meta name=\"twitter:label1\" content=\"Gesch\u00e4tzte Lesezeit\" \/>\n\t<meta name=\"twitter:data1\" content=\"2\u00a0Minuten\" \/>\n<script type=\"application\/ld+json\" class=\"yoast-schema-graph\">{\"@context\":\"https:\\\/\\\/schema.org\",\"@graph\":[{\"@type\":\"WebPage\",\"@id\":\"https:\\\/\\\/acninternational.org\\\/de\\\/safeguarding\\\/\",\"url\":\"https:\\\/\\\/acninternational.org\\\/de\\\/safeguarding\\\/\",\"name\":\"Safeguarding | ACN International\",\"isPartOf\":{\"@id\":\"https:\\\/\\\/acninternational.org\\\/de\\\/#website\"},\"primaryImageOfPage\":{\"@id\":\"https:\\\/\\\/acninternational.org\\\/de\\\/safeguarding\\\/#primaryimage\"},\"image\":{\"@id\":\"https:\\\/\\\/acninternational.org\\\/de\\\/safeguarding\\\/#primaryimage\"},\"thumbnailUrl\":\"https:\\\/\\\/media.acninternational.org\\\/wp-content\\\/uploads\\\/2021\\\/06\\\/safeguarding_1400x438.jpg\",\"datePublished\":\"2020-06-18T09:56:15+00:00\",\"dateModified\":\"2026-02-09T16:04:56+00:00\",\"breadcrumb\":{\"@id\":\"https:\\\/\\\/acninternational.org\\\/de\\\/safeguarding\\\/#breadcrumb\"},\"inLanguage\":\"de\",\"potentialAction\":[{\"@type\":\"ReadAction\",\"target\":[\"https:\\\/\\\/acninternational.org\\\/de\\\/safeguarding\\\/\"]}]},{\"@type\":\"ImageObject\",\"inLanguage\":\"de\",\"@id\":\"https:\\\/\\\/acninternational.org\\\/de\\\/safeguarding\\\/#primaryimage\",\"url\":\"https:\\\/\\\/media.acninternational.org\\\/wp-content\\\/uploads\\\/2021\\\/06\\\/safeguarding_1400x438.jpg\",\"contentUrl\":\"https:\\\/\\\/media.acninternational.org\\\/wp-content\\\/uploads\\\/2021\\\/06\\\/safeguarding_1400x438.jpg\",\"width\":1400,\"height\":438},{\"@type\":\"BreadcrumbList\",\"@id\":\"https:\\\/\\\/acninternational.org\\\/de\\\/safeguarding\\\/#breadcrumb\",\"itemListElement\":[{\"@type\":\"ListItem\",\"position\":1,\"name\":\"Home\",\"item\":\"https:\\\/\\\/acninternational.org\\\/de\\\/\"},{\"@type\":\"ListItem\",\"position\":2,\"name\":\"Safeguarding\"}]},{\"@type\":\"WebSite\",\"@id\":\"https:\\\/\\\/acninternational.org\\\/de\\\/#website\",\"url\":\"https:\\\/\\\/acninternational.org\\\/de\\\/\",\"name\":\"ACN International\",\"description\":\"\",\"publisher\":{\"@id\":\"https:\\\/\\\/acninternational.org\\\/de\\\/#organization\"},\"potentialAction\":[{\"@type\":\"SearchAction\",\"target\":{\"@type\":\"EntryPoint\",\"urlTemplate\":\"https:\\\/\\\/acninternational.org\\\/de\\\/?s={search_term_string}\"},\"query-input\":{\"@type\":\"PropertyValueSpecification\",\"valueRequired\":true,\"valueName\":\"search_term_string\"}}],\"inLanguage\":\"de\"},{\"@type\":\"Organization\",\"@id\":\"https:\\\/\\\/acninternational.org\\\/de\\\/#organization\",\"name\":\"Aid to the Church in Need International\",\"url\":\"https:\\\/\\\/acninternational.org\\\/de\\\/\",\"logo\":{\"@type\":\"ImageObject\",\"inLanguage\":\"de\",\"@id\":\"https:\\\/\\\/acninternational.org\\\/de\\\/#\\\/schema\\\/logo\\\/image\\\/\",\"url\":\"https:\\\/\\\/media.acninternational.org\\\/wp-content\\\/uploads\\\/2019\\\/11\\\/acn_logo_blackvector.svg\",\"contentUrl\":\"https:\\\/\\\/media.acninternational.org\\\/wp-content\\\/uploads\\\/2019\\\/11\\\/acn_logo_blackvector.svg\",\"width\":232.6,\"height\":78,\"caption\":\"Aid to the Church in Need International\"},\"image\":{\"@id\":\"https:\\\/\\\/acninternational.org\\\/de\\\/#\\\/schema\\\/logo\\\/image\\\/\"},\"sameAs\":[\"https:\\\/\\\/www.facebook.com\\\/acninternationalorg\",\"https:\\\/\\\/x.com\\\/acn_int\",\"https:\\\/\\\/www.youtube.com\\\/channel\\\/UCQ-077gS0TnVzkhHmf1opZw\",\"https:\\\/\\\/www.instagram.com\\\/acn_international\\\/\"]}]}<\/script>\n<!-- \/ Yoast SEO Premium plugin. -->","yoast_head_json":{"title":"Safeguarding | ACN International","robots":{"index":"index","follow":"follow","max-snippet":"max-snippet:-1","max-image-preview":"max-image-preview:large","max-video-preview":"max-video-preview:-1"},"canonical":"https:\/\/acninternational.org\/de\/safeguarding\/","og_locale":"de_DE","og_type":"article","og_title":"Safeguarding","og_description":"ACN unterst\u00fctzt die Kirche bei ihren Pr\u00e4ventionsma\u00dfnahmen zum Thema Missbrauch. So f\u00f6rdert ACN weltweit Kurse zum Themenkreis Safeguarding, in denen Priester und Ordensleute im Erkennen und in der Verhinderung von sexuellem und anderem Missbrauch von Minderj\u00e4hrigen und Schutzbefohlenen geschult werden. Bei den Safeguarding-Kursen arbeitet ACN unter anderem eng mit dem in die-sem Thema f\u00fchrenden Centre [&hellip;]","og_url":"https:\/\/acninternational.org\/de\/safeguarding\/","og_site_name":"ACN International","article_publisher":"https:\/\/www.facebook.com\/acninternationalorg","article_modified_time":"2026-02-09T16:04:56+00:00","og_image":[{"width":1400,"height":438,"url":"https:\/\/media.acninternational.org\/wp-content\/uploads\/2021\/06\/safeguarding_1400x438.jpg","type":"image\/jpeg"}],"twitter_card":"summary_large_image","twitter_site":"@acn_int","twitter_misc":{"Gesch\u00e4tzte Lesezeit":"2\u00a0Minuten"},"schema":{"@context":"https:\/\/schema.org","@graph":[{"@type":"WebPage","@id":"https:\/\/acninternational.org\/de\/safeguarding\/","url":"https:\/\/acninternational.org\/de\/safeguarding\/","name":"Safeguarding | ACN International","isPartOf":{"@id":"https:\/\/acninternational.org\/de\/#website"},"primaryImageOfPage":{"@id":"https:\/\/acninternational.org\/de\/safeguarding\/#primaryimage"},"image":{"@id":"https:\/\/acninternational.org\/de\/safeguarding\/#primaryimage"},"thumbnailUrl":"https:\/\/media.acninternational.org\/wp-content\/uploads\/2021\/06\/safeguarding_1400x438.jpg","datePublished":"2020-06-18T09:56:15+00:00","dateModified":"2026-02-09T16:04:56+00:00","breadcrumb":{"@id":"https:\/\/acninternational.org\/de\/safeguarding\/#breadcrumb"},"inLanguage":"de","potentialAction":[{"@type":"ReadAction","target":["https:\/\/acninternational.org\/de\/safeguarding\/"]}]},{"@type":"ImageObject","inLanguage":"de","@id":"https:\/\/acninternational.org\/de\/safeguarding\/#primaryimage","url":"https:\/\/media.acninternational.org\/wp-content\/uploads\/2021\/06\/safeguarding_1400x438.jpg","contentUrl":"https:\/\/media.acninternational.org\/wp-content\/uploads\/2021\/06\/safeguarding_1400x438.jpg","width":1400,"height":438},{"@type":"BreadcrumbList","@id":"https:\/\/acninternational.org\/de\/safeguarding\/#breadcrumb","itemListElement":[{"@type":"ListItem","position":1,"name":"Home","item":"https:\/\/acninternational.org\/de\/"},{"@type":"ListItem","position":2,"name":"Safeguarding"}]},{"@type":"WebSite","@id":"https:\/\/acninternational.org\/de\/#website","url":"https:\/\/acninternational.org\/de\/","name":"ACN International","description":"","publisher":{"@id":"https:\/\/acninternational.org\/de\/#organization"},"potentialAction":[{"@type":"SearchAction","target":{"@type":"EntryPoint","urlTemplate":"https:\/\/acninternational.org\/de\/?s={search_term_string}"},"query-input":{"@type":"PropertyValueSpecification","valueRequired":true,"valueName":"search_term_string"}}],"inLanguage":"de"},{"@type":"Organization","@id":"https:\/\/acninternational.org\/de\/#organization","name":"Aid to the Church in Need International","url":"https:\/\/acninternational.org\/de\/","logo":{"@type":"ImageObject","inLanguage":"de","@id":"https:\/\/acninternational.org\/de\/#\/schema\/logo\/image\/","url":"https:\/\/media.acninternational.org\/wp-content\/uploads\/2019\/11\/acn_logo_blackvector.svg","contentUrl":"https:\/\/media.acninternational.org\/wp-content\/uploads\/2019\/11\/acn_logo_blackvector.svg","width":232.6,"height":78,"caption":"Aid to the Church in Need International"},"image":{"@id":"https:\/\/acninternational.org\/de\/#\/schema\/logo\/image\/"},"sameAs":["https:\/\/www.facebook.com\/acninternationalorg","https:\/\/x.com\/acn_int","https:\/\/www.youtube.com\/channel\/UCQ-077gS0TnVzkhHmf1opZw","https:\/\/www.instagram.com\/acn_international\/"]}]}},"_links":{"self":[{"href":"https:\/\/acninternational.org\/de\/wp-json\/wp\/v2\/pages\/139588","targetHints":{"allow":["GET"]}}],"collection":[{"href":"https:\/\/acninternational.org\/de\/wp-json\/wp\/v2\/pages"}],"about":[{"href":"https:\/\/acninternational.org\/de\/wp-json\/wp\/v2\/types\/page"}],"author":[{"embeddable":true,"href":"https:\/\/acninternational.org\/de\/wp-json\/wp\/v2\/users\/4258341447"}],"replies":[{"embeddable":true,"href":"https:\/\/acninternational.org\/de\/wp-json\/wp\/v2\/comments?post=139588"}],"version-history":[{"count":1,"href":"https:\/\/acninternational.org\/de\/wp-json\/wp\/v2\/pages\/139588\/revisions"}],"predecessor-version":[{"id":261637,"href":"https:\/\/acninternational.org\/de\/wp-json\/wp\/v2\/pages\/139588\/revisions\/261637"}],"wp:featuredmedia":[{"embeddable":true,"href":"https:\/\/acninternational.org\/de\/wp-json\/wp\/v2\/media\/152509"}],"wp:attachment":[{"href":"https:\/\/acninternational.org\/de\/wp-json\/wp\/v2\/media?parent=139588"}],"curies":[{"name":"wp","href":"https:\/\/api.w.org\/{rel}","templated":true}]}}