{"id":139202,"date":"2020-06-18T11:49:20","date_gmt":"2020-06-18T09:49:20","guid":{"rendered":"https:\/\/acninternational.org\/kirche-in-not-der-name-ist-programm\/"},"modified":"2024-06-20T15:22:47","modified_gmt":"2024-06-20T13:22:47","slug":"programm","status":"publish","type":"page","link":"https:\/\/acninternational.org\/de\/programm\/","title":{"rendered":"Kirche in Not \u2013 der Name ist Programm"},"content":{"rendered":"<p style=\"font-weight: 400;\"><strong>Ob Existenzhilfen f\u00fcr Priester und Ordensschwestern, Mess-Stipendien, die Ausbildung von Seminaristen, Nothilfe bei Krieg und Naturkatastrophen oder die \u00d6fentlichkeitsarbeit zur Verbreitung des Glaubens \u2013 die Aufgaben von Aid to the Church in Need sind ebenso vielseitig wie dringend notwendig. Denn wir helfen und f\u00f6rdern dort, wo die Christen verfolgt werden und die Kirche Not leidet.<\/strong><\/p>\n<blockquote class=\"wp-block-quote blockquote ps-3 py-2\">\n<p style=\"font-weight: 400;\"><strong>Kirche in Not \u2013 der Name ist Programm<\/strong><\/p>\n<\/blockquote>\n<p style=\"font-weight: 400;\">Seit der Gr\u00fcndung vor 77 Jahren hat sich Aid to the Church in Need zu einem Hilfswerk mit einem breiten Aufgabengebiet entwickelt. Heute k\u00f6nnen wir zu Recht behaupten: Unser Name ist Programm. Wir f\u00f6rdern in 138 L\u00e4ndern j\u00e4hrlich rund 5.600 kirchliche Projekte \u2013 viele davon langfristig. So sind wir of auch dann noch in Krisengebieten vor Ort, wenn andere Hilfsorganisationen l\u00e4ngst abgezogen sind.<\/p>\n<p style=\"font-weight: 400;\">Nat\u00fcrlich bedarf es dazu nicht nur der personellen und organisatorischen, sondern auch der n\u00f6tigen finanziellen Mittel. Nur durch die Spenden von mehr als 359.900 Wohlt\u00e4tern aus der ganzen Welt ist es uns m\u00f6glich, unserer Mission der pastoralen Hilfe nachzukommen und sie erfolgreich voranzutreiben.<\/p>\n","protected":false},"excerpt":{"rendered":"<p>Ob Existenzhilfen f\u00fcr Priester und Ordensschwestern, Mess-Stipendien, die Ausbildung von Seminaristen, Nothilfe bei Krieg und Naturkatastrophen oder die \u00d6fentlichkeitsarbeit zur Verbreitung des Glaubens \u2013 die Aufgaben von Aid to the Church in Need sind ebenso vielseitig wie dringend notwendig. Denn wir helfen und f\u00f6rdern dort, wo die Christen verfolgt werden und die Kirche Not leidet. [&hellip;]<\/p>\n","protected":false},"author":4258341447,"featured_media":210683,"parent":0,"menu_order":0,"comment_status":"closed","ping_status":"closed","template":"","meta":{"_acf_changed":false,"footnotes":""},"class_list":["post-139202","page","type-page","status-publish","has-post-thumbnail","hentry","page-category-task-area-de"],"acf":[],"yoast_head":"<!-- This site is optimized with the Yoast SEO Premium plugin v27.3 (Yoast SEO v27.3) - https:\/\/yoast.com\/product\/yoast-seo-premium-wordpress\/ -->\n<title>Kirche in Not \u2013 der Name ist Programm | ACN International<\/title>\n<meta name=\"robots\" content=\"index, follow, max-snippet:-1, max-image-preview:large, max-video-preview:-1\" \/>\n<link rel=\"canonical\" href=\"https:\/\/acninternational.org\/de\/programm\/\" \/>\n<meta property=\"og:locale\" content=\"de_DE\" \/>\n<meta property=\"og:type\" content=\"article\" \/>\n<meta property=\"og:title\" content=\"Kirche in Not \u2013 der Name ist Programm\" \/>\n<meta property=\"og:description\" content=\"Ob Existenzhilfen f\u00fcr Priester und Ordensschwestern, Mess-Stipendien, die Ausbildung von Seminaristen, Nothilfe bei Krieg und Naturkatastrophen oder die \u00d6fentlichkeitsarbeit zur Verbreitung des Glaubens \u2013 die Aufgaben von Aid to the Church in Need sind ebenso vielseitig wie dringend notwendig. Denn wir helfen und f\u00f6rdern dort, wo die Christen verfolgt werden und die Kirche Not leidet. [&hellip;]\" \/>\n<meta property=\"og:url\" content=\"https:\/\/acninternational.org\/de\/programm\/\" \/>\n<meta property=\"og:site_name\" content=\"ACN International\" \/>\n<meta property=\"article:publisher\" content=\"https:\/\/www.facebook.com\/acninternationalorg\" \/>\n<meta property=\"article:modified_time\" content=\"2024-06-20T13:22:47+00:00\" \/>\n<meta property=\"og:image\" content=\"https:\/\/media.acninternational.org\/wp-content\/uploads\/2024\/06\/ACN-20230508-145598.jpg\" \/>\n\t<meta property=\"og:image:width\" content=\"1920\" \/>\n\t<meta property=\"og:image:height\" content=\"700\" \/>\n\t<meta property=\"og:image:type\" content=\"image\/jpeg\" \/>\n<meta name=\"twitter:card\" content=\"summary_large_image\" \/>\n<meta name=\"twitter:site\" content=\"@acn_int\" \/>\n<meta name=\"twitter:label1\" content=\"Gesch\u00e4tzte Lesezeit\" \/>\n\t<meta name=\"twitter:data1\" content=\"1\u00a0Minute\" \/>\n<script type=\"application\/ld+json\" class=\"yoast-schema-graph\">{\"@context\":\"https:\\\/\\\/schema.org\",\"@graph\":[{\"@type\":\"WebPage\",\"@id\":\"https:\\\/\\\/acninternational.org\\\/de\\\/programm\\\/\",\"url\":\"https:\\\/\\\/acninternational.org\\\/de\\\/programm\\\/\",\"name\":\"Kirche in Not \u2013 der Name ist Programm | ACN International\",\"isPartOf\":{\"@id\":\"https:\\\/\\\/acninternational.org\\\/de\\\/#website\"},\"primaryImageOfPage\":{\"@id\":\"https:\\\/\\\/acninternational.org\\\/de\\\/programm\\\/#primaryimage\"},\"image\":{\"@id\":\"https:\\\/\\\/acninternational.org\\\/de\\\/programm\\\/#primaryimage\"},\"thumbnailUrl\":\"https:\\\/\\\/media.acninternational.org\\\/wp-content\\\/uploads\\\/2024\\\/06\\\/ACN-20230508-145598.jpg\",\"datePublished\":\"2020-06-18T09:49:20+00:00\",\"dateModified\":\"2024-06-20T13:22:47+00:00\",\"breadcrumb\":{\"@id\":\"https:\\\/\\\/acninternational.org\\\/de\\\/programm\\\/#breadcrumb\"},\"inLanguage\":\"de\",\"potentialAction\":[{\"@type\":\"ReadAction\",\"target\":[\"https:\\\/\\\/acninternational.org\\\/de\\\/programm\\\/\"]}]},{\"@type\":\"ImageObject\",\"inLanguage\":\"de\",\"@id\":\"https:\\\/\\\/acninternational.org\\\/de\\\/programm\\\/#primaryimage\",\"url\":\"https:\\\/\\\/media.acninternational.org\\\/wp-content\\\/uploads\\\/2024\\\/06\\\/ACN-20230508-145598.jpg\",\"contentUrl\":\"https:\\\/\\\/media.acninternational.org\\\/wp-content\\\/uploads\\\/2024\\\/06\\\/ACN-20230508-145598.jpg\",\"width\":1920,\"height\":700},{\"@type\":\"BreadcrumbList\",\"@id\":\"https:\\\/\\\/acninternational.org\\\/de\\\/programm\\\/#breadcrumb\",\"itemListElement\":[{\"@type\":\"ListItem\",\"position\":1,\"name\":\"Home\",\"item\":\"https:\\\/\\\/acninternational.org\\\/de\\\/\"},{\"@type\":\"ListItem\",\"position\":2,\"name\":\"Kirche in Not \u2013 der Name ist Programm\"}]},{\"@type\":\"WebSite\",\"@id\":\"https:\\\/\\\/acninternational.org\\\/de\\\/#website\",\"url\":\"https:\\\/\\\/acninternational.org\\\/de\\\/\",\"name\":\"ACN International\",\"description\":\"\",\"publisher\":{\"@id\":\"https:\\\/\\\/acninternational.org\\\/de\\\/#organization\"},\"potentialAction\":[{\"@type\":\"SearchAction\",\"target\":{\"@type\":\"EntryPoint\",\"urlTemplate\":\"https:\\\/\\\/acninternational.org\\\/de\\\/?s={search_term_string}\"},\"query-input\":{\"@type\":\"PropertyValueSpecification\",\"valueRequired\":true,\"valueName\":\"search_term_string\"}}],\"inLanguage\":\"de\"},{\"@type\":\"Organization\",\"@id\":\"https:\\\/\\\/acninternational.org\\\/de\\\/#organization\",\"name\":\"Aid to the Church in Need International\",\"url\":\"https:\\\/\\\/acninternational.org\\\/de\\\/\",\"logo\":{\"@type\":\"ImageObject\",\"inLanguage\":\"de\",\"@id\":\"https:\\\/\\\/acninternational.org\\\/de\\\/#\\\/schema\\\/logo\\\/image\\\/\",\"url\":\"https:\\\/\\\/media.acninternational.org\\\/wp-content\\\/uploads\\\/2019\\\/11\\\/acn_logo_blackvector.svg\",\"contentUrl\":\"https:\\\/\\\/media.acninternational.org\\\/wp-content\\\/uploads\\\/2019\\\/11\\\/acn_logo_blackvector.svg\",\"width\":232.6,\"height\":78,\"caption\":\"Aid to the Church in Need International\"},\"image\":{\"@id\":\"https:\\\/\\\/acninternational.org\\\/de\\\/#\\\/schema\\\/logo\\\/image\\\/\"},\"sameAs\":[\"https:\\\/\\\/www.facebook.com\\\/acninternationalorg\",\"https:\\\/\\\/x.com\\\/acn_int\",\"https:\\\/\\\/www.youtube.com\\\/channel\\\/UCQ-077gS0TnVzkhHmf1opZw\",\"https:\\\/\\\/www.instagram.com\\\/acn_international\\\/\"]}]}<\/script>\n<!-- \/ Yoast SEO Premium plugin. -->","yoast_head_json":{"title":"Kirche in Not \u2013 der Name ist Programm | ACN International","robots":{"index":"index","follow":"follow","max-snippet":"max-snippet:-1","max-image-preview":"max-image-preview:large","max-video-preview":"max-video-preview:-1"},"canonical":"https:\/\/acninternational.org\/de\/programm\/","og_locale":"de_DE","og_type":"article","og_title":"Kirche in Not \u2013 der Name ist Programm","og_description":"Ob Existenzhilfen f\u00fcr Priester und Ordensschwestern, Mess-Stipendien, die Ausbildung von Seminaristen, Nothilfe bei Krieg und Naturkatastrophen oder die \u00d6fentlichkeitsarbeit zur Verbreitung des Glaubens \u2013 die Aufgaben von Aid to the Church in Need sind ebenso vielseitig wie dringend notwendig. Denn wir helfen und f\u00f6rdern dort, wo die Christen verfolgt werden und die Kirche Not leidet. [&hellip;]","og_url":"https:\/\/acninternational.org\/de\/programm\/","og_site_name":"ACN International","article_publisher":"https:\/\/www.facebook.com\/acninternationalorg","article_modified_time":"2024-06-20T13:22:47+00:00","og_image":[{"width":1920,"height":700,"url":"https:\/\/media.acninternational.org\/wp-content\/uploads\/2024\/06\/ACN-20230508-145598.jpg","type":"image\/jpeg"}],"twitter_card":"summary_large_image","twitter_site":"@acn_int","twitter_misc":{"Gesch\u00e4tzte Lesezeit":"1\u00a0Minute"},"schema":{"@context":"https:\/\/schema.org","@graph":[{"@type":"WebPage","@id":"https:\/\/acninternational.org\/de\/programm\/","url":"https:\/\/acninternational.org\/de\/programm\/","name":"Kirche in Not \u2013 der Name ist Programm | ACN International","isPartOf":{"@id":"https:\/\/acninternational.org\/de\/#website"},"primaryImageOfPage":{"@id":"https:\/\/acninternational.org\/de\/programm\/#primaryimage"},"image":{"@id":"https:\/\/acninternational.org\/de\/programm\/#primaryimage"},"thumbnailUrl":"https:\/\/media.acninternational.org\/wp-content\/uploads\/2024\/06\/ACN-20230508-145598.jpg","datePublished":"2020-06-18T09:49:20+00:00","dateModified":"2024-06-20T13:22:47+00:00","breadcrumb":{"@id":"https:\/\/acninternational.org\/de\/programm\/#breadcrumb"},"inLanguage":"de","potentialAction":[{"@type":"ReadAction","target":["https:\/\/acninternational.org\/de\/programm\/"]}]},{"@type":"ImageObject","inLanguage":"de","@id":"https:\/\/acninternational.org\/de\/programm\/#primaryimage","url":"https:\/\/media.acninternational.org\/wp-content\/uploads\/2024\/06\/ACN-20230508-145598.jpg","contentUrl":"https:\/\/media.acninternational.org\/wp-content\/uploads\/2024\/06\/ACN-20230508-145598.jpg","width":1920,"height":700},{"@type":"BreadcrumbList","@id":"https:\/\/acninternational.org\/de\/programm\/#breadcrumb","itemListElement":[{"@type":"ListItem","position":1,"name":"Home","item":"https:\/\/acninternational.org\/de\/"},{"@type":"ListItem","position":2,"name":"Kirche in Not \u2013 der Name ist Programm"}]},{"@type":"WebSite","@id":"https:\/\/acninternational.org\/de\/#website","url":"https:\/\/acninternational.org\/de\/","name":"ACN International","description":"","publisher":{"@id":"https:\/\/acninternational.org\/de\/#organization"},"potentialAction":[{"@type":"SearchAction","target":{"@type":"EntryPoint","urlTemplate":"https:\/\/acninternational.org\/de\/?s={search_term_string}"},"query-input":{"@type":"PropertyValueSpecification","valueRequired":true,"valueName":"search_term_string"}}],"inLanguage":"de"},{"@type":"Organization","@id":"https:\/\/acninternational.org\/de\/#organization","name":"Aid to the Church in Need International","url":"https:\/\/acninternational.org\/de\/","logo":{"@type":"ImageObject","inLanguage":"de","@id":"https:\/\/acninternational.org\/de\/#\/schema\/logo\/image\/","url":"https:\/\/media.acninternational.org\/wp-content\/uploads\/2019\/11\/acn_logo_blackvector.svg","contentUrl":"https:\/\/media.acninternational.org\/wp-content\/uploads\/2019\/11\/acn_logo_blackvector.svg","width":232.6,"height":78,"caption":"Aid to the Church in Need International"},"image":{"@id":"https:\/\/acninternational.org\/de\/#\/schema\/logo\/image\/"},"sameAs":["https:\/\/www.facebook.com\/acninternationalorg","https:\/\/x.com\/acn_int","https:\/\/www.youtube.com\/channel\/UCQ-077gS0TnVzkhHmf1opZw","https:\/\/www.instagram.com\/acn_international\/"]}]}},"_links":{"self":[{"href":"https:\/\/acninternational.org\/de\/wp-json\/wp\/v2\/pages\/139202","targetHints":{"allow":["GET"]}}],"collection":[{"href":"https:\/\/acninternational.org\/de\/wp-json\/wp\/v2\/pages"}],"about":[{"href":"https:\/\/acninternational.org\/de\/wp-json\/wp\/v2\/types\/page"}],"author":[{"embeddable":true,"href":"https:\/\/acninternational.org\/de\/wp-json\/wp\/v2\/users\/4258341447"}],"replies":[{"embeddable":true,"href":"https:\/\/acninternational.org\/de\/wp-json\/wp\/v2\/comments?post=139202"}],"version-history":[{"count":0,"href":"https:\/\/acninternational.org\/de\/wp-json\/wp\/v2\/pages\/139202\/revisions"}],"wp:featuredmedia":[{"embeddable":true,"href":"https:\/\/acninternational.org\/de\/wp-json\/wp\/v2\/media\/210683"}],"wp:attachment":[{"href":"https:\/\/acninternational.org\/de\/wp-json\/wp\/v2\/media?parent=139202"}],"curies":[{"name":"wp","href":"https:\/\/api.w.org\/{rel}","templated":true}]}}