{"id":139081,"date":"2020-06-29T12:10:31","date_gmt":"2020-06-29T10:10:31","guid":{"rendered":"https:\/\/acninternational.org\/unsere-arbeit-2\/"},"modified":"2026-03-06T14:41:40","modified_gmt":"2026-03-06T13:41:40","slug":"aufgaben","status":"publish","type":"page","link":"https:\/\/acninternational.org\/de\/aufgaben\/","title":{"rendered":"Unsere Arbeit"},"content":{"rendered":"<h1>In vielen L\u00e4ndern werden Christen diskriminiert und verfolgt.<\/h1>\n<blockquote class=\"wp-block-quote blockquote ps-3 py-2\"><p><strong>Was ihr f\u00fcr einen meiner geringsten Br\u00fcder getan habt, das habt ihr mir getan!<\/strong><\/p>\n<pre> \u00a0Mt 25,40<\/pre>\n<\/blockquote>\n<p style=\"font-weight: 400;\">Seit jeher k\u00fcmmert sich die Kirche um Menschen in Not. Aber auch die Kirche selbst bedarf oft dringend der Hilfe, vornehmlich in den Entwicklungsl\u00e4ndern sowie in Staaten, in denen sie von Vertreibung, Verfolgung oder Katastrophen betroffen ist.<\/p>\n<p style=\"font-weight: 400;\">Nach unseren Berechnungen leben 62 Prozent der Weltbev\u00f6lkerung in L\u00e4ndern, in denen der Glaube nicht frei ausge\u00fcbt werden kann, und die H\u00e4lfe der Weltbev\u00f6lkerung lebt in L\u00e4ndern mit regelrechter Verfolgung. Das Grundrecht auf Religionsfreiheit ist in mindestens 61 L\u00e4ndern nicht garantiert. Besonders stark betroffen sind Christen.<\/p>\n<p style=\"font-weight: 400;\">Wo das kirchliche Leben und die seelsorgerische Betreuung der Gl\u00e4ubigen aus eigener Kraf nur schwer aufrechterhalten werden k\u00f6nnen, ist die Kirche auf Spenden aus dem Ausland angewiesen. Im Gegensatz zu den meisten Hilfsorganisationen, die die soziale Not der Menschen lindern, konzentriert sich Aid to the Church in Need \u2013 fr\u00fcher auch bekannt als Kirche in Not \u2013 auf die Unterst\u00fctzung der Seelsorge.<\/p>\n<h2>So wird aus Spenden konkrete Hilfe f\u00fcr Christen in Not.<\/h2>\n<p style=\"font-weight: 400;\">Seit 78 Jahren sorgen wir mit Professionalit\u00e4t, Transparenz, Effektivit\u00e4t und Effizienz daf\u00fcr, dass die Spenden unserer Wohlt\u00e4ter ihre bestm\u00f6gliche Wirkung genau dort entfalten, wo sie am dringendsten gebraucht werden: bei der bed\u00fcrftigen Kirche vor Ort.<\/p>\n<p><img loading=\"lazy\" decoding=\"async\" src=\"https:\/\/media.acninternational.org\/wp-content\/uploads\/2024\/06\/works-de-1024x405.jpg\" sizes=\"auto, (max-width: 800px) 100vw, 800px\" srcset=\"https:\/\/media.acninternational.org\/wp-content\/uploads\/2024\/06\/works-de-1024x405.jpg 1024w, https:\/\/media.acninternational.org\/wp-content\/uploads\/2024\/06\/works-de-300x119.jpg 300w, https:\/\/media.acninternational.org\/wp-content\/uploads\/2024\/06\/works-de-768x304.jpg 768w, https:\/\/media.acninternational.org\/wp-content\/uploads\/2024\/06\/works-de-1536x607.jpg 1536w, https:\/\/media.acninternational.org\/wp-content\/uploads\/2024\/06\/works-de.jpg 1920w\" alt=\"\" width=\"800\" height=\"316\" \/><\/p>\n<ol>\n<li style=\"font-weight: 400;\">Der Bedarf f\u00fcr eine Projekthilfe entsteht an einem Ort, an dem die Kirche unter Armut oder Verfolgung leidet. Die Di\u00f6zese oder Gemeinde leitet das Projekt mit Empfehlung des \u00f6rtlichen Bischofs oder Vorgesetzten an die Zentrale von ACN (Aid to the Church in Need) in K\u00f6nigstein, Deutschland, weiter.<\/li>\n<li style=\"font-weight: 400;\">Der Projektreferent f\u00fcr die Region analysiert das Projekt. Bei Bedarf bittet er um weitere Informationen. Innerhalb von maximal drei Monaten best\u00e4tigt die ACN Zentrale, ob das Projekt genehmigt wird oder nicht.<\/li>\n<li style=\"font-weight: 400;\">Die ACN Zentrale informiert die nationalen B\u00fcros \u00fcber Projekte zur Spendenwerbung und Finanzierung durch Wohlt\u00e4ter vor Ort.<\/li>\n<li style=\"font-weight: 400;\">Die B\u00fcros organisieren Informationsund Aufkl\u00e4rungsma\u00dfnahmen, damit die Spender die Projekte unterst\u00fctzen.<\/li>\n<li style=\"font-weight: 400;\">Die Wohlt\u00e4ter f\u00fchlen sich zur Zusammenarbeit aufgerufen und spenden.<\/li>\n<li style=\"font-weight: 400;\">Die nationalen ACN B\u00fcros \u00fcberweisen die Spendenbeitr\u00e4ge an die ACN Zentrale.<\/li>\n<li style=\"font-weight: 400;\">ACN entscheidet \u00fcber Projekte und deren Finanzierung, verfolgt und \u00fcberwacht die Umsetzung.<\/li>\n<\/ol>\n<p style=\"font-weight: 400;\">Zwischen einem und sechs Monaten nach der Genehmigung des Projekts \u00fcbernimmt ACN die Kosten f\u00fcr das genehmigte Projekt. Bei Notf\u00e4llen stellt die ACN Zentrale die Hilfsgelder sofort bereit.<\/p>\n","protected":false},"excerpt":{"rendered":"<p>In vielen L\u00e4ndern werden Christen diskriminiert und verfolgt. Was ihr f\u00fcr einen meiner geringsten Br\u00fcder getan habt, das habt ihr mir getan! \u00a0Mt 25,40 Seit jeher k\u00fcmmert sich die Kirche um Menschen in Not. Aber auch die Kirche selbst bedarf oft dringend der Hilfe, vornehmlich in den Entwicklungsl\u00e4ndern sowie in Staaten, in denen sie von [&hellip;]<\/p>\n","protected":false},"author":66,"featured_media":210530,"parent":0,"menu_order":0,"comment_status":"closed","ping_status":"closed","template":"page_general.php","meta":{"_acf_changed":false,"footnotes":""},"class_list":["post-139081","page","type-page","status-publish","has-post-thumbnail","hentry"],"acf":[],"yoast_head":"<!-- This site is optimized with the Yoast SEO Premium plugin v27.3 (Yoast SEO v27.3) - https:\/\/yoast.com\/product\/yoast-seo-premium-wordpress\/ -->\n<title>Unsere Arbeit | ACN International<\/title>\n<meta name=\"robots\" content=\"index, follow, max-snippet:-1, max-image-preview:large, max-video-preview:-1\" \/>\n<link rel=\"canonical\" href=\"https:\/\/acninternational.org\/de\/aufgaben\/\" \/>\n<meta property=\"og:locale\" content=\"de_DE\" \/>\n<meta property=\"og:type\" content=\"article\" \/>\n<meta property=\"og:title\" content=\"Unsere Arbeit\" \/>\n<meta property=\"og:description\" content=\"In vielen L\u00e4ndern werden Christen diskriminiert und verfolgt. Was ihr f\u00fcr einen meiner geringsten Br\u00fcder getan habt, das habt ihr mir getan! \u00a0Mt 25,40 Seit jeher k\u00fcmmert sich die Kirche um Menschen in Not. Aber auch die Kirche selbst bedarf oft dringend der Hilfe, vornehmlich in den Entwicklungsl\u00e4ndern sowie in Staaten, in denen sie von [&hellip;]\" \/>\n<meta property=\"og:url\" content=\"https:\/\/acninternational.org\/de\/aufgaben\/\" \/>\n<meta property=\"og:site_name\" content=\"ACN International\" \/>\n<meta property=\"article:publisher\" content=\"https:\/\/www.facebook.com\/acninternationalorg\" \/>\n<meta property=\"article:modified_time\" content=\"2026-03-06T13:41:40+00:00\" \/>\n<meta property=\"og:image\" content=\"https:\/\/media.acninternational.org\/wp-content\/uploads\/2024\/06\/ACN-20230928-153700.jpg\" \/>\n\t<meta property=\"og:image:width\" content=\"1400\" \/>\n\t<meta property=\"og:image:height\" content=\"438\" \/>\n\t<meta property=\"og:image:type\" content=\"image\/jpeg\" \/>\n<meta name=\"twitter:card\" content=\"summary_large_image\" \/>\n<meta name=\"twitter:site\" content=\"@acn_int\" \/>\n<meta name=\"twitter:label1\" content=\"Gesch\u00e4tzte Lesezeit\" \/>\n\t<meta name=\"twitter:data1\" content=\"2\u00a0Minuten\" \/>\n<script type=\"application\/ld+json\" class=\"yoast-schema-graph\">{\"@context\":\"https:\\\/\\\/schema.org\",\"@graph\":[{\"@type\":\"WebPage\",\"@id\":\"https:\\\/\\\/acninternational.org\\\/de\\\/aufgaben\\\/\",\"url\":\"https:\\\/\\\/acninternational.org\\\/de\\\/aufgaben\\\/\",\"name\":\"Unsere Arbeit | ACN International\",\"isPartOf\":{\"@id\":\"https:\\\/\\\/acninternational.org\\\/de\\\/#website\"},\"primaryImageOfPage\":{\"@id\":\"https:\\\/\\\/acninternational.org\\\/de\\\/aufgaben\\\/#primaryimage\"},\"image\":{\"@id\":\"https:\\\/\\\/acninternational.org\\\/de\\\/aufgaben\\\/#primaryimage\"},\"thumbnailUrl\":\"https:\\\/\\\/media.acninternational.org\\\/wp-content\\\/uploads\\\/2024\\\/06\\\/ACN-20230928-153700.jpg\",\"datePublished\":\"2020-06-29T10:10:31+00:00\",\"dateModified\":\"2026-03-06T13:41:40+00:00\",\"breadcrumb\":{\"@id\":\"https:\\\/\\\/acninternational.org\\\/de\\\/aufgaben\\\/#breadcrumb\"},\"inLanguage\":\"de\",\"potentialAction\":[{\"@type\":\"ReadAction\",\"target\":[\"https:\\\/\\\/acninternational.org\\\/de\\\/aufgaben\\\/\"]}]},{\"@type\":\"ImageObject\",\"inLanguage\":\"de\",\"@id\":\"https:\\\/\\\/acninternational.org\\\/de\\\/aufgaben\\\/#primaryimage\",\"url\":\"https:\\\/\\\/media.acninternational.org\\\/wp-content\\\/uploads\\\/2024\\\/06\\\/ACN-20230928-153700.jpg\",\"contentUrl\":\"https:\\\/\\\/media.acninternational.org\\\/wp-content\\\/uploads\\\/2024\\\/06\\\/ACN-20230928-153700.jpg\",\"width\":1400,\"height\":438},{\"@type\":\"BreadcrumbList\",\"@id\":\"https:\\\/\\\/acninternational.org\\\/de\\\/aufgaben\\\/#breadcrumb\",\"itemListElement\":[{\"@type\":\"ListItem\",\"position\":1,\"name\":\"Home\",\"item\":\"https:\\\/\\\/acninternational.org\\\/de\\\/\"},{\"@type\":\"ListItem\",\"position\":2,\"name\":\"Unsere Arbeit\"}]},{\"@type\":\"WebSite\",\"@id\":\"https:\\\/\\\/acninternational.org\\\/de\\\/#website\",\"url\":\"https:\\\/\\\/acninternational.org\\\/de\\\/\",\"name\":\"ACN International\",\"description\":\"\",\"publisher\":{\"@id\":\"https:\\\/\\\/acninternational.org\\\/de\\\/#organization\"},\"potentialAction\":[{\"@type\":\"SearchAction\",\"target\":{\"@type\":\"EntryPoint\",\"urlTemplate\":\"https:\\\/\\\/acninternational.org\\\/de\\\/?s={search_term_string}\"},\"query-input\":{\"@type\":\"PropertyValueSpecification\",\"valueRequired\":true,\"valueName\":\"search_term_string\"}}],\"inLanguage\":\"de\"},{\"@type\":\"Organization\",\"@id\":\"https:\\\/\\\/acninternational.org\\\/de\\\/#organization\",\"name\":\"Aid to the Church in Need International\",\"url\":\"https:\\\/\\\/acninternational.org\\\/de\\\/\",\"logo\":{\"@type\":\"ImageObject\",\"inLanguage\":\"de\",\"@id\":\"https:\\\/\\\/acninternational.org\\\/de\\\/#\\\/schema\\\/logo\\\/image\\\/\",\"url\":\"https:\\\/\\\/media.acninternational.org\\\/wp-content\\\/uploads\\\/2019\\\/11\\\/acn_logo_blackvector.svg\",\"contentUrl\":\"https:\\\/\\\/media.acninternational.org\\\/wp-content\\\/uploads\\\/2019\\\/11\\\/acn_logo_blackvector.svg\",\"width\":232.6,\"height\":78,\"caption\":\"Aid to the Church in Need International\"},\"image\":{\"@id\":\"https:\\\/\\\/acninternational.org\\\/de\\\/#\\\/schema\\\/logo\\\/image\\\/\"},\"sameAs\":[\"https:\\\/\\\/www.facebook.com\\\/acninternationalorg\",\"https:\\\/\\\/x.com\\\/acn_int\",\"https:\\\/\\\/www.youtube.com\\\/channel\\\/UCQ-077gS0TnVzkhHmf1opZw\",\"https:\\\/\\\/www.instagram.com\\\/acn_international\\\/\"]}]}<\/script>\n<!-- \/ Yoast SEO Premium plugin. -->","yoast_head_json":{"title":"Unsere Arbeit | ACN International","robots":{"index":"index","follow":"follow","max-snippet":"max-snippet:-1","max-image-preview":"max-image-preview:large","max-video-preview":"max-video-preview:-1"},"canonical":"https:\/\/acninternational.org\/de\/aufgaben\/","og_locale":"de_DE","og_type":"article","og_title":"Unsere Arbeit","og_description":"In vielen L\u00e4ndern werden Christen diskriminiert und verfolgt. Was ihr f\u00fcr einen meiner geringsten Br\u00fcder getan habt, das habt ihr mir getan! \u00a0Mt 25,40 Seit jeher k\u00fcmmert sich die Kirche um Menschen in Not. Aber auch die Kirche selbst bedarf oft dringend der Hilfe, vornehmlich in den Entwicklungsl\u00e4ndern sowie in Staaten, in denen sie von [&hellip;]","og_url":"https:\/\/acninternational.org\/de\/aufgaben\/","og_site_name":"ACN International","article_publisher":"https:\/\/www.facebook.com\/acninternationalorg","article_modified_time":"2026-03-06T13:41:40+00:00","og_image":[{"width":1400,"height":438,"url":"https:\/\/media.acninternational.org\/wp-content\/uploads\/2024\/06\/ACN-20230928-153700.jpg","type":"image\/jpeg"}],"twitter_card":"summary_large_image","twitter_site":"@acn_int","twitter_misc":{"Gesch\u00e4tzte Lesezeit":"2\u00a0Minuten"},"schema":{"@context":"https:\/\/schema.org","@graph":[{"@type":"WebPage","@id":"https:\/\/acninternational.org\/de\/aufgaben\/","url":"https:\/\/acninternational.org\/de\/aufgaben\/","name":"Unsere Arbeit | ACN International","isPartOf":{"@id":"https:\/\/acninternational.org\/de\/#website"},"primaryImageOfPage":{"@id":"https:\/\/acninternational.org\/de\/aufgaben\/#primaryimage"},"image":{"@id":"https:\/\/acninternational.org\/de\/aufgaben\/#primaryimage"},"thumbnailUrl":"https:\/\/media.acninternational.org\/wp-content\/uploads\/2024\/06\/ACN-20230928-153700.jpg","datePublished":"2020-06-29T10:10:31+00:00","dateModified":"2026-03-06T13:41:40+00:00","breadcrumb":{"@id":"https:\/\/acninternational.org\/de\/aufgaben\/#breadcrumb"},"inLanguage":"de","potentialAction":[{"@type":"ReadAction","target":["https:\/\/acninternational.org\/de\/aufgaben\/"]}]},{"@type":"ImageObject","inLanguage":"de","@id":"https:\/\/acninternational.org\/de\/aufgaben\/#primaryimage","url":"https:\/\/media.acninternational.org\/wp-content\/uploads\/2024\/06\/ACN-20230928-153700.jpg","contentUrl":"https:\/\/media.acninternational.org\/wp-content\/uploads\/2024\/06\/ACN-20230928-153700.jpg","width":1400,"height":438},{"@type":"BreadcrumbList","@id":"https:\/\/acninternational.org\/de\/aufgaben\/#breadcrumb","itemListElement":[{"@type":"ListItem","position":1,"name":"Home","item":"https:\/\/acninternational.org\/de\/"},{"@type":"ListItem","position":2,"name":"Unsere Arbeit"}]},{"@type":"WebSite","@id":"https:\/\/acninternational.org\/de\/#website","url":"https:\/\/acninternational.org\/de\/","name":"ACN International","description":"","publisher":{"@id":"https:\/\/acninternational.org\/de\/#organization"},"potentialAction":[{"@type":"SearchAction","target":{"@type":"EntryPoint","urlTemplate":"https:\/\/acninternational.org\/de\/?s={search_term_string}"},"query-input":{"@type":"PropertyValueSpecification","valueRequired":true,"valueName":"search_term_string"}}],"inLanguage":"de"},{"@type":"Organization","@id":"https:\/\/acninternational.org\/de\/#organization","name":"Aid to the Church in Need International","url":"https:\/\/acninternational.org\/de\/","logo":{"@type":"ImageObject","inLanguage":"de","@id":"https:\/\/acninternational.org\/de\/#\/schema\/logo\/image\/","url":"https:\/\/media.acninternational.org\/wp-content\/uploads\/2019\/11\/acn_logo_blackvector.svg","contentUrl":"https:\/\/media.acninternational.org\/wp-content\/uploads\/2019\/11\/acn_logo_blackvector.svg","width":232.6,"height":78,"caption":"Aid to the Church in Need International"},"image":{"@id":"https:\/\/acninternational.org\/de\/#\/schema\/logo\/image\/"},"sameAs":["https:\/\/www.facebook.com\/acninternationalorg","https:\/\/x.com\/acn_int","https:\/\/www.youtube.com\/channel\/UCQ-077gS0TnVzkhHmf1opZw","https:\/\/www.instagram.com\/acn_international\/"]}]}},"_links":{"self":[{"href":"https:\/\/acninternational.org\/de\/wp-json\/wp\/v2\/pages\/139081","targetHints":{"allow":["GET"]}}],"collection":[{"href":"https:\/\/acninternational.org\/de\/wp-json\/wp\/v2\/pages"}],"about":[{"href":"https:\/\/acninternational.org\/de\/wp-json\/wp\/v2\/types\/page"}],"author":[{"embeddable":true,"href":"https:\/\/acninternational.org\/de\/wp-json\/wp\/v2\/users\/66"}],"replies":[{"embeddable":true,"href":"https:\/\/acninternational.org\/de\/wp-json\/wp\/v2\/comments?post=139081"}],"version-history":[{"count":3,"href":"https:\/\/acninternational.org\/de\/wp-json\/wp\/v2\/pages\/139081\/revisions"}],"predecessor-version":[{"id":262136,"href":"https:\/\/acninternational.org\/de\/wp-json\/wp\/v2\/pages\/139081\/revisions\/262136"}],"wp:featuredmedia":[{"embeddable":true,"href":"https:\/\/acninternational.org\/de\/wp-json\/wp\/v2\/media\/210530"}],"wp:attachment":[{"href":"https:\/\/acninternational.org\/de\/wp-json\/wp\/v2\/media?parent=139081"}],"curies":[{"name":"wp","href":"https:\/\/api.w.org\/{rel}","templated":true}]}}