{"id":139067,"date":"2020-06-18T11:45:48","date_gmt":"2020-06-18T09:45:48","guid":{"rendered":"https:\/\/acninternational.org\/zahlen-und-fakten\/"},"modified":"2024-06-20T18:28:27","modified_gmt":"2024-06-20T16:28:27","slug":"fakten","status":"publish","type":"page","link":"https:\/\/acninternational.org\/de\/fakten\/","title":{"rendered":"Zahlen und Fakten"},"content":{"rendered":"<h1>Zahlen und Fakten<\/h1>\n<h3 style=\"font-weight: 400;\"><strong>2023 konnten wir weltweit 5.573 Projekte f\u00f6rdern.<\/strong><\/h3>\n<p style=\"font-weight: 400;\">Im Jahr 2023 erreichten uns 7.689 Hilfsantr\u00e4ge aus aller Welt. Dank der Gro\u00dfz\u00fcgigkeit unserer Wohlt\u00e4ter lagen unsere Spendeneinnahmen bei 143,7 Millionen Euro. Wir konnten damit und mit 0,8 Millionen Euro an Reserven aus Vorjahren Aktivit\u00e4ten in H\u00f6he von 144,5 Millionen Euro finanzieren. Wie aus der Grafik ersichtlich, ist der weitaus gr\u00f6\u00dfte Anteil unserer Ausgaben in missionsbezogene Aufwendungen geflossen, also in konkrete Projektarbeit, Information sowie Gebetsaktivit\u00e4ten.<\/p>\n<p>\t\t\t\t\t\t\t\t\t\t\t\t\t<img loading=\"lazy\" decoding=\"async\" width=\"800\" height=\"260\" src=\"https:\/\/media.acninternational.org\/wp-content\/uploads\/2024\/06\/UseofFunds-2023_de-1024x333.png\" alt=\"\" srcset=\"https:\/\/media.acninternational.org\/wp-content\/uploads\/2024\/06\/UseofFunds-2023_de-1024x333.png 1024w, https:\/\/media.acninternational.org\/wp-content\/uploads\/2024\/06\/UseofFunds-2023_de-300x98.png 300w, https:\/\/media.acninternational.org\/wp-content\/uploads\/2024\/06\/UseofFunds-2023_de-768x250.png 768w, https:\/\/media.acninternational.org\/wp-content\/uploads\/2024\/06\/UseofFunds-2023_de-1536x499.png 1536w\" sizes=\"auto, (max-width: 800px) 100vw, 800px\" \/><br \/>\n\t\t\t<svg xmlns=\"http:\/\/www.w3.org\/2000\/svg\" xmlns:xlink=\"http:\/\/www.w3.org\/1999\/xlink\" id=\"Layer_1\" x=\"0px\" y=\"0px\" viewBox=\"0 0 19.2 15.5\" style=\"enable-background:new 0 0 19.2 15.5;\" xml:space=\"preserve\"> <\/p>\n<style type=\"text\/css\"> .st0{fill:#B81325;} <\/style>\n<p> <g> <g id=\"Layer_1-2\"> <path d=\"M0,0h3.5v1.1h-2v13.2h2v1.1H0V0z\"><\/path> <path d=\"M15.7,14.4h2V1.1h-2V0h3.5v15.5h-3.5V14.4z\"><\/path> <path d=\"M8.8,8.5H5.6V7h3.2V3.6h1.6V7h3.2v1.5h-3.2v3.4H8.8V8.5z\"><\/path> <\/g> <\/g> <\/svg><br \/>\n\t\t\tVerwendung der Spenden im Detail<br \/>\n\t\t\t&nbsp;Missionsbezogene Aufwendungen<br \/>\n\t\t\t&nbsp;Administration<br \/>\n\t\t\t&nbsp;Aufw\u00e4nde f\u00fcr die Kommunikation mit Wohlt\u00e4tern und f\u00fcr Spendenwerbung<br \/>\n\t\t\t<svg xmlns=\"http:\/\/www.w3.org\/2000\/svg\" xmlns:xlink=\"http:\/\/www.w3.org\/1999\/xlink\" id=\"Layer_1\" x=\"0px\" y=\"0px\" viewBox=\"0 0 19.2 15.5\" style=\"enable-background:new 0 0 19.2 15.5;\" xml:space=\"preserve\"> <\/p>\n<style type=\"text\/css\"> .st0{fill:#B81325;} <\/style>\n<p> <g> <g id=\"Layer_1-2\"> <path d=\"M0,0h3.5v1.1h-2v13.2h2v1.1H0V0z\"><\/path> <path d=\"M15.7,14.4h2V1.1h-2V0h3.5v15.5h-3.5V14.4z\"><\/path> <path d=\"M8.8,8.5H5.6V7h3.2V3.6h1.6V7h3.2v1.5h-3.2v3.4H8.8V8.5z\"><\/path> <\/g> <\/g> <\/svg><br \/>\n\t\t\tMissionsbezogene Aufwendungen<br \/>\n\t\t\t&nbsp;Projektarbeit<br \/>\n\t\t\t&nbsp;Information, Glaubensverk\u00fcndung und Anwaltschaft f\u00fcr benachteiligte und verfolgte Christen\t\t<\/p>\n<p style=\"font-weight: 400;\">Wie immer waren die Anteile der notwendigen Aufwendungen f\u00fcr Verwaltung und Spendenwerbung vergleichsweise niedrig, damit m\u00f6glichst viele Mittel vor Ort bei den Christen ankommen. Insgesamt unterst\u00fctzten wir 2023 mit rund 100,8 Millionen Euro in 138 L\u00e4ndern 5.573 Projekte. 16,6 Millionen Euro flossen weltweit auch wieder in die Glaubensverk\u00fcndigung, Informationsarbeit und Anwaltschaf f\u00fcr benachteiligte und verfolgte Christen. Erbschafen machten 2023 mit 33,6 Millionen Euro bzw. 23,3 Prozent der Einnahmen einen wesentlichen Teil unserer Unterst\u00fctzung f\u00fcr die Kirche aus. Gemeinsam mit unseren Br\u00fcdern und Schwestern in Not danken wir daher nicht nur unseren lebenden Wohlt\u00e4tern, sondern gedenken dankbar auch derer, die uns \u00fcber den Tod hinaus unterst\u00fctzen.<\/p>\n<p>\t\t\tB\u00fcros in 23<br \/>\n\t\t\tMehr als 359.920<br \/>\n\t\t\t143.737.504<br \/>\n\t\t\tProjektpartner in 138<br \/>\n\t\t\t5.573<br \/>\n\t\t\t81,3<br \/>\n\t\t\tL\u00e4ndern<br \/>\n\t\t\tSpender weltweit<br \/>\n\t\t\tEuro Spenden und Erbschafen<br \/>\n\t\t\tL\u00e4ndern<br \/>\n\t\t\tweltweit gef\u00f6rderte Projekte<br \/>\n\t\t\tProzent der verwendeten Mittel werden<br \/>\nmissionsbezogenen Aufwendungen zugewiesen\t\t<\/p>\n<p style=\"text-align: center;\">Alle aufgef\u00fchrten Finanzzahlen sind durch die unabh\u00e4ngige Wirtschaftspr\u00fcfungsgesellschaft PwC testiert.<\/p>\n<p style=\"text-align: center;\"><strong>*Unsere Schwerpunkte im Berichtsjahr 2023.<\/strong><\/p>\n<h1>Unsere Schwerpunkte im Berichtsjahr 2023.<\/h1>\n<p style=\"font-weight: 400;\">Unsere Hilfe f\u00fcr die Ausbildung von Priestern, Ordensleuten und Laien, die von jeher zu unseren Priorit\u00e4ten z\u00e4hlte, haben wir im Jahr 2023 auf 26,7 Prozent und damit auf mehr als ein Viertel unserer Gesamthilfe erh\u00f6ht.<\/p>\n<p style=\"font-weight: 400;\">Mit 26,8 Prozent beanspruchten Projekte zum Bau, Wiederaufbau oder zur Renovierung von Kirchen und kirchlichen Geb\u00e4uden ebenfalls mehr als ein Viertel unserer F\u00f6rdergelder. Durch Mess-Stipendien f\u00fcr Priester und Existenzhilfen f\u00fcr Ordensschwestern konnten wir auch 2023 wieder zur Sicherung ihres Lebensunterhalts beitragen. In diese Projekte flossen 21,6 Prozent unserer F\u00f6rdergelder.<\/p>\n<p style=\"font-weight: 400;\">Dar\u00fcber hinaus sind wir in akuten Krisen mit Nothilfe-Ma\u00dfnahmen f\u00fcr die notleidende Bev\u00f6lkerung aktiv. 2023 machten solche Nothilfen in Gebieten, in denen Christen durch Gewalt und Vertreibung bedroht sind, 10,8 Prozent unserer Gesamthilfe aus.<\/p>\n<p>\t\t\t\t\t\t\t\t\t\t\t\t\t<img loading=\"lazy\" decoding=\"async\" width=\"768\" height=\"777\" src=\"https:\/\/media.acninternational.org\/wp-content\/uploads\/2024\/06\/Aidgrantedbytype-2023_de-768x777.png\" alt=\"\" srcset=\"https:\/\/media.acninternational.org\/wp-content\/uploads\/2024\/06\/Aidgrantedbytype-2023_de-768x777.png 768w, https:\/\/media.acninternational.org\/wp-content\/uploads\/2024\/06\/Aidgrantedbytype-2023_de-296x300.png 296w, https:\/\/media.acninternational.org\/wp-content\/uploads\/2024\/06\/Aidgrantedbytype-2023_de.png 834w\" sizes=\"auto, (max-width: 768px) 100vw, 768px\" \/><br \/>\n\t\t\t<svg xmlns=\"http:\/\/www.w3.org\/2000\/svg\" xmlns:xlink=\"http:\/\/www.w3.org\/1999\/xlink\" id=\"Layer_1\" x=\"0px\" y=\"0px\" viewBox=\"0 0 19.2 15.5\" style=\"enable-background:new 0 0 19.2 15.5;\" xml:space=\"preserve\"> <\/p>\n<style type=\"text\/css\"> .st0{fill:#B81325;} <\/style>\n<p> <g> <g id=\"Layer_1-2\"> <path d=\"M0,0h3.5v1.1h-2v13.2h2v1.1H0V0z\"><\/path> <path d=\"M15.7,14.4h2V1.1h-2V0h3.5v15.5h-3.5V14.4z\"><\/path> <path d=\"M8.8,8.5H5.6V7h3.2V3.6h1.6V7h3.2v1.5h-3.2v3.4H8.8V8.5z\"><\/path> <\/g> <\/g> <\/svg><br \/>\n\t\t\tBewilligte Unterst\u00fctzung nach Art<br \/>\n\t\t\th<br \/>\n\t\t\tBau und Wiederaufbau<br \/>\n\t\t\ta<br \/>\n\t\t\tMess-Stipendien<br \/>\n\t\t\ti<br \/>\n\t\t\tNothilfe<br \/>\n\t\t\tb<br \/>\n\t\t\tAusbildung von Priestern und Ordensleuten<br \/>\n\t\t\td<br \/>\n\t\t\tGlaubensbildung von Laien<br \/>\n\t\t\tg<br \/>\n\t\t\tTransportmittel f\u00fcr die Seelsorge<br \/>\n\t\t\te\t\t<\/p>\n<p>Verteilung von Bibeln, religi\u00f6sen B\u00fcchern und Medien <\/p>\n<p>\t\t\tc<br \/>\n\t\t\tExistenzhilfe f\u00fcr Ordensleute<\/p>\n","protected":false},"excerpt":{"rendered":"<p>Zahlen und Fakten 2023 konnten wir weltweit 5.573 Projekte f\u00f6rdern. Im Jahr 2023 erreichten uns 7.689 Hilfsantr\u00e4ge aus aller Welt. Dank der Gro\u00dfz\u00fcgigkeit unserer Wohlt\u00e4ter lagen unsere Spendeneinnahmen bei 143,7 Millionen Euro. Wir konnten damit und mit 0,8 Millionen Euro an Reserven aus Vorjahren Aktivit\u00e4ten in H\u00f6he von 144,5 Millionen Euro finanzieren. Wie aus der [&hellip;]<\/p>\n","protected":false},"author":4258341447,"featured_media":211066,"parent":0,"menu_order":0,"comment_status":"closed","ping_status":"closed","template":"","meta":{"_acf_changed":false,"footnotes":""},"class_list":["post-139067","page","type-page","status-publish","has-post-thumbnail","hentry"],"acf":[],"yoast_head":"<!-- This site is optimized with the Yoast SEO Premium plugin v27.3 (Yoast SEO v27.3) - https:\/\/yoast.com\/product\/yoast-seo-premium-wordpress\/ -->\n<title>Zahlen und Fakten | ACN International<\/title>\n<meta name=\"robots\" content=\"index, follow, max-snippet:-1, max-image-preview:large, max-video-preview:-1\" \/>\n<link rel=\"canonical\" href=\"https:\/\/acninternational.org\/de\/fakten\/\" \/>\n<meta property=\"og:locale\" content=\"de_DE\" \/>\n<meta property=\"og:type\" content=\"article\" \/>\n<meta property=\"og:title\" content=\"Zahlen und Fakten\" \/>\n<meta property=\"og:description\" content=\"Zahlen und Fakten 2023 konnten wir weltweit 5.573 Projekte f\u00f6rdern. Im Jahr 2023 erreichten uns 7.689 Hilfsantr\u00e4ge aus aller Welt. Dank der Gro\u00dfz\u00fcgigkeit unserer Wohlt\u00e4ter lagen unsere Spendeneinnahmen bei 143,7 Millionen Euro. Wir konnten damit und mit 0,8 Millionen Euro an Reserven aus Vorjahren Aktivit\u00e4ten in H\u00f6he von 144,5 Millionen Euro finanzieren. Wie aus der [&hellip;]\" \/>\n<meta property=\"og:url\" content=\"https:\/\/acninternational.org\/de\/fakten\/\" \/>\n<meta property=\"og:site_name\" content=\"ACN International\" \/>\n<meta property=\"article:publisher\" content=\"https:\/\/www.facebook.com\/acninternationalorg\" \/>\n<meta property=\"article:modified_time\" content=\"2024-06-20T16:28:27+00:00\" \/>\n<meta property=\"og:image\" content=\"https:\/\/media.acninternational.org\/wp-content\/uploads\/2024\/06\/ACN-20231110-155668.jpg\" \/>\n\t<meta property=\"og:image:width\" content=\"1920\" \/>\n\t<meta property=\"og:image:height\" content=\"700\" \/>\n\t<meta property=\"og:image:type\" content=\"image\/jpeg\" \/>\n<meta name=\"twitter:card\" content=\"summary_large_image\" \/>\n<meta name=\"twitter:site\" content=\"@acn_int\" \/>\n<meta name=\"twitter:label1\" content=\"Gesch\u00e4tzte Lesezeit\" \/>\n\t<meta name=\"twitter:data1\" content=\"3\u00a0Minuten\" \/>\n<script type=\"application\/ld+json\" class=\"yoast-schema-graph\">{\"@context\":\"https:\\\/\\\/schema.org\",\"@graph\":[{\"@type\":\"WebPage\",\"@id\":\"https:\\\/\\\/acninternational.org\\\/de\\\/fakten\\\/\",\"url\":\"https:\\\/\\\/acninternational.org\\\/de\\\/fakten\\\/\",\"name\":\"Zahlen und Fakten | ACN International\",\"isPartOf\":{\"@id\":\"https:\\\/\\\/acninternational.org\\\/de\\\/#website\"},\"primaryImageOfPage\":{\"@id\":\"https:\\\/\\\/acninternational.org\\\/de\\\/fakten\\\/#primaryimage\"},\"image\":{\"@id\":\"https:\\\/\\\/acninternational.org\\\/de\\\/fakten\\\/#primaryimage\"},\"thumbnailUrl\":\"https:\\\/\\\/media.acninternational.org\\\/wp-content\\\/uploads\\\/2024\\\/06\\\/ACN-20231110-155668.jpg\",\"datePublished\":\"2020-06-18T09:45:48+00:00\",\"dateModified\":\"2024-06-20T16:28:27+00:00\",\"breadcrumb\":{\"@id\":\"https:\\\/\\\/acninternational.org\\\/de\\\/fakten\\\/#breadcrumb\"},\"inLanguage\":\"de\",\"potentialAction\":[{\"@type\":\"ReadAction\",\"target\":[\"https:\\\/\\\/acninternational.org\\\/de\\\/fakten\\\/\"]}]},{\"@type\":\"ImageObject\",\"inLanguage\":\"de\",\"@id\":\"https:\\\/\\\/acninternational.org\\\/de\\\/fakten\\\/#primaryimage\",\"url\":\"https:\\\/\\\/media.acninternational.org\\\/wp-content\\\/uploads\\\/2024\\\/06\\\/ACN-20231110-155668.jpg\",\"contentUrl\":\"https:\\\/\\\/media.acninternational.org\\\/wp-content\\\/uploads\\\/2024\\\/06\\\/ACN-20231110-155668.jpg\",\"width\":1920,\"height\":700},{\"@type\":\"BreadcrumbList\",\"@id\":\"https:\\\/\\\/acninternational.org\\\/de\\\/fakten\\\/#breadcrumb\",\"itemListElement\":[{\"@type\":\"ListItem\",\"position\":1,\"name\":\"Home\",\"item\":\"https:\\\/\\\/acninternational.org\\\/de\\\/\"},{\"@type\":\"ListItem\",\"position\":2,\"name\":\"Zahlen und Fakten\"}]},{\"@type\":\"WebSite\",\"@id\":\"https:\\\/\\\/acninternational.org\\\/de\\\/#website\",\"url\":\"https:\\\/\\\/acninternational.org\\\/de\\\/\",\"name\":\"ACN International\",\"description\":\"\",\"publisher\":{\"@id\":\"https:\\\/\\\/acninternational.org\\\/de\\\/#organization\"},\"potentialAction\":[{\"@type\":\"SearchAction\",\"target\":{\"@type\":\"EntryPoint\",\"urlTemplate\":\"https:\\\/\\\/acninternational.org\\\/de\\\/?s={search_term_string}\"},\"query-input\":{\"@type\":\"PropertyValueSpecification\",\"valueRequired\":true,\"valueName\":\"search_term_string\"}}],\"inLanguage\":\"de\"},{\"@type\":\"Organization\",\"@id\":\"https:\\\/\\\/acninternational.org\\\/de\\\/#organization\",\"name\":\"Aid to the Church in Need International\",\"url\":\"https:\\\/\\\/acninternational.org\\\/de\\\/\",\"logo\":{\"@type\":\"ImageObject\",\"inLanguage\":\"de\",\"@id\":\"https:\\\/\\\/acninternational.org\\\/de\\\/#\\\/schema\\\/logo\\\/image\\\/\",\"url\":\"https:\\\/\\\/media.acninternational.org\\\/wp-content\\\/uploads\\\/2019\\\/11\\\/acn_logo_blackvector.svg\",\"contentUrl\":\"https:\\\/\\\/media.acninternational.org\\\/wp-content\\\/uploads\\\/2019\\\/11\\\/acn_logo_blackvector.svg\",\"width\":232.6,\"height\":78,\"caption\":\"Aid to the Church in Need International\"},\"image\":{\"@id\":\"https:\\\/\\\/acninternational.org\\\/de\\\/#\\\/schema\\\/logo\\\/image\\\/\"},\"sameAs\":[\"https:\\\/\\\/www.facebook.com\\\/acninternationalorg\",\"https:\\\/\\\/x.com\\\/acn_int\",\"https:\\\/\\\/www.youtube.com\\\/channel\\\/UCQ-077gS0TnVzkhHmf1opZw\",\"https:\\\/\\\/www.instagram.com\\\/acn_international\\\/\"]}]}<\/script>\n<!-- \/ Yoast SEO Premium plugin. -->","yoast_head_json":{"title":"Zahlen und Fakten | ACN International","robots":{"index":"index","follow":"follow","max-snippet":"max-snippet:-1","max-image-preview":"max-image-preview:large","max-video-preview":"max-video-preview:-1"},"canonical":"https:\/\/acninternational.org\/de\/fakten\/","og_locale":"de_DE","og_type":"article","og_title":"Zahlen und Fakten","og_description":"Zahlen und Fakten 2023 konnten wir weltweit 5.573 Projekte f\u00f6rdern. Im Jahr 2023 erreichten uns 7.689 Hilfsantr\u00e4ge aus aller Welt. Dank der Gro\u00dfz\u00fcgigkeit unserer Wohlt\u00e4ter lagen unsere Spendeneinnahmen bei 143,7 Millionen Euro. Wir konnten damit und mit 0,8 Millionen Euro an Reserven aus Vorjahren Aktivit\u00e4ten in H\u00f6he von 144,5 Millionen Euro finanzieren. Wie aus der [&hellip;]","og_url":"https:\/\/acninternational.org\/de\/fakten\/","og_site_name":"ACN International","article_publisher":"https:\/\/www.facebook.com\/acninternationalorg","article_modified_time":"2024-06-20T16:28:27+00:00","og_image":[{"width":1920,"height":700,"url":"https:\/\/media.acninternational.org\/wp-content\/uploads\/2024\/06\/ACN-20231110-155668.jpg","type":"image\/jpeg"}],"twitter_card":"summary_large_image","twitter_site":"@acn_int","twitter_misc":{"Gesch\u00e4tzte Lesezeit":"3\u00a0Minuten"},"schema":{"@context":"https:\/\/schema.org","@graph":[{"@type":"WebPage","@id":"https:\/\/acninternational.org\/de\/fakten\/","url":"https:\/\/acninternational.org\/de\/fakten\/","name":"Zahlen und Fakten | ACN International","isPartOf":{"@id":"https:\/\/acninternational.org\/de\/#website"},"primaryImageOfPage":{"@id":"https:\/\/acninternational.org\/de\/fakten\/#primaryimage"},"image":{"@id":"https:\/\/acninternational.org\/de\/fakten\/#primaryimage"},"thumbnailUrl":"https:\/\/media.acninternational.org\/wp-content\/uploads\/2024\/06\/ACN-20231110-155668.jpg","datePublished":"2020-06-18T09:45:48+00:00","dateModified":"2024-06-20T16:28:27+00:00","breadcrumb":{"@id":"https:\/\/acninternational.org\/de\/fakten\/#breadcrumb"},"inLanguage":"de","potentialAction":[{"@type":"ReadAction","target":["https:\/\/acninternational.org\/de\/fakten\/"]}]},{"@type":"ImageObject","inLanguage":"de","@id":"https:\/\/acninternational.org\/de\/fakten\/#primaryimage","url":"https:\/\/media.acninternational.org\/wp-content\/uploads\/2024\/06\/ACN-20231110-155668.jpg","contentUrl":"https:\/\/media.acninternational.org\/wp-content\/uploads\/2024\/06\/ACN-20231110-155668.jpg","width":1920,"height":700},{"@type":"BreadcrumbList","@id":"https:\/\/acninternational.org\/de\/fakten\/#breadcrumb","itemListElement":[{"@type":"ListItem","position":1,"name":"Home","item":"https:\/\/acninternational.org\/de\/"},{"@type":"ListItem","position":2,"name":"Zahlen und Fakten"}]},{"@type":"WebSite","@id":"https:\/\/acninternational.org\/de\/#website","url":"https:\/\/acninternational.org\/de\/","name":"ACN International","description":"","publisher":{"@id":"https:\/\/acninternational.org\/de\/#organization"},"potentialAction":[{"@type":"SearchAction","target":{"@type":"EntryPoint","urlTemplate":"https:\/\/acninternational.org\/de\/?s={search_term_string}"},"query-input":{"@type":"PropertyValueSpecification","valueRequired":true,"valueName":"search_term_string"}}],"inLanguage":"de"},{"@type":"Organization","@id":"https:\/\/acninternational.org\/de\/#organization","name":"Aid to the Church in Need International","url":"https:\/\/acninternational.org\/de\/","logo":{"@type":"ImageObject","inLanguage":"de","@id":"https:\/\/acninternational.org\/de\/#\/schema\/logo\/image\/","url":"https:\/\/media.acninternational.org\/wp-content\/uploads\/2019\/11\/acn_logo_blackvector.svg","contentUrl":"https:\/\/media.acninternational.org\/wp-content\/uploads\/2019\/11\/acn_logo_blackvector.svg","width":232.6,"height":78,"caption":"Aid to the Church in Need International"},"image":{"@id":"https:\/\/acninternational.org\/de\/#\/schema\/logo\/image\/"},"sameAs":["https:\/\/www.facebook.com\/acninternationalorg","https:\/\/x.com\/acn_int","https:\/\/www.youtube.com\/channel\/UCQ-077gS0TnVzkhHmf1opZw","https:\/\/www.instagram.com\/acn_international\/"]}]}},"_links":{"self":[{"href":"https:\/\/acninternational.org\/de\/wp-json\/wp\/v2\/pages\/139067","targetHints":{"allow":["GET"]}}],"collection":[{"href":"https:\/\/acninternational.org\/de\/wp-json\/wp\/v2\/pages"}],"about":[{"href":"https:\/\/acninternational.org\/de\/wp-json\/wp\/v2\/types\/page"}],"author":[{"embeddable":true,"href":"https:\/\/acninternational.org\/de\/wp-json\/wp\/v2\/users\/4258341447"}],"replies":[{"embeddable":true,"href":"https:\/\/acninternational.org\/de\/wp-json\/wp\/v2\/comments?post=139067"}],"version-history":[{"count":0,"href":"https:\/\/acninternational.org\/de\/wp-json\/wp\/v2\/pages\/139067\/revisions"}],"wp:featuredmedia":[{"embeddable":true,"href":"https:\/\/acninternational.org\/de\/wp-json\/wp\/v2\/media\/211066"}],"wp:attachment":[{"href":"https:\/\/acninternational.org\/de\/wp-json\/wp\/v2\/media?parent=139067"}],"curies":[{"name":"wp","href":"https:\/\/api.w.org\/{rel}","templated":true}]}}