{"id":128652,"date":"2019-09-19T07:44:27","date_gmt":"2019-09-19T05:44:27","guid":{"rendered":"https:\/\/acninternational.org\/spenden\/"},"modified":"2020-12-23T17:17:26","modified_gmt":"2020-12-23T16:17:26","slug":"spenden","status":"publish","type":"page","link":"https:\/\/acninternational.org\/de\/spenden\/","title":{"rendered":"Spenden"},"content":{"rendered":"<h1>\u00bb \u200dBitte unters\u00fctzen Sie Kirche in Not \u200d\u00ab<\/h1>\n<p><strong>\u200d1.<\/strong><strong>\u00a0<\/strong> \u00a0\u00a0<\/p>\n<p>Um Kirche in Not zu unterst\u00fctzen benutzen Sie bitte die sich in der N\u00e4he befindlichen Boxen und w\u00e4hlen Sie den Betrag sowie H\u00e4ufigkeit der Spende(n) aus bevor Sie auf Spenden klicken.<\/p>\n<p><strong>\u200d2.<\/strong><br \/>\nIm Folgenden werden Sie gebeten Ihren Namen Ihre Emailadresse, Ihre Telefonnummer sowie Ihr Heimatland anzugeben. Bitte best\u00e4tigen Sie auch, dass Sie die allgemeinen Nutzungsbestimmungen gelesen haben bevor Sie fortfahren.<\/p>\n<p><strong>\u200d3.<\/strong>\u00a0 \u00a0\u00a0<\/p>\n<p>Bitte geben Sie nun Ihre Kreditkartennummer, das Ablaufdatum Ihrer Kreditnummer, sowie die Pr\u00fcfnummer an um Ihre Spende einzureichen. Der Rechnungsbeleg wird Ihnen kurz nach dem Einreichen Ihrer Spende per Email zugeschickt. Wir danken Ihnen im Namen von Kirche in Not f\u00fcr Ihre Unterst\u00fctzung.<\/p>\n<p><strong>\u200d4.<\/strong>\u00a0 \u00a0\u00a0<\/p>\n<p>Ihre Spende geht an ACN Aid to the Church in Need gGmbH, einer Nicht- Regierungsorganisation, welche offiziell in Deutschland registriert ist und international von KPMG \u00fcberpr\u00fcft wird.<\/p>\n<p>Bei direkten Fragen zu Ihrer Spende\u00a0 wenden Sie sich bitte an <a href=\"mailto:info@acninternational.org\">info@acninternational.org<\/a> oder unter \u00a0+49-6174-291-0<\/p>\n<p>\t\t\t<iframe loading=\"lazy\" allowpaymentrequest=\"\" frameborder=\"0\" height=\"900px\" name=\"donorbox\" scrolling=\"no\" seamless=\"seamless\" src=\"https:\/\/donorbox.org\/embed\/acn-international-homepage\" style=\"max-width: 500px; min-width: 250px; max-height:none!important\" width=\"100%\"><\/iframe><\/p>\n","protected":false},"excerpt":{"rendered":"<p>\u00bb \u200dBitte unters\u00fctzen Sie Kirche in Not \u200d\u00ab \u200d1.\u00a0 \u00a0\u00a0 Um Kirche in Not zu unterst\u00fctzen benutzen Sie bitte die sich in der N\u00e4he befindlichen Boxen und w\u00e4hlen Sie den Betrag sowie H\u00e4ufigkeit der Spende(n) aus bevor Sie auf Spenden klicken. \u200d2. Im Folgenden werden Sie gebeten Ihren Namen Ihre Emailadresse, Ihre Telefonnummer sowie Ihr [&hellip;]<\/p>\n","protected":false},"author":1,"featured_media":125320,"parent":0,"menu_order":0,"comment_status":"closed","ping_status":"closed","template":"","meta":{"_acf_changed":false,"footnotes":""},"class_list":["post-128652","page","type-page","status-publish","has-post-thumbnail","hentry"],"acf":[],"yoast_head":"<!-- This site is optimized with the Yoast SEO Premium plugin v27.3 (Yoast SEO v27.3) - https:\/\/yoast.com\/product\/yoast-seo-premium-wordpress\/ -->\n<title>Spenden | ACN International<\/title>\n<meta name=\"robots\" content=\"index, follow, max-snippet:-1, max-image-preview:large, max-video-preview:-1\" \/>\n<link rel=\"canonical\" href=\"https:\/\/acninternational.org\/de\/spenden\/\" \/>\n<meta property=\"og:locale\" content=\"de_DE\" \/>\n<meta property=\"og:type\" content=\"article\" \/>\n<meta property=\"og:title\" content=\"Spenden\" \/>\n<meta property=\"og:description\" content=\"\u00bb \u200dBitte unters\u00fctzen Sie Kirche in Not \u200d\u00ab \u200d1.\u00a0 \u00a0\u00a0 Um Kirche in Not zu unterst\u00fctzen benutzen Sie bitte die sich in der N\u00e4he befindlichen Boxen und w\u00e4hlen Sie den Betrag sowie H\u00e4ufigkeit der Spende(n) aus bevor Sie auf Spenden klicken. \u200d2. Im Folgenden werden Sie gebeten Ihren Namen Ihre Emailadresse, Ihre Telefonnummer sowie Ihr [&hellip;]\" \/>\n<meta property=\"og:url\" content=\"https:\/\/acninternational.org\/de\/spenden\/\" \/>\n<meta property=\"og:site_name\" content=\"ACN International\" \/>\n<meta property=\"article:publisher\" content=\"https:\/\/www.facebook.com\/acninternationalorg\" \/>\n<meta property=\"article:modified_time\" content=\"2020-12-23T16:17:26+00:00\" \/>\n<meta property=\"og:image\" content=\"https:\/\/media.acninternational.org\/wp-content\/uploads\/2019\/09\/acn-20170111-49902-2-4000.jpg\" \/>\n\t<meta property=\"og:image:width\" content=\"2000\" \/>\n\t<meta property=\"og:image:height\" content=\"625\" \/>\n\t<meta property=\"og:image:type\" content=\"image\/jpeg\" \/>\n<meta name=\"twitter:card\" content=\"summary_large_image\" \/>\n<meta name=\"twitter:site\" content=\"@acn_int\" \/>\n<meta name=\"twitter:label1\" content=\"Gesch\u00e4tzte Lesezeit\" \/>\n\t<meta name=\"twitter:data1\" content=\"1\u00a0Minute\" \/>\n<script type=\"application\/ld+json\" class=\"yoast-schema-graph\">{\"@context\":\"https:\\\/\\\/schema.org\",\"@graph\":[{\"@type\":\"WebPage\",\"@id\":\"https:\\\/\\\/acninternational.org\\\/de\\\/spenden\\\/\",\"url\":\"https:\\\/\\\/acninternational.org\\\/de\\\/spenden\\\/\",\"name\":\"Spenden | ACN International\",\"isPartOf\":{\"@id\":\"https:\\\/\\\/acninternational.org\\\/de\\\/#website\"},\"primaryImageOfPage\":{\"@id\":\"https:\\\/\\\/acninternational.org\\\/de\\\/spenden\\\/#primaryimage\"},\"image\":{\"@id\":\"https:\\\/\\\/acninternational.org\\\/de\\\/spenden\\\/#primaryimage\"},\"thumbnailUrl\":\"https:\\\/\\\/media.acninternational.org\\\/wp-content\\\/uploads\\\/2019\\\/09\\\/acn-20170111-49902-2-4000.jpg\",\"datePublished\":\"2019-09-19T05:44:27+00:00\",\"dateModified\":\"2020-12-23T16:17:26+00:00\",\"breadcrumb\":{\"@id\":\"https:\\\/\\\/acninternational.org\\\/de\\\/spenden\\\/#breadcrumb\"},\"inLanguage\":\"de\",\"potentialAction\":[{\"@type\":\"ReadAction\",\"target\":[\"https:\\\/\\\/acninternational.org\\\/de\\\/spenden\\\/\"]}]},{\"@type\":\"ImageObject\",\"inLanguage\":\"de\",\"@id\":\"https:\\\/\\\/acninternational.org\\\/de\\\/spenden\\\/#primaryimage\",\"url\":\"https:\\\/\\\/media.acninternational.org\\\/wp-content\\\/uploads\\\/2019\\\/09\\\/acn-20170111-49902-2-4000.jpg\",\"contentUrl\":\"https:\\\/\\\/media.acninternational.org\\\/wp-content\\\/uploads\\\/2019\\\/09\\\/acn-20170111-49902-2-4000.jpg\",\"width\":2000,\"height\":625},{\"@type\":\"BreadcrumbList\",\"@id\":\"https:\\\/\\\/acninternational.org\\\/de\\\/spenden\\\/#breadcrumb\",\"itemListElement\":[{\"@type\":\"ListItem\",\"position\":1,\"name\":\"Home\",\"item\":\"https:\\\/\\\/acninternational.org\\\/de\\\/\"},{\"@type\":\"ListItem\",\"position\":2,\"name\":\"Spenden\"}]},{\"@type\":\"WebSite\",\"@id\":\"https:\\\/\\\/acninternational.org\\\/de\\\/#website\",\"url\":\"https:\\\/\\\/acninternational.org\\\/de\\\/\",\"name\":\"ACN International\",\"description\":\"\",\"publisher\":{\"@id\":\"https:\\\/\\\/acninternational.org\\\/de\\\/#organization\"},\"potentialAction\":[{\"@type\":\"SearchAction\",\"target\":{\"@type\":\"EntryPoint\",\"urlTemplate\":\"https:\\\/\\\/acninternational.org\\\/de\\\/?s={search_term_string}\"},\"query-input\":{\"@type\":\"PropertyValueSpecification\",\"valueRequired\":true,\"valueName\":\"search_term_string\"}}],\"inLanguage\":\"de\"},{\"@type\":\"Organization\",\"@id\":\"https:\\\/\\\/acninternational.org\\\/de\\\/#organization\",\"name\":\"Aid to the Church in Need International\",\"url\":\"https:\\\/\\\/acninternational.org\\\/de\\\/\",\"logo\":{\"@type\":\"ImageObject\",\"inLanguage\":\"de\",\"@id\":\"https:\\\/\\\/acninternational.org\\\/de\\\/#\\\/schema\\\/logo\\\/image\\\/\",\"url\":\"https:\\\/\\\/media.acninternational.org\\\/wp-content\\\/uploads\\\/2019\\\/11\\\/acn_logo_blackvector.svg\",\"contentUrl\":\"https:\\\/\\\/media.acninternational.org\\\/wp-content\\\/uploads\\\/2019\\\/11\\\/acn_logo_blackvector.svg\",\"width\":232.6,\"height\":78,\"caption\":\"Aid to the Church in Need International\"},\"image\":{\"@id\":\"https:\\\/\\\/acninternational.org\\\/de\\\/#\\\/schema\\\/logo\\\/image\\\/\"},\"sameAs\":[\"https:\\\/\\\/www.facebook.com\\\/acninternationalorg\",\"https:\\\/\\\/x.com\\\/acn_int\",\"https:\\\/\\\/www.youtube.com\\\/channel\\\/UCQ-077gS0TnVzkhHmf1opZw\",\"https:\\\/\\\/www.instagram.com\\\/acn_international\\\/\"]}]}<\/script>\n<!-- \/ Yoast SEO Premium plugin. -->","yoast_head_json":{"title":"Spenden | ACN International","robots":{"index":"index","follow":"follow","max-snippet":"max-snippet:-1","max-image-preview":"max-image-preview:large","max-video-preview":"max-video-preview:-1"},"canonical":"https:\/\/acninternational.org\/de\/spenden\/","og_locale":"de_DE","og_type":"article","og_title":"Spenden","og_description":"\u00bb \u200dBitte unters\u00fctzen Sie Kirche in Not \u200d\u00ab \u200d1.\u00a0 \u00a0\u00a0 Um Kirche in Not zu unterst\u00fctzen benutzen Sie bitte die sich in der N\u00e4he befindlichen Boxen und w\u00e4hlen Sie den Betrag sowie H\u00e4ufigkeit der Spende(n) aus bevor Sie auf Spenden klicken. \u200d2. Im Folgenden werden Sie gebeten Ihren Namen Ihre Emailadresse, Ihre Telefonnummer sowie Ihr [&hellip;]","og_url":"https:\/\/acninternational.org\/de\/spenden\/","og_site_name":"ACN International","article_publisher":"https:\/\/www.facebook.com\/acninternationalorg","article_modified_time":"2020-12-23T16:17:26+00:00","og_image":[{"width":2000,"height":625,"url":"https:\/\/media.acninternational.org\/wp-content\/uploads\/2019\/09\/acn-20170111-49902-2-4000.jpg","type":"image\/jpeg"}],"twitter_card":"summary_large_image","twitter_site":"@acn_int","twitter_misc":{"Gesch\u00e4tzte Lesezeit":"1\u00a0Minute"},"schema":{"@context":"https:\/\/schema.org","@graph":[{"@type":"WebPage","@id":"https:\/\/acninternational.org\/de\/spenden\/","url":"https:\/\/acninternational.org\/de\/spenden\/","name":"Spenden | ACN International","isPartOf":{"@id":"https:\/\/acninternational.org\/de\/#website"},"primaryImageOfPage":{"@id":"https:\/\/acninternational.org\/de\/spenden\/#primaryimage"},"image":{"@id":"https:\/\/acninternational.org\/de\/spenden\/#primaryimage"},"thumbnailUrl":"https:\/\/media.acninternational.org\/wp-content\/uploads\/2019\/09\/acn-20170111-49902-2-4000.jpg","datePublished":"2019-09-19T05:44:27+00:00","dateModified":"2020-12-23T16:17:26+00:00","breadcrumb":{"@id":"https:\/\/acninternational.org\/de\/spenden\/#breadcrumb"},"inLanguage":"de","potentialAction":[{"@type":"ReadAction","target":["https:\/\/acninternational.org\/de\/spenden\/"]}]},{"@type":"ImageObject","inLanguage":"de","@id":"https:\/\/acninternational.org\/de\/spenden\/#primaryimage","url":"https:\/\/media.acninternational.org\/wp-content\/uploads\/2019\/09\/acn-20170111-49902-2-4000.jpg","contentUrl":"https:\/\/media.acninternational.org\/wp-content\/uploads\/2019\/09\/acn-20170111-49902-2-4000.jpg","width":2000,"height":625},{"@type":"BreadcrumbList","@id":"https:\/\/acninternational.org\/de\/spenden\/#breadcrumb","itemListElement":[{"@type":"ListItem","position":1,"name":"Home","item":"https:\/\/acninternational.org\/de\/"},{"@type":"ListItem","position":2,"name":"Spenden"}]},{"@type":"WebSite","@id":"https:\/\/acninternational.org\/de\/#website","url":"https:\/\/acninternational.org\/de\/","name":"ACN International","description":"","publisher":{"@id":"https:\/\/acninternational.org\/de\/#organization"},"potentialAction":[{"@type":"SearchAction","target":{"@type":"EntryPoint","urlTemplate":"https:\/\/acninternational.org\/de\/?s={search_term_string}"},"query-input":{"@type":"PropertyValueSpecification","valueRequired":true,"valueName":"search_term_string"}}],"inLanguage":"de"},{"@type":"Organization","@id":"https:\/\/acninternational.org\/de\/#organization","name":"Aid to the Church in Need International","url":"https:\/\/acninternational.org\/de\/","logo":{"@type":"ImageObject","inLanguage":"de","@id":"https:\/\/acninternational.org\/de\/#\/schema\/logo\/image\/","url":"https:\/\/media.acninternational.org\/wp-content\/uploads\/2019\/11\/acn_logo_blackvector.svg","contentUrl":"https:\/\/media.acninternational.org\/wp-content\/uploads\/2019\/11\/acn_logo_blackvector.svg","width":232.6,"height":78,"caption":"Aid to the Church in Need International"},"image":{"@id":"https:\/\/acninternational.org\/de\/#\/schema\/logo\/image\/"},"sameAs":["https:\/\/www.facebook.com\/acninternationalorg","https:\/\/x.com\/acn_int","https:\/\/www.youtube.com\/channel\/UCQ-077gS0TnVzkhHmf1opZw","https:\/\/www.instagram.com\/acn_international\/"]}]}},"_links":{"self":[{"href":"https:\/\/acninternational.org\/de\/wp-json\/wp\/v2\/pages\/128652","targetHints":{"allow":["GET"]}}],"collection":[{"href":"https:\/\/acninternational.org\/de\/wp-json\/wp\/v2\/pages"}],"about":[{"href":"https:\/\/acninternational.org\/de\/wp-json\/wp\/v2\/types\/page"}],"author":[{"embeddable":true,"href":"https:\/\/acninternational.org\/de\/wp-json\/wp\/v2\/users\/1"}],"replies":[{"embeddable":true,"href":"https:\/\/acninternational.org\/de\/wp-json\/wp\/v2\/comments?post=128652"}],"version-history":[{"count":0,"href":"https:\/\/acninternational.org\/de\/wp-json\/wp\/v2\/pages\/128652\/revisions"}],"wp:featuredmedia":[{"embeddable":true,"href":"https:\/\/acninternational.org\/de\/wp-json\/wp\/v2\/media\/125320"}],"wp:attachment":[{"href":"https:\/\/acninternational.org\/de\/wp-json\/wp\/v2\/media?parent=128652"}],"curies":[{"name":"wp","href":"https:\/\/api.w.org\/{rel}","templated":true}]}}