{"id":128633,"date":"2019-10-29T15:01:28","date_gmt":"2019-10-29T14:01:28","guid":{"rendered":"https:\/\/acninternational.org\/foerderung\/application-process\/formulare\/"},"modified":"2021-08-13T09:36:16","modified_gmt":"2021-08-13T07:36:16","slug":"formulare","status":"publish","type":"page","link":"https:\/\/acninternational.org\/de\/unterstutzung-beantragen\/formulare\/","title":{"rendered":"Formulare"},"content":{"rendered":"<p>Die unten aufgelisteten Formulare , in verschiedenen Sprachen erh\u00e4ltlich, helfen Ihnen Antr\u00e4ge vollst\u00e4ndig und mit der n\u00f6tigen Information einzureichen. Bitte vergessen Sie nicht den Antrag pers\u00f6nlich zu unterschreiben.<\/p>\n<p><strong>Ein Nachtrag zu unserer elektronischen Kommunikation<\/strong><\/p>\n<p>Aufgrund unserer Richtlinien akzeptieren wir auch Antr\u00e4ge als Email- Anhang. F\u00fcr diesen Fall vergessen Sie bitte nicht Ihren Antrag pers\u00f6nlich zu unterschreiben und einzuscannen. Dasselbe gilt f\u00fcr das Bef\u00fcrwortungsschreiben des Bischofs. Antr\u00e4ge ohne jegliche Unterschrift werden nicht ber\u00fccksichtigt.<\/p>\n","protected":false},"excerpt":{"rendered":"<p>Die unten aufgelisteten Formulare , in verschiedenen Sprachen erh\u00e4ltlich, helfen Ihnen Antr\u00e4ge vollst\u00e4ndig und mit der n\u00f6tigen Information einzureichen. Bitte vergessen Sie nicht den Antrag pers\u00f6nlich zu unterschreiben. Ein Nachtrag zu unserer elektronischen Kommunikation Aufgrund unserer Richtlinien akzeptieren wir auch Antr\u00e4ge als Email- Anhang. F\u00fcr diesen Fall vergessen Sie bitte nicht Ihren Antrag pers\u00f6nlich zu [&hellip;]<\/p>\n","protected":false},"author":1,"featured_media":144387,"parent":123262,"menu_order":0,"comment_status":"closed","ping_status":"closed","template":"","meta":{"_acf_changed":false,"footnotes":""},"class_list":["post-128633","page","type-page","status-publish","has-post-thumbnail","hentry","page-category-forms-page-de"],"acf":[],"yoast_head":"<!-- This site is optimized with the Yoast SEO Premium plugin v27.3 (Yoast SEO v27.3) - https:\/\/yoast.com\/product\/yoast-seo-premium-wordpress\/ -->\n<title>Formulare | ACN International<\/title>\n<meta name=\"robots\" content=\"index, follow, max-snippet:-1, max-image-preview:large, max-video-preview:-1\" \/>\n<link rel=\"canonical\" href=\"https:\/\/acninternational.org\/de\/unterstutzung-beantragen\/formulare\/\" \/>\n<meta property=\"og:locale\" content=\"de_DE\" \/>\n<meta property=\"og:type\" content=\"article\" \/>\n<meta property=\"og:title\" content=\"Formulare\" \/>\n<meta property=\"og:description\" content=\"Die unten aufgelisteten Formulare , in verschiedenen Sprachen erh\u00e4ltlich, helfen Ihnen Antr\u00e4ge vollst\u00e4ndig und mit der n\u00f6tigen Information einzureichen. Bitte vergessen Sie nicht den Antrag pers\u00f6nlich zu unterschreiben. Ein Nachtrag zu unserer elektronischen Kommunikation Aufgrund unserer Richtlinien akzeptieren wir auch Antr\u00e4ge als Email- Anhang. F\u00fcr diesen Fall vergessen Sie bitte nicht Ihren Antrag pers\u00f6nlich zu [&hellip;]\" \/>\n<meta property=\"og:url\" content=\"https:\/\/acninternational.org\/de\/unterstutzung-beantragen\/formulare\/\" \/>\n<meta property=\"og:site_name\" content=\"ACN International\" \/>\n<meta property=\"article:publisher\" content=\"https:\/\/www.facebook.com\/acninternationalorg\" \/>\n<meta property=\"article:modified_time\" content=\"2021-08-13T07:36:16+00:00\" \/>\n<meta property=\"og:image\" content=\"https:\/\/media.acninternational.org\/wp-content\/uploads\/2020\/11\/Africa_evangelization.jpg\" \/>\n\t<meta property=\"og:image:width\" content=\"1400\" \/>\n\t<meta property=\"og:image:height\" content=\"438\" \/>\n\t<meta property=\"og:image:type\" content=\"image\/jpeg\" \/>\n<meta name=\"twitter:card\" content=\"summary_large_image\" \/>\n<meta name=\"twitter:site\" content=\"@acn_int\" \/>\n<script type=\"application\/ld+json\" class=\"yoast-schema-graph\">{\"@context\":\"https:\\\/\\\/schema.org\",\"@graph\":[{\"@type\":\"WebPage\",\"@id\":\"https:\\\/\\\/acninternational.org\\\/de\\\/unterstutzung-beantragen\\\/formulare\\\/\",\"url\":\"https:\\\/\\\/acninternational.org\\\/de\\\/unterstutzung-beantragen\\\/formulare\\\/\",\"name\":\"Formulare | ACN International\",\"isPartOf\":{\"@id\":\"https:\\\/\\\/acninternational.org\\\/de\\\/#website\"},\"primaryImageOfPage\":{\"@id\":\"https:\\\/\\\/acninternational.org\\\/de\\\/unterstutzung-beantragen\\\/formulare\\\/#primaryimage\"},\"image\":{\"@id\":\"https:\\\/\\\/acninternational.org\\\/de\\\/unterstutzung-beantragen\\\/formulare\\\/#primaryimage\"},\"thumbnailUrl\":\"https:\\\/\\\/media.acninternational.org\\\/wp-content\\\/uploads\\\/2020\\\/11\\\/Africa_evangelization.jpg\",\"datePublished\":\"2019-10-29T14:01:28+00:00\",\"dateModified\":\"2021-08-13T07:36:16+00:00\",\"breadcrumb\":{\"@id\":\"https:\\\/\\\/acninternational.org\\\/de\\\/unterstutzung-beantragen\\\/formulare\\\/#breadcrumb\"},\"inLanguage\":\"de\",\"potentialAction\":[{\"@type\":\"ReadAction\",\"target\":[\"https:\\\/\\\/acninternational.org\\\/de\\\/unterstutzung-beantragen\\\/formulare\\\/\"]}]},{\"@type\":\"ImageObject\",\"inLanguage\":\"de\",\"@id\":\"https:\\\/\\\/acninternational.org\\\/de\\\/unterstutzung-beantragen\\\/formulare\\\/#primaryimage\",\"url\":\"https:\\\/\\\/media.acninternational.org\\\/wp-content\\\/uploads\\\/2020\\\/11\\\/Africa_evangelization.jpg\",\"contentUrl\":\"https:\\\/\\\/media.acninternational.org\\\/wp-content\\\/uploads\\\/2020\\\/11\\\/Africa_evangelization.jpg\",\"width\":1400,\"height\":438},{\"@type\":\"BreadcrumbList\",\"@id\":\"https:\\\/\\\/acninternational.org\\\/de\\\/unterstutzung-beantragen\\\/formulare\\\/#breadcrumb\",\"itemListElement\":[{\"@type\":\"ListItem\",\"position\":1,\"name\":\"Home\",\"item\":\"https:\\\/\\\/acninternational.org\\\/de\\\/\"},{\"@type\":\"ListItem\",\"position\":2,\"name\":\"Unterst\u00fctzung beantragen\",\"item\":\"https:\\\/\\\/acninternational.org\\\/de\\\/unterstutzung-beantragen\\\/\"},{\"@type\":\"ListItem\",\"position\":3,\"name\":\"Formulare\"}]},{\"@type\":\"WebSite\",\"@id\":\"https:\\\/\\\/acninternational.org\\\/de\\\/#website\",\"url\":\"https:\\\/\\\/acninternational.org\\\/de\\\/\",\"name\":\"ACN International\",\"description\":\"\",\"publisher\":{\"@id\":\"https:\\\/\\\/acninternational.org\\\/de\\\/#organization\"},\"potentialAction\":[{\"@type\":\"SearchAction\",\"target\":{\"@type\":\"EntryPoint\",\"urlTemplate\":\"https:\\\/\\\/acninternational.org\\\/de\\\/?s={search_term_string}\"},\"query-input\":{\"@type\":\"PropertyValueSpecification\",\"valueRequired\":true,\"valueName\":\"search_term_string\"}}],\"inLanguage\":\"de\"},{\"@type\":\"Organization\",\"@id\":\"https:\\\/\\\/acninternational.org\\\/de\\\/#organization\",\"name\":\"Aid to the Church in Need International\",\"url\":\"https:\\\/\\\/acninternational.org\\\/de\\\/\",\"logo\":{\"@type\":\"ImageObject\",\"inLanguage\":\"de\",\"@id\":\"https:\\\/\\\/acninternational.org\\\/de\\\/#\\\/schema\\\/logo\\\/image\\\/\",\"url\":\"https:\\\/\\\/media.acninternational.org\\\/wp-content\\\/uploads\\\/2019\\\/11\\\/acn_logo_blackvector.svg\",\"contentUrl\":\"https:\\\/\\\/media.acninternational.org\\\/wp-content\\\/uploads\\\/2019\\\/11\\\/acn_logo_blackvector.svg\",\"width\":232.6,\"height\":78,\"caption\":\"Aid to the Church in Need International\"},\"image\":{\"@id\":\"https:\\\/\\\/acninternational.org\\\/de\\\/#\\\/schema\\\/logo\\\/image\\\/\"},\"sameAs\":[\"https:\\\/\\\/www.facebook.com\\\/acninternationalorg\",\"https:\\\/\\\/x.com\\\/acn_int\",\"https:\\\/\\\/www.youtube.com\\\/channel\\\/UCQ-077gS0TnVzkhHmf1opZw\",\"https:\\\/\\\/www.instagram.com\\\/acn_international\\\/\"]}]}<\/script>\n<!-- \/ Yoast SEO Premium plugin. -->","yoast_head_json":{"title":"Formulare | ACN International","robots":{"index":"index","follow":"follow","max-snippet":"max-snippet:-1","max-image-preview":"max-image-preview:large","max-video-preview":"max-video-preview:-1"},"canonical":"https:\/\/acninternational.org\/de\/unterstutzung-beantragen\/formulare\/","og_locale":"de_DE","og_type":"article","og_title":"Formulare","og_description":"Die unten aufgelisteten Formulare , in verschiedenen Sprachen erh\u00e4ltlich, helfen Ihnen Antr\u00e4ge vollst\u00e4ndig und mit der n\u00f6tigen Information einzureichen. Bitte vergessen Sie nicht den Antrag pers\u00f6nlich zu unterschreiben. Ein Nachtrag zu unserer elektronischen Kommunikation Aufgrund unserer Richtlinien akzeptieren wir auch Antr\u00e4ge als Email- Anhang. F\u00fcr diesen Fall vergessen Sie bitte nicht Ihren Antrag pers\u00f6nlich zu [&hellip;]","og_url":"https:\/\/acninternational.org\/de\/unterstutzung-beantragen\/formulare\/","og_site_name":"ACN International","article_publisher":"https:\/\/www.facebook.com\/acninternationalorg","article_modified_time":"2021-08-13T07:36:16+00:00","og_image":[{"width":1400,"height":438,"url":"https:\/\/media.acninternational.org\/wp-content\/uploads\/2020\/11\/Africa_evangelization.jpg","type":"image\/jpeg"}],"twitter_card":"summary_large_image","twitter_site":"@acn_int","schema":{"@context":"https:\/\/schema.org","@graph":[{"@type":"WebPage","@id":"https:\/\/acninternational.org\/de\/unterstutzung-beantragen\/formulare\/","url":"https:\/\/acninternational.org\/de\/unterstutzung-beantragen\/formulare\/","name":"Formulare | ACN International","isPartOf":{"@id":"https:\/\/acninternational.org\/de\/#website"},"primaryImageOfPage":{"@id":"https:\/\/acninternational.org\/de\/unterstutzung-beantragen\/formulare\/#primaryimage"},"image":{"@id":"https:\/\/acninternational.org\/de\/unterstutzung-beantragen\/formulare\/#primaryimage"},"thumbnailUrl":"https:\/\/media.acninternational.org\/wp-content\/uploads\/2020\/11\/Africa_evangelization.jpg","datePublished":"2019-10-29T14:01:28+00:00","dateModified":"2021-08-13T07:36:16+00:00","breadcrumb":{"@id":"https:\/\/acninternational.org\/de\/unterstutzung-beantragen\/formulare\/#breadcrumb"},"inLanguage":"de","potentialAction":[{"@type":"ReadAction","target":["https:\/\/acninternational.org\/de\/unterstutzung-beantragen\/formulare\/"]}]},{"@type":"ImageObject","inLanguage":"de","@id":"https:\/\/acninternational.org\/de\/unterstutzung-beantragen\/formulare\/#primaryimage","url":"https:\/\/media.acninternational.org\/wp-content\/uploads\/2020\/11\/Africa_evangelization.jpg","contentUrl":"https:\/\/media.acninternational.org\/wp-content\/uploads\/2020\/11\/Africa_evangelization.jpg","width":1400,"height":438},{"@type":"BreadcrumbList","@id":"https:\/\/acninternational.org\/de\/unterstutzung-beantragen\/formulare\/#breadcrumb","itemListElement":[{"@type":"ListItem","position":1,"name":"Home","item":"https:\/\/acninternational.org\/de\/"},{"@type":"ListItem","position":2,"name":"Unterst\u00fctzung beantragen","item":"https:\/\/acninternational.org\/de\/unterstutzung-beantragen\/"},{"@type":"ListItem","position":3,"name":"Formulare"}]},{"@type":"WebSite","@id":"https:\/\/acninternational.org\/de\/#website","url":"https:\/\/acninternational.org\/de\/","name":"ACN International","description":"","publisher":{"@id":"https:\/\/acninternational.org\/de\/#organization"},"potentialAction":[{"@type":"SearchAction","target":{"@type":"EntryPoint","urlTemplate":"https:\/\/acninternational.org\/de\/?s={search_term_string}"},"query-input":{"@type":"PropertyValueSpecification","valueRequired":true,"valueName":"search_term_string"}}],"inLanguage":"de"},{"@type":"Organization","@id":"https:\/\/acninternational.org\/de\/#organization","name":"Aid to the Church in Need International","url":"https:\/\/acninternational.org\/de\/","logo":{"@type":"ImageObject","inLanguage":"de","@id":"https:\/\/acninternational.org\/de\/#\/schema\/logo\/image\/","url":"https:\/\/media.acninternational.org\/wp-content\/uploads\/2019\/11\/acn_logo_blackvector.svg","contentUrl":"https:\/\/media.acninternational.org\/wp-content\/uploads\/2019\/11\/acn_logo_blackvector.svg","width":232.6,"height":78,"caption":"Aid to the Church in Need International"},"image":{"@id":"https:\/\/acninternational.org\/de\/#\/schema\/logo\/image\/"},"sameAs":["https:\/\/www.facebook.com\/acninternationalorg","https:\/\/x.com\/acn_int","https:\/\/www.youtube.com\/channel\/UCQ-077gS0TnVzkhHmf1opZw","https:\/\/www.instagram.com\/acn_international\/"]}]}},"_links":{"self":[{"href":"https:\/\/acninternational.org\/de\/wp-json\/wp\/v2\/pages\/128633","targetHints":{"allow":["GET"]}}],"collection":[{"href":"https:\/\/acninternational.org\/de\/wp-json\/wp\/v2\/pages"}],"about":[{"href":"https:\/\/acninternational.org\/de\/wp-json\/wp\/v2\/types\/page"}],"author":[{"embeddable":true,"href":"https:\/\/acninternational.org\/de\/wp-json\/wp\/v2\/users\/1"}],"replies":[{"embeddable":true,"href":"https:\/\/acninternational.org\/de\/wp-json\/wp\/v2\/comments?post=128633"}],"version-history":[{"count":0,"href":"https:\/\/acninternational.org\/de\/wp-json\/wp\/v2\/pages\/128633\/revisions"}],"up":[{"embeddable":true,"href":"https:\/\/acninternational.org\/de\/wp-json\/wp\/v2\/pages\/123262"}],"wp:featuredmedia":[{"embeddable":true,"href":"https:\/\/acninternational.org\/de\/wp-json\/wp\/v2\/media\/144387"}],"wp:attachment":[{"href":"https:\/\/acninternational.org\/de\/wp-json\/wp\/v2\/media?parent=128633"}],"curies":[{"name":"wp","href":"https:\/\/api.w.org\/{rel}","templated":true}]}}