{"id":124288,"date":"2019-10-04T12:43:07","date_gmt":"2019-10-04T10:43:07","guid":{"rendered":"https:\/\/acninternational.org\/unsere-aufgabenbereiche\/"},"modified":"2019-11-20T16:57:56","modified_gmt":"2019-11-20T15:57:56","slug":"unsere-aufgabenbereiche","status":"publish","type":"page","link":"https:\/\/acninternational.org\/de\/unsere-aufgabenbereiche\/","title":{"rendered":"Unsere Aufgabenbereiche"},"content":{"rendered":"<p>Seit jeher k\u00fcmmert sich die Kirche um Menschen in Not. Neben ihrem pastoralen Auftrag ist sie als Tr\u00e4gerin von sozialen Einrichtungen weltweit engagiert und unterst\u00fctzt in vielen Krisengebieten Menschen in Not.<\/p>\n<p>Aber was viele nicht wissen: Auch die Kirche selbst bedarf oft dringend der Hilfe, vornehmlich in den Entwicklungsl\u00e4ndern und in Staaten, die von Vertreibung, Verfolgung oder Katastrophen betroffen sind. Die Zahlen sprechen B\u00e4nde: Derzeit k\u00f6nnen weltweit rund 200 Millionen Menschen ihren Glauben nicht frei aus\u00fcben. In mehr als 80 L\u00e4ndern rund um die Welt ist das Grundrecht der Religionsfreiheit nicht gew\u00e4hrleistet.<\/p>\n<figure id=\"attachment_123943\" aria-describedby=\"caption-attachment-123943\" style=\"width: 670px\" class=\"wp-caption alignnone\"><img loading=\"lazy\" decoding=\"async\" class=\"wp-image-57683 size-full\" src=\"https:\/\/media.acninternational.org\/wp-content\/uploads\/2019\/10\/ArtPic3.jpg\" alt=\"Aid to the Church in Need is dedicated to the service of Christians around the world, wherever they are persecuted or oppressed or suffering material need.\" width=\"670\" height=\"400\" srcset=\"https:\/\/media.acninternational.org\/wp-content\/uploads\/2019\/10\/ArtPic3.jpg 670w, https:\/\/media.acninternational.org\/wp-content\/uploads\/2019\/10\/ArtPic3-300x179.jpg 300w\" sizes=\"auto, (max-width: 670px) 100vw, 670px\" \/><figcaption id=\"caption-attachment-123943\" class=\"wp-caption-text\">Aid to the Church in Need macht sich weltweit f\u00fcr Christen stark, wo immer sie verfolgt oder unterdr\u00fcckt werden oder unter materieller Not leiden<\/figcaption><\/figure>\n<p>In mehr als 40 L\u00e4ndern werden Christen aktuell verfolgt, diskriminiert oder unterdr\u00fcckt. Hier k\u00f6nnen die kirchliche Infrastruktur und ein menschenw\u00fcrdiges Dasein der Gl\u00e4ubigen aus eigenen Mitteln nur schwer oder gar nicht mehr aufrechterhalten werden. In vielen dieser L\u00e4nder sind Geldspenden die einzige Einnahmequelle der Kirche.<\/p>\n<blockquote class=\"wp-block-quote blockquote ps-3 py-2\"><p>\u00bb\u200a \u200aIch bin so dankbar f\u00fcr alles, was ihr f\u00fcr unsere Notleidenden tut. M\u00f6ge Gott euch und eure christlichen Br\u00fcder und Schwestern besch\u00fctzen.\u200a\u00ab<\/p>\n<pre>Sr. Annie Demerjian,  Projektpartnerin, Syrien<\/pre>\n<\/blockquote>\n<p>Im Gegensatz zu den meisten Hilfs- organisationen, die die soziale Not der Menschen lindern, konzentriert sich Aid to the Church in Need \u2013 auch bekannt als Kirche in Not \u2013 auf die Unterst\u00fctzung der Ortskirchen, damit die Erf\u00fcllung der christlichen N\u00e4chstenliebe aufrecht- erhalten werden kann.<\/p>\n<p>1947 als katholisches Hilfswerk f\u00fcr Kriegsfl\u00fcchtige ins Leben gerufen und seit 2011 als P\u00e4pstliche Stiftung anerkannt, macht Aid to the Church in Need sich weltweit f\u00fcr Christen stark, wo immer sie verfolgt oder unterdr\u00fcckt werden oder unter materieller Not leiden. Und das allein aus privaten Spenden, denn unsere Stiftung erh\u00e4lt keinerlei \u00f6ffentliche Unterst\u00fctzung.<\/p>\n<figure id=\"attachment_123939\" aria-describedby=\"caption-attachment-123939\" style=\"width: 670px\" class=\"wp-caption alignnone\"><img loading=\"lazy\" decoding=\"async\" class=\"wp-image-57682 size-full\" src=\"https:\/\/media.acninternational.org\/wp-content\/uploads\/2019\/10\/ArtPic2.jpg\" alt=\"Christians are currently persecuted, discriminated against or oppressed in more than 40 countries.\" width=\"670\" height=\"400\" srcset=\"https:\/\/media.acninternational.org\/wp-content\/uploads\/2019\/10\/ArtPic2.jpg 670w, https:\/\/media.acninternational.org\/wp-content\/uploads\/2019\/10\/ArtPic2-300x179.jpg 300w\" sizes=\"auto, (max-width: 670px) 100vw, 670px\" \/><figcaption id=\"caption-attachment-123939\" class=\"wp-caption-text\">In mehr als 40 L\u00e4ndern werden Christen aktuell verfolgt, diskriminiert oder unterdr\u00fcckt.<\/figcaption><\/figure>\n<p>Unter unserem Leitsatz \u201einformieren, beten und helfen\u201c unterst\u00fctzen wir zusammen mit hunderttausenden Spendern und Projektpartnern Christen in aller Welt. Dar\u00fcber hinaus setzen wir uns konfessions\u00fcbergreifend f\u00fcr Religionsfreiheit und Auss\u00f6hnung ein. Unser Glaube an die Kraft der N\u00e4chstenliebe und unsere jahrzehntelange Erfahrung best\u00e4rken uns darin, diesen Weg weiterzugehen und Menschen weltweit f\u00fcr unser Werk zu begeistern.<\/p>\n<p>Seit der Gr\u00fcndung vor 72 Jahren hat sich Aid to the Church in Need \u2013 auch bekannt als Kirche in Not \u2013 zu einem Hilfswerk mit einem breiten Aufgabengebiet entwickelt. Heute k\u00f6nnen wir zu Recht behaupten: Unser Name ist Programm. Wir f\u00f6rdern heute in knapp 140 L\u00e4ndern j\u00e4hrlich rund 5.000 kirchliche Projekte \u2013 viele davon langfristig. So sind wir oft auch dann noch in Krisengebieten vor Ort, wenn andere Hilfsorganisationen l\u00e4ngst abgezogen sind.<\/p>\n<figure id=\"attachment_123951\" aria-describedby=\"caption-attachment-123951\" style=\"width: 670px\" class=\"wp-caption alignnone\"><img loading=\"lazy\" decoding=\"async\" class=\"wp-image-57685 size-full\" src=\"https:\/\/media.acninternational.org\/wp-content\/uploads\/2019\/10\/ArtPic12.jpg\" alt=\"We now support some 5,000 Catholic projects each year in nearly 150 countries.\" width=\"670\" height=\"400\" srcset=\"https:\/\/media.acninternational.org\/wp-content\/uploads\/2019\/10\/ArtPic12.jpg 670w, https:\/\/media.acninternational.org\/wp-content\/uploads\/2019\/10\/ArtPic12-300x179.jpg 300w\" sizes=\"auto, (max-width: 670px) 100vw, 670px\" \/><figcaption id=\"caption-attachment-123951\" class=\"wp-caption-text\">Wir f\u00f6rdern heute in knapp 140 L\u00e4ndern j\u00e4hrlich rund 5.000 kirchliche Projekte.<\/figcaption><\/figure>\n<blockquote class=\"wp-block-quote blockquote ps-3 py-2\"><p>\u00bb Ich danke dem Herrn immer wieder f\u00fcr die Hilfe. Ohne Aid to the Church in Need w\u00e4re es schwer, unsere Arbeit fortzusetzen.\u200a\u00ab<\/p>\n<pre>Sr. Hanan Youssef, Projektpartnerin, Libanon<\/pre>\n<\/blockquote>\n<p>Nat\u00fcrlich bedarf es dazu nicht nur der personellen und organisatorischen, sondern auch der n\u00f6tigen finanziellen Mittel. Nur durch die Spenden von mehr als 330.000 Wohlt\u00e4tern aus 23 L\u00e4ndern ist es uns m\u00f6glich, unserer Mission der pastoralen Hilfe nachzukommen und sie erfolgreich voranzutreiben.<\/p>\n<figure id=\"attachment_123947\" aria-describedby=\"caption-attachment-123947\" style=\"width: 670px\" class=\"wp-caption alignnone\"><img loading=\"lazy\" decoding=\"async\" class=\"wp-image-57684 size-full\" src=\"https:\/\/media.acninternational.org\/wp-content\/uploads\/2019\/10\/ArtPic8.jpg\" alt=\"Only through the donations of over 330,000 benefactors in 23 countries are we able to fulfil our mission.\" width=\"670\" height=\"400\" srcset=\"https:\/\/media.acninternational.org\/wp-content\/uploads\/2019\/10\/ArtPic8.jpg 670w, https:\/\/media.acninternational.org\/wp-content\/uploads\/2019\/10\/ArtPic8-300x179.jpg 300w\" sizes=\"auto, (max-width: 670px) 100vw, 670px\" \/><figcaption id=\"caption-attachment-123947\" class=\"wp-caption-text\">Nur durch die Spenden von mehr als 330.000 Wohlt\u00e4tern aus 23 L\u00e4ndern ist es uns m\u00f6glich, unserer Mission der pastoralen Hilfe nachzukommen und sie erfolgreich voranzutreiben.<\/figcaption><\/figure>\n<p>And the list of areas in which we are asked to help continues to grow:<\/p>\n","protected":false},"excerpt":{"rendered":"<p>Seit jeher k\u00fcmmert sich die Kirche um Menschen in Not. Neben ihrem pastoralen Auftrag ist sie als Tr\u00e4gerin von sozialen Einrichtungen weltweit engagiert und unterst\u00fctzt in vielen Krisengebieten Menschen in Not. Aber was viele nicht wissen: Auch die Kirche selbst bedarf oft dringend der Hilfe, vornehmlich in den Entwicklungsl\u00e4ndern und in Staaten, die von Vertreibung, [&hellip;]<\/p>\n","protected":false},"author":1,"featured_media":124289,"parent":0,"menu_order":0,"comment_status":"closed","ping_status":"closed","template":"","meta":{"_acf_changed":false,"footnotes":""},"class_list":["post-124288","page","type-page","status-publish","has-post-thumbnail","hentry"],"acf":[],"yoast_head":"<!-- This site is optimized with the Yoast SEO Premium plugin v27.3 (Yoast SEO v27.3) - https:\/\/yoast.com\/product\/yoast-seo-premium-wordpress\/ -->\n<title>Unsere Aufgabenbereiche | ACN International<\/title>\n<meta name=\"robots\" content=\"index, follow, max-snippet:-1, max-image-preview:large, max-video-preview:-1\" \/>\n<link rel=\"canonical\" href=\"https:\/\/acninternational.org\/de\/unsere-aufgabenbereiche\/\" \/>\n<meta property=\"og:locale\" content=\"de_DE\" \/>\n<meta property=\"og:type\" content=\"article\" \/>\n<meta property=\"og:title\" content=\"Unsere Aufgabenbereiche\" \/>\n<meta property=\"og:description\" content=\"Seit jeher k\u00fcmmert sich die Kirche um Menschen in Not. Neben ihrem pastoralen Auftrag ist sie als Tr\u00e4gerin von sozialen Einrichtungen weltweit engagiert und unterst\u00fctzt in vielen Krisengebieten Menschen in Not. Aber was viele nicht wissen: Auch die Kirche selbst bedarf oft dringend der Hilfe, vornehmlich in den Entwicklungsl\u00e4ndern und in Staaten, die von Vertreibung, [&hellip;]\" \/>\n<meta property=\"og:url\" content=\"https:\/\/acninternational.org\/de\/unsere-aufgabenbereiche\/\" \/>\n<meta property=\"og:site_name\" content=\"ACN International\" \/>\n<meta property=\"article:publisher\" content=\"https:\/\/www.facebook.com\/acninternationalorg\" \/>\n<meta property=\"article:modified_time\" content=\"2019-11-20T15:57:56+00:00\" \/>\n<meta property=\"og:image\" content=\"https:\/\/media.acninternational.org\/wp-content\/uploads\/2019\/09\/acn-20180913-76690_web-2000.jpg\" \/>\n\t<meta property=\"og:image:width\" content=\"2000\" \/>\n\t<meta property=\"og:image:height\" content=\"625\" \/>\n\t<meta property=\"og:image:type\" content=\"image\/jpeg\" \/>\n<meta name=\"twitter:card\" content=\"summary_large_image\" \/>\n<meta name=\"twitter:site\" content=\"@acn_int\" \/>\n<meta name=\"twitter:label1\" content=\"Gesch\u00e4tzte Lesezeit\" \/>\n\t<meta name=\"twitter:data1\" content=\"3\u00a0Minuten\" \/>\n<script type=\"application\/ld+json\" class=\"yoast-schema-graph\">{\"@context\":\"https:\\\/\\\/schema.org\",\"@graph\":[{\"@type\":\"WebPage\",\"@id\":\"https:\\\/\\\/acninternational.org\\\/de\\\/unsere-aufgabenbereiche\\\/\",\"url\":\"https:\\\/\\\/acninternational.org\\\/de\\\/unsere-aufgabenbereiche\\\/\",\"name\":\"Unsere Aufgabenbereiche | ACN International\",\"isPartOf\":{\"@id\":\"https:\\\/\\\/acninternational.org\\\/de\\\/#website\"},\"primaryImageOfPage\":{\"@id\":\"https:\\\/\\\/acninternational.org\\\/de\\\/unsere-aufgabenbereiche\\\/#primaryimage\"},\"image\":{\"@id\":\"https:\\\/\\\/acninternational.org\\\/de\\\/unsere-aufgabenbereiche\\\/#primaryimage\"},\"thumbnailUrl\":\"https:\\\/\\\/media.acninternational.org\\\/wp-content\\\/uploads\\\/2019\\\/09\\\/acn-20180913-76690_web-2000.jpg\",\"datePublished\":\"2019-10-04T10:43:07+00:00\",\"dateModified\":\"2019-11-20T15:57:56+00:00\",\"breadcrumb\":{\"@id\":\"https:\\\/\\\/acninternational.org\\\/de\\\/unsere-aufgabenbereiche\\\/#breadcrumb\"},\"inLanguage\":\"de\",\"potentialAction\":[{\"@type\":\"ReadAction\",\"target\":[\"https:\\\/\\\/acninternational.org\\\/de\\\/unsere-aufgabenbereiche\\\/\"]}]},{\"@type\":\"ImageObject\",\"inLanguage\":\"de\",\"@id\":\"https:\\\/\\\/acninternational.org\\\/de\\\/unsere-aufgabenbereiche\\\/#primaryimage\",\"url\":\"https:\\\/\\\/media.acninternational.org\\\/wp-content\\\/uploads\\\/2019\\\/09\\\/acn-20180913-76690_web-2000.jpg\",\"contentUrl\":\"https:\\\/\\\/media.acninternational.org\\\/wp-content\\\/uploads\\\/2019\\\/09\\\/acn-20180913-76690_web-2000.jpg\",\"width\":2000,\"height\":625},{\"@type\":\"BreadcrumbList\",\"@id\":\"https:\\\/\\\/acninternational.org\\\/de\\\/unsere-aufgabenbereiche\\\/#breadcrumb\",\"itemListElement\":[{\"@type\":\"ListItem\",\"position\":1,\"name\":\"Home\",\"item\":\"https:\\\/\\\/acninternational.org\\\/de\\\/\"},{\"@type\":\"ListItem\",\"position\":2,\"name\":\"Unsere Aufgabenbereiche\"}]},{\"@type\":\"WebSite\",\"@id\":\"https:\\\/\\\/acninternational.org\\\/de\\\/#website\",\"url\":\"https:\\\/\\\/acninternational.org\\\/de\\\/\",\"name\":\"ACN International\",\"description\":\"\",\"publisher\":{\"@id\":\"https:\\\/\\\/acninternational.org\\\/de\\\/#organization\"},\"potentialAction\":[{\"@type\":\"SearchAction\",\"target\":{\"@type\":\"EntryPoint\",\"urlTemplate\":\"https:\\\/\\\/acninternational.org\\\/de\\\/?s={search_term_string}\"},\"query-input\":{\"@type\":\"PropertyValueSpecification\",\"valueRequired\":true,\"valueName\":\"search_term_string\"}}],\"inLanguage\":\"de\"},{\"@type\":\"Organization\",\"@id\":\"https:\\\/\\\/acninternational.org\\\/de\\\/#organization\",\"name\":\"Aid to the Church in Need International\",\"url\":\"https:\\\/\\\/acninternational.org\\\/de\\\/\",\"logo\":{\"@type\":\"ImageObject\",\"inLanguage\":\"de\",\"@id\":\"https:\\\/\\\/acninternational.org\\\/de\\\/#\\\/schema\\\/logo\\\/image\\\/\",\"url\":\"https:\\\/\\\/media.acninternational.org\\\/wp-content\\\/uploads\\\/2019\\\/11\\\/acn_logo_blackvector.svg\",\"contentUrl\":\"https:\\\/\\\/media.acninternational.org\\\/wp-content\\\/uploads\\\/2019\\\/11\\\/acn_logo_blackvector.svg\",\"width\":232.6,\"height\":78,\"caption\":\"Aid to the Church in Need International\"},\"image\":{\"@id\":\"https:\\\/\\\/acninternational.org\\\/de\\\/#\\\/schema\\\/logo\\\/image\\\/\"},\"sameAs\":[\"https:\\\/\\\/www.facebook.com\\\/acninternationalorg\",\"https:\\\/\\\/x.com\\\/acn_int\",\"https:\\\/\\\/www.youtube.com\\\/channel\\\/UCQ-077gS0TnVzkhHmf1opZw\",\"https:\\\/\\\/www.instagram.com\\\/acn_international\\\/\"]}]}<\/script>\n<!-- \/ Yoast SEO Premium plugin. -->","yoast_head_json":{"title":"Unsere Aufgabenbereiche | ACN International","robots":{"index":"index","follow":"follow","max-snippet":"max-snippet:-1","max-image-preview":"max-image-preview:large","max-video-preview":"max-video-preview:-1"},"canonical":"https:\/\/acninternational.org\/de\/unsere-aufgabenbereiche\/","og_locale":"de_DE","og_type":"article","og_title":"Unsere Aufgabenbereiche","og_description":"Seit jeher k\u00fcmmert sich die Kirche um Menschen in Not. Neben ihrem pastoralen Auftrag ist sie als Tr\u00e4gerin von sozialen Einrichtungen weltweit engagiert und unterst\u00fctzt in vielen Krisengebieten Menschen in Not. Aber was viele nicht wissen: Auch die Kirche selbst bedarf oft dringend der Hilfe, vornehmlich in den Entwicklungsl\u00e4ndern und in Staaten, die von Vertreibung, [&hellip;]","og_url":"https:\/\/acninternational.org\/de\/unsere-aufgabenbereiche\/","og_site_name":"ACN International","article_publisher":"https:\/\/www.facebook.com\/acninternationalorg","article_modified_time":"2019-11-20T15:57:56+00:00","og_image":[{"width":2000,"height":625,"url":"https:\/\/media.acninternational.org\/wp-content\/uploads\/2019\/09\/acn-20180913-76690_web-2000.jpg","type":"image\/jpeg"}],"twitter_card":"summary_large_image","twitter_site":"@acn_int","twitter_misc":{"Gesch\u00e4tzte Lesezeit":"3\u00a0Minuten"},"schema":{"@context":"https:\/\/schema.org","@graph":[{"@type":"WebPage","@id":"https:\/\/acninternational.org\/de\/unsere-aufgabenbereiche\/","url":"https:\/\/acninternational.org\/de\/unsere-aufgabenbereiche\/","name":"Unsere Aufgabenbereiche | ACN International","isPartOf":{"@id":"https:\/\/acninternational.org\/de\/#website"},"primaryImageOfPage":{"@id":"https:\/\/acninternational.org\/de\/unsere-aufgabenbereiche\/#primaryimage"},"image":{"@id":"https:\/\/acninternational.org\/de\/unsere-aufgabenbereiche\/#primaryimage"},"thumbnailUrl":"https:\/\/media.acninternational.org\/wp-content\/uploads\/2019\/09\/acn-20180913-76690_web-2000.jpg","datePublished":"2019-10-04T10:43:07+00:00","dateModified":"2019-11-20T15:57:56+00:00","breadcrumb":{"@id":"https:\/\/acninternational.org\/de\/unsere-aufgabenbereiche\/#breadcrumb"},"inLanguage":"de","potentialAction":[{"@type":"ReadAction","target":["https:\/\/acninternational.org\/de\/unsere-aufgabenbereiche\/"]}]},{"@type":"ImageObject","inLanguage":"de","@id":"https:\/\/acninternational.org\/de\/unsere-aufgabenbereiche\/#primaryimage","url":"https:\/\/media.acninternational.org\/wp-content\/uploads\/2019\/09\/acn-20180913-76690_web-2000.jpg","contentUrl":"https:\/\/media.acninternational.org\/wp-content\/uploads\/2019\/09\/acn-20180913-76690_web-2000.jpg","width":2000,"height":625},{"@type":"BreadcrumbList","@id":"https:\/\/acninternational.org\/de\/unsere-aufgabenbereiche\/#breadcrumb","itemListElement":[{"@type":"ListItem","position":1,"name":"Home","item":"https:\/\/acninternational.org\/de\/"},{"@type":"ListItem","position":2,"name":"Unsere Aufgabenbereiche"}]},{"@type":"WebSite","@id":"https:\/\/acninternational.org\/de\/#website","url":"https:\/\/acninternational.org\/de\/","name":"ACN International","description":"","publisher":{"@id":"https:\/\/acninternational.org\/de\/#organization"},"potentialAction":[{"@type":"SearchAction","target":{"@type":"EntryPoint","urlTemplate":"https:\/\/acninternational.org\/de\/?s={search_term_string}"},"query-input":{"@type":"PropertyValueSpecification","valueRequired":true,"valueName":"search_term_string"}}],"inLanguage":"de"},{"@type":"Organization","@id":"https:\/\/acninternational.org\/de\/#organization","name":"Aid to the Church in Need International","url":"https:\/\/acninternational.org\/de\/","logo":{"@type":"ImageObject","inLanguage":"de","@id":"https:\/\/acninternational.org\/de\/#\/schema\/logo\/image\/","url":"https:\/\/media.acninternational.org\/wp-content\/uploads\/2019\/11\/acn_logo_blackvector.svg","contentUrl":"https:\/\/media.acninternational.org\/wp-content\/uploads\/2019\/11\/acn_logo_blackvector.svg","width":232.6,"height":78,"caption":"Aid to the Church in Need International"},"image":{"@id":"https:\/\/acninternational.org\/de\/#\/schema\/logo\/image\/"},"sameAs":["https:\/\/www.facebook.com\/acninternationalorg","https:\/\/x.com\/acn_int","https:\/\/www.youtube.com\/channel\/UCQ-077gS0TnVzkhHmf1opZw","https:\/\/www.instagram.com\/acn_international\/"]}]}},"_links":{"self":[{"href":"https:\/\/acninternational.org\/de\/wp-json\/wp\/v2\/pages\/124288","targetHints":{"allow":["GET"]}}],"collection":[{"href":"https:\/\/acninternational.org\/de\/wp-json\/wp\/v2\/pages"}],"about":[{"href":"https:\/\/acninternational.org\/de\/wp-json\/wp\/v2\/types\/page"}],"author":[{"embeddable":true,"href":"https:\/\/acninternational.org\/de\/wp-json\/wp\/v2\/users\/1"}],"replies":[{"embeddable":true,"href":"https:\/\/acninternational.org\/de\/wp-json\/wp\/v2\/comments?post=124288"}],"version-history":[{"count":0,"href":"https:\/\/acninternational.org\/de\/wp-json\/wp\/v2\/pages\/124288\/revisions"}],"wp:featuredmedia":[{"embeddable":true,"href":"https:\/\/acninternational.org\/de\/wp-json\/wp\/v2\/media\/124289"}],"wp:attachment":[{"href":"https:\/\/acninternational.org\/de\/wp-json\/wp\/v2\/media?parent=124288"}],"curies":[{"name":"wp","href":"https:\/\/api.w.org\/{rel}","templated":true}]}}