{"id":123970,"date":"2019-09-16T16:43:41","date_gmt":"2019-09-16T14:43:41","guid":{"rendered":"https:\/\/acninternational.org\/zahlenspiegel\/"},"modified":"2020-05-25T15:43:37","modified_gmt":"2020-05-25T13:43:37","slug":"zahlenspiegel","status":"publish","type":"page","link":"https:\/\/acninternational.org\/de\/zahlenspiegel\/","title":{"rendered":"Zahlenspiegel"},"content":{"rendered":"<h1>Zahlenspiegel 2018<\/h1>\n<p>Im Jahr 2018 erhielten wir 7.607 Hilfs- antr\u00e4ge aus aller Welt. Dank der Gro\u00dfz\u00fcgigkeit unserer Wohlt\u00e4ter konnten wir Aktivit\u00e4ten in H\u00f6he von 110,5 Millionen Euro finanzieren*. Der Gro\u00dfteil davon \u2013 80,1 % der Spenden \u2013 ist in missionsbezogene Aufwendungen geflossen, also in konkrete Projektarbeit, Information, mediale Unterst\u00fctzung sowie Gebetsaktivit\u00e4ten.<\/p>\n<p>\t\t\t\t\t\t\t\t\t\t<img decoding=\"async\" src=\"https:\/\/media.acninternational.org\/wp-content\/uploads\/2019\/09\/kuchen1a_white_total.svg\" alt=\"\" height=\"273.07\" width=\"716.95\" \/><br \/>\n\t\t\t<svg xmlns=\"http:\/\/www.w3.org\/2000\/svg\" xmlns:xlink=\"http:\/\/www.w3.org\/1999\/xlink\" id=\"Layer_1\" x=\"0px\" y=\"0px\" viewBox=\"0 0 19.2 15.5\" style=\"enable-background:new 0 0 19.2 15.5;\" xml:space=\"preserve\"> <\/p>\n<style type=\"text\/css\"> .st0{fill:#B81325;} <\/style>\n<p> <g> <g id=\"Layer_1-2\"> <path d=\"M0,0h3.5v1.1h-2v13.2h2v1.1H0V0z\"><\/path> <path d=\"M15.7,14.4h2V1.1h-2V0h3.5v15.5h-3.5V14.4z\"><\/path> <path d=\"M8.8,8.5H5.6V7h3.2V3.6h1.6V7h3.2v1.5h-3.2v3.4H8.8V8.5z\"><\/path> <\/g> <\/g> <\/svg><br \/>\n\t\t\t110,5 Mio. \u20ac<br \/>\n\t\t\tVerwendung der Spenden im Detail<br \/>\n\t\t\t&nbsp;Mission-related expenditures<br \/>\n\t\t\t&nbsp;Administration<br \/>\n\t\t\t&nbsp;Donor relations and fundraising<br \/>\n\t\t\t<svg xmlns=\"http:\/\/www.w3.org\/2000\/svg\" xmlns:xlink=\"http:\/\/www.w3.org\/1999\/xlink\" id=\"Layer_1\" x=\"0px\" y=\"0px\" viewBox=\"0 0 19.2 15.5\" style=\"enable-background:new 0 0 19.2 15.5;\" xml:space=\"preserve\"> <\/p>\n<style type=\"text\/css\"> .st0{fill:#B81325;} <\/style>\n<p> <g> <g id=\"Layer_1-2\"> <path d=\"M0,0h3.5v1.1h-2v13.2h2v1.1H0V0z\"><\/path> <path d=\"M15.7,14.4h2V1.1h-2V0h3.5v15.5h-3.5V14.4z\"><\/path> <path d=\"M8.8,8.5H5.6V7h3.2V3.6h1.6V7h3.2v1.5h-3.2v3.4H8.8V8.5z\"><\/path> <\/g> <\/g> <\/svg><br \/>\n\t\t\t88,5 Mio. \u20ac<br \/>\n\t\t\tMissionsbezogene Aufwendungen<br \/>\n\t\t\t&nbsp;Project work<br \/>\n\t\t\t&nbsp;Information, proclamation of faith and advocacy for discriminated and persecuted Christians\t\t<\/p>\n<p>Den Anteil der notwendigen Aufwendungen f\u00fcr Verwaltung und Spendenwerbung halten wir mit 8,5% beziehungsweise 11,4% so niedrig wie m\u00f6glich, damit m\u00f6glichst viele Mittel vor Ort bei den Christen ankommen.<\/p>\n<p>\t\t\tOffices in 23<br \/>\n\t\t\tMore than 330,000<br \/>\n\t\t\t111,108,825<br \/>\n\t\t\tUse of 2.8<br \/>\n\t\t\tProject partners in 139<br \/>\n\t\t\t5,019<br \/>\n\t\t\t80.1%<br \/>\n\t\t\tL\u00e4nder<br \/>\n\t\t\tSpender weltweit pro Jahr<br \/>\n\t\t\tEuro Spenden und andere Einnahmen<br \/>\n\t\t\tMillionen Euro an \u00dcbersch\u00fcssen aus Vorjahren<br \/>\n\t\t\tL\u00e4nder<br \/>\n\t\t\tweltweit gef\u00f6rderte Projekt<br \/>\n\t\t\tder Spenden werden missionsbezogenen Aufwendungen zugewiesen<br \/>\n\t\t\tOffices in 23 countries<br \/>\n\t\t\tMore than 330,000 donors worldwide per year\u200b<br \/>\n\t\t\t111,108,825 euros in donations and other income\u200b<br \/>\n\t\t\tUse of 2.8 million euros in surpluses from previous years\u200b<br \/>\n\t\t\tProject partners in 139 countries\u200b<br \/>\n\t\t\t5,019 projects supported worldwide\u200b<br \/>\n\t\t\t80.1% of the funds used are allocated to mission-related expenses\u200b\t\t<\/p>\n<p>So konnten wir 2018 mit rund 75,5 Millionen Euro in 139 L\u00e4ndern insgesamt 5.019 Projekte unterst\u00fctzen. Mit weiteren 13,0 Millionen Euro sind wir weltweit f\u00fcr benachteiligte und verfolgte Christen eingetreten.<\/p>\n<p>Fluctuating legacy income fell by \u20ac11.7 million compared with the previous year, so that we were able to finance fewer projects in 2018. All the more reason for us to be pleased that the current level of income from donations has remained stable. We are building our project commitments for the future on this basis.<\/p>\n<h1>\u00bb Unter dem Leitmotiv \u203aInformation \u2013 Gebet \u2013 Tat\u2039 konnten wir 2018 weltweit mehr als 5.000 Projekte f\u00f6rdern. \u00ab<\/h1>\n<p>Die Projekte, die wir unterst\u00fctzen, sind in erster Linie pastoraler Natur. 2018 wurde rund ein Drittel der Ausgaben f\u00fcr den Bau von Seminargeb\u00e4uden und den Bau und Wiederaufbau von Kirchen und kirchlichen Einrichtungen verwendet.<\/p>\n<p>Mehr als ein F\u00fcnftel unseres Projektbudgets ist in die Ausbildung von Priestern und Ordensschwestern sowie in die Fortbildung von Priestern und die Glaubensbildung von Laien geflossen.<\/p>\n<p>Mit knapp einem Achtel wurde auch ein erheblicher Anteil unserer F\u00f6rdersumme f\u00fcr die Nothilfe eingesetzt, wie zum Beispiel f\u00fcr die zahlreichen Opfer des Krisenherds im Nahen Osten.<\/p>\n<p>Eine wichtige Konstante ist auch unsere Vergabe von Mess-Stipendien: Im Jahr 2018 haben wir Mess-Intentionen im Wert von 12,4 Millionen Euro an Priester in aller Welt weitergeleitet.<\/p>\n<p>\t\t\t\t\t\t\t\t\t\t<img decoding=\"async\" src=\"https:\/\/media.acninternational.org\/wp-content\/uploads\/2019\/09\/kuchen3.svg\" alt=\"\" height=\"198.4\" width=\"198.5\" \/><br \/>\n\t\t\t<svg xmlns=\"http:\/\/www.w3.org\/2000\/svg\" xmlns:xlink=\"http:\/\/www.w3.org\/1999\/xlink\" id=\"Layer_1\" x=\"0px\" y=\"0px\" viewBox=\"0 0 19.2 15.5\" style=\"enable-background:new 0 0 19.2 15.5;\" xml:space=\"preserve\"> <\/p>\n<style type=\"text\/css\"> .st0{fill:#B81325;} <\/style>\n<p> <g> <g id=\"Layer_1-2\"> <path d=\"M0,0h3.5v1.1h-2v13.2h2v1.1H0V0z\"><\/path> <path d=\"M15.7,14.4h2V1.1h-2V0h3.5v15.5h-3.5V14.4z\"><\/path> <path d=\"M8.8,8.5H5.6V7h3.2V3.6h1.6V7h3.2v1.5h-3.2v3.4H8.8V8.5z\"><\/path> <\/g> <\/g> <\/svg><br \/>\n\t\t\t75,5 Mio. \u20ac<br \/>\n\t\t\tBewilligte Unterst\u00fctzung nach Art<br \/>\n\t\t\th<br \/>\n\t\t\tBau und Wiederaufbau<br \/>\n\t\t\ta<br \/>\n\t\t\tMess-Stipendien<br \/>\n\t\t\ti<br \/>\n\t\t\tNothilfe<br \/>\n\t\t\tb<br \/>\n\t\t\tAusbildung von Priestern und Ordensleuten<br \/>\n\t\t\td<br \/>\n\t\t\tGlaubensbildung von Laien<br \/>\n\t\t\tg<br \/>\n\t\t\tTransportmittel f\u00fcr die Seelsorge<br \/>\n\t\t\te\t\t<\/p>\n<p>Verteilung von Bibeln, religi\u00f6sen B\u00fcchern und Medien<\/p>\n<p>\t\t\tc<br \/>\n\t\t\tExistenzhilfe f\u00fcr Ordensleute\t\t<\/p>\n<blockquote class=\"wp-block-quote blockquote ps-3 py-2\">\n<p>\u00bb Am Anfang unserer Hilfsma\u00df- nahmen steht der enge Dialog mit den Ortskirchen. \u00ab<\/p>\n<\/blockquote>\n<p>Die regionalen Schwerpunkte unserer Hilfsprojekte lagen 2018 im Nahen Osten sowie in Afrika. In all unserer Projekt- arbeit ist uns dabei der Dialog mit der \u00f6rtlichen Kirche besonders wichtig. Denn die Bisch\u00f6fe und Ordensleute vor Ort wissen am besten, wo die Not am gr\u00f6\u00dften ist und welche Hilfsma\u00dfnahmen ergriffen werden m\u00fcssen. Unsere Aufgabe sehen wir darin, die Kirche vor allem dort zu unterst\u00fctzen, wo Christen unter Krieg, Unterdr\u00fcckung, Verfolgung und Gewalt leiden.<\/p>\n<p>Ein Hotspot der Gewalt war dabei leider auch 2018 wieder der Nahe Osten, wo die Gl\u00e4ubigen vielerorts tagt\u00e4glich der Willk\u00fcr und Gewalt des IS und anderer islamistischer Gruppen ausgesetzt sind. Deshalb werden Hilfsprojekte f\u00fcr Syrien und den Irak weiterhin oben auf unserer Agenda stehen.<\/p>\n<p>Aber auch in Afrika leiden Christen in etlichen L\u00e4ndern unter der Verfolgung und Gewalt des radikalen Islamismus. Gleichzeitig ist Afrika der Kontinent mit dem st\u00e4rksten Zuwachs an Gl\u00e4ubigen. Unsere F\u00f6rdermittel f\u00fcr Afrika tragen diesen Entwicklungen Rechnung, denn 2018 ist mehr als ein Viertel unseres Projektbudgets an die Ortskirchen afrikanischer L\u00e4nder gegangen<\/p>\n<p>In Asien wiederum liegt unsere Priorit\u00e4t in Regionen wie Pakistan und den Philippinen, wo der radikale Islamismus ebenfalls auf dem Vormarsch ist.<\/p>\n<p>Aktiv sind wir nat\u00fcrlich auch in Indien, wo ein zunehmend radikaler Hinduismus die christliche Minderheit verfolgt und vielerorts mit Gewalt unterdr\u00fcckt<\/p>\n<p>Aber auch China, Vietnam oder Laos, die seit Jahrzehnten unter kommunistischen Herrschaftsstrukturen leiden, stehen weiter auf unserer Liste.<\/p>\n<p>\t\t\t\t\t\t\t\t\t\t<img decoding=\"async\" src=\"https:\/\/media.acninternational.org\/wp-content\/uploads\/2019\/09\/kuchen2.svg\" alt=\"\" height=\"198.4\" width=\"198.5\" \/><br \/>\n\t\t\t<svg xmlns=\"http:\/\/www.w3.org\/2000\/svg\" xmlns:xlink=\"http:\/\/www.w3.org\/1999\/xlink\" id=\"Layer_1\" x=\"0px\" y=\"0px\" viewBox=\"0 0 19.2 15.5\" style=\"enable-background:new 0 0 19.2 15.5;\" xml:space=\"preserve\"> <\/p>\n<style type=\"text\/css\"> .st0{fill:#B81325;} <\/style>\n<p> <g> <g id=\"Layer_1-2\"> <path d=\"M0,0h3.5v1.1h-2v13.2h2v1.1H0V0z\"><\/path> <path d=\"M15.7,14.4h2V1.1h-2V0h3.5v15.5h-3.5V14.4z\"><\/path> <path d=\"M8.8,8.5H5.6V7h3.2V3.6h1.6V7h3.2v1.5h-3.2v3.4H8.8V8.5z\"><\/path> <\/g> <\/g> <\/svg><br \/>\n\t\t\t\u20ac75.5 million<br \/>\n\t\t\tBewilligte Unterst\u00fctzung nach Regio<br \/>\n\t\t\t&nbsp;Afrika<br \/>\n\t\t\t&nbsp;Naher Osten<br \/>\n\t\t\t&nbsp;Asien\/Ozeanien<br \/>\n\t\t\t&nbsp;Lateinamerika<br \/>\n\t\t\t&nbsp;West-\/Osteuropa<br \/>\n\t\t\t&nbsp;Andere<\/p>\n","protected":false},"excerpt":{"rendered":"<p>Zahlenspiegel 2018 Im Jahr 2018 erhielten wir 7.607 Hilfs- antr\u00e4ge aus aller Welt. Dank der Gro\u00dfz\u00fcgigkeit unserer Wohlt\u00e4ter konnten wir Aktivit\u00e4ten in H\u00f6he von 110,5 Millionen Euro finanzieren*. Der Gro\u00dfteil davon \u2013 80,1 % der Spenden \u2013 ist in missionsbezogene Aufwendungen geflossen, also in konkrete Projektarbeit, Information, mediale Unterst\u00fctzung sowie Gebetsaktivit\u00e4ten. 110,5 Mio. \u20ac Verwendung [&hellip;]<\/p>\n","protected":false},"author":1,"featured_media":123205,"parent":0,"menu_order":0,"comment_status":"closed","ping_status":"closed","template":"","meta":{"_acf_changed":false,"footnotes":""},"class_list":["post-123970","page","type-page","status-publish","has-post-thumbnail","hentry"],"acf":[],"yoast_head":"<!-- This site is optimized with the Yoast SEO Premium plugin v27.3 (Yoast SEO v27.3) - https:\/\/yoast.com\/product\/yoast-seo-premium-wordpress\/ -->\n<title>Zahlenspiegel | ACN International<\/title>\n<meta name=\"robots\" content=\"index, follow, max-snippet:-1, max-image-preview:large, max-video-preview:-1\" \/>\n<link rel=\"canonical\" href=\"https:\/\/acninternational.org\/de\/zahlenspiegel\/\" \/>\n<meta property=\"og:locale\" content=\"de_DE\" \/>\n<meta property=\"og:type\" content=\"article\" \/>\n<meta property=\"og:title\" content=\"Zahlenspiegel\" \/>\n<meta property=\"og:description\" content=\"Zahlenspiegel 2018 Im Jahr 2018 erhielten wir 7.607 Hilfs- antr\u00e4ge aus aller Welt. Dank der Gro\u00dfz\u00fcgigkeit unserer Wohlt\u00e4ter konnten wir Aktivit\u00e4ten in H\u00f6he von 110,5 Millionen Euro finanzieren*. Der Gro\u00dfteil davon \u2013 80,1 % der Spenden \u2013 ist in missionsbezogene Aufwendungen geflossen, also in konkrete Projektarbeit, Information, mediale Unterst\u00fctzung sowie Gebetsaktivit\u00e4ten. 110,5 Mio. \u20ac Verwendung [&hellip;]\" \/>\n<meta property=\"og:url\" content=\"https:\/\/acninternational.org\/de\/zahlenspiegel\/\" \/>\n<meta property=\"og:site_name\" content=\"ACN International\" \/>\n<meta property=\"article:publisher\" content=\"https:\/\/www.facebook.com\/acninternationalorg\" \/>\n<meta property=\"article:modified_time\" content=\"2020-05-25T13:43:37+00:00\" \/>\n<meta property=\"og:image\" content=\"https:\/\/media.acninternational.org\/wp-content\/uploads\/2019\/09\/acn-20171005-62261_web-2000.jpg\" \/>\n\t<meta property=\"og:image:width\" content=\"2000\" \/>\n\t<meta property=\"og:image:height\" content=\"625\" \/>\n\t<meta property=\"og:image:type\" content=\"image\/jpeg\" \/>\n<meta name=\"twitter:card\" content=\"summary_large_image\" \/>\n<meta name=\"twitter:site\" content=\"@acn_int\" \/>\n<meta name=\"twitter:label1\" content=\"Gesch\u00e4tzte Lesezeit\" \/>\n\t<meta name=\"twitter:data1\" content=\"4\u00a0Minuten\" \/>\n<script type=\"application\/ld+json\" class=\"yoast-schema-graph\">{\"@context\":\"https:\\\/\\\/schema.org\",\"@graph\":[{\"@type\":\"WebPage\",\"@id\":\"https:\\\/\\\/acninternational.org\\\/de\\\/zahlenspiegel\\\/\",\"url\":\"https:\\\/\\\/acninternational.org\\\/de\\\/zahlenspiegel\\\/\",\"name\":\"Zahlenspiegel | ACN International\",\"isPartOf\":{\"@id\":\"https:\\\/\\\/acninternational.org\\\/de\\\/#website\"},\"primaryImageOfPage\":{\"@id\":\"https:\\\/\\\/acninternational.org\\\/de\\\/zahlenspiegel\\\/#primaryimage\"},\"image\":{\"@id\":\"https:\\\/\\\/acninternational.org\\\/de\\\/zahlenspiegel\\\/#primaryimage\"},\"thumbnailUrl\":\"https:\\\/\\\/media.acninternational.org\\\/wp-content\\\/uploads\\\/2019\\\/09\\\/acn-20171005-62261_web-2000.jpg\",\"datePublished\":\"2019-09-16T14:43:41+00:00\",\"dateModified\":\"2020-05-25T13:43:37+00:00\",\"breadcrumb\":{\"@id\":\"https:\\\/\\\/acninternational.org\\\/de\\\/zahlenspiegel\\\/#breadcrumb\"},\"inLanguage\":\"de\",\"potentialAction\":[{\"@type\":\"ReadAction\",\"target\":[\"https:\\\/\\\/acninternational.org\\\/de\\\/zahlenspiegel\\\/\"]}]},{\"@type\":\"ImageObject\",\"inLanguage\":\"de\",\"@id\":\"https:\\\/\\\/acninternational.org\\\/de\\\/zahlenspiegel\\\/#primaryimage\",\"url\":\"https:\\\/\\\/media.acninternational.org\\\/wp-content\\\/uploads\\\/2019\\\/09\\\/acn-20171005-62261_web-2000.jpg\",\"contentUrl\":\"https:\\\/\\\/media.acninternational.org\\\/wp-content\\\/uploads\\\/2019\\\/09\\\/acn-20171005-62261_web-2000.jpg\",\"width\":2000,\"height\":625},{\"@type\":\"BreadcrumbList\",\"@id\":\"https:\\\/\\\/acninternational.org\\\/de\\\/zahlenspiegel\\\/#breadcrumb\",\"itemListElement\":[{\"@type\":\"ListItem\",\"position\":1,\"name\":\"Home\",\"item\":\"https:\\\/\\\/acninternational.org\\\/de\\\/\"},{\"@type\":\"ListItem\",\"position\":2,\"name\":\"Zahlenspiegel\"}]},{\"@type\":\"WebSite\",\"@id\":\"https:\\\/\\\/acninternational.org\\\/de\\\/#website\",\"url\":\"https:\\\/\\\/acninternational.org\\\/de\\\/\",\"name\":\"ACN International\",\"description\":\"\",\"publisher\":{\"@id\":\"https:\\\/\\\/acninternational.org\\\/de\\\/#organization\"},\"potentialAction\":[{\"@type\":\"SearchAction\",\"target\":{\"@type\":\"EntryPoint\",\"urlTemplate\":\"https:\\\/\\\/acninternational.org\\\/de\\\/?s={search_term_string}\"},\"query-input\":{\"@type\":\"PropertyValueSpecification\",\"valueRequired\":true,\"valueName\":\"search_term_string\"}}],\"inLanguage\":\"de\"},{\"@type\":\"Organization\",\"@id\":\"https:\\\/\\\/acninternational.org\\\/de\\\/#organization\",\"name\":\"Aid to the Church in Need International\",\"url\":\"https:\\\/\\\/acninternational.org\\\/de\\\/\",\"logo\":{\"@type\":\"ImageObject\",\"inLanguage\":\"de\",\"@id\":\"https:\\\/\\\/acninternational.org\\\/de\\\/#\\\/schema\\\/logo\\\/image\\\/\",\"url\":\"https:\\\/\\\/media.acninternational.org\\\/wp-content\\\/uploads\\\/2019\\\/11\\\/acn_logo_blackvector.svg\",\"contentUrl\":\"https:\\\/\\\/media.acninternational.org\\\/wp-content\\\/uploads\\\/2019\\\/11\\\/acn_logo_blackvector.svg\",\"width\":232.6,\"height\":78,\"caption\":\"Aid to the Church in Need International\"},\"image\":{\"@id\":\"https:\\\/\\\/acninternational.org\\\/de\\\/#\\\/schema\\\/logo\\\/image\\\/\"},\"sameAs\":[\"https:\\\/\\\/www.facebook.com\\\/acninternationalorg\",\"https:\\\/\\\/x.com\\\/acn_int\",\"https:\\\/\\\/www.youtube.com\\\/channel\\\/UCQ-077gS0TnVzkhHmf1opZw\",\"https:\\\/\\\/www.instagram.com\\\/acn_international\\\/\"]}]}<\/script>\n<!-- \/ Yoast SEO Premium plugin. -->","yoast_head_json":{"title":"Zahlenspiegel | ACN International","robots":{"index":"index","follow":"follow","max-snippet":"max-snippet:-1","max-image-preview":"max-image-preview:large","max-video-preview":"max-video-preview:-1"},"canonical":"https:\/\/acninternational.org\/de\/zahlenspiegel\/","og_locale":"de_DE","og_type":"article","og_title":"Zahlenspiegel","og_description":"Zahlenspiegel 2018 Im Jahr 2018 erhielten wir 7.607 Hilfs- antr\u00e4ge aus aller Welt. Dank der Gro\u00dfz\u00fcgigkeit unserer Wohlt\u00e4ter konnten wir Aktivit\u00e4ten in H\u00f6he von 110,5 Millionen Euro finanzieren*. Der Gro\u00dfteil davon \u2013 80,1 % der Spenden \u2013 ist in missionsbezogene Aufwendungen geflossen, also in konkrete Projektarbeit, Information, mediale Unterst\u00fctzung sowie Gebetsaktivit\u00e4ten. 110,5 Mio. \u20ac Verwendung [&hellip;]","og_url":"https:\/\/acninternational.org\/de\/zahlenspiegel\/","og_site_name":"ACN International","article_publisher":"https:\/\/www.facebook.com\/acninternationalorg","article_modified_time":"2020-05-25T13:43:37+00:00","og_image":[{"width":2000,"height":625,"url":"https:\/\/media.acninternational.org\/wp-content\/uploads\/2019\/09\/acn-20171005-62261_web-2000.jpg","type":"image\/jpeg"}],"twitter_card":"summary_large_image","twitter_site":"@acn_int","twitter_misc":{"Gesch\u00e4tzte Lesezeit":"4\u00a0Minuten"},"schema":{"@context":"https:\/\/schema.org","@graph":[{"@type":"WebPage","@id":"https:\/\/acninternational.org\/de\/zahlenspiegel\/","url":"https:\/\/acninternational.org\/de\/zahlenspiegel\/","name":"Zahlenspiegel | ACN International","isPartOf":{"@id":"https:\/\/acninternational.org\/de\/#website"},"primaryImageOfPage":{"@id":"https:\/\/acninternational.org\/de\/zahlenspiegel\/#primaryimage"},"image":{"@id":"https:\/\/acninternational.org\/de\/zahlenspiegel\/#primaryimage"},"thumbnailUrl":"https:\/\/media.acninternational.org\/wp-content\/uploads\/2019\/09\/acn-20171005-62261_web-2000.jpg","datePublished":"2019-09-16T14:43:41+00:00","dateModified":"2020-05-25T13:43:37+00:00","breadcrumb":{"@id":"https:\/\/acninternational.org\/de\/zahlenspiegel\/#breadcrumb"},"inLanguage":"de","potentialAction":[{"@type":"ReadAction","target":["https:\/\/acninternational.org\/de\/zahlenspiegel\/"]}]},{"@type":"ImageObject","inLanguage":"de","@id":"https:\/\/acninternational.org\/de\/zahlenspiegel\/#primaryimage","url":"https:\/\/media.acninternational.org\/wp-content\/uploads\/2019\/09\/acn-20171005-62261_web-2000.jpg","contentUrl":"https:\/\/media.acninternational.org\/wp-content\/uploads\/2019\/09\/acn-20171005-62261_web-2000.jpg","width":2000,"height":625},{"@type":"BreadcrumbList","@id":"https:\/\/acninternational.org\/de\/zahlenspiegel\/#breadcrumb","itemListElement":[{"@type":"ListItem","position":1,"name":"Home","item":"https:\/\/acninternational.org\/de\/"},{"@type":"ListItem","position":2,"name":"Zahlenspiegel"}]},{"@type":"WebSite","@id":"https:\/\/acninternational.org\/de\/#website","url":"https:\/\/acninternational.org\/de\/","name":"ACN International","description":"","publisher":{"@id":"https:\/\/acninternational.org\/de\/#organization"},"potentialAction":[{"@type":"SearchAction","target":{"@type":"EntryPoint","urlTemplate":"https:\/\/acninternational.org\/de\/?s={search_term_string}"},"query-input":{"@type":"PropertyValueSpecification","valueRequired":true,"valueName":"search_term_string"}}],"inLanguage":"de"},{"@type":"Organization","@id":"https:\/\/acninternational.org\/de\/#organization","name":"Aid to the Church in Need International","url":"https:\/\/acninternational.org\/de\/","logo":{"@type":"ImageObject","inLanguage":"de","@id":"https:\/\/acninternational.org\/de\/#\/schema\/logo\/image\/","url":"https:\/\/media.acninternational.org\/wp-content\/uploads\/2019\/11\/acn_logo_blackvector.svg","contentUrl":"https:\/\/media.acninternational.org\/wp-content\/uploads\/2019\/11\/acn_logo_blackvector.svg","width":232.6,"height":78,"caption":"Aid to the Church in Need International"},"image":{"@id":"https:\/\/acninternational.org\/de\/#\/schema\/logo\/image\/"},"sameAs":["https:\/\/www.facebook.com\/acninternationalorg","https:\/\/x.com\/acn_int","https:\/\/www.youtube.com\/channel\/UCQ-077gS0TnVzkhHmf1opZw","https:\/\/www.instagram.com\/acn_international\/"]}]}},"_links":{"self":[{"href":"https:\/\/acninternational.org\/de\/wp-json\/wp\/v2\/pages\/123970","targetHints":{"allow":["GET"]}}],"collection":[{"href":"https:\/\/acninternational.org\/de\/wp-json\/wp\/v2\/pages"}],"about":[{"href":"https:\/\/acninternational.org\/de\/wp-json\/wp\/v2\/types\/page"}],"author":[{"embeddable":true,"href":"https:\/\/acninternational.org\/de\/wp-json\/wp\/v2\/users\/1"}],"replies":[{"embeddable":true,"href":"https:\/\/acninternational.org\/de\/wp-json\/wp\/v2\/comments?post=123970"}],"version-history":[{"count":0,"href":"https:\/\/acninternational.org\/de\/wp-json\/wp\/v2\/pages\/123970\/revisions"}],"wp:featuredmedia":[{"embeddable":true,"href":"https:\/\/acninternational.org\/de\/wp-json\/wp\/v2\/media\/123205"}],"wp:attachment":[{"href":"https:\/\/acninternational.org\/de\/wp-json\/wp\/v2\/media?parent=123970"}],"curies":[{"name":"wp","href":"https:\/\/api.w.org\/{rel}","templated":true}]}}