{"id":123960,"date":"2019-10-14T15:30:45","date_gmt":"2019-10-14T13:30:45","guid":{"rendered":"https:\/\/acninternational.org\/acn-taetigkeitsbericht\/"},"modified":"2019-12-18T13:47:15","modified_gmt":"2019-12-18T12:47:15","slug":"acn-taetigkeitsbericht","status":"publish","type":"page","link":"https:\/\/acninternational.org\/de\/acn-taetigkeitsbericht\/","title":{"rendered":"ACN T\u00e4tigkeitsbericht"},"content":{"rendered":"<h1>\u00bb\u200aN\u00e4chstenliebe mit Effizienz und Transparenz.\u200a\u00ab<\/h1>\n<p>Regina Lynch, Direktorin Projekte<\/p>\n<p>Es gibt zahlreiche Hilfsorganisationen, die sich um die Unterst\u00fctzung Notleidender vor Ort k\u00fcmmern. Was Aid to the Church in Need von diesen Organisationen unterscheidet? Wir sind die einzige international aufgestellte katholische Organisation, die sich auf die pastorale und geistliche Unterst\u00fctzung von verfolgten und notleidenden Christen konzentriert.<\/p>\n<p><img loading=\"lazy\" decoding=\"async\" src=\"https:\/\/media.acninternational.org\/wp-content\/uploads\/2019\/10\/acn-20141128-16766_v1-purpur_web-661.jpg\" alt=\"\" width=\"661\" height=\"380\" \/><br \/>\nMit der Eingliederung unter das Dach des Vatikans, unserem Generalsekretariat in Deutschland und unseren 23 Nationalen Sektionen ist uns der Aufbau eines einzigartigen Netzwerkes zwischen Not- leidenden und Spendern gelungen.<\/p>\n<blockquote class=\"wp-block-quote blockquote ps-3 py-2\"><p>\u00bbWir sichten j\u00e4hrlich mehr als 7.500 Hilfsantr\u00e4ge f\u00fcr Projekte in 139 L\u00e4ndern\u00ab<\/p><\/blockquote>\n<p>Durch ihre weltumspannende Organisation kann Aid to the Church in Need N\u00f6te schnell erkennen und umgehend mit Hilfsprojekten reagieren. M\u00f6glich wird das durch ein effizientes Regelwerk, das den b\u00fcrokratischen Aufwand f\u00fcr die gr\u00fcndliche Pr\u00fcfung und Genehmigung von Projekten f\u00fcr unsere Projektpartner auf ein Minimum reduziert.<\/p>\n<p>Unser zentrales Generalsekretariat unterst\u00fctzt die Spendenwerbung der Nationalen Sektionen und sichtet j\u00e4hrlich etwa 7.500 Hilfsantr\u00e4ge aus aller Welt, die von den Entscheidungsgremien gepr\u00fcft und genehmigt oder auch abgelehnt werden. \u00dcber unsere Zentrale halten wir Kontakt mit Projektpartnern in 139 L\u00e4ndern und sorgen f\u00fcr die ad\u00e4quate Verwendung der Spenden.<br \/>\n<img loading=\"lazy\" decoding=\"async\" src=\"https:\/\/media.acninternational.org\/wp-content\/uploads\/2019\/10\/acn-20180913-76565_web-661.jpg\" alt=\"\" width=\"661\" height=\"380\" \/><br \/>\n\u00dcber unsere Nationalen Sektionen stehen wir in engem Kontakt zu unseren Spendern. Unsere B\u00fcros sorgen durch ihre \u00d6ffentlichkeitsarbeit f\u00fcr eine hohe Transparenz \u00fcber die Spendenzwecke und die Verwendung der Gelder vor Ort und bauen so eine Br\u00fccke zwischen Projektpartnern und Wohlt\u00e4tern.<\/p>\n<p>Dar\u00fcber hinaus unterziehen wir uns der j\u00e4hrlichen Pr\u00fcfung unserer Einnahmen und Ausgaben durch Wirtschaftspr\u00fcfer, denn das Vertrauen unserer Spender ist die Basis unseres Erfolges.<\/p>\n<p><img loading=\"lazy\" decoding=\"async\" src=\"https:\/\/media.acninternational.org\/wp-content\/uploads\/2019\/10\/activity-report-book1.jpg\" alt=\"\" width=\"900\" height=\"463\" \/><\/p>\n<p id=\"tw-target-text\" dir=\"ltr\" data-placeholder=\"\u00dcbersetzung\">Der j\u00e4hrliche T\u00e4tigkeitsbericht von ACN bietet einen pr\u00e4zisen und anschaulichen \u00dcberblick \u00fcber die Schwerpunkte unserer Arbeit, die regionalen Merkmale der von uns unterst\u00fctzten Projekte und die Verwendung der Mittel.<\/p>\n<p><a href=\"https:\/\/reports.acninternational.org\/\" target=\"_blank\" rel=\"noopener noreferrer\">https:\/\/reports.acninternational.org\/ <\/a>bietet einen schnellen und \u00fcbersichtlichen \u00dcberblick &#8211; die vollst\u00e4ndige Version des aktuellen ACN-Aktivit\u00e4tsberichts kann hier als PDF-Datei heruntergeladen werden.<\/p>\n<div class=\"sidebar_links acn_links\"><ul><li><a href=\"https:\/\/acninternational.org\/de\/aufgabe\/glaube-braucht-freiheit-der-religionsfreiheitsbericht\/\">Glaube braucht Freiheit: der Religionsfreiheitsbericht<\/a><\/li><li><a href=\"https:\/\/acninternational.org\/de\/aufgabe\/verfolgt-und-vergessen\/\">Verfolgt und vergessen?<\/a><\/li><\/ul><\/div>\n<p>Download ACN T\u00e4tigkeitsbericht<\/p>\n","protected":false},"excerpt":{"rendered":"<p>\u00bb\u200aN\u00e4chstenliebe mit Effizienz und Transparenz.\u200a\u00ab Regina Lynch, Direktorin Projekte Es gibt zahlreiche Hilfsorganisationen, die sich um die Unterst\u00fctzung Notleidender vor Ort k\u00fcmmern. Was Aid to the Church in Need von diesen Organisationen unterscheidet? Wir sind die einzige international aufgestellte katholische Organisation, die sich auf die pastorale und geistliche Unterst\u00fctzung von verfolgten und notleidenden Christen konzentriert. [&hellip;]<\/p>\n","protected":false},"author":1,"featured_media":123965,"parent":0,"menu_order":0,"comment_status":"closed","ping_status":"closed","template":"","meta":{"_acf_changed":false,"footnotes":""},"class_list":["post-123960","page","type-page","status-publish","has-post-thumbnail","hentry"],"acf":[],"yoast_head":"<!-- This site is optimized with the Yoast SEO Premium plugin v27.3 (Yoast SEO v27.3) - https:\/\/yoast.com\/product\/yoast-seo-premium-wordpress\/ -->\n<title>ACN T\u00e4tigkeitsbericht | ACN International<\/title>\n<meta name=\"robots\" content=\"index, follow, max-snippet:-1, max-image-preview:large, max-video-preview:-1\" \/>\n<link rel=\"canonical\" href=\"https:\/\/acninternational.org\/de\/acn-taetigkeitsbericht\/\" \/>\n<meta property=\"og:locale\" content=\"de_DE\" \/>\n<meta property=\"og:type\" content=\"article\" \/>\n<meta property=\"og:title\" content=\"ACN T\u00e4tigkeitsbericht\" \/>\n<meta property=\"og:description\" content=\"\u00bb\u200aN\u00e4chstenliebe mit Effizienz und Transparenz.\u200a\u00ab Regina Lynch, Direktorin Projekte Es gibt zahlreiche Hilfsorganisationen, die sich um die Unterst\u00fctzung Notleidender vor Ort k\u00fcmmern. Was Aid to the Church in Need von diesen Organisationen unterscheidet? Wir sind die einzige international aufgestellte katholische Organisation, die sich auf die pastorale und geistliche Unterst\u00fctzung von verfolgten und notleidenden Christen konzentriert. [&hellip;]\" \/>\n<meta property=\"og:url\" content=\"https:\/\/acninternational.org\/de\/acn-taetigkeitsbericht\/\" \/>\n<meta property=\"og:site_name\" content=\"ACN International\" \/>\n<meta property=\"article:publisher\" content=\"https:\/\/www.facebook.com\/acninternationalorg\" \/>\n<meta property=\"article:modified_time\" content=\"2019-12-18T12:47:15+00:00\" \/>\n<meta property=\"og:image\" content=\"https:\/\/media.acninternational.org\/wp-content\/uploads\/2019\/10\/acn-20180710-73477_web-2000.jpg\" \/>\n\t<meta property=\"og:image:width\" content=\"2000\" \/>\n\t<meta property=\"og:image:height\" content=\"625\" \/>\n\t<meta property=\"og:image:type\" content=\"image\/jpeg\" \/>\n<meta name=\"twitter:card\" content=\"summary_large_image\" \/>\n<meta name=\"twitter:site\" content=\"@acn_int\" \/>\n<meta name=\"twitter:label1\" content=\"Gesch\u00e4tzte Lesezeit\" \/>\n\t<meta name=\"twitter:data1\" content=\"2\u00a0Minuten\" \/>\n<script type=\"application\/ld+json\" class=\"yoast-schema-graph\">{\"@context\":\"https:\\\/\\\/schema.org\",\"@graph\":[{\"@type\":\"WebPage\",\"@id\":\"https:\\\/\\\/acninternational.org\\\/de\\\/acn-taetigkeitsbericht\\\/\",\"url\":\"https:\\\/\\\/acninternational.org\\\/de\\\/acn-taetigkeitsbericht\\\/\",\"name\":\"ACN T\u00e4tigkeitsbericht | ACN International\",\"isPartOf\":{\"@id\":\"https:\\\/\\\/acninternational.org\\\/de\\\/#website\"},\"primaryImageOfPage\":{\"@id\":\"https:\\\/\\\/acninternational.org\\\/de\\\/acn-taetigkeitsbericht\\\/#primaryimage\"},\"image\":{\"@id\":\"https:\\\/\\\/acninternational.org\\\/de\\\/acn-taetigkeitsbericht\\\/#primaryimage\"},\"thumbnailUrl\":\"https:\\\/\\\/media.acninternational.org\\\/wp-content\\\/uploads\\\/2019\\\/10\\\/acn-20180710-73477_web-2000.jpg\",\"datePublished\":\"2019-10-14T13:30:45+00:00\",\"dateModified\":\"2019-12-18T12:47:15+00:00\",\"breadcrumb\":{\"@id\":\"https:\\\/\\\/acninternational.org\\\/de\\\/acn-taetigkeitsbericht\\\/#breadcrumb\"},\"inLanguage\":\"de\",\"potentialAction\":[{\"@type\":\"ReadAction\",\"target\":[\"https:\\\/\\\/acninternational.org\\\/de\\\/acn-taetigkeitsbericht\\\/\"]}]},{\"@type\":\"ImageObject\",\"inLanguage\":\"de\",\"@id\":\"https:\\\/\\\/acninternational.org\\\/de\\\/acn-taetigkeitsbericht\\\/#primaryimage\",\"url\":\"https:\\\/\\\/media.acninternational.org\\\/wp-content\\\/uploads\\\/2019\\\/10\\\/acn-20180710-73477_web-2000.jpg\",\"contentUrl\":\"https:\\\/\\\/media.acninternational.org\\\/wp-content\\\/uploads\\\/2019\\\/10\\\/acn-20180710-73477_web-2000.jpg\",\"width\":2000,\"height\":625},{\"@type\":\"BreadcrumbList\",\"@id\":\"https:\\\/\\\/acninternational.org\\\/de\\\/acn-taetigkeitsbericht\\\/#breadcrumb\",\"itemListElement\":[{\"@type\":\"ListItem\",\"position\":1,\"name\":\"Home\",\"item\":\"https:\\\/\\\/acninternational.org\\\/de\\\/\"},{\"@type\":\"ListItem\",\"position\":2,\"name\":\"ACN T\u00e4tigkeitsbericht\"}]},{\"@type\":\"WebSite\",\"@id\":\"https:\\\/\\\/acninternational.org\\\/de\\\/#website\",\"url\":\"https:\\\/\\\/acninternational.org\\\/de\\\/\",\"name\":\"ACN International\",\"description\":\"\",\"publisher\":{\"@id\":\"https:\\\/\\\/acninternational.org\\\/de\\\/#organization\"},\"potentialAction\":[{\"@type\":\"SearchAction\",\"target\":{\"@type\":\"EntryPoint\",\"urlTemplate\":\"https:\\\/\\\/acninternational.org\\\/de\\\/?s={search_term_string}\"},\"query-input\":{\"@type\":\"PropertyValueSpecification\",\"valueRequired\":true,\"valueName\":\"search_term_string\"}}],\"inLanguage\":\"de\"},{\"@type\":\"Organization\",\"@id\":\"https:\\\/\\\/acninternational.org\\\/de\\\/#organization\",\"name\":\"Aid to the Church in Need International\",\"url\":\"https:\\\/\\\/acninternational.org\\\/de\\\/\",\"logo\":{\"@type\":\"ImageObject\",\"inLanguage\":\"de\",\"@id\":\"https:\\\/\\\/acninternational.org\\\/de\\\/#\\\/schema\\\/logo\\\/image\\\/\",\"url\":\"https:\\\/\\\/media.acninternational.org\\\/wp-content\\\/uploads\\\/2019\\\/11\\\/acn_logo_blackvector.svg\",\"contentUrl\":\"https:\\\/\\\/media.acninternational.org\\\/wp-content\\\/uploads\\\/2019\\\/11\\\/acn_logo_blackvector.svg\",\"width\":232.6,\"height\":78,\"caption\":\"Aid to the Church in Need International\"},\"image\":{\"@id\":\"https:\\\/\\\/acninternational.org\\\/de\\\/#\\\/schema\\\/logo\\\/image\\\/\"},\"sameAs\":[\"https:\\\/\\\/www.facebook.com\\\/acninternationalorg\",\"https:\\\/\\\/x.com\\\/acn_int\",\"https:\\\/\\\/www.youtube.com\\\/channel\\\/UCQ-077gS0TnVzkhHmf1opZw\",\"https:\\\/\\\/www.instagram.com\\\/acn_international\\\/\"]}]}<\/script>\n<!-- \/ Yoast SEO Premium plugin. -->","yoast_head_json":{"title":"ACN T\u00e4tigkeitsbericht | ACN International","robots":{"index":"index","follow":"follow","max-snippet":"max-snippet:-1","max-image-preview":"max-image-preview:large","max-video-preview":"max-video-preview:-1"},"canonical":"https:\/\/acninternational.org\/de\/acn-taetigkeitsbericht\/","og_locale":"de_DE","og_type":"article","og_title":"ACN T\u00e4tigkeitsbericht","og_description":"\u00bb\u200aN\u00e4chstenliebe mit Effizienz und Transparenz.\u200a\u00ab Regina Lynch, Direktorin Projekte Es gibt zahlreiche Hilfsorganisationen, die sich um die Unterst\u00fctzung Notleidender vor Ort k\u00fcmmern. Was Aid to the Church in Need von diesen Organisationen unterscheidet? Wir sind die einzige international aufgestellte katholische Organisation, die sich auf die pastorale und geistliche Unterst\u00fctzung von verfolgten und notleidenden Christen konzentriert. [&hellip;]","og_url":"https:\/\/acninternational.org\/de\/acn-taetigkeitsbericht\/","og_site_name":"ACN International","article_publisher":"https:\/\/www.facebook.com\/acninternationalorg","article_modified_time":"2019-12-18T12:47:15+00:00","og_image":[{"width":2000,"height":625,"url":"https:\/\/media.acninternational.org\/wp-content\/uploads\/2019\/10\/acn-20180710-73477_web-2000.jpg","type":"image\/jpeg"}],"twitter_card":"summary_large_image","twitter_site":"@acn_int","twitter_misc":{"Gesch\u00e4tzte Lesezeit":"2\u00a0Minuten"},"schema":{"@context":"https:\/\/schema.org","@graph":[{"@type":"WebPage","@id":"https:\/\/acninternational.org\/de\/acn-taetigkeitsbericht\/","url":"https:\/\/acninternational.org\/de\/acn-taetigkeitsbericht\/","name":"ACN T\u00e4tigkeitsbericht | ACN International","isPartOf":{"@id":"https:\/\/acninternational.org\/de\/#website"},"primaryImageOfPage":{"@id":"https:\/\/acninternational.org\/de\/acn-taetigkeitsbericht\/#primaryimage"},"image":{"@id":"https:\/\/acninternational.org\/de\/acn-taetigkeitsbericht\/#primaryimage"},"thumbnailUrl":"https:\/\/media.acninternational.org\/wp-content\/uploads\/2019\/10\/acn-20180710-73477_web-2000.jpg","datePublished":"2019-10-14T13:30:45+00:00","dateModified":"2019-12-18T12:47:15+00:00","breadcrumb":{"@id":"https:\/\/acninternational.org\/de\/acn-taetigkeitsbericht\/#breadcrumb"},"inLanguage":"de","potentialAction":[{"@type":"ReadAction","target":["https:\/\/acninternational.org\/de\/acn-taetigkeitsbericht\/"]}]},{"@type":"ImageObject","inLanguage":"de","@id":"https:\/\/acninternational.org\/de\/acn-taetigkeitsbericht\/#primaryimage","url":"https:\/\/media.acninternational.org\/wp-content\/uploads\/2019\/10\/acn-20180710-73477_web-2000.jpg","contentUrl":"https:\/\/media.acninternational.org\/wp-content\/uploads\/2019\/10\/acn-20180710-73477_web-2000.jpg","width":2000,"height":625},{"@type":"BreadcrumbList","@id":"https:\/\/acninternational.org\/de\/acn-taetigkeitsbericht\/#breadcrumb","itemListElement":[{"@type":"ListItem","position":1,"name":"Home","item":"https:\/\/acninternational.org\/de\/"},{"@type":"ListItem","position":2,"name":"ACN T\u00e4tigkeitsbericht"}]},{"@type":"WebSite","@id":"https:\/\/acninternational.org\/de\/#website","url":"https:\/\/acninternational.org\/de\/","name":"ACN International","description":"","publisher":{"@id":"https:\/\/acninternational.org\/de\/#organization"},"potentialAction":[{"@type":"SearchAction","target":{"@type":"EntryPoint","urlTemplate":"https:\/\/acninternational.org\/de\/?s={search_term_string}"},"query-input":{"@type":"PropertyValueSpecification","valueRequired":true,"valueName":"search_term_string"}}],"inLanguage":"de"},{"@type":"Organization","@id":"https:\/\/acninternational.org\/de\/#organization","name":"Aid to the Church in Need International","url":"https:\/\/acninternational.org\/de\/","logo":{"@type":"ImageObject","inLanguage":"de","@id":"https:\/\/acninternational.org\/de\/#\/schema\/logo\/image\/","url":"https:\/\/media.acninternational.org\/wp-content\/uploads\/2019\/11\/acn_logo_blackvector.svg","contentUrl":"https:\/\/media.acninternational.org\/wp-content\/uploads\/2019\/11\/acn_logo_blackvector.svg","width":232.6,"height":78,"caption":"Aid to the Church in Need International"},"image":{"@id":"https:\/\/acninternational.org\/de\/#\/schema\/logo\/image\/"},"sameAs":["https:\/\/www.facebook.com\/acninternationalorg","https:\/\/x.com\/acn_int","https:\/\/www.youtube.com\/channel\/UCQ-077gS0TnVzkhHmf1opZw","https:\/\/www.instagram.com\/acn_international\/"]}]}},"_links":{"self":[{"href":"https:\/\/acninternational.org\/de\/wp-json\/wp\/v2\/pages\/123960","targetHints":{"allow":["GET"]}}],"collection":[{"href":"https:\/\/acninternational.org\/de\/wp-json\/wp\/v2\/pages"}],"about":[{"href":"https:\/\/acninternational.org\/de\/wp-json\/wp\/v2\/types\/page"}],"author":[{"embeddable":true,"href":"https:\/\/acninternational.org\/de\/wp-json\/wp\/v2\/users\/1"}],"replies":[{"embeddable":true,"href":"https:\/\/acninternational.org\/de\/wp-json\/wp\/v2\/comments?post=123960"}],"version-history":[{"count":0,"href":"https:\/\/acninternational.org\/de\/wp-json\/wp\/v2\/pages\/123960\/revisions"}],"wp:featuredmedia":[{"embeddable":true,"href":"https:\/\/acninternational.org\/de\/wp-json\/wp\/v2\/media\/123965"}],"wp:attachment":[{"href":"https:\/\/acninternational.org\/de\/wp-json\/wp\/v2\/media?parent=123960"}],"curies":[{"name":"wp","href":"https:\/\/api.w.org\/{rel}","templated":true}]}}