{"id":123958,"date":"2019-09-10T13:13:07","date_gmt":"2019-09-10T11:13:07","guid":{"rendered":"https:\/\/acninternational.org\/unsere-mission-vision-werte\/"},"modified":"2022-06-16T08:20:51","modified_gmt":"2022-06-16T06:20:51","slug":"mission","status":"publish","type":"page","link":"https:\/\/acninternational.org\/de\/mission\/","title":{"rendered":"Unsere Mission, Vision, Werte"},"content":{"rendered":"<h1>\u00bb Denn die Liebe Christi dr\u00e4ngt uns. \u00ab<\/h1>\n<p>2 Korinther 5,14<\/p>\n<h3>Unsere Mission<\/h3>\n<p>Als katholisches Werk unterst\u00fctzen wir die Gl\u00e4ubigen durch Information, Gebet und Tat \u00fcberall dort, wo sie verfolgt, unterdr\u00fcckt oder in Not sind.<\/p>\n<h3>Unsere Vision<\/h3>\n<p>Eine Welt, in der das Christentum \u00fcberall gedeihen kann.<\/p>\n<h3>Unsere Leitlinien<\/h3>\n<p>1. Wir sind dem Heiligen Vater treu ergeben. Als P\u00e4pstliche Stiftung beteiligen wir uns am universellen Auftrag der Kirche.\n<\/p>\n<p>2. Wir dienen der Evangelisierung. Wir reagieren mutig nach der Lehre der Kirche auf die Herausforderungen der Zeit.\n<\/p>\n<p>3. Wir f\u00fchlen uns der verfolgten Kirche verpflichtet. Indem wir Zeugnisse des Glaubens weitergeben, bauen wir eine Br\u00fccke der N\u00e4chstenliebe zwischen unseren Wohlt\u00e4tern und Empf\u00e4ngern.<\/p>\n<p>4. Wir sind Treuh\u00e4nder der Gro\u00dfz\u00fcgigkeit unserer Wohlt\u00e4ter. Wir betreiben eine moderne, transparente und effektive Spendenorganisation und Verwaltung.<\/p>\n<\/p>\n<h2>Unsere Werte<\/h2>\n<h3>1. <strong>Glaube und christliche Liebe<\/strong><\/h3>\n<p>Die Grundlage all unserer Aktivit\u00e4ten sind der christliche Glaube und die christliche Liebe. Dies schlie\u00dft unsere Treue zum Heiligen Vater und die Befolgung der Lehren und Weisungen der katholischen Kirche ein.<\/p>\n<h3>2. \u00a0<strong>Gebet<\/strong><\/h3>\n<p>Regelm\u00e4\u00dfiges pers\u00f6nliches und gemeinschaftliches Gebet belebt unsere t\u00e4gliche Arbeit und st\u00e4rkt unseren missionarischen Geist. Es spornt uns an, denen zu helfen, die wegen ihrer Treue zu Christus und seiner Kirche leiden \u2013 und durch deren Gebet wir stets verbunden sind.<\/p>\n<h3>3.<strong>Pastorales Engagement<\/strong><\/h3>\n<p>Wir bem\u00fchen uns, das Evangelium zu verk\u00fcnden, \u201eob gelegen oder ungelegen\u201c (2 Tim 4,2), indem wir mutig auf die Herausforderungen der Zeit antworten. Dies tun wir, indem wir unsere Wohlt\u00e4ter gewinnen und pastorale Projekte mit ihren Beitr\u00e4gen finanzieren.<\/p>\n<h3>4.<strong>\u00a0Einigkeit<\/strong><\/h3>\n<p>Von Anfang an verstand sich ACN als \u201eBr\u00fccke der Liebe\u201c, die der Einheit und Vers\u00f6hnung dient. Wir schaffen die Gemeinschaft mit und zwischen unseren Wohlt\u00e4tern und Empf\u00e4ngern durch Gebet, Verbreitung von Informationen und ausdr\u00fccklicher Dankbarkeit.<\/p>\n<h3>5.<strong>\u00a0Dienst <\/strong><\/h3>\n<p>Wir erf\u00fcllen unsere Mission in Barmherzigkeit und dem\u00fctigem Dienst, indem wir aufmerksam auf die Bed\u00fcrfnisse unserer Partner eingehen. Wir streben danach, f\u00fcr unsere Empf\u00e4nger und Wohlt\u00e4ter eine pers\u00f6nliche Quelle des Trosts und der St\u00e4rke zu sein.<\/p>\n<h3>6.<strong>\u00a0Offenheit <\/strong><\/h3>\n<p>Durch unsere Unterst\u00fctzung der Weltkirche f\u00f6rdern wir den respektvollen Dialog mit vielen Kulturen auf der ganzen Welt. Diese Offenheit leben wir selbst in den vielf\u00e4ltigen Begegnungen innerhalb und au\u00dferhalb der katholischen Kirche.<\/p>\n<h3>7. <strong>Rechenschaft<\/strong><\/h3>\n<p>Wir verwalten die Mittel, die wir erhalten, mit der gr\u00f6\u00dftm\u00f6glichen Sorgfalt, suchen Effizienz und messen die Wirksamkeit sowohl in unseren F\u00f6rderaktivit\u00e4ten als auch innerhalb unserer internen Organisation. Wir arbeiten transparent und zeigen die Quellen, die Verwendung und die Ergebnisse der erhaltenen Mittel auf.<\/p>\n<h3>8.<strong>Vertrauen<\/strong><\/h3>\n<p>Unser unersch\u00fctterliches Vertrauen in die g\u00f6ttliche Vorsehung leitet uns in die Zukunft. Es l\u00e4sst uns Vertrauen in andere Menschen fassen und bewirkt, dass auch uns wiederum vertraut wird. Unser Werk ist der Gottesmutter von F\u00e1tima geweiht. Dies erf\u00fcllt uns mit Hoffnung und Zuversicht.<\/p>\n","protected":false},"excerpt":{"rendered":"<p>\u00bb Denn die Liebe Christi dr\u00e4ngt uns. \u00ab 2 Korinther 5,14 Unsere Mission Als katholisches Werk unterst\u00fctzen wir die Gl\u00e4ubigen durch Information, Gebet und Tat \u00fcberall dort, wo sie verfolgt, unterdr\u00fcckt oder in Not sind. Unsere Vision Eine Welt, in der das Christentum \u00fcberall gedeihen kann. Unsere Leitlinien 1. Wir sind dem Heiligen Vater treu [&hellip;]<\/p>\n","protected":false},"author":1,"featured_media":123111,"parent":0,"menu_order":0,"comment_status":"closed","ping_status":"closed","template":"","meta":{"_acf_changed":false,"footnotes":""},"class_list":["post-123958","page","type-page","status-publish","has-post-thumbnail","hentry"],"acf":[],"yoast_head":"<!-- This site is optimized with the Yoast SEO Premium plugin v27.3 (Yoast SEO v27.3) - https:\/\/yoast.com\/product\/yoast-seo-premium-wordpress\/ -->\n<title>Unsere Mission, Vision, Werte | ACN International<\/title>\n<meta name=\"robots\" content=\"index, follow, max-snippet:-1, max-image-preview:large, max-video-preview:-1\" \/>\n<link rel=\"canonical\" href=\"https:\/\/acninternational.org\/de\/mission\/\" \/>\n<meta property=\"og:locale\" content=\"de_DE\" \/>\n<meta property=\"og:type\" content=\"article\" \/>\n<meta property=\"og:title\" content=\"Unsere Mission, Vision, Werte\" \/>\n<meta property=\"og:description\" content=\"\u00bb Denn die Liebe Christi dr\u00e4ngt uns. \u00ab 2 Korinther 5,14 Unsere Mission Als katholisches Werk unterst\u00fctzen wir die Gl\u00e4ubigen durch Information, Gebet und Tat \u00fcberall dort, wo sie verfolgt, unterdr\u00fcckt oder in Not sind. Unsere Vision Eine Welt, in der das Christentum \u00fcberall gedeihen kann. Unsere Leitlinien 1. Wir sind dem Heiligen Vater treu [&hellip;]\" \/>\n<meta property=\"og:url\" content=\"https:\/\/acninternational.org\/de\/mission\/\" \/>\n<meta property=\"og:site_name\" content=\"ACN International\" \/>\n<meta property=\"article:publisher\" content=\"https:\/\/www.facebook.com\/acninternationalorg\" \/>\n<meta property=\"article:modified_time\" content=\"2022-06-16T06:20:51+00:00\" \/>\n<meta property=\"og:image\" content=\"https:\/\/media.acninternational.org\/wp-content\/uploads\/2019\/09\/acn-20161107-47536_web-2000.jpg\" \/>\n\t<meta property=\"og:image:width\" content=\"2000\" \/>\n\t<meta property=\"og:image:height\" content=\"625\" \/>\n\t<meta property=\"og:image:type\" content=\"image\/jpeg\" \/>\n<meta name=\"twitter:card\" content=\"summary_large_image\" \/>\n<meta name=\"twitter:site\" content=\"@acn_int\" \/>\n<meta name=\"twitter:label1\" content=\"Gesch\u00e4tzte Lesezeit\" \/>\n\t<meta name=\"twitter:data1\" content=\"2\u00a0Minuten\" \/>\n<script type=\"application\/ld+json\" class=\"yoast-schema-graph\">{\"@context\":\"https:\\\/\\\/schema.org\",\"@graph\":[{\"@type\":\"WebPage\",\"@id\":\"https:\\\/\\\/acninternational.org\\\/de\\\/mission\\\/\",\"url\":\"https:\\\/\\\/acninternational.org\\\/de\\\/mission\\\/\",\"name\":\"Unsere Mission, Vision, Werte | ACN International\",\"isPartOf\":{\"@id\":\"https:\\\/\\\/acninternational.org\\\/de\\\/#website\"},\"primaryImageOfPage\":{\"@id\":\"https:\\\/\\\/acninternational.org\\\/de\\\/mission\\\/#primaryimage\"},\"image\":{\"@id\":\"https:\\\/\\\/acninternational.org\\\/de\\\/mission\\\/#primaryimage\"},\"thumbnailUrl\":\"https:\\\/\\\/media.acninternational.org\\\/wp-content\\\/uploads\\\/2019\\\/09\\\/acn-20161107-47536_web-2000.jpg\",\"datePublished\":\"2019-09-10T11:13:07+00:00\",\"dateModified\":\"2022-06-16T06:20:51+00:00\",\"breadcrumb\":{\"@id\":\"https:\\\/\\\/acninternational.org\\\/de\\\/mission\\\/#breadcrumb\"},\"inLanguage\":\"de\",\"potentialAction\":[{\"@type\":\"ReadAction\",\"target\":[\"https:\\\/\\\/acninternational.org\\\/de\\\/mission\\\/\"]}]},{\"@type\":\"ImageObject\",\"inLanguage\":\"de\",\"@id\":\"https:\\\/\\\/acninternational.org\\\/de\\\/mission\\\/#primaryimage\",\"url\":\"https:\\\/\\\/media.acninternational.org\\\/wp-content\\\/uploads\\\/2019\\\/09\\\/acn-20161107-47536_web-2000.jpg\",\"contentUrl\":\"https:\\\/\\\/media.acninternational.org\\\/wp-content\\\/uploads\\\/2019\\\/09\\\/acn-20161107-47536_web-2000.jpg\",\"width\":2000,\"height\":625},{\"@type\":\"BreadcrumbList\",\"@id\":\"https:\\\/\\\/acninternational.org\\\/de\\\/mission\\\/#breadcrumb\",\"itemListElement\":[{\"@type\":\"ListItem\",\"position\":1,\"name\":\"Home\",\"item\":\"https:\\\/\\\/acninternational.org\\\/de\\\/\"},{\"@type\":\"ListItem\",\"position\":2,\"name\":\"Unsere Mission, Vision, Werte\"}]},{\"@type\":\"WebSite\",\"@id\":\"https:\\\/\\\/acninternational.org\\\/de\\\/#website\",\"url\":\"https:\\\/\\\/acninternational.org\\\/de\\\/\",\"name\":\"ACN International\",\"description\":\"\",\"publisher\":{\"@id\":\"https:\\\/\\\/acninternational.org\\\/de\\\/#organization\"},\"potentialAction\":[{\"@type\":\"SearchAction\",\"target\":{\"@type\":\"EntryPoint\",\"urlTemplate\":\"https:\\\/\\\/acninternational.org\\\/de\\\/?s={search_term_string}\"},\"query-input\":{\"@type\":\"PropertyValueSpecification\",\"valueRequired\":true,\"valueName\":\"search_term_string\"}}],\"inLanguage\":\"de\"},{\"@type\":\"Organization\",\"@id\":\"https:\\\/\\\/acninternational.org\\\/de\\\/#organization\",\"name\":\"Aid to the Church in Need International\",\"url\":\"https:\\\/\\\/acninternational.org\\\/de\\\/\",\"logo\":{\"@type\":\"ImageObject\",\"inLanguage\":\"de\",\"@id\":\"https:\\\/\\\/acninternational.org\\\/de\\\/#\\\/schema\\\/logo\\\/image\\\/\",\"url\":\"https:\\\/\\\/media.acninternational.org\\\/wp-content\\\/uploads\\\/2019\\\/11\\\/acn_logo_blackvector.svg\",\"contentUrl\":\"https:\\\/\\\/media.acninternational.org\\\/wp-content\\\/uploads\\\/2019\\\/11\\\/acn_logo_blackvector.svg\",\"width\":232.6,\"height\":78,\"caption\":\"Aid to the Church in Need International\"},\"image\":{\"@id\":\"https:\\\/\\\/acninternational.org\\\/de\\\/#\\\/schema\\\/logo\\\/image\\\/\"},\"sameAs\":[\"https:\\\/\\\/www.facebook.com\\\/acninternationalorg\",\"https:\\\/\\\/x.com\\\/acn_int\",\"https:\\\/\\\/www.youtube.com\\\/channel\\\/UCQ-077gS0TnVzkhHmf1opZw\",\"https:\\\/\\\/www.instagram.com\\\/acn_international\\\/\"]}]}<\/script>\n<!-- \/ Yoast SEO Premium plugin. -->","yoast_head_json":{"title":"Unsere Mission, Vision, Werte | ACN International","robots":{"index":"index","follow":"follow","max-snippet":"max-snippet:-1","max-image-preview":"max-image-preview:large","max-video-preview":"max-video-preview:-1"},"canonical":"https:\/\/acninternational.org\/de\/mission\/","og_locale":"de_DE","og_type":"article","og_title":"Unsere Mission, Vision, Werte","og_description":"\u00bb Denn die Liebe Christi dr\u00e4ngt uns. \u00ab 2 Korinther 5,14 Unsere Mission Als katholisches Werk unterst\u00fctzen wir die Gl\u00e4ubigen durch Information, Gebet und Tat \u00fcberall dort, wo sie verfolgt, unterdr\u00fcckt oder in Not sind. Unsere Vision Eine Welt, in der das Christentum \u00fcberall gedeihen kann. Unsere Leitlinien 1. Wir sind dem Heiligen Vater treu [&hellip;]","og_url":"https:\/\/acninternational.org\/de\/mission\/","og_site_name":"ACN International","article_publisher":"https:\/\/www.facebook.com\/acninternationalorg","article_modified_time":"2022-06-16T06:20:51+00:00","og_image":[{"width":2000,"height":625,"url":"https:\/\/media.acninternational.org\/wp-content\/uploads\/2019\/09\/acn-20161107-47536_web-2000.jpg","type":"image\/jpeg"}],"twitter_card":"summary_large_image","twitter_site":"@acn_int","twitter_misc":{"Gesch\u00e4tzte Lesezeit":"2\u00a0Minuten"},"schema":{"@context":"https:\/\/schema.org","@graph":[{"@type":"WebPage","@id":"https:\/\/acninternational.org\/de\/mission\/","url":"https:\/\/acninternational.org\/de\/mission\/","name":"Unsere Mission, Vision, Werte | ACN International","isPartOf":{"@id":"https:\/\/acninternational.org\/de\/#website"},"primaryImageOfPage":{"@id":"https:\/\/acninternational.org\/de\/mission\/#primaryimage"},"image":{"@id":"https:\/\/acninternational.org\/de\/mission\/#primaryimage"},"thumbnailUrl":"https:\/\/media.acninternational.org\/wp-content\/uploads\/2019\/09\/acn-20161107-47536_web-2000.jpg","datePublished":"2019-09-10T11:13:07+00:00","dateModified":"2022-06-16T06:20:51+00:00","breadcrumb":{"@id":"https:\/\/acninternational.org\/de\/mission\/#breadcrumb"},"inLanguage":"de","potentialAction":[{"@type":"ReadAction","target":["https:\/\/acninternational.org\/de\/mission\/"]}]},{"@type":"ImageObject","inLanguage":"de","@id":"https:\/\/acninternational.org\/de\/mission\/#primaryimage","url":"https:\/\/media.acninternational.org\/wp-content\/uploads\/2019\/09\/acn-20161107-47536_web-2000.jpg","contentUrl":"https:\/\/media.acninternational.org\/wp-content\/uploads\/2019\/09\/acn-20161107-47536_web-2000.jpg","width":2000,"height":625},{"@type":"BreadcrumbList","@id":"https:\/\/acninternational.org\/de\/mission\/#breadcrumb","itemListElement":[{"@type":"ListItem","position":1,"name":"Home","item":"https:\/\/acninternational.org\/de\/"},{"@type":"ListItem","position":2,"name":"Unsere Mission, Vision, Werte"}]},{"@type":"WebSite","@id":"https:\/\/acninternational.org\/de\/#website","url":"https:\/\/acninternational.org\/de\/","name":"ACN International","description":"","publisher":{"@id":"https:\/\/acninternational.org\/de\/#organization"},"potentialAction":[{"@type":"SearchAction","target":{"@type":"EntryPoint","urlTemplate":"https:\/\/acninternational.org\/de\/?s={search_term_string}"},"query-input":{"@type":"PropertyValueSpecification","valueRequired":true,"valueName":"search_term_string"}}],"inLanguage":"de"},{"@type":"Organization","@id":"https:\/\/acninternational.org\/de\/#organization","name":"Aid to the Church in Need International","url":"https:\/\/acninternational.org\/de\/","logo":{"@type":"ImageObject","inLanguage":"de","@id":"https:\/\/acninternational.org\/de\/#\/schema\/logo\/image\/","url":"https:\/\/media.acninternational.org\/wp-content\/uploads\/2019\/11\/acn_logo_blackvector.svg","contentUrl":"https:\/\/media.acninternational.org\/wp-content\/uploads\/2019\/11\/acn_logo_blackvector.svg","width":232.6,"height":78,"caption":"Aid to the Church in Need International"},"image":{"@id":"https:\/\/acninternational.org\/de\/#\/schema\/logo\/image\/"},"sameAs":["https:\/\/www.facebook.com\/acninternationalorg","https:\/\/x.com\/acn_int","https:\/\/www.youtube.com\/channel\/UCQ-077gS0TnVzkhHmf1opZw","https:\/\/www.instagram.com\/acn_international\/"]}]}},"_links":{"self":[{"href":"https:\/\/acninternational.org\/de\/wp-json\/wp\/v2\/pages\/123958","targetHints":{"allow":["GET"]}}],"collection":[{"href":"https:\/\/acninternational.org\/de\/wp-json\/wp\/v2\/pages"}],"about":[{"href":"https:\/\/acninternational.org\/de\/wp-json\/wp\/v2\/types\/page"}],"author":[{"embeddable":true,"href":"https:\/\/acninternational.org\/de\/wp-json\/wp\/v2\/users\/1"}],"replies":[{"embeddable":true,"href":"https:\/\/acninternational.org\/de\/wp-json\/wp\/v2\/comments?post=123958"}],"version-history":[{"count":0,"href":"https:\/\/acninternational.org\/de\/wp-json\/wp\/v2\/pages\/123958\/revisions"}],"wp:featuredmedia":[{"embeddable":true,"href":"https:\/\/acninternational.org\/de\/wp-json\/wp\/v2\/media\/123111"}],"wp:attachment":[{"href":"https:\/\/acninternational.org\/de\/wp-json\/wp\/v2\/media?parent=123958"}],"curies":[{"name":"wp","href":"https:\/\/api.w.org\/{rel}","templated":true}]}}