{"id":123313,"date":"2019-10-29T11:23:33","date_gmt":"2019-10-29T10:23:33","guid":{"rendered":"https:\/\/acninternational.org\/foerderung\/application-process\/stipendien\/"},"modified":"2026-03-13T06:54:41","modified_gmt":"2026-03-13T05:54:41","slug":"stipendien","status":"publish","type":"page","link":"https:\/\/acninternational.org\/de\/unterstutzung-beantragen\/stipendien\/","title":{"rendered":"Stipendienprogramm in Europa und Kanada (IFHIM)"},"content":{"rendered":"\n<p><strong><em>ACN International vergibt Studienbeihilfen in Form von Teilstipendien f\u00fcr h\u00f6here Studieng\u00e4nge in den Bereichen Theologie und Philosophie an kirchlichen Fakult\u00e4ten und Universit\u00e4ten vornehmlich in Europa, die in der Herkunftsregion unserer Projektpartner nicht verf\u00fcgbar sind,&nbsp;<\/em><\/strong><em><strong>sowie f\u00fcr Studieng\u00e4nge im Bereich Missbrauchspr\u00e4vention am <\/strong><\/em><strong><em>Institut f\u00fcr Anthropologie (IADC)<\/em> <\/strong><em><strong>an der P\u00e4pstlichen Universit\u00e4t Gregoriana in Rom.<\/strong><\/em><\/p>\n\n\n\n<h4 class=\"wp-block-heading\" id=\"h-von-wem-und-fur-wen-konnen-stipendien-beantragt-werden\"><strong>Von wem und f\u00fcr wen k\u00f6nnen Stipendien beantragt werden?<\/strong><\/h4>\n\n\n\n<p>Bisch\u00f6fe und Obere von geistlichen Gemeinschaften aus unseren Projektl\u00e4ndern k\u00f6nnen zugunsten von Priestern, Angeh\u00f6rigen der jeweiligen Gemeinschaft sowie Laien ein Stipendium beantragen. Zielgruppe: insbesondere k\u00fcnftige Ausbilder am Priesterseminar, Novizenmeister(innen), Mitarbeiter an Kirchengerichten sowie Ausbilder und Beauftragte im Bereich Missbrauchspr\u00e4vention.<\/p>\n\n\n\n<h4 class=\"wp-block-heading\" id=\"h-welche-richtlinien-gelten-fur-die-vergabe-von-stipendien-und-wie-wird-ein-stipendium-beantragt\"><strong>Welche Richtlinien gelten f\u00fcr die Vergabe von Stipendien und wie wird ein Stipendium beantragt?<\/strong><\/h4>\n\n\n\n<p>Die Richtlinien f\u00fcr die Vergabe von Stipendien sind im Infoblatt \u201eRichtlinien zur Vergabe von Stipendien\u201c <u>[<strong><a href=\"https:\/\/media.acninternational.org\/wp-content\/uploads\/2021\/11\/richtlinien_stipendien_d.pdf\">Link zum Infoblatt_Richtlinien<\/a><\/strong>]<\/u> aufgelistet \u2013 bitte vor Antragstellung aufmerksam durchlesen! Um einen Stipendienantrag pr\u00fcfen zu k\u00f6nnen, ben\u00f6tigen wir das vollst\u00e4ndig ausgef\u00fcllte Antragsformular mit allen erforderlichen Unterlagen <a href=\"https:\/\/media.acninternational.org\/wp-content\/uploads\/2023\/10\/d_stipendienantrag__formular.pdf\">[<strong>Link zum Antragsformular<\/strong>]<\/a> jeweils bis zum <strong>1. M\u00e4rz<\/strong> <strong>ausschlie\u00dflich<\/strong> per E-Mail an:<\/p>\n\n\n\n<h4 class=\"wp-block-heading\" id=\"h-ansprechpartner-nach-land-region-und-institution\"><strong>Ansprechpartner nach Land\/Region und Institution<\/strong><\/h4>\n\n\n\n<figure class=\"wp-block-table\"><table class=\"has-fixed-layout\"><tbody><tr><td>Studienl\u00e4nder \/ Institution<\/td><td>Studierende aus (Herkunft)<\/td><td>Verantwortlicher<\/td><td>E-Mail<\/td><\/tr><tr><td>Deutschland, \u00d6sterreich, Polen<\/td><td>Alle Studierenden<\/td><td>Frau Sigrid Dapper<\/td><td><a href=\"mailto:sd@acn-intl.org\">sd@acn-intl.org<\/a><\/td><\/tr><tr><td>Rom<\/td><td>Indien, andere englischsprachige L\u00e4nder Asien, Lateinamerika<\/td><td>Frau Sigrid Dapper<\/td><td><a href=\"mailto:sd@acn-intl.org\">sd@acn-intl.org<\/a><\/td><\/tr><tr><td>Institut f\u00fcr Anthropologie (IADC, Rom)<\/td><td>Alle Studierenden<\/td><td>Frau Sigrid Dapper<\/td><td><a href=\"mailto:sd@acn-intl.org\">sd@acn-intl.org<\/a><\/td><\/tr><tr><td>Auxilium (Rom)<\/td><td>Alle Studierenden<\/td><td>Frau Sigrid Dapper<\/td><td><a href=\"mailto:sd@acn-intl.org\">sd@acn-intl.org<\/a><\/td><\/tr><tr><td>Spanien, Portugal<\/td><td>Alle Studierenden<\/td><td>Frau Patricia Gonz\u00e1lez-Orbegoso<\/td><td><a href=\"mailto:pg@acn-intl.org\">pg@acn-intl.org<\/a><\/td><\/tr><tr><td>KU Leuven (Belgien)<\/td><td>Alle Studierenden<\/td><td>Frau Patricia Gonz\u00e1lez-Orbegoso<\/td><td><a href=\"mailto:pg@acn-intl.org\">pg@acn-intl.org<\/a><\/td><\/tr><tr><td>Rom<\/td><td>Englischsprachiges Afrika<\/td><td>Frau Patricia Gonz\u00e1lez-Orbegoso<\/td><td><a href=\"mailto:pg@acn-intl.org\">pg@acn-intl.org<\/a><\/td><\/tr><tr><td>Frankreich<\/td><td>Alle Studierenden<\/td><td>Frau Livia Lancellotti<\/td><td><a href=\"mailto:lila@acn-intl.org\">lila@acn-intl.org<\/a><\/td><\/tr><tr><td>Lumen Vitae, Namur (franz\u00f6sischsprachiges Belgien)<\/td><td>Alle Studierenden<\/td><td>Frau Livia Lancellotti<\/td><td><a href=\"mailto:lila@acn-intl.org\">lila@acn-intl.org<\/a><\/td><\/tr><tr><td>Rom<\/td><td>Romanschsprachiges Afrika, Naher Osten, Osteuropa<\/td><td>Frau Livia Lancellotti<\/td><td><a href=\"mailto:lila@acn-intl.org\">lila@acn-intl.org<\/a><\/td><\/tr><tr><td>Institut de Formation Humaine Int\u00e9grale (IFHIM, Montr\u00e9al)<\/td><td>Alle Studierenden<\/td><td>Frau Livia Lancellotti<\/td><td><a href=\"mailto:lila@acn-intl.org\">lila@acn-intl.org<\/a><\/td><\/tr><\/tbody><\/table><\/figure>\n\n\n\n<h4 class=\"wp-block-heading\" id=\"h-was-ist-zu-beachten\"><strong>Was ist zu beachten?<\/strong><\/h4>\n\n\n\n<p>Die erforderlichen Unterlagen bitte in der angegebenen Reihenfolge (siehe Antragsformular) in einem zusammenh\u00e4ngenden PDF-Dokument zusammenstellen. Bitte Unterschriften und Siegel nicht vergessen.<\/p>\n\n\n\n<h4 class=\"wp-block-heading\" id=\"h-wie-lange-ist-die-bearbeitungszeit\"><strong>Wie lange ist die Bearbeitungszeit?<\/strong><\/h4>\n\n\n\n<p>Nach Erhalt und Registrierung eines Antrags versenden wir eine Empfangsbest\u00e4tigung. Bei der Vielzahl der eingehenden Antr\u00e4ge betr\u00e4gt die Bearbeitungszeit, beginnend mit dem 1. M\u00e4rz, mindestens drei Monate. Von Fragen zum Bearbeitungsstand bitten wir abzusehen.<\/p>\n\n\n\n<figure class=\"wp-block-table\"><table class=\"has-fixed-layout\"><tbody><tr><td>Ansprechpartner Stipendienprogramm:\n<p><a href=\"mailto:jl@acn-intl.org\">jl@acn-intl.org<\/a>, Julian L\u00f6ffler, Head of the Scholarship Section<\/p>\n<p>+49 (0) 6174 291 207<\/p>\n<\/td><\/tr><\/tbody><\/table><\/figure>\n\n\n\n<hr class=\"wp-block-separator has-alpha-channel-opacity\"\/>\n\n\n\n<p><em>Formulare f\u00fcr laufende Stipendien:<\/em><\/p>\n\n\n\n<p><a href=\"https:\/\/media.acninternational.org\/wp-content\/uploads\/2020\/09\/d_formular_bankdaten.pdf\">Formular Bankdaten<\/a><\/p>\n\n\n\n<p><a href=\"https:\/\/media.acninternational.org\/wp-content\/uploads\/2026\/03\/d_formular_erneuerung_stipendium.pdf\" target=\"_blank\" rel=\"noreferrer noopener\">Formular Stipendienerneuerung<\/a><\/p>\n\n\n\n<p><\/p>\n","protected":false},"excerpt":{"rendered":"<p>ACN International vergibt Studienbeihilfen in Form von Teilstipendien f\u00fcr h\u00f6here Studieng\u00e4nge in den Bereichen Theologie und Philosophie an kirchlichen Fakult\u00e4ten und Universit\u00e4ten vornehmlich in Europa, die in der Herkunftsregion unserer Projektpartner nicht verf\u00fcgbar sind,&nbsp;sowie f\u00fcr Studieng\u00e4nge im Bereich Missbrauchspr\u00e4vention am Institut f\u00fcr Anthropologie (IADC) an der P\u00e4pstlichen Universit\u00e4t Gregoriana in Rom. Von wem und f\u00fcr [&hellip;]<\/p>\n","protected":false},"author":1,"featured_media":133001,"parent":123262,"menu_order":0,"comment_status":"closed","ping_status":"closed","template":"","meta":{"_acf_changed":false,"footnotes":""},"class_list":["post-123313","page","type-page","status-publish","has-post-thumbnail","hentry","page-category-how-to-apply-subpages-de"],"acf":[],"yoast_head":"<!-- This site is optimized with the Yoast SEO Premium plugin v27.3 (Yoast SEO v27.3) - https:\/\/yoast.com\/product\/yoast-seo-premium-wordpress\/ -->\n<title>Stipendienprogramm in Europa und Kanada (IFHIM) | ACN International<\/title>\n<meta name=\"robots\" content=\"index, follow, max-snippet:-1, max-image-preview:large, max-video-preview:-1\" \/>\n<link rel=\"canonical\" href=\"https:\/\/acninternational.org\/de\/unterstutzung-beantragen\/stipendien\/\" \/>\n<meta property=\"og:locale\" content=\"de_DE\" \/>\n<meta property=\"og:type\" content=\"article\" \/>\n<meta property=\"og:title\" content=\"Stipendienprogramm in Europa und Kanada (IFHIM)\" \/>\n<meta property=\"og:description\" content=\"ACN International vergibt Studienbeihilfen in Form von Teilstipendien f\u00fcr h\u00f6here Studieng\u00e4nge in den Bereichen Theologie und Philosophie an kirchlichen Fakult\u00e4ten und Universit\u00e4ten vornehmlich in Europa, die in der Herkunftsregion unserer Projektpartner nicht verf\u00fcgbar sind,&nbsp;sowie f\u00fcr Studieng\u00e4nge im Bereich Missbrauchspr\u00e4vention am Institut f\u00fcr Anthropologie (IADC) an der P\u00e4pstlichen Universit\u00e4t Gregoriana in Rom. Von wem und f\u00fcr [&hellip;]\" \/>\n<meta property=\"og:url\" content=\"https:\/\/acninternational.org\/de\/unterstutzung-beantragen\/stipendien\/\" \/>\n<meta property=\"og:site_name\" content=\"ACN International\" \/>\n<meta property=\"article:publisher\" content=\"https:\/\/www.facebook.com\/acninternationalorg\" \/>\n<meta property=\"article:modified_time\" content=\"2026-03-13T05:54:41+00:00\" \/>\n<meta property=\"og:image\" content=\"https:\/\/media.acninternational.org\/wp-content\/uploads\/2020\/03\/20.jpg\" \/>\n\t<meta property=\"og:image:width\" content=\"2000\" \/>\n\t<meta property=\"og:image:height\" content=\"625\" \/>\n\t<meta property=\"og:image:type\" content=\"image\/jpeg\" \/>\n<meta name=\"twitter:card\" content=\"summary_large_image\" \/>\n<meta name=\"twitter:site\" content=\"@acn_int\" \/>\n<meta name=\"twitter:label1\" content=\"Gesch\u00e4tzte Lesezeit\" \/>\n\t<meta name=\"twitter:data1\" content=\"2\u00a0Minuten\" \/>\n<script type=\"application\/ld+json\" class=\"yoast-schema-graph\">{\"@context\":\"https:\\\/\\\/schema.org\",\"@graph\":[{\"@type\":\"WebPage\",\"@id\":\"https:\\\/\\\/acninternational.org\\\/de\\\/unterstutzung-beantragen\\\/stipendien\\\/\",\"url\":\"https:\\\/\\\/acninternational.org\\\/de\\\/unterstutzung-beantragen\\\/stipendien\\\/\",\"name\":\"Stipendienprogramm in Europa und Kanada (IFHIM) | ACN International\",\"isPartOf\":{\"@id\":\"https:\\\/\\\/acninternational.org\\\/de\\\/#website\"},\"primaryImageOfPage\":{\"@id\":\"https:\\\/\\\/acninternational.org\\\/de\\\/unterstutzung-beantragen\\\/stipendien\\\/#primaryimage\"},\"image\":{\"@id\":\"https:\\\/\\\/acninternational.org\\\/de\\\/unterstutzung-beantragen\\\/stipendien\\\/#primaryimage\"},\"thumbnailUrl\":\"https:\\\/\\\/media.acninternational.org\\\/wp-content\\\/uploads\\\/2020\\\/03\\\/20.jpg\",\"datePublished\":\"2019-10-29T10:23:33+00:00\",\"dateModified\":\"2026-03-13T05:54:41+00:00\",\"breadcrumb\":{\"@id\":\"https:\\\/\\\/acninternational.org\\\/de\\\/unterstutzung-beantragen\\\/stipendien\\\/#breadcrumb\"},\"inLanguage\":\"de\",\"potentialAction\":[{\"@type\":\"ReadAction\",\"target\":[\"https:\\\/\\\/acninternational.org\\\/de\\\/unterstutzung-beantragen\\\/stipendien\\\/\"]}]},{\"@type\":\"ImageObject\",\"inLanguage\":\"de\",\"@id\":\"https:\\\/\\\/acninternational.org\\\/de\\\/unterstutzung-beantragen\\\/stipendien\\\/#primaryimage\",\"url\":\"https:\\\/\\\/media.acninternational.org\\\/wp-content\\\/uploads\\\/2020\\\/03\\\/20.jpg\",\"contentUrl\":\"https:\\\/\\\/media.acninternational.org\\\/wp-content\\\/uploads\\\/2020\\\/03\\\/20.jpg\",\"width\":2000,\"height\":625},{\"@type\":\"BreadcrumbList\",\"@id\":\"https:\\\/\\\/acninternational.org\\\/de\\\/unterstutzung-beantragen\\\/stipendien\\\/#breadcrumb\",\"itemListElement\":[{\"@type\":\"ListItem\",\"position\":1,\"name\":\"Home\",\"item\":\"https:\\\/\\\/acninternational.org\\\/de\\\/\"},{\"@type\":\"ListItem\",\"position\":2,\"name\":\"Unterst\u00fctzung beantragen\",\"item\":\"https:\\\/\\\/acninternational.org\\\/de\\\/unterstutzung-beantragen\\\/\"},{\"@type\":\"ListItem\",\"position\":3,\"name\":\"Stipendienprogramm in Europa und Kanada (IFHIM)\"}]},{\"@type\":\"WebSite\",\"@id\":\"https:\\\/\\\/acninternational.org\\\/de\\\/#website\",\"url\":\"https:\\\/\\\/acninternational.org\\\/de\\\/\",\"name\":\"ACN International\",\"description\":\"\",\"publisher\":{\"@id\":\"https:\\\/\\\/acninternational.org\\\/de\\\/#organization\"},\"potentialAction\":[{\"@type\":\"SearchAction\",\"target\":{\"@type\":\"EntryPoint\",\"urlTemplate\":\"https:\\\/\\\/acninternational.org\\\/de\\\/?s={search_term_string}\"},\"query-input\":{\"@type\":\"PropertyValueSpecification\",\"valueRequired\":true,\"valueName\":\"search_term_string\"}}],\"inLanguage\":\"de\"},{\"@type\":\"Organization\",\"@id\":\"https:\\\/\\\/acninternational.org\\\/de\\\/#organization\",\"name\":\"Aid to the Church in Need International\",\"url\":\"https:\\\/\\\/acninternational.org\\\/de\\\/\",\"logo\":{\"@type\":\"ImageObject\",\"inLanguage\":\"de\",\"@id\":\"https:\\\/\\\/acninternational.org\\\/de\\\/#\\\/schema\\\/logo\\\/image\\\/\",\"url\":\"https:\\\/\\\/media.acninternational.org\\\/wp-content\\\/uploads\\\/2019\\\/11\\\/acn_logo_blackvector.svg\",\"contentUrl\":\"https:\\\/\\\/media.acninternational.org\\\/wp-content\\\/uploads\\\/2019\\\/11\\\/acn_logo_blackvector.svg\",\"width\":232.6,\"height\":78,\"caption\":\"Aid to the Church in Need International\"},\"image\":{\"@id\":\"https:\\\/\\\/acninternational.org\\\/de\\\/#\\\/schema\\\/logo\\\/image\\\/\"},\"sameAs\":[\"https:\\\/\\\/www.facebook.com\\\/acninternationalorg\",\"https:\\\/\\\/x.com\\\/acn_int\",\"https:\\\/\\\/www.youtube.com\\\/channel\\\/UCQ-077gS0TnVzkhHmf1opZw\",\"https:\\\/\\\/www.instagram.com\\\/acn_international\\\/\"]}]}<\/script>\n<!-- \/ Yoast SEO Premium plugin. -->","yoast_head_json":{"title":"Stipendienprogramm in Europa und Kanada (IFHIM) | ACN International","robots":{"index":"index","follow":"follow","max-snippet":"max-snippet:-1","max-image-preview":"max-image-preview:large","max-video-preview":"max-video-preview:-1"},"canonical":"https:\/\/acninternational.org\/de\/unterstutzung-beantragen\/stipendien\/","og_locale":"de_DE","og_type":"article","og_title":"Stipendienprogramm in Europa und Kanada (IFHIM)","og_description":"ACN International vergibt Studienbeihilfen in Form von Teilstipendien f\u00fcr h\u00f6here Studieng\u00e4nge in den Bereichen Theologie und Philosophie an kirchlichen Fakult\u00e4ten und Universit\u00e4ten vornehmlich in Europa, die in der Herkunftsregion unserer Projektpartner nicht verf\u00fcgbar sind,&nbsp;sowie f\u00fcr Studieng\u00e4nge im Bereich Missbrauchspr\u00e4vention am Institut f\u00fcr Anthropologie (IADC) an der P\u00e4pstlichen Universit\u00e4t Gregoriana in Rom. Von wem und f\u00fcr [&hellip;]","og_url":"https:\/\/acninternational.org\/de\/unterstutzung-beantragen\/stipendien\/","og_site_name":"ACN International","article_publisher":"https:\/\/www.facebook.com\/acninternationalorg","article_modified_time":"2026-03-13T05:54:41+00:00","og_image":[{"width":2000,"height":625,"url":"https:\/\/media.acninternational.org\/wp-content\/uploads\/2020\/03\/20.jpg","type":"image\/jpeg"}],"twitter_card":"summary_large_image","twitter_site":"@acn_int","twitter_misc":{"Gesch\u00e4tzte Lesezeit":"2\u00a0Minuten"},"schema":{"@context":"https:\/\/schema.org","@graph":[{"@type":"WebPage","@id":"https:\/\/acninternational.org\/de\/unterstutzung-beantragen\/stipendien\/","url":"https:\/\/acninternational.org\/de\/unterstutzung-beantragen\/stipendien\/","name":"Stipendienprogramm in Europa und Kanada (IFHIM) | ACN International","isPartOf":{"@id":"https:\/\/acninternational.org\/de\/#website"},"primaryImageOfPage":{"@id":"https:\/\/acninternational.org\/de\/unterstutzung-beantragen\/stipendien\/#primaryimage"},"image":{"@id":"https:\/\/acninternational.org\/de\/unterstutzung-beantragen\/stipendien\/#primaryimage"},"thumbnailUrl":"https:\/\/media.acninternational.org\/wp-content\/uploads\/2020\/03\/20.jpg","datePublished":"2019-10-29T10:23:33+00:00","dateModified":"2026-03-13T05:54:41+00:00","breadcrumb":{"@id":"https:\/\/acninternational.org\/de\/unterstutzung-beantragen\/stipendien\/#breadcrumb"},"inLanguage":"de","potentialAction":[{"@type":"ReadAction","target":["https:\/\/acninternational.org\/de\/unterstutzung-beantragen\/stipendien\/"]}]},{"@type":"ImageObject","inLanguage":"de","@id":"https:\/\/acninternational.org\/de\/unterstutzung-beantragen\/stipendien\/#primaryimage","url":"https:\/\/media.acninternational.org\/wp-content\/uploads\/2020\/03\/20.jpg","contentUrl":"https:\/\/media.acninternational.org\/wp-content\/uploads\/2020\/03\/20.jpg","width":2000,"height":625},{"@type":"BreadcrumbList","@id":"https:\/\/acninternational.org\/de\/unterstutzung-beantragen\/stipendien\/#breadcrumb","itemListElement":[{"@type":"ListItem","position":1,"name":"Home","item":"https:\/\/acninternational.org\/de\/"},{"@type":"ListItem","position":2,"name":"Unterst\u00fctzung beantragen","item":"https:\/\/acninternational.org\/de\/unterstutzung-beantragen\/"},{"@type":"ListItem","position":3,"name":"Stipendienprogramm in Europa und Kanada (IFHIM)"}]},{"@type":"WebSite","@id":"https:\/\/acninternational.org\/de\/#website","url":"https:\/\/acninternational.org\/de\/","name":"ACN International","description":"","publisher":{"@id":"https:\/\/acninternational.org\/de\/#organization"},"potentialAction":[{"@type":"SearchAction","target":{"@type":"EntryPoint","urlTemplate":"https:\/\/acninternational.org\/de\/?s={search_term_string}"},"query-input":{"@type":"PropertyValueSpecification","valueRequired":true,"valueName":"search_term_string"}}],"inLanguage":"de"},{"@type":"Organization","@id":"https:\/\/acninternational.org\/de\/#organization","name":"Aid to the Church in Need International","url":"https:\/\/acninternational.org\/de\/","logo":{"@type":"ImageObject","inLanguage":"de","@id":"https:\/\/acninternational.org\/de\/#\/schema\/logo\/image\/","url":"https:\/\/media.acninternational.org\/wp-content\/uploads\/2019\/11\/acn_logo_blackvector.svg","contentUrl":"https:\/\/media.acninternational.org\/wp-content\/uploads\/2019\/11\/acn_logo_blackvector.svg","width":232.6,"height":78,"caption":"Aid to the Church in Need International"},"image":{"@id":"https:\/\/acninternational.org\/de\/#\/schema\/logo\/image\/"},"sameAs":["https:\/\/www.facebook.com\/acninternationalorg","https:\/\/x.com\/acn_int","https:\/\/www.youtube.com\/channel\/UCQ-077gS0TnVzkhHmf1opZw","https:\/\/www.instagram.com\/acn_international\/"]}]}},"_links":{"self":[{"href":"https:\/\/acninternational.org\/de\/wp-json\/wp\/v2\/pages\/123313","targetHints":{"allow":["GET"]}}],"collection":[{"href":"https:\/\/acninternational.org\/de\/wp-json\/wp\/v2\/pages"}],"about":[{"href":"https:\/\/acninternational.org\/de\/wp-json\/wp\/v2\/types\/page"}],"author":[{"embeddable":true,"href":"https:\/\/acninternational.org\/de\/wp-json\/wp\/v2\/users\/1"}],"replies":[{"embeddable":true,"href":"https:\/\/acninternational.org\/de\/wp-json\/wp\/v2\/comments?post=123313"}],"version-history":[{"count":4,"href":"https:\/\/acninternational.org\/de\/wp-json\/wp\/v2\/pages\/123313\/revisions"}],"predecessor-version":[{"id":262490,"href":"https:\/\/acninternational.org\/de\/wp-json\/wp\/v2\/pages\/123313\/revisions\/262490"}],"up":[{"embeddable":true,"href":"https:\/\/acninternational.org\/de\/wp-json\/wp\/v2\/pages\/123262"}],"wp:featuredmedia":[{"embeddable":true,"href":"https:\/\/acninternational.org\/de\/wp-json\/wp\/v2\/media\/133001"}],"wp:attachment":[{"href":"https:\/\/acninternational.org\/de\/wp-json\/wp\/v2\/media?parent=123313"}],"curies":[{"name":"wp","href":"https:\/\/api.w.org\/{rel}","templated":true}]}}