{"id":123312,"date":"2019-10-29T14:53:48","date_gmt":"2019-10-29T13:53:48","guid":{"rendered":"https:\/\/acninternational.org\/foerderung\/application-process\/bauprojekte\/"},"modified":"2020-07-10T10:36:07","modified_gmt":"2020-07-10T08:36:07","slug":"bauprojekte","status":"publish","type":"page","link":"https:\/\/acninternational.org\/de\/unterstutzung-beantragen\/bauprojekte\/","title":{"rendered":"Bauprojekte"},"content":{"rendered":"<div class=\"wpb_text_column wpb_content_element grant-p-padding\">\n<div class=\"wpb_wrapper\">\n<p>Bauprojekte sind in der Regel besonders spezifisch und komplex. Im Folgenden finden Sie eine Checkliste der einzureichenden Informationen. Diese Liste erhebt keinen Anspruch auf Vollst\u00e4ndigkeit und ist nicht in jedem Punkt auf alle Projekte anwendbar.<\/p>\n<p>Checkliste f\u00fcr ein\u00a0<strong>Bauprojekt<\/strong><\/p>\n<\/div>\n<\/div>\n<div class=\"wpb_text_column wpb_content_element grant-list\">\n<div class=\"wpb_wrapper\">\n<ol>\n<li>Nachweis, dass die Kirche das Grundst\u00fcck besitzt, auf dem die Kirche oder das kirchliche Geb\u00e4ude errichtet werden soll. (In Osteuropa: Kopie der Besitzurkunde.)<\/li>\n<li>Kopie der Baugenehmigung.<\/li>\n<li>Kopie der Baupl\u00e4ne (Grundriss, Aufriss und Kreuzriss) mit exakter Gr\u00f6\u00dfe und Bauweise des geplanten Geb\u00e4udes. Senden Sie uns\u00a0<b>keine<\/b>\u00a0Unterlagen zu Konstruktion, Statik oder Geb\u00e4udetechnik.<\/li>\n<li>Offizielle Baukosten-Sch\u00e4tzung in der Landesw\u00e4hrung (nicht nur die Gesamtkosten, sondern auch die Kosten der wichtigsten Teilbereiche, z. B. Baumaterial und Arbeitskr\u00e4fte, Grundmauern, W\u00e4nde, Dach usw.).*<\/li>\n<li>Finanzplan mit Finanzierungsquellen zur Deckung der gesch\u00e4tzten Kosten, einschlie\u00dflich Selbstbeteiligung, andere in- und ausl\u00e4ndische F\u00f6rderung und von ACN erhoffte Unterst\u00fctzung.*<\/li>\n<li>Geben Sie alle Organisationen an, bei denen Sie eine Mitfinanzierung beantragt haben sowie deren Antwort.<\/li>\n<li>Der aktuelle Stand des Bauvorhabens. Wenn der Bau bereits begonnen hat, nennen Sie die bereits geleisteten Bauma\u00dfnahmen, senden Sie uns ein aktuelles Foto und geben Sie an, wie viel Geld bisher investiert wurde und wie viel noch ben\u00f6tigt wird.<\/li>\n<li>Empfehlungsschreiben des Ortsbischofs.<\/li>\n<li><a href=\"https:\/\/acninternational.org\/wp-content\/uploads\/sites\/69\/2019\/11\/BAF-ENG.pdf\">Standard-Antragsformular<\/a>.<\/li>\n<li>Ihr Projektantrag\/Ihre Begr\u00fcndung.<\/li>\n<\/ol>\n<\/div>\n<\/div>\n<div class=\"wpb_text_column wpb_content_element grant-p-padding\">\n<div class=\"wpb_wrapper\">\n<p><strong><em>Nota bene:<\/em><\/strong>\u00a0Wird das geplante Geb\u00e4ude in Phasen errichtet, nennen Sie die einzelnen Bauphasen und ber\u00fccksichtigen Sie diese bei der Erstellung der Kostensch\u00e4tzung und des Finanzplans. Bei Bauprojekten \u00fcber mehrere Jahre ist dies besonders wichtig.<\/p>\n<\/div>\n<\/div>\n","protected":false},"excerpt":{"rendered":"<p>Bauprojekte sind in der Regel besonders spezifisch und komplex. Im Folgenden finden Sie eine Checkliste der einzureichenden Informationen. Diese Liste erhebt keinen Anspruch auf Vollst\u00e4ndigkeit und ist nicht in jedem Punkt auf alle Projekte anwendbar. Checkliste f\u00fcr ein\u00a0Bauprojekt Nachweis, dass die Kirche das Grundst\u00fcck besitzt, auf dem die Kirche oder das kirchliche Geb\u00e4ude errichtet werden [&hellip;]<\/p>\n","protected":false},"author":1,"featured_media":123296,"parent":123262,"menu_order":0,"comment_status":"closed","ping_status":"closed","template":"","meta":{"_acf_changed":false,"footnotes":""},"class_list":["post-123312","page","type-page","status-publish","has-post-thumbnail","hentry","page-category-how-to-apply-subpages-de"],"acf":[],"yoast_head":"<!-- This site is optimized with the Yoast SEO Premium plugin v27.3 (Yoast SEO v27.3) - https:\/\/yoast.com\/product\/yoast-seo-premium-wordpress\/ -->\n<title>Bauprojekte | ACN International<\/title>\n<meta name=\"robots\" content=\"index, follow, max-snippet:-1, max-image-preview:large, max-video-preview:-1\" \/>\n<link rel=\"canonical\" href=\"https:\/\/acninternational.org\/de\/unterstutzung-beantragen\/bauprojekte\/\" \/>\n<meta property=\"og:locale\" content=\"de_DE\" \/>\n<meta property=\"og:type\" content=\"article\" \/>\n<meta property=\"og:title\" content=\"Bauprojekte\" \/>\n<meta property=\"og:description\" content=\"Bauprojekte sind in der Regel besonders spezifisch und komplex. Im Folgenden finden Sie eine Checkliste der einzureichenden Informationen. Diese Liste erhebt keinen Anspruch auf Vollst\u00e4ndigkeit und ist nicht in jedem Punkt auf alle Projekte anwendbar. Checkliste f\u00fcr ein\u00a0Bauprojekt Nachweis, dass die Kirche das Grundst\u00fcck besitzt, auf dem die Kirche oder das kirchliche Geb\u00e4ude errichtet werden [&hellip;]\" \/>\n<meta property=\"og:url\" content=\"https:\/\/acninternational.org\/de\/unterstutzung-beantragen\/bauprojekte\/\" \/>\n<meta property=\"og:site_name\" content=\"ACN International\" \/>\n<meta property=\"article:publisher\" content=\"https:\/\/www.facebook.com\/acninternationalorg\" \/>\n<meta property=\"article:modified_time\" content=\"2020-07-10T08:36:07+00:00\" \/>\n<meta property=\"og:image\" content=\"https:\/\/media.acninternational.org\/wp-content\/uploads\/2019\/10\/acn-20180913-76623_web-2000.jpg\" \/>\n\t<meta property=\"og:image:width\" content=\"2000\" \/>\n\t<meta property=\"og:image:height\" content=\"625\" \/>\n\t<meta property=\"og:image:type\" content=\"image\/jpeg\" \/>\n<meta name=\"twitter:card\" content=\"summary_large_image\" \/>\n<meta name=\"twitter:site\" content=\"@acn_int\" \/>\n<meta name=\"twitter:label1\" content=\"Gesch\u00e4tzte Lesezeit\" \/>\n\t<meta name=\"twitter:data1\" content=\"1\u00a0Minute\" \/>\n<script type=\"application\/ld+json\" class=\"yoast-schema-graph\">{\"@context\":\"https:\\\/\\\/schema.org\",\"@graph\":[{\"@type\":\"WebPage\",\"@id\":\"https:\\\/\\\/acninternational.org\\\/de\\\/unterstutzung-beantragen\\\/bauprojekte\\\/\",\"url\":\"https:\\\/\\\/acninternational.org\\\/de\\\/unterstutzung-beantragen\\\/bauprojekte\\\/\",\"name\":\"Bauprojekte | ACN International\",\"isPartOf\":{\"@id\":\"https:\\\/\\\/acninternational.org\\\/de\\\/#website\"},\"primaryImageOfPage\":{\"@id\":\"https:\\\/\\\/acninternational.org\\\/de\\\/unterstutzung-beantragen\\\/bauprojekte\\\/#primaryimage\"},\"image\":{\"@id\":\"https:\\\/\\\/acninternational.org\\\/de\\\/unterstutzung-beantragen\\\/bauprojekte\\\/#primaryimage\"},\"thumbnailUrl\":\"https:\\\/\\\/media.acninternational.org\\\/wp-content\\\/uploads\\\/2019\\\/10\\\/acn-20180913-76623_web-2000.jpg\",\"datePublished\":\"2019-10-29T13:53:48+00:00\",\"dateModified\":\"2020-07-10T08:36:07+00:00\",\"breadcrumb\":{\"@id\":\"https:\\\/\\\/acninternational.org\\\/de\\\/unterstutzung-beantragen\\\/bauprojekte\\\/#breadcrumb\"},\"inLanguage\":\"de\",\"potentialAction\":[{\"@type\":\"ReadAction\",\"target\":[\"https:\\\/\\\/acninternational.org\\\/de\\\/unterstutzung-beantragen\\\/bauprojekte\\\/\"]}]},{\"@type\":\"ImageObject\",\"inLanguage\":\"de\",\"@id\":\"https:\\\/\\\/acninternational.org\\\/de\\\/unterstutzung-beantragen\\\/bauprojekte\\\/#primaryimage\",\"url\":\"https:\\\/\\\/media.acninternational.org\\\/wp-content\\\/uploads\\\/2019\\\/10\\\/acn-20180913-76623_web-2000.jpg\",\"contentUrl\":\"https:\\\/\\\/media.acninternational.org\\\/wp-content\\\/uploads\\\/2019\\\/10\\\/acn-20180913-76623_web-2000.jpg\",\"width\":2000,\"height\":625,\"caption\":\"Special Case Construction Projects\"},{\"@type\":\"BreadcrumbList\",\"@id\":\"https:\\\/\\\/acninternational.org\\\/de\\\/unterstutzung-beantragen\\\/bauprojekte\\\/#breadcrumb\",\"itemListElement\":[{\"@type\":\"ListItem\",\"position\":1,\"name\":\"Home\",\"item\":\"https:\\\/\\\/acninternational.org\\\/de\\\/\"},{\"@type\":\"ListItem\",\"position\":2,\"name\":\"Unterst\u00fctzung beantragen\",\"item\":\"https:\\\/\\\/acninternational.org\\\/de\\\/unterstutzung-beantragen\\\/\"},{\"@type\":\"ListItem\",\"position\":3,\"name\":\"Bauprojekte\"}]},{\"@type\":\"WebSite\",\"@id\":\"https:\\\/\\\/acninternational.org\\\/de\\\/#website\",\"url\":\"https:\\\/\\\/acninternational.org\\\/de\\\/\",\"name\":\"ACN International\",\"description\":\"\",\"publisher\":{\"@id\":\"https:\\\/\\\/acninternational.org\\\/de\\\/#organization\"},\"potentialAction\":[{\"@type\":\"SearchAction\",\"target\":{\"@type\":\"EntryPoint\",\"urlTemplate\":\"https:\\\/\\\/acninternational.org\\\/de\\\/?s={search_term_string}\"},\"query-input\":{\"@type\":\"PropertyValueSpecification\",\"valueRequired\":true,\"valueName\":\"search_term_string\"}}],\"inLanguage\":\"de\"},{\"@type\":\"Organization\",\"@id\":\"https:\\\/\\\/acninternational.org\\\/de\\\/#organization\",\"name\":\"Aid to the Church in Need International\",\"url\":\"https:\\\/\\\/acninternational.org\\\/de\\\/\",\"logo\":{\"@type\":\"ImageObject\",\"inLanguage\":\"de\",\"@id\":\"https:\\\/\\\/acninternational.org\\\/de\\\/#\\\/schema\\\/logo\\\/image\\\/\",\"url\":\"https:\\\/\\\/media.acninternational.org\\\/wp-content\\\/uploads\\\/2019\\\/11\\\/acn_logo_blackvector.svg\",\"contentUrl\":\"https:\\\/\\\/media.acninternational.org\\\/wp-content\\\/uploads\\\/2019\\\/11\\\/acn_logo_blackvector.svg\",\"width\":232.6,\"height\":78,\"caption\":\"Aid to the Church in Need International\"},\"image\":{\"@id\":\"https:\\\/\\\/acninternational.org\\\/de\\\/#\\\/schema\\\/logo\\\/image\\\/\"},\"sameAs\":[\"https:\\\/\\\/www.facebook.com\\\/acninternationalorg\",\"https:\\\/\\\/x.com\\\/acn_int\",\"https:\\\/\\\/www.youtube.com\\\/channel\\\/UCQ-077gS0TnVzkhHmf1opZw\",\"https:\\\/\\\/www.instagram.com\\\/acn_international\\\/\"]}]}<\/script>\n<!-- \/ Yoast SEO Premium plugin. -->","yoast_head_json":{"title":"Bauprojekte | ACN International","robots":{"index":"index","follow":"follow","max-snippet":"max-snippet:-1","max-image-preview":"max-image-preview:large","max-video-preview":"max-video-preview:-1"},"canonical":"https:\/\/acninternational.org\/de\/unterstutzung-beantragen\/bauprojekte\/","og_locale":"de_DE","og_type":"article","og_title":"Bauprojekte","og_description":"Bauprojekte sind in der Regel besonders spezifisch und komplex. Im Folgenden finden Sie eine Checkliste der einzureichenden Informationen. Diese Liste erhebt keinen Anspruch auf Vollst\u00e4ndigkeit und ist nicht in jedem Punkt auf alle Projekte anwendbar. Checkliste f\u00fcr ein\u00a0Bauprojekt Nachweis, dass die Kirche das Grundst\u00fcck besitzt, auf dem die Kirche oder das kirchliche Geb\u00e4ude errichtet werden [&hellip;]","og_url":"https:\/\/acninternational.org\/de\/unterstutzung-beantragen\/bauprojekte\/","og_site_name":"ACN International","article_publisher":"https:\/\/www.facebook.com\/acninternationalorg","article_modified_time":"2020-07-10T08:36:07+00:00","og_image":[{"width":2000,"height":625,"url":"https:\/\/media.acninternational.org\/wp-content\/uploads\/2019\/10\/acn-20180913-76623_web-2000.jpg","type":"image\/jpeg"}],"twitter_card":"summary_large_image","twitter_site":"@acn_int","twitter_misc":{"Gesch\u00e4tzte Lesezeit":"1\u00a0Minute"},"schema":{"@context":"https:\/\/schema.org","@graph":[{"@type":"WebPage","@id":"https:\/\/acninternational.org\/de\/unterstutzung-beantragen\/bauprojekte\/","url":"https:\/\/acninternational.org\/de\/unterstutzung-beantragen\/bauprojekte\/","name":"Bauprojekte | ACN International","isPartOf":{"@id":"https:\/\/acninternational.org\/de\/#website"},"primaryImageOfPage":{"@id":"https:\/\/acninternational.org\/de\/unterstutzung-beantragen\/bauprojekte\/#primaryimage"},"image":{"@id":"https:\/\/acninternational.org\/de\/unterstutzung-beantragen\/bauprojekte\/#primaryimage"},"thumbnailUrl":"https:\/\/media.acninternational.org\/wp-content\/uploads\/2019\/10\/acn-20180913-76623_web-2000.jpg","datePublished":"2019-10-29T13:53:48+00:00","dateModified":"2020-07-10T08:36:07+00:00","breadcrumb":{"@id":"https:\/\/acninternational.org\/de\/unterstutzung-beantragen\/bauprojekte\/#breadcrumb"},"inLanguage":"de","potentialAction":[{"@type":"ReadAction","target":["https:\/\/acninternational.org\/de\/unterstutzung-beantragen\/bauprojekte\/"]}]},{"@type":"ImageObject","inLanguage":"de","@id":"https:\/\/acninternational.org\/de\/unterstutzung-beantragen\/bauprojekte\/#primaryimage","url":"https:\/\/media.acninternational.org\/wp-content\/uploads\/2019\/10\/acn-20180913-76623_web-2000.jpg","contentUrl":"https:\/\/media.acninternational.org\/wp-content\/uploads\/2019\/10\/acn-20180913-76623_web-2000.jpg","width":2000,"height":625,"caption":"Special Case Construction Projects"},{"@type":"BreadcrumbList","@id":"https:\/\/acninternational.org\/de\/unterstutzung-beantragen\/bauprojekte\/#breadcrumb","itemListElement":[{"@type":"ListItem","position":1,"name":"Home","item":"https:\/\/acninternational.org\/de\/"},{"@type":"ListItem","position":2,"name":"Unterst\u00fctzung beantragen","item":"https:\/\/acninternational.org\/de\/unterstutzung-beantragen\/"},{"@type":"ListItem","position":3,"name":"Bauprojekte"}]},{"@type":"WebSite","@id":"https:\/\/acninternational.org\/de\/#website","url":"https:\/\/acninternational.org\/de\/","name":"ACN International","description":"","publisher":{"@id":"https:\/\/acninternational.org\/de\/#organization"},"potentialAction":[{"@type":"SearchAction","target":{"@type":"EntryPoint","urlTemplate":"https:\/\/acninternational.org\/de\/?s={search_term_string}"},"query-input":{"@type":"PropertyValueSpecification","valueRequired":true,"valueName":"search_term_string"}}],"inLanguage":"de"},{"@type":"Organization","@id":"https:\/\/acninternational.org\/de\/#organization","name":"Aid to the Church in Need International","url":"https:\/\/acninternational.org\/de\/","logo":{"@type":"ImageObject","inLanguage":"de","@id":"https:\/\/acninternational.org\/de\/#\/schema\/logo\/image\/","url":"https:\/\/media.acninternational.org\/wp-content\/uploads\/2019\/11\/acn_logo_blackvector.svg","contentUrl":"https:\/\/media.acninternational.org\/wp-content\/uploads\/2019\/11\/acn_logo_blackvector.svg","width":232.6,"height":78,"caption":"Aid to the Church in Need International"},"image":{"@id":"https:\/\/acninternational.org\/de\/#\/schema\/logo\/image\/"},"sameAs":["https:\/\/www.facebook.com\/acninternationalorg","https:\/\/x.com\/acn_int","https:\/\/www.youtube.com\/channel\/UCQ-077gS0TnVzkhHmf1opZw","https:\/\/www.instagram.com\/acn_international\/"]}]}},"_links":{"self":[{"href":"https:\/\/acninternational.org\/de\/wp-json\/wp\/v2\/pages\/123312","targetHints":{"allow":["GET"]}}],"collection":[{"href":"https:\/\/acninternational.org\/de\/wp-json\/wp\/v2\/pages"}],"about":[{"href":"https:\/\/acninternational.org\/de\/wp-json\/wp\/v2\/types\/page"}],"author":[{"embeddable":true,"href":"https:\/\/acninternational.org\/de\/wp-json\/wp\/v2\/users\/1"}],"replies":[{"embeddable":true,"href":"https:\/\/acninternational.org\/de\/wp-json\/wp\/v2\/comments?post=123312"}],"version-history":[{"count":0,"href":"https:\/\/acninternational.org\/de\/wp-json\/wp\/v2\/pages\/123312\/revisions"}],"up":[{"embeddable":true,"href":"https:\/\/acninternational.org\/de\/wp-json\/wp\/v2\/pages\/123262"}],"wp:featuredmedia":[{"embeddable":true,"href":"https:\/\/acninternational.org\/de\/wp-json\/wp\/v2\/media\/123296"}],"wp:attachment":[{"href":"https:\/\/acninternational.org\/de\/wp-json\/wp\/v2\/media?parent=123312"}],"curies":[{"name":"wp","href":"https:\/\/api.w.org\/{rel}","templated":true}]}}