{"id":123310,"date":"2019-09-16T10:06:02","date_gmt":"2019-09-16T08:06:02","guid":{"rendered":"https:\/\/acninternational.org\/foerderung\/application-process\/messintentionen\/"},"modified":"2023-07-06T12:43:53","modified_gmt":"2023-07-06T10:43:53","slug":"messintentionen","status":"publish","type":"page","link":"https:\/\/acninternational.org\/de\/unterstutzung-beantragen\/messintentionen\/","title":{"rendered":"Messintentionen"},"content":{"rendered":"<p>Die Praxis, Opfer f\u00fcr die Messe darzubringen, geht auf die fr\u00fche Kirche zur\u00fcck, als die Gl\u00e4ubigen Brot und Wein f\u00fcr die Messe und andere Gaben zur Unterst\u00fctzung der Priester und Armen brachten. Heutzutage bietet die als \u201eMess-Stipendium\u201c genannte Geldspende dem Gl\u00e4ubigen die M\u00f6glichkeit der Einbeziehung einer bestimmten Intention in die Feier der Heiligen Eucharistie. Durch seine Gabe wird der Spender eng mit dem Leben und der Sendung der Kirche verbunden -dem Leib Christi-, da die Spende zu einer Form der materiellen Unterst\u00fctzung der Amtstr\u00e4ger der Kirche und ihrer pastoralen T\u00e4tigkeit wird.<\/p>\n<p>Die Heilige Messe darf niemals als Anlass f\u00fcr Kauf- oder Verkaufst\u00e4tigkeiten oder f\u00fcr das Erzielen von Einnahmen gesehen werden, und es darf auch nicht der geringste Anschein erweckt werden, mit Mess-Stipendien Gewinne zu erzielen.<\/p>\n<p>Die Heilige Messe hat einen unsch\u00e4tzbaren Wert. Sie ist das Opfer Jesu Christi f\u00fcr das Leben der Welt und ist somit \u201eunbezahlbar\u201c. Mit der Spende f\u00fcr die Feier einer Messe dr\u00fcckt der Gl\u00e4ubige seinen Wunsch aus, dass ihm die Fr\u00fcchte der Heiligen Messe noch inniger zuteil werden. Mit seinem Messopfer leistet er nicht nur einen Beitrag zum Unterhalt eines Priesters, sondern er dr\u00fcckt damit auch seine Hingabe an Gott aus.<\/p>\n<p>In den meisten L\u00e4ndern der Welt erhalten Priester keine oder nur eine sehr geringe regelm\u00e4\u00dfige finanzielle Unterst\u00fctzung. Die wirtschaftliche Situation erlaubt es den Gl\u00e4ubigen meist nicht, ihren Priester finanziell zu unterst\u00fctzen. Deshalb m\u00f6chte ACN den Priestern weltweit durch Mess-Stipendien eine grundlegende Existenzhilfe bieten und sie so in die Lage versetzen, ihre pastorale Arbeit zu leisten.<\/p>\n<p><strong>Wie man bei ACN Mess-Stipendien beantragt<\/strong><\/p>\n<p>Mess-Stipendien k\u00f6nnen bei ACN nur vom Ordinarius (dem Di\u00f6zesanbischof oder dem Ordensoberen) im Namen der Priester seines Zust\u00e4ndigkeitsbereichs beantragt werden. ACN akzeptiert keine Antr\u00e4ge von einzelnen Priestern. Vorzugsweise sollten Mess-Stipendien nur einmal im Jahr beantragt werden.<\/p>\n<p>Wenn der Antrag genehmigt wurde, ist das Ordinariat verpflichtet, daf\u00fcr zu sorgen, dass die Stipendien verwaltet, an die einzelnen Priester verteilt und zur Feier der Heiligen Messe \u00a0gem\u00e4\u00df can. 945-958 CIC verwendet werden. Das Ordinariat muss insbesondere sicherstellen, dass\u00a0<u>f\u00fcr jede empfangene Spende eine eigene Messe f\u00fcr die jeweilige Intention des Spenders (ad intentionem dantis) gefeiert wird<\/u>\u00a0(can. 948 CIC\u00a0<a href=\"https:\/\/acninternational.org\/de\/foerderung\/messintentionen\/#_ftn1\" name=\"_ftnref1\">[1]<\/a>). Jeder Priester, der die Messe in den Absichten der ACN-Spender feiert, sollte den Gesamtbetrag der Mess-Stipendien erhalten, der von ACN an das Ordinariat weitergeleitet wurde, es sei denn, mit dem Ordinarius sei etwas anderes vereinbart worden. Es ist nicht zul\u00e4ssig, mehrere von ACN erhaltene Mess-Stipendien zusammenzulegen oder sie mit anderen Gaben zu kombinieren bzw. sie in einer einzigen Messe einzusetzen, die nach einer sogenannten kollektiven Intention gefeiert wird. Die Heiligen Messen f\u00fcr erhaltene Mess-Stipendien sind innerhalb eines Jahres zu zelebrieren (vgl. can. CIC<a href=\"https:\/\/acninternational.org\/de\/foerderung\/messintentionen\/#_ftn2\" name=\"_ftnref2\">[2]<\/a>).<\/p>\n<p>Die Feier des Triduum (an drei aufeinander folgenden Tagen), von Novena-Messen (an neun aufeinander folgenden Tagen) oder Gregorianischen Messen (an 30 aufeinander folgenden Tagen) kann nur aufgrund einer pl\u00f6tzlichen Verhinderung (z.B. einer Krankheit) oder aus einem anderen wichtigen Grund (z.B. der Feier einer Totenmesse oder einer Trauung) unterbrochen werden. Der Priester muss die Zelebration der jeweiligen Messe jedoch so schnell wie m\u00f6glich abschlie\u00dfen<a href=\"https:\/\/acninternational.org\/de\/foerderung\/messintentionen\/#_ftn3\" name=\"_ftnref3\">[3]<\/a>.<\/p>\n<p>Gem\u00e4\u00df can. 717 CCEO sind Priester orientalischer Kirchen, die Spenden f\u00fcr die g\u00f6ttliche Liturgie von den Gl\u00e4ubigen einer anderen Kirche sui iuris entgegennehmen (im Falle von ACN der R\u00f6misch-Katholischen Kirche des lateinischen Ritus) verpflichtet, die Bestimmungen dieser Kirche (CIC) einzuhalten.<\/p>\n<p><img loading=\"lazy\" decoding=\"async\" src=\"https:\/\/media.acninternational.org\/wp-content\/uploads\/2019\/09\/acn-20170926-61638_web-680.jpg\" sizes=\"auto, (max-width: 680px) 100vw, 680px\" srcset=\"https:\/\/media.acninternational.org\/wp-content\/uploads\/2019\/09\/acn-20170926-61638_web-680.jpg 680w, https:\/\/media.acninternational.org\/wp-content\/uploads\/2019\/09\/acn-20170926-61638_web-680-300x173.jpg 300w\" alt=\"\" width=\"680\" height=\"391\" \/><\/p>\n<p>In einem Antrag auf Mess-Stipendien sind die folgenden Angaben zu machen:<a href=\"https:\/\/acninternational.org\/de\/foerderung\/messintentionen\/\" name=\"_ftn1\"><\/a><\/p>\n<ul>\n<li>\u2022 Die Notwendigkeit der Mess-Stipendien ist zu begr\u00fcnden. (Bitte beachten Sie, dass die Mess-Stipendien von ACN die Messopfer der Gl\u00e4ubigen vor Ort nicht ersetzen und nicht dazu f\u00fchren sollten, dass die Bereitschaft der Gemeindemitglieder nachl\u00e4sst, ihre Priester auf diese traditionelle Art und Weise zu unterst\u00fctzen\u2026).<\/li>\n<\/ul>\n<ul>\n<li>\u2022 Die Anzahl, die Namen und die \u00c4mter der Priester, die die Mess-Stipendien ben\u00f6tigen, sowie die Anzahl der erforderlichen Mess-Stipendien sind zu nennen. Bitte geben Sie in dem Antrag an, welche Priester die Stipendien gegebenenfalls f\u00fcr die Feier von Triduum-Messen (Messen an drei aufeinander folgenden Tagen), von Novena-Messen (Messen an neun aufeinander folgenden Tagen) oder von Gregorianischen Messen (Messen an 30 aufeinander folgenden Tagen) verwenden k\u00f6nnen.<\/li>\n<\/ul>\n<ul>\n<li>\u2022 Bankverbindung. (Die Bankverbindung k\u00f6nnen Sie auf unserem\u00a0<a href=\"https:\/\/acninternational.org\/wp-content\/uploads\/2017\/06\/BAF-ENG.pdf\" target=\"_blank\" rel=\"noopener\">Standard-Antragsformular<\/a>\u00a0angeben).<\/li>\n<\/ul>\n<p>Achtung! Angesichts der in der heutigen Welt geltenden strengeren Anforderungen f\u00fcr Abrechnungen, den Kinderschutz und den Datenschutz wie auch aufgrund unserer Verpflichtung unseren Wohlt\u00e4tern gegen\u00fcber nachzuweisen, wie ihre Spenden verwendet wurden, einen <a href=\"https:\/\/media.acninternational.org\/wp-content\/uploads\/2021\/08\/FPAM-for-the-website_2021-GER.pdf\" target=\"_blank\" rel=\"noopener\">Vertrag und eine Datenschutzerkl\u00e4rung<\/a> eingef\u00fchrt. Bitte beachten Sie, dass diese beiden Formulare unterschrieben bei uns eingegangen sein m\u00fcssen, bevor wir eine Hilfe freigeben k\u00f6nnen.<\/p>\n<p><a href=\"https:\/\/acninternational.org\/de\/foerderung\/messintentionen\/#_ftnref1\" name=\"_ftn1\">[1]<\/a>\u00a0Can.\u00a0948 Es sind gesonderte Messen nach den Meinungen zu applizieren, f\u00fcr die je ein, wenn auch geringes Stipendium gegeben und angenommen worden ist.<\/p>\n<p><a href=\"https:\/\/acninternational.org\/de\/foerderung\/messintentionen\/#_ftnref2\" name=\"_ftn2\">[2]<\/a>\u00a0Can.\u00a0953 Niemand darf mehr Stipendien f\u00fcr pers\u00f6nlich zu applizierende Messen annehmen, als er innerhalb eines Jahres applizieren kann.<\/p>\n<p><a href=\"https:\/\/acninternational.org\/de\/foerderung\/messintentionen\/#_ftnref3\" name=\"_ftn3\">[3]<\/a>\u00a0Cf. Enchidrion Vaticanum 2, Offizielle Dokumente des Heiligen Stuhls 1963-67, Nr. 966.<\/p>\n","protected":false},"excerpt":{"rendered":"<p>Die Praxis, Opfer f\u00fcr die Messe darzubringen, geht auf die fr\u00fche Kirche zur\u00fcck, als die Gl\u00e4ubigen Brot und Wein f\u00fcr die Messe und andere Gaben zur Unterst\u00fctzung der Priester und Armen brachten. Heutzutage bietet die als \u201eMess-Stipendium\u201c genannte Geldspende dem Gl\u00e4ubigen die M\u00f6glichkeit der Einbeziehung einer bestimmten Intention in die Feier der Heiligen Eucharistie. Durch [&hellip;]<\/p>\n","protected":false},"author":1,"featured_media":123273,"parent":123262,"menu_order":0,"comment_status":"closed","ping_status":"closed","template":"","meta":{"_acf_changed":false,"footnotes":""},"class_list":["post-123310","page","type-page","status-publish","has-post-thumbnail","hentry","page-category-how-to-apply-subpages-de"],"acf":[],"yoast_head":"<!-- This site is optimized with the Yoast SEO Premium plugin v27.3 (Yoast SEO v27.3) - https:\/\/yoast.com\/product\/yoast-seo-premium-wordpress\/ -->\n<title>Messintentionen | ACN International<\/title>\n<meta name=\"robots\" content=\"index, follow, max-snippet:-1, max-image-preview:large, max-video-preview:-1\" \/>\n<link rel=\"canonical\" href=\"https:\/\/acninternational.org\/de\/unterstutzung-beantragen\/messintentionen\/\" \/>\n<meta property=\"og:locale\" content=\"de_DE\" \/>\n<meta property=\"og:type\" content=\"article\" \/>\n<meta property=\"og:title\" content=\"Messintentionen\" \/>\n<meta property=\"og:description\" content=\"Die Praxis, Opfer f\u00fcr die Messe darzubringen, geht auf die fr\u00fche Kirche zur\u00fcck, als die Gl\u00e4ubigen Brot und Wein f\u00fcr die Messe und andere Gaben zur Unterst\u00fctzung der Priester und Armen brachten. Heutzutage bietet die als \u201eMess-Stipendium\u201c genannte Geldspende dem Gl\u00e4ubigen die M\u00f6glichkeit der Einbeziehung einer bestimmten Intention in die Feier der Heiligen Eucharistie. Durch [&hellip;]\" \/>\n<meta property=\"og:url\" content=\"https:\/\/acninternational.org\/de\/unterstutzung-beantragen\/messintentionen\/\" \/>\n<meta property=\"og:site_name\" content=\"ACN International\" \/>\n<meta property=\"article:publisher\" content=\"https:\/\/www.facebook.com\/acninternationalorg\" \/>\n<meta property=\"article:modified_time\" content=\"2023-07-06T10:43:53+00:00\" \/>\n<meta property=\"og:image\" content=\"https:\/\/media.acninternational.org\/wp-content\/uploads\/2019\/09\/acn-20171218-65912_web-2000.jpg\" \/>\n\t<meta property=\"og:image:width\" content=\"2000\" \/>\n\t<meta property=\"og:image:height\" content=\"625\" \/>\n\t<meta property=\"og:image:type\" content=\"image\/jpeg\" \/>\n<meta name=\"twitter:card\" content=\"summary_large_image\" \/>\n<meta name=\"twitter:site\" content=\"@acn_int\" \/>\n<meta name=\"twitter:label1\" content=\"Gesch\u00e4tzte Lesezeit\" \/>\n\t<meta name=\"twitter:data1\" content=\"4\u00a0Minuten\" \/>\n<script type=\"application\/ld+json\" class=\"yoast-schema-graph\">{\"@context\":\"https:\\\/\\\/schema.org\",\"@graph\":[{\"@type\":\"WebPage\",\"@id\":\"https:\\\/\\\/acninternational.org\\\/de\\\/unterstutzung-beantragen\\\/messintentionen\\\/\",\"url\":\"https:\\\/\\\/acninternational.org\\\/de\\\/unterstutzung-beantragen\\\/messintentionen\\\/\",\"name\":\"Messintentionen | ACN International\",\"isPartOf\":{\"@id\":\"https:\\\/\\\/acninternational.org\\\/de\\\/#website\"},\"primaryImageOfPage\":{\"@id\":\"https:\\\/\\\/acninternational.org\\\/de\\\/unterstutzung-beantragen\\\/messintentionen\\\/#primaryimage\"},\"image\":{\"@id\":\"https:\\\/\\\/acninternational.org\\\/de\\\/unterstutzung-beantragen\\\/messintentionen\\\/#primaryimage\"},\"thumbnailUrl\":\"https:\\\/\\\/media.acninternational.org\\\/wp-content\\\/uploads\\\/2019\\\/09\\\/acn-20171218-65912_web-2000.jpg\",\"datePublished\":\"2019-09-16T08:06:02+00:00\",\"dateModified\":\"2023-07-06T10:43:53+00:00\",\"breadcrumb\":{\"@id\":\"https:\\\/\\\/acninternational.org\\\/de\\\/unterstutzung-beantragen\\\/messintentionen\\\/#breadcrumb\"},\"inLanguage\":\"de\",\"potentialAction\":[{\"@type\":\"ReadAction\",\"target\":[\"https:\\\/\\\/acninternational.org\\\/de\\\/unterstutzung-beantragen\\\/messintentionen\\\/\"]}]},{\"@type\":\"ImageObject\",\"inLanguage\":\"de\",\"@id\":\"https:\\\/\\\/acninternational.org\\\/de\\\/unterstutzung-beantragen\\\/messintentionen\\\/#primaryimage\",\"url\":\"https:\\\/\\\/media.acninternational.org\\\/wp-content\\\/uploads\\\/2019\\\/09\\\/acn-20171218-65912_web-2000.jpg\",\"contentUrl\":\"https:\\\/\\\/media.acninternational.org\\\/wp-content\\\/uploads\\\/2019\\\/09\\\/acn-20171218-65912_web-2000.jpg\",\"width\":2000,\"height\":625},{\"@type\":\"BreadcrumbList\",\"@id\":\"https:\\\/\\\/acninternational.org\\\/de\\\/unterstutzung-beantragen\\\/messintentionen\\\/#breadcrumb\",\"itemListElement\":[{\"@type\":\"ListItem\",\"position\":1,\"name\":\"Home\",\"item\":\"https:\\\/\\\/acninternational.org\\\/de\\\/\"},{\"@type\":\"ListItem\",\"position\":2,\"name\":\"Unterst\u00fctzung beantragen\",\"item\":\"https:\\\/\\\/acninternational.org\\\/de\\\/unterstutzung-beantragen\\\/\"},{\"@type\":\"ListItem\",\"position\":3,\"name\":\"Messintentionen\"}]},{\"@type\":\"WebSite\",\"@id\":\"https:\\\/\\\/acninternational.org\\\/de\\\/#website\",\"url\":\"https:\\\/\\\/acninternational.org\\\/de\\\/\",\"name\":\"ACN International\",\"description\":\"\",\"publisher\":{\"@id\":\"https:\\\/\\\/acninternational.org\\\/de\\\/#organization\"},\"potentialAction\":[{\"@type\":\"SearchAction\",\"target\":{\"@type\":\"EntryPoint\",\"urlTemplate\":\"https:\\\/\\\/acninternational.org\\\/de\\\/?s={search_term_string}\"},\"query-input\":{\"@type\":\"PropertyValueSpecification\",\"valueRequired\":true,\"valueName\":\"search_term_string\"}}],\"inLanguage\":\"de\"},{\"@type\":\"Organization\",\"@id\":\"https:\\\/\\\/acninternational.org\\\/de\\\/#organization\",\"name\":\"Aid to the Church in Need International\",\"url\":\"https:\\\/\\\/acninternational.org\\\/de\\\/\",\"logo\":{\"@type\":\"ImageObject\",\"inLanguage\":\"de\",\"@id\":\"https:\\\/\\\/acninternational.org\\\/de\\\/#\\\/schema\\\/logo\\\/image\\\/\",\"url\":\"https:\\\/\\\/media.acninternational.org\\\/wp-content\\\/uploads\\\/2019\\\/11\\\/acn_logo_blackvector.svg\",\"contentUrl\":\"https:\\\/\\\/media.acninternational.org\\\/wp-content\\\/uploads\\\/2019\\\/11\\\/acn_logo_blackvector.svg\",\"width\":232.6,\"height\":78,\"caption\":\"Aid to the Church in Need International\"},\"image\":{\"@id\":\"https:\\\/\\\/acninternational.org\\\/de\\\/#\\\/schema\\\/logo\\\/image\\\/\"},\"sameAs\":[\"https:\\\/\\\/www.facebook.com\\\/acninternationalorg\",\"https:\\\/\\\/x.com\\\/acn_int\",\"https:\\\/\\\/www.youtube.com\\\/channel\\\/UCQ-077gS0TnVzkhHmf1opZw\",\"https:\\\/\\\/www.instagram.com\\\/acn_international\\\/\"]}]}<\/script>\n<!-- \/ Yoast SEO Premium plugin. -->","yoast_head_json":{"title":"Messintentionen | ACN International","robots":{"index":"index","follow":"follow","max-snippet":"max-snippet:-1","max-image-preview":"max-image-preview:large","max-video-preview":"max-video-preview:-1"},"canonical":"https:\/\/acninternational.org\/de\/unterstutzung-beantragen\/messintentionen\/","og_locale":"de_DE","og_type":"article","og_title":"Messintentionen","og_description":"Die Praxis, Opfer f\u00fcr die Messe darzubringen, geht auf die fr\u00fche Kirche zur\u00fcck, als die Gl\u00e4ubigen Brot und Wein f\u00fcr die Messe und andere Gaben zur Unterst\u00fctzung der Priester und Armen brachten. Heutzutage bietet die als \u201eMess-Stipendium\u201c genannte Geldspende dem Gl\u00e4ubigen die M\u00f6glichkeit der Einbeziehung einer bestimmten Intention in die Feier der Heiligen Eucharistie. Durch [&hellip;]","og_url":"https:\/\/acninternational.org\/de\/unterstutzung-beantragen\/messintentionen\/","og_site_name":"ACN International","article_publisher":"https:\/\/www.facebook.com\/acninternationalorg","article_modified_time":"2023-07-06T10:43:53+00:00","og_image":[{"width":2000,"height":625,"url":"https:\/\/media.acninternational.org\/wp-content\/uploads\/2019\/09\/acn-20171218-65912_web-2000.jpg","type":"image\/jpeg"}],"twitter_card":"summary_large_image","twitter_site":"@acn_int","twitter_misc":{"Gesch\u00e4tzte Lesezeit":"4\u00a0Minuten"},"schema":{"@context":"https:\/\/schema.org","@graph":[{"@type":"WebPage","@id":"https:\/\/acninternational.org\/de\/unterstutzung-beantragen\/messintentionen\/","url":"https:\/\/acninternational.org\/de\/unterstutzung-beantragen\/messintentionen\/","name":"Messintentionen | ACN International","isPartOf":{"@id":"https:\/\/acninternational.org\/de\/#website"},"primaryImageOfPage":{"@id":"https:\/\/acninternational.org\/de\/unterstutzung-beantragen\/messintentionen\/#primaryimage"},"image":{"@id":"https:\/\/acninternational.org\/de\/unterstutzung-beantragen\/messintentionen\/#primaryimage"},"thumbnailUrl":"https:\/\/media.acninternational.org\/wp-content\/uploads\/2019\/09\/acn-20171218-65912_web-2000.jpg","datePublished":"2019-09-16T08:06:02+00:00","dateModified":"2023-07-06T10:43:53+00:00","breadcrumb":{"@id":"https:\/\/acninternational.org\/de\/unterstutzung-beantragen\/messintentionen\/#breadcrumb"},"inLanguage":"de","potentialAction":[{"@type":"ReadAction","target":["https:\/\/acninternational.org\/de\/unterstutzung-beantragen\/messintentionen\/"]}]},{"@type":"ImageObject","inLanguage":"de","@id":"https:\/\/acninternational.org\/de\/unterstutzung-beantragen\/messintentionen\/#primaryimage","url":"https:\/\/media.acninternational.org\/wp-content\/uploads\/2019\/09\/acn-20171218-65912_web-2000.jpg","contentUrl":"https:\/\/media.acninternational.org\/wp-content\/uploads\/2019\/09\/acn-20171218-65912_web-2000.jpg","width":2000,"height":625},{"@type":"BreadcrumbList","@id":"https:\/\/acninternational.org\/de\/unterstutzung-beantragen\/messintentionen\/#breadcrumb","itemListElement":[{"@type":"ListItem","position":1,"name":"Home","item":"https:\/\/acninternational.org\/de\/"},{"@type":"ListItem","position":2,"name":"Unterst\u00fctzung beantragen","item":"https:\/\/acninternational.org\/de\/unterstutzung-beantragen\/"},{"@type":"ListItem","position":3,"name":"Messintentionen"}]},{"@type":"WebSite","@id":"https:\/\/acninternational.org\/de\/#website","url":"https:\/\/acninternational.org\/de\/","name":"ACN International","description":"","publisher":{"@id":"https:\/\/acninternational.org\/de\/#organization"},"potentialAction":[{"@type":"SearchAction","target":{"@type":"EntryPoint","urlTemplate":"https:\/\/acninternational.org\/de\/?s={search_term_string}"},"query-input":{"@type":"PropertyValueSpecification","valueRequired":true,"valueName":"search_term_string"}}],"inLanguage":"de"},{"@type":"Organization","@id":"https:\/\/acninternational.org\/de\/#organization","name":"Aid to the Church in Need International","url":"https:\/\/acninternational.org\/de\/","logo":{"@type":"ImageObject","inLanguage":"de","@id":"https:\/\/acninternational.org\/de\/#\/schema\/logo\/image\/","url":"https:\/\/media.acninternational.org\/wp-content\/uploads\/2019\/11\/acn_logo_blackvector.svg","contentUrl":"https:\/\/media.acninternational.org\/wp-content\/uploads\/2019\/11\/acn_logo_blackvector.svg","width":232.6,"height":78,"caption":"Aid to the Church in Need International"},"image":{"@id":"https:\/\/acninternational.org\/de\/#\/schema\/logo\/image\/"},"sameAs":["https:\/\/www.facebook.com\/acninternationalorg","https:\/\/x.com\/acn_int","https:\/\/www.youtube.com\/channel\/UCQ-077gS0TnVzkhHmf1opZw","https:\/\/www.instagram.com\/acn_international\/"]}]}},"_links":{"self":[{"href":"https:\/\/acninternational.org\/de\/wp-json\/wp\/v2\/pages\/123310","targetHints":{"allow":["GET"]}}],"collection":[{"href":"https:\/\/acninternational.org\/de\/wp-json\/wp\/v2\/pages"}],"about":[{"href":"https:\/\/acninternational.org\/de\/wp-json\/wp\/v2\/types\/page"}],"author":[{"embeddable":true,"href":"https:\/\/acninternational.org\/de\/wp-json\/wp\/v2\/users\/1"}],"replies":[{"embeddable":true,"href":"https:\/\/acninternational.org\/de\/wp-json\/wp\/v2\/comments?post=123310"}],"version-history":[{"count":0,"href":"https:\/\/acninternational.org\/de\/wp-json\/wp\/v2\/pages\/123310\/revisions"}],"up":[{"embeddable":true,"href":"https:\/\/acninternational.org\/de\/wp-json\/wp\/v2\/pages\/123262"}],"wp:featuredmedia":[{"embeddable":true,"href":"https:\/\/acninternational.org\/de\/wp-json\/wp\/v2\/media\/123273"}],"wp:attachment":[{"href":"https:\/\/acninternational.org\/de\/wp-json\/wp\/v2\/media?parent=123310"}],"curies":[{"name":"wp","href":"https:\/\/api.w.org\/{rel}","templated":true}]}}