{"id":123268,"date":"2019-09-16T10:25:24","date_gmt":"2019-09-16T08:25:24","guid":{"rendered":"https:\/\/acninternational.org\/foerderung\/bericht\/"},"modified":"2021-05-12T13:55:00","modified_gmt":"2021-05-12T11:55:00","slug":"bericht","status":"publish","type":"page","link":"https:\/\/acninternational.org\/de\/unterstutzung-beantragen\/bericht\/","title":{"rendered":"Bericht"},"content":{"rendered":"<h1>Ein guter Umgang mit Hilfen<\/h1>\n<p><strong>Bitte:<\/strong><\/p>\n<ul>\n<li>Senden Sie uns bitte eine\u00a0<i>kurze Best\u00e4tigung<\/i>, umgehend nachdem Sie unsere Hilfe erhalten haben. Geben Sie ausdr\u00fccklich den konkret erhaltenen Betrag an, zum Beispiel EUR 500.<\/li>\n<li>Geben Sie bei allen Berichten zu Ihrem Projekt stets die\u00a0<i>Referenznummer<\/i>\u00a0an.<\/li>\n<li>Beachten Sie, dass die Hilfe\u00a0<i>einzig<\/i>\u00a0f\u00fcr den Zweck verwendet werden darf,\u00a0<i>f\u00fcr den sie gew\u00e4hrt<\/i>wurde. Die Zweckbestimmung ist im Titel des Projektes angegeben. Einzig unsere Projektkommission hat die Befugnis, eine Entscheidung zu einem Projekt zu \u00e4ndern.<\/li>\n<li>Sollte es zu\u00a0<i>unvorhergesehenen Verz\u00f6gerungen<\/i>\u00a0bei der Durchf\u00fchrung Ihres Projektes kommen, informieren Sie uns umgehend. Senden Sie uns in diesem Falle m\u00f6glichst einen Zwischenbericht.<\/li>\n<li>Wenn Sie die Hilfe verbraucht haben, senden Sie uns bitte einen beschreibenden und wirtschaftlichen <em>Abschlussbericht<\/em>. Sie muss <em>per E-Mail<\/em> mit Ihrer<em> eingescannten Unterschrift<\/em> gesendet werden, damit wir dieses Projekt ordnungsgem\u00e4\u00df abschlie\u00dfen k\u00f6nnen.<\/li>\n<li><i>Belegen<\/i>\u00a0Sie Ihre Berichte mit Kopien von Quittungen, Vertr\u00e4gen, Urkunden, Kaufbelegen usw.<\/li>\n<li>Ein\/zwei Fotos zur angemessenen Verwendung der Hilfe k\u00f6nnen beigef\u00fcgt werden.<\/li>\n<\/ul>\n<p>Indem Sie diese Regeln beachten, erm\u00f6glichen Sie es uns, den Anforderungen der Wirtschaftspr\u00fcfung nachzukommen und unseren Status als gemeinn\u00fctziger Verein zu behalten, um auch in der Zukunft, mit Gottes Hilfe, den N\u00f6ten der Kirche begegnen zu k\u00f6nnen.<\/p>\n<div class=\"sidebar_links acn_links\"><ul><li><a href=\"https:\/\/acninternational.org\/de\/mission\/\">Unsere Mission, Vision, Werte<\/a><\/li><\/ul><\/div>\n","protected":false},"excerpt":{"rendered":"<p>Ein guter Umgang mit Hilfen Bitte: Senden Sie uns bitte eine\u00a0kurze Best\u00e4tigung, umgehend nachdem Sie unsere Hilfe erhalten haben. Geben Sie ausdr\u00fccklich den konkret erhaltenen Betrag an, zum Beispiel EUR 500. Geben Sie bei allen Berichten zu Ihrem Projekt stets die\u00a0Referenznummer\u00a0an. Beachten Sie, dass die Hilfe\u00a0einzig\u00a0f\u00fcr den Zweck verwendet werden darf,\u00a0f\u00fcr den sie gew\u00e4hrtwurde. Die [&hellip;]<\/p>\n","protected":false},"author":1,"featured_media":123220,"parent":123262,"menu_order":0,"comment_status":"closed","ping_status":"closed","template":"","meta":{"_acf_changed":false,"footnotes":""},"class_list":["post-123268","page","type-page","status-publish","has-post-thumbnail","hentry"],"acf":[],"yoast_head":"<!-- This site is optimized with the Yoast SEO Premium plugin v27.3 (Yoast SEO v27.3) - https:\/\/yoast.com\/product\/yoast-seo-premium-wordpress\/ -->\n<title>Bericht | ACN International<\/title>\n<meta name=\"robots\" content=\"index, follow, max-snippet:-1, max-image-preview:large, max-video-preview:-1\" \/>\n<link rel=\"canonical\" href=\"https:\/\/acninternational.org\/de\/unterstutzung-beantragen\/bericht\/\" \/>\n<meta property=\"og:locale\" content=\"de_DE\" \/>\n<meta property=\"og:type\" content=\"article\" \/>\n<meta property=\"og:title\" content=\"Bericht\" \/>\n<meta property=\"og:description\" content=\"Ein guter Umgang mit Hilfen Bitte: Senden Sie uns bitte eine\u00a0kurze Best\u00e4tigung, umgehend nachdem Sie unsere Hilfe erhalten haben. Geben Sie ausdr\u00fccklich den konkret erhaltenen Betrag an, zum Beispiel EUR 500. Geben Sie bei allen Berichten zu Ihrem Projekt stets die\u00a0Referenznummer\u00a0an. Beachten Sie, dass die Hilfe\u00a0einzig\u00a0f\u00fcr den Zweck verwendet werden darf,\u00a0f\u00fcr den sie gew\u00e4hrtwurde. Die [&hellip;]\" \/>\n<meta property=\"og:url\" content=\"https:\/\/acninternational.org\/de\/unterstutzung-beantragen\/bericht\/\" \/>\n<meta property=\"og:site_name\" content=\"ACN International\" \/>\n<meta property=\"article:publisher\" content=\"https:\/\/www.facebook.com\/acninternationalorg\" \/>\n<meta property=\"article:modified_time\" content=\"2021-05-12T11:55:00+00:00\" \/>\n<meta property=\"og:image\" content=\"https:\/\/media.acninternational.org\/wp-content\/uploads\/2019\/09\/acn-20170825-60146_web-2000.jpg\" \/>\n\t<meta property=\"og:image:width\" content=\"2000\" \/>\n\t<meta property=\"og:image:height\" content=\"625\" \/>\n\t<meta property=\"og:image:type\" content=\"image\/jpeg\" \/>\n<meta name=\"twitter:card\" content=\"summary_large_image\" \/>\n<meta name=\"twitter:site\" content=\"@acn_int\" \/>\n<meta name=\"twitter:label1\" content=\"Gesch\u00e4tzte Lesezeit\" \/>\n\t<meta name=\"twitter:data1\" content=\"1\u00a0Minute\" \/>\n<script type=\"application\/ld+json\" class=\"yoast-schema-graph\">{\"@context\":\"https:\\\/\\\/schema.org\",\"@graph\":[{\"@type\":\"WebPage\",\"@id\":\"https:\\\/\\\/acninternational.org\\\/de\\\/unterstutzung-beantragen\\\/bericht\\\/\",\"url\":\"https:\\\/\\\/acninternational.org\\\/de\\\/unterstutzung-beantragen\\\/bericht\\\/\",\"name\":\"Bericht | ACN International\",\"isPartOf\":{\"@id\":\"https:\\\/\\\/acninternational.org\\\/de\\\/#website\"},\"primaryImageOfPage\":{\"@id\":\"https:\\\/\\\/acninternational.org\\\/de\\\/unterstutzung-beantragen\\\/bericht\\\/#primaryimage\"},\"image\":{\"@id\":\"https:\\\/\\\/acninternational.org\\\/de\\\/unterstutzung-beantragen\\\/bericht\\\/#primaryimage\"},\"thumbnailUrl\":\"https:\\\/\\\/media.acninternational.org\\\/wp-content\\\/uploads\\\/2019\\\/09\\\/acn-20170825-60146_web-2000.jpg\",\"datePublished\":\"2019-09-16T08:25:24+00:00\",\"dateModified\":\"2021-05-12T11:55:00+00:00\",\"breadcrumb\":{\"@id\":\"https:\\\/\\\/acninternational.org\\\/de\\\/unterstutzung-beantragen\\\/bericht\\\/#breadcrumb\"},\"inLanguage\":\"de\",\"potentialAction\":[{\"@type\":\"ReadAction\",\"target\":[\"https:\\\/\\\/acninternational.org\\\/de\\\/unterstutzung-beantragen\\\/bericht\\\/\"]}]},{\"@type\":\"ImageObject\",\"inLanguage\":\"de\",\"@id\":\"https:\\\/\\\/acninternational.org\\\/de\\\/unterstutzung-beantragen\\\/bericht\\\/#primaryimage\",\"url\":\"https:\\\/\\\/media.acninternational.org\\\/wp-content\\\/uploads\\\/2019\\\/09\\\/acn-20170825-60146_web-2000.jpg\",\"contentUrl\":\"https:\\\/\\\/media.acninternational.org\\\/wp-content\\\/uploads\\\/2019\\\/09\\\/acn-20170825-60146_web-2000.jpg\",\"width\":2000,\"height\":625},{\"@type\":\"BreadcrumbList\",\"@id\":\"https:\\\/\\\/acninternational.org\\\/de\\\/unterstutzung-beantragen\\\/bericht\\\/#breadcrumb\",\"itemListElement\":[{\"@type\":\"ListItem\",\"position\":1,\"name\":\"Home\",\"item\":\"https:\\\/\\\/acninternational.org\\\/de\\\/\"},{\"@type\":\"ListItem\",\"position\":2,\"name\":\"Unterst\u00fctzung beantragen\",\"item\":\"https:\\\/\\\/acninternational.org\\\/de\\\/unterstutzung-beantragen\\\/\"},{\"@type\":\"ListItem\",\"position\":3,\"name\":\"Bericht\"}]},{\"@type\":\"WebSite\",\"@id\":\"https:\\\/\\\/acninternational.org\\\/de\\\/#website\",\"url\":\"https:\\\/\\\/acninternational.org\\\/de\\\/\",\"name\":\"ACN International\",\"description\":\"\",\"publisher\":{\"@id\":\"https:\\\/\\\/acninternational.org\\\/de\\\/#organization\"},\"potentialAction\":[{\"@type\":\"SearchAction\",\"target\":{\"@type\":\"EntryPoint\",\"urlTemplate\":\"https:\\\/\\\/acninternational.org\\\/de\\\/?s={search_term_string}\"},\"query-input\":{\"@type\":\"PropertyValueSpecification\",\"valueRequired\":true,\"valueName\":\"search_term_string\"}}],\"inLanguage\":\"de\"},{\"@type\":\"Organization\",\"@id\":\"https:\\\/\\\/acninternational.org\\\/de\\\/#organization\",\"name\":\"Aid to the Church in Need International\",\"url\":\"https:\\\/\\\/acninternational.org\\\/de\\\/\",\"logo\":{\"@type\":\"ImageObject\",\"inLanguage\":\"de\",\"@id\":\"https:\\\/\\\/acninternational.org\\\/de\\\/#\\\/schema\\\/logo\\\/image\\\/\",\"url\":\"https:\\\/\\\/media.acninternational.org\\\/wp-content\\\/uploads\\\/2019\\\/11\\\/acn_logo_blackvector.svg\",\"contentUrl\":\"https:\\\/\\\/media.acninternational.org\\\/wp-content\\\/uploads\\\/2019\\\/11\\\/acn_logo_blackvector.svg\",\"width\":232.6,\"height\":78,\"caption\":\"Aid to the Church in Need International\"},\"image\":{\"@id\":\"https:\\\/\\\/acninternational.org\\\/de\\\/#\\\/schema\\\/logo\\\/image\\\/\"},\"sameAs\":[\"https:\\\/\\\/www.facebook.com\\\/acninternationalorg\",\"https:\\\/\\\/x.com\\\/acn_int\",\"https:\\\/\\\/www.youtube.com\\\/channel\\\/UCQ-077gS0TnVzkhHmf1opZw\",\"https:\\\/\\\/www.instagram.com\\\/acn_international\\\/\"]}]}<\/script>\n<!-- \/ Yoast SEO Premium plugin. -->","yoast_head_json":{"title":"Bericht | ACN International","robots":{"index":"index","follow":"follow","max-snippet":"max-snippet:-1","max-image-preview":"max-image-preview:large","max-video-preview":"max-video-preview:-1"},"canonical":"https:\/\/acninternational.org\/de\/unterstutzung-beantragen\/bericht\/","og_locale":"de_DE","og_type":"article","og_title":"Bericht","og_description":"Ein guter Umgang mit Hilfen Bitte: Senden Sie uns bitte eine\u00a0kurze Best\u00e4tigung, umgehend nachdem Sie unsere Hilfe erhalten haben. Geben Sie ausdr\u00fccklich den konkret erhaltenen Betrag an, zum Beispiel EUR 500. Geben Sie bei allen Berichten zu Ihrem Projekt stets die\u00a0Referenznummer\u00a0an. Beachten Sie, dass die Hilfe\u00a0einzig\u00a0f\u00fcr den Zweck verwendet werden darf,\u00a0f\u00fcr den sie gew\u00e4hrtwurde. Die [&hellip;]","og_url":"https:\/\/acninternational.org\/de\/unterstutzung-beantragen\/bericht\/","og_site_name":"ACN International","article_publisher":"https:\/\/www.facebook.com\/acninternationalorg","article_modified_time":"2021-05-12T11:55:00+00:00","og_image":[{"width":2000,"height":625,"url":"https:\/\/media.acninternational.org\/wp-content\/uploads\/2019\/09\/acn-20170825-60146_web-2000.jpg","type":"image\/jpeg"}],"twitter_card":"summary_large_image","twitter_site":"@acn_int","twitter_misc":{"Gesch\u00e4tzte Lesezeit":"1\u00a0Minute"},"schema":{"@context":"https:\/\/schema.org","@graph":[{"@type":"WebPage","@id":"https:\/\/acninternational.org\/de\/unterstutzung-beantragen\/bericht\/","url":"https:\/\/acninternational.org\/de\/unterstutzung-beantragen\/bericht\/","name":"Bericht | ACN International","isPartOf":{"@id":"https:\/\/acninternational.org\/de\/#website"},"primaryImageOfPage":{"@id":"https:\/\/acninternational.org\/de\/unterstutzung-beantragen\/bericht\/#primaryimage"},"image":{"@id":"https:\/\/acninternational.org\/de\/unterstutzung-beantragen\/bericht\/#primaryimage"},"thumbnailUrl":"https:\/\/media.acninternational.org\/wp-content\/uploads\/2019\/09\/acn-20170825-60146_web-2000.jpg","datePublished":"2019-09-16T08:25:24+00:00","dateModified":"2021-05-12T11:55:00+00:00","breadcrumb":{"@id":"https:\/\/acninternational.org\/de\/unterstutzung-beantragen\/bericht\/#breadcrumb"},"inLanguage":"de","potentialAction":[{"@type":"ReadAction","target":["https:\/\/acninternational.org\/de\/unterstutzung-beantragen\/bericht\/"]}]},{"@type":"ImageObject","inLanguage":"de","@id":"https:\/\/acninternational.org\/de\/unterstutzung-beantragen\/bericht\/#primaryimage","url":"https:\/\/media.acninternational.org\/wp-content\/uploads\/2019\/09\/acn-20170825-60146_web-2000.jpg","contentUrl":"https:\/\/media.acninternational.org\/wp-content\/uploads\/2019\/09\/acn-20170825-60146_web-2000.jpg","width":2000,"height":625},{"@type":"BreadcrumbList","@id":"https:\/\/acninternational.org\/de\/unterstutzung-beantragen\/bericht\/#breadcrumb","itemListElement":[{"@type":"ListItem","position":1,"name":"Home","item":"https:\/\/acninternational.org\/de\/"},{"@type":"ListItem","position":2,"name":"Unterst\u00fctzung beantragen","item":"https:\/\/acninternational.org\/de\/unterstutzung-beantragen\/"},{"@type":"ListItem","position":3,"name":"Bericht"}]},{"@type":"WebSite","@id":"https:\/\/acninternational.org\/de\/#website","url":"https:\/\/acninternational.org\/de\/","name":"ACN International","description":"","publisher":{"@id":"https:\/\/acninternational.org\/de\/#organization"},"potentialAction":[{"@type":"SearchAction","target":{"@type":"EntryPoint","urlTemplate":"https:\/\/acninternational.org\/de\/?s={search_term_string}"},"query-input":{"@type":"PropertyValueSpecification","valueRequired":true,"valueName":"search_term_string"}}],"inLanguage":"de"},{"@type":"Organization","@id":"https:\/\/acninternational.org\/de\/#organization","name":"Aid to the Church in Need International","url":"https:\/\/acninternational.org\/de\/","logo":{"@type":"ImageObject","inLanguage":"de","@id":"https:\/\/acninternational.org\/de\/#\/schema\/logo\/image\/","url":"https:\/\/media.acninternational.org\/wp-content\/uploads\/2019\/11\/acn_logo_blackvector.svg","contentUrl":"https:\/\/media.acninternational.org\/wp-content\/uploads\/2019\/11\/acn_logo_blackvector.svg","width":232.6,"height":78,"caption":"Aid to the Church in Need International"},"image":{"@id":"https:\/\/acninternational.org\/de\/#\/schema\/logo\/image\/"},"sameAs":["https:\/\/www.facebook.com\/acninternationalorg","https:\/\/x.com\/acn_int","https:\/\/www.youtube.com\/channel\/UCQ-077gS0TnVzkhHmf1opZw","https:\/\/www.instagram.com\/acn_international\/"]}]}},"_links":{"self":[{"href":"https:\/\/acninternational.org\/de\/wp-json\/wp\/v2\/pages\/123268","targetHints":{"allow":["GET"]}}],"collection":[{"href":"https:\/\/acninternational.org\/de\/wp-json\/wp\/v2\/pages"}],"about":[{"href":"https:\/\/acninternational.org\/de\/wp-json\/wp\/v2\/types\/page"}],"author":[{"embeddable":true,"href":"https:\/\/acninternational.org\/de\/wp-json\/wp\/v2\/users\/1"}],"replies":[{"embeddable":true,"href":"https:\/\/acninternational.org\/de\/wp-json\/wp\/v2\/comments?post=123268"}],"version-history":[{"count":0,"href":"https:\/\/acninternational.org\/de\/wp-json\/wp\/v2\/pages\/123268\/revisions"}],"up":[{"embeddable":true,"href":"https:\/\/acninternational.org\/de\/wp-json\/wp\/v2\/pages\/123262"}],"wp:featuredmedia":[{"embeddable":true,"href":"https:\/\/acninternational.org\/de\/wp-json\/wp\/v2\/media\/123220"}],"wp:attachment":[{"href":"https:\/\/acninternational.org\/de\/wp-json\/wp\/v2\/media?parent=123268"}],"curies":[{"name":"wp","href":"https:\/\/api.w.org\/{rel}","templated":true}]}}